{"id":559,"date":"2018-03-06T09:32:00","date_gmt":"2018-03-06T08:32:00","guid":{"rendered":"https:\/\/www.hsu-hh.de\/laft\/?page_id=559"},"modified":"2024-11-18T12:00:25","modified_gmt":"2024-11-18T11:00:25","slug":"jesper-buck","status":"publish","type":"page","link":"https:\/\/www.hsu-hh.de\/laft\/mitarbeiter\/jesper-buck","title":{"rendered":"Jesper Buck M.Sc."},"content":{"rendered":"<div>\n<table>\n<tbody>\n<tr>\n<td width=\"137\">Postanschrift<\/td>\n<td width=\"207\">Helmut-Schmidt-Universit\u00e4t<br \/>Fakult\u00e4t f\u00fcr Maschinenbau<br \/>Laboratorium Fertigungstechnik<br \/>Holstenhofweg 85<br \/>22043 Hamburg<\/td>\n<td rowspan=\"8\" width=\"215\">\n<p><img loading=\"lazy\" decoding=\"async\" class=\"wp-image-561 alignleft\" src=\"https:\/\/www.hsu-hh.de\/laft\/wp-content\/uploads\/sites\/671\/2018\/03\/Jesper-Buck-300x286.png\" alt=\"Jesper Buck\" width=\"391\" height=\"373\" data-credit=\"Jesper Buck\" srcset=\"https:\/\/www.hsu-hh.de\/laft\/wp-content\/uploads\/sites\/671\/2018\/03\/Jesper-Buck-300x286.png 300w, https:\/\/www.hsu-hh.de\/laft\/wp-content\/uploads\/sites\/671\/2018\/03\/Jesper-Buck.png 483w\" sizes=\"auto, (max-width: 391px) 100vw, 391px\" \/><\/p>\n<\/td>\n<\/tr>\n<tr>\n<td width=\"137\">Raum<\/td>\n<td width=\"207\">\u00a0<\/td>\n<\/tr>\n<tr>\n<td width=\"137\">Geb\u00e4ude<\/td>\n<td width=\"207\">\u00a0<\/td>\n<\/tr>\n<tr>\n<td width=\"137\">Telefon<\/td>\n<td width=\"207\">\u00a0<\/td>\n<\/tr>\n<tr>\n<td width=\"137\">Fax<\/td>\n<td width=\"207\">\u00a0<\/td>\n<\/tr>\n<tr>\n<td width=\"137\">E-Mail<\/td>\n<td width=\"207\">\u00a0<\/td>\n<\/tr>\n<tr>\n<td width=\"137\">Funktion<\/td>\n<td width=\"207\">EHEMALIGE<\/td>\n<\/tr>\n<tr>\n<td width=\"137\">Forschungsbereiche<\/td>\n<td width=\"207\">Leichtbau\n<p>Faserverbundwerkstoffe und -technologien<\/p>\n<\/td>\n<\/tr>\n<tr>\n<td width=\"137\">Ver\u00f6ffentlichungen<\/td>\n<td colspan=\"2\" width=\"423\">\n<ul>\n<li>Buck, J.; Riecken, B.; Fette, M.; Keun, C.; Wulfsberg, J.-P.:<br \/><strong>Experimental Parameter Study on the Manufacturing of Sandwich Structures based on Sheet Moulding Compounds<\/strong> <br \/>In: Proceedings of the SAMPE Europe Conference, Amsterdam, Netherlands, 2020, mit akad. Qualit\u00e4tssicherung.<\/li>\n<li>Buck, J.; Mayer, M.; Fette, M.:<br \/><strong>Experimental Investigation of Inserts in SMC Foam Sandwich Structures for Aircraft Interior Applications<\/strong><br \/>In: Proceedings of the 9th Congress of the German Academic Association for Production Technology (WGP), Hamburg, 2019, mit akad. Qualit\u00e4tssicherung.<\/li>\n<li>Buck, J.; Mayer, M.; Fette, M.; Sch\u00f6nhoff, P.; Sch\u00fctt, M.<br \/><strong>A NEW APPROACH ON THE INTEGRATION OF METALLIC LOAD INTRODUCTION ELEMENTS IN SMC-FOAM-SANDWICH STRUCTURES<\/strong><br \/>In: Proceedings of the SAMPE CHINA 2019 Conference, Peking, China, 2019, pp. 19-26, mit akad. Qualit\u00e4tssicherung.<\/li>\n<li>Mayer M.; Fette M.; Buck J., Wulfsberg J.; Steffen S.; Walther A.; Keun C.:<br \/><strong>USE OF RECYCLED CARBON FIBERS FOR LIGHTWEIGHT CONSTRUCTION APPLICATIONS WITH HIGH FIRE PROTECTION REQUIREMENTS<\/strong><br \/>In: AST 2019, International Workshop on Aircraft System Technologies, SHAKER VERLAG, <abbr title=\"International Standard Book Number\">ISBN<\/abbr>: 978-3-8440-6470-4, mit akad. Qualit\u00e4tssicherung.<\/li>\n<\/ul>\n<\/td>\n<\/tr>\n<\/tbody>\n<\/table>\n<\/div>\n\n\n<p><\/p>\n","protected":false},"excerpt":{"rendered":"<p>Postanschrift Helmut-Schmidt-Universit\u00e4tFakult\u00e4t f\u00fcr MaschinenbauLaboratorium FertigungstechnikHolstenhofweg 8522043 Hamburg Raum \u00a0 Geb\u00e4ude \u00a0 Telefon \u00a0 Fax \u00a0 E-Mail \u00a0 Funktion EHEMALIGE Forschungsbereiche Leichtbau Faserverbundwerkstoffe und -technologien Ver\u00f6ffentlichungen Buck, J.; Riecken, B.; Fette, [&hellip;]<\/p>\n","protected":false},"author":84,"featured_media":0,"parent":1294,"menu_order":0,"comment_status":"closed","ping_status":"closed","template":"","meta":{"footnotes":""},"categories":[8],"tags":[],"class_list":["post-559","page","type-page","status-publish","hentry","category-team"],"_links":{"self":[{"href":"https:\/\/www.hsu-hh.de\/laft\/wp-json\/wp\/v2\/pages\/559","targetHints":{"allow":["GET"]}}],"collection":[{"href":"https:\/\/www.hsu-hh.de\/laft\/wp-json\/wp\/v2\/pages"}],"about":[{"href":"https:\/\/www.hsu-hh.de\/laft\/wp-json\/wp\/v2\/types\/page"}],"author":[{"embeddable":true,"href":"https:\/\/www.hsu-hh.de\/laft\/wp-json\/wp\/v2\/users\/84"}],"replies":[{"embeddable":true,"href":"https:\/\/www.hsu-hh.de\/laft\/wp-json\/wp\/v2\/comments?post=559"}],"version-history":[{"count":8,"href":"https:\/\/www.hsu-hh.de\/laft\/wp-json\/wp\/v2\/pages\/559\/revisions"}],"predecessor-version":[{"id":2545,"href":"https:\/\/www.hsu-hh.de\/laft\/wp-json\/wp\/v2\/pages\/559\/revisions\/2545"}],"up":[{"embeddable":true,"href":"https:\/\/www.hsu-hh.de\/laft\/wp-json\/wp\/v2\/pages\/1294"}],"wp:attachment":[{"href":"https:\/\/www.hsu-hh.de\/laft\/wp-json\/wp\/v2\/media?parent=559"}],"wp:term":[{"taxonomy":"category","embeddable":true,"href":"https:\/\/www.hsu-hh.de\/laft\/wp-json\/wp\/v2\/categories?post=559"},{"taxonomy":"post_tag","embeddable":true,"href":"https:\/\/www.hsu-hh.de\/laft\/wp-json\/wp\/v2\/tags?post=559"}],"curies":[{"name":"wp","href":"https:\/\/api.w.org\/{rel}","templated":true}]}}