{"id":553,"date":"2018-02-26T10:00:47","date_gmt":"2018-02-26T09:00:47","guid":{"rendered":"https:\/\/www.hsu-hh.de\/laft\/?page_id=553"},"modified":"2021-02-10T09:45:50","modified_gmt":"2021-02-10T08:45:50","slug":"patrick-grames","status":"publish","type":"page","link":"https:\/\/www.hsu-hh.de\/laft\/mitarbeiter\/patrick-grames","title":{"rendered":"Hauptmann d.R. Dr.-Ing. Patrick Philipp Grames M.Sc."},"content":{"rendered":"<table>\n<tbody>\n<tr>\n<td width=\"137\">Postanschrift<\/td>\n<td width=\"255\">Helmut-Schmidt-Universit\u00e4t<br \/>\nFakult\u00e4t f\u00fcr Maschinenbau<br \/>\nLaboratorium Fertigungstechnik<br \/>\nHolstenhofweg 85<br \/>\n22043 Hamburg<\/td>\n<td rowspan=\"4\" width=\"214\">\u00a0<img loading=\"lazy\" decoding=\"async\" class=\"size-medium wp-image-597 aligncenter\" src=\"https:\/\/www.hsu-hh.de\/laft\/wp-content\/uploads\/sites\/671\/2018\/05\/Grames-300x200.jpg\" alt=\"Grames\" width=\"300\" height=\"200\" srcset=\"https:\/\/www.hsu-hh.de\/laft\/wp-content\/uploads\/sites\/671\/2018\/05\/Grames-300x200.jpg 300w, https:\/\/www.hsu-hh.de\/laft\/wp-content\/uploads\/sites\/671\/2018\/05\/Grames-768x512.jpg 768w, https:\/\/www.hsu-hh.de\/laft\/wp-content\/uploads\/sites\/671\/2018\/05\/Grames-1024x683.jpg 1024w, https:\/\/www.hsu-hh.de\/laft\/wp-content\/uploads\/sites\/671\/2018\/05\/Grames.jpg 1620w\" sizes=\"auto, (max-width: 300px) 100vw, 300px\" \/><\/td>\n<\/tr>\n<tr>\n<td width=\"137\">E-Mail<\/td>\n<td width=\"255\">patrick.grames@hsu-hh.de<\/td>\n<\/tr>\n<tr>\n<td width=\"137\">Funktion<\/td>\n<td width=\"255\">Wissenschaftlicher Assoziierter<\/td>\n<\/tr>\n<tr>\n<td width=\"137\">Forschungsbereiche<\/td>\n<td width=\"255\">Promotionsthema: Wissensmanagement, insbes. Wissenstansfer und Wissensverluste<\/td>\n<\/tr>\n<tr>\n<td width=\"137\">Publikationen<\/td>\n<td colspan=\"2\" width=\"469\">\n<ul>\n<li>Wissenstransfer in Organisationen &#8211; Entwicklung eines Methodenkonzepts des Wissensmanagements zur Sicherung von Erfahrungswissen, zur Vermeidung von Wissensverlusten und zur Einarbeitung neuer Mitarbeiter. Dissertation. Helmut-Schmidt-Universit\u00e4t der Bundeswehr Hamburg, 2020.<\/li>\n<li>WISSEN \u2013 WECHSEL \u2013 WEITERGABE. Qualitative Vorstudie zur Einarbeitung neuer Mitarbeiter im Kontext des Wissensmanagements. In: Interdisziplin\u00e4re Konferenz zur Zukunft der Wertsch\u00f6pfung (IKZW 2016), Hamburg, Germany, 14.-15. Dezember, mit T. Redlich, J.-P. Wulfsberg.<\/li>\n<li>Moritz, M.; Redlich, T.; Grames, P.P.; Wulfsberg, J.P. (2016): Value Creation in\u00a0Open-Source\u00a0Hardware\u00a0Communities: Case Study of Open Source Ecology. In: Kocaoglu, D. (Hg.): Technology Management for Social Innovation. Proceedings of the 25th Portland International Conference on Management of Engineering and Technology (PICMET 2016), Honolulu, HI, USA, September 4th-8th, 2016. 2368-2375.<\/li>\n<li>Grames, P.P.; Redlich, T.; Wulfsberg, J.P. (2016): Integrating refugees via suitable knowledge transfer for new jobs. In: Kocaoglu, D. (Hg.): Technology Management for Social Innovation. Proceedings of the 25th Portland International Conference on Management of Engineering and Technology (PICMET 2016), Honolulu, HI, USA, September 4th-8th, 2016. 2853-2868.<\/li>\n<li>Grames, P.P.; Redlich, T.; Wulfsberg, J.P. (2013): Reconfigurable Strategic Guidelines for Successful Co-operative Value Creation. In: Zaeh, M. (Hg.): Enabling Manufacturing Competitiveness and Economic Sustainability. Proceedings of the 5th International Conference on Changeable, Agile, Reconfigurable and Virtual Production (CARV 2013), Munich, Germany, October 6th-9th, 2013S. 419-423. Springer International Publishing.<\/li>\n<li>Grames, P.P.; Redlich, T.; Wulfsberg, J.P. (2012): Handlungsleitfaden f\u00fcr das Management erfolgreicher Wertsch\u00f6pfungskooperationen. ZWF 107 (2012) 12:920-926.<\/li>\n<li>Grames, P.P.; Redlich, T.; Wulfsberg, J.P. (2012): Erfolgsfaktoren unternehmens\u00fcbergreifender Wertsch\u00f6pfungskooperationen am Beispiel der fertigungstechnischen Industrie Deutschlands. ZWF 107 (2012) 9:618-622.<\/li>\n<li>Grames, P.P.; Redlich, T.; Wulfsberg, J.P. (2011):\u00a0Open Source\u00a0Hardware\u00a0&#8211; Wie interaktive Wertsch\u00f6pfung traditionelle Produktionssysteme revolutioniert. ZWF 106 (2011) 5:314-320.<\/li>\n<\/ul>\n<\/td>\n<\/tr>\n<\/tbody>\n<\/table>\n","protected":false},"excerpt":{"rendered":"<p>Postanschrift Helmut-Schmidt-Universit\u00e4t Fakult\u00e4t f\u00fcr Maschinenbau Laboratorium Fertigungstechnik Holstenhofweg 85 22043 Hamburg \u00a0 E-Mail patrick.grames@hsu-hh.de Funktion Wissenschaftlicher Assoziierter Forschungsbereiche Promotionsthema: Wissensmanagement, insbes. Wissenstansfer und Wissensverluste Publikationen Wissenstransfer in Organisationen &#8211; Entwicklung [&hellip;]<\/p>\n","protected":false},"author":84,"featured_media":0,"parent":1294,"menu_order":0,"comment_status":"closed","ping_status":"closed","template":"","meta":{"footnotes":""},"categories":[8],"tags":[],"class_list":["post-553","page","type-page","status-publish","hentry","category-team"],"_links":{"self":[{"href":"https:\/\/www.hsu-hh.de\/laft\/wp-json\/wp\/v2\/pages\/553","targetHints":{"allow":["GET"]}}],"collection":[{"href":"https:\/\/www.hsu-hh.de\/laft\/wp-json\/wp\/v2\/pages"}],"about":[{"href":"https:\/\/www.hsu-hh.de\/laft\/wp-json\/wp\/v2\/types\/page"}],"author":[{"embeddable":true,"href":"https:\/\/www.hsu-hh.de\/laft\/wp-json\/wp\/v2\/users\/84"}],"replies":[{"embeddable":true,"href":"https:\/\/www.hsu-hh.de\/laft\/wp-json\/wp\/v2\/comments?post=553"}],"version-history":[{"count":6,"href":"https:\/\/www.hsu-hh.de\/laft\/wp-json\/wp\/v2\/pages\/553\/revisions"}],"predecessor-version":[{"id":1132,"href":"https:\/\/www.hsu-hh.de\/laft\/wp-json\/wp\/v2\/pages\/553\/revisions\/1132"}],"up":[{"embeddable":true,"href":"https:\/\/www.hsu-hh.de\/laft\/wp-json\/wp\/v2\/pages\/1294"}],"wp:attachment":[{"href":"https:\/\/www.hsu-hh.de\/laft\/wp-json\/wp\/v2\/media?parent=553"}],"wp:term":[{"taxonomy":"category","embeddable":true,"href":"https:\/\/www.hsu-hh.de\/laft\/wp-json\/wp\/v2\/categories?post=553"},{"taxonomy":"post_tag","embeddable":true,"href":"https:\/\/www.hsu-hh.de\/laft\/wp-json\/wp\/v2\/tags?post=553"}],"curies":[{"name":"wp","href":"https:\/\/api.w.org\/{rel}","templated":true}]}}