{"id":532,"date":"2018-01-23T11:26:39","date_gmt":"2018-01-23T10:26:39","guid":{"rendered":"https:\/\/www.hsu-hh.de\/laft\/?page_id=532"},"modified":"2024-11-18T11:57:19","modified_gmt":"2024-11-18T10:57:19","slug":"sissy-ve-basmer-birkenfeld","status":"publish","type":"page","link":"https:\/\/www.hsu-hh.de\/laft\/mitarbeiter\/sissy-ve-basmer-birkenfeld","title":{"rendered":"Sissy-Ve Basmer-Birkenfeld, M.A."},"content":{"rendered":"<table>\n<tbody>\n<tr>\n<td width=\"137\">Postanschrift<\/td>\n<td width=\"255\">Helmut-Schmidt-Universit\u00e4t<br \/>\nFakult\u00e4t f\u00fcr Maschinenbau<br \/>\nLaboratorium Fertigungstechnik<br \/>\nHolstenhofweg 85<br \/>\n22043 Hamburg<\/td>\n<td rowspan=\"8\" width=\"214\"><img loading=\"lazy\" decoding=\"async\" class=\"size-medium wp-image-535 aligncenter\" src=\"https:\/\/www.hsu-hh.de\/laft\/wp-content\/uploads\/sites\/671\/2018\/01\/Basmer-Birkenfeld-300x225.jpg\" alt=\"Basmer-Birkenfeld\" width=\"300\" height=\"225\" srcset=\"https:\/\/www.hsu-hh.de\/laft\/wp-content\/uploads\/sites\/671\/2018\/01\/Basmer-Birkenfeld-300x225.jpg 300w, https:\/\/www.hsu-hh.de\/laft\/wp-content\/uploads\/sites\/671\/2018\/01\/Basmer-Birkenfeld-768x576.jpg 768w, https:\/\/www.hsu-hh.de\/laft\/wp-content\/uploads\/sites\/671\/2018\/01\/Basmer-Birkenfeld-1024x768.jpg 1024w, https:\/\/www.hsu-hh.de\/laft\/wp-content\/uploads\/sites\/671\/2018\/01\/Basmer-Birkenfeld.jpg 1600w\" sizes=\"auto, (max-width: 300px) 100vw, 300px\" \/><\/td>\n<\/tr>\n<tr>\n<td width=\"137\">Raum<\/td>\n<td width=\"255\">08<\/td>\n<\/tr>\n<tr>\n<td width=\"137\">Geb\u00e4ude<\/td>\n<td width=\"255\">C1<\/td>\n<\/tr>\n<tr>\n<td width=\"137\">Telefon<\/td>\n<td width=\"255\">040 &#8211; 6541 &#8211; 3526<\/td>\n<\/tr>\n<tr>\n<td width=\"137\">Fax<\/td>\n<td width=\"255\">040 &#8211; 6541 &#8211; 2839<\/td>\n<\/tr>\n<tr>\n<td width=\"137\">E-Mail<\/td>\n<td width=\"255\"><\/td>\n<\/tr>\n<tr>\n<td width=\"137\">Funktion<\/td>\n<td width=\"255\">EHEMALIGE<\/td>\n<\/tr>\n<tr>\n<td width=\"137\">Forschungsbereiche<\/td>\n<td width=\"255\">Wertsch\u00f6pfungssystematik, Wissensmanagement, Partizipationsforschung und Nachhaltigkeitswissenschaften<\/td>\n<\/tr>\n<tr>\n<td width=\"137\">Ver\u00f6ffentlichungen<\/td>\n<td colspan=\"2\" width=\"469\">\n<ul>\n<li>Buxbaum-Conradi, S.; Branding, J-H.; Basmer-Birkenfeld, S.; Osunyomi, B.D.; Redlich, T.; Langenfeld, M.; Wulfsberg, J.P. (2018): <strong>Lokale Einbettung und globale Kollaborationsprozesse offener Produktionswerkst\u00e4tten: Ein Einblick in die deutsche und arabische Maker-Community<\/strong>. In: Redlich, T.; Moritz, M.; Wulsfsberg, J.P. (<abbr title=\"Herausgeber\">Hrsg.<\/abbr>): Interdisziplin\u00e4re Perspektiven zur Zukunft der Wertsch\u00f6pfung, Wiesbaden. Springer, S. 79-92.<\/li>\n<li>Buxbaum-Conradi, S.; Basmer-Birkenfeld, S.; Branding, J-H.; Osunyomi, B.D.; Redlich, T.; Langenfeld, M.; Wulfsberg, J.P. (2016): <strong>Local Embedding and Global Collaboration of Open Innovation, Production and Maker Spaces \u2013 The (uncovered) potential of knowledge transfer and collaboration at the grassroots level. <\/strong><strong>Insights from the growing FabLab community<\/strong>. In: 1. interdisziplin\u00e4re Konferenz zur Zukunft der Wertsch\u00f6pfung (Konferenzband), Hamburg, S. 37-52.<\/li>\n<li>Redlich, T., Buxbaum-Conradi, S., Basmer-Birkenfeld, S. V., Moritz, M., Krenz, P., Osunyomi, B. D., &amp; Heubischl, S. (2016, January). <strong>OpenLabs\u2013Open Source Microfactories Enhancing the FabLab Idea<\/strong>. 49th Hawaii International Conference on System Sciences, S. 707-715.<\/li>\n<li>Redlich, T., Moritz, M., Krenz, P., Buxbaum-Conradi, S., Basmer-Birkenfeld, S. V. und Wulfsberg, J. P. (2015). <strong>Survival Through Openness-How Traditional Industry could Avoid the Fate of Print Media<\/strong>. Journal of Systemics, Cybernetics and Informatics, 13(1), IEEE, S. 17-24.<\/li>\n<li>Basmer-Birkenfeld, S.; Redlich, T.; Krenz, P.; Buxbaum-Conradi, S.; Wulfsberg, J.P.; Bruhns, F.-L. (2015) <strong>Modes of participation: Impact of ICTs on the importance of membership and participation<\/strong>. 2nd International Conference on eDemocracy &amp; eGovernment (ICEDEG 2015), IEEE Ecuador, S. 19-25. BEST PAPER AWARD.<\/li>\n<li>Redlich, T.; Basmer-Birkenfeld, S.; Buxbaum-Conradi, S.; Krenz, P.; Wulfsberg, J.P. und Bruhns, F.-L. (2015) <strong>Why traditional (manufacturing) industry will suffer the fate of print media<\/strong>. 6th International Multi-Conference on Complexity, Informatics and Cybernetics (IMCIC 2015). Orlando, USA 2015. BEST PAPER AWARD.<\/li>\n<li>Buxbaum-Conradi, S.; Krenz, P.; Basmer, S.; Menzel M.-P.; Wulfsberg, J.P. (2015) <strong>Modularization and the Dynamics of Inter-organizational Collaboration: Producing and Bridging Spatial and Organizational Distances<\/strong>. 48th Hawaii International Conference on System Science.<\/li>\n<li>Basmer, S.; Buxbaum-Conradi, S.; Krenz, P.; Redlich, T.; Wulfsberg, J.P. und Bruhns, F.-L. (2015) <strong>Open Production: Chances for Sustainability in Manufacturing<\/strong>. In: Procedia CIRP 26, 12th Global Conference on Sustainable Manufacturing \u2013 Emerging Potentials, S. 46-51.<\/li>\n<li>Krenz, P.; Basmer, S.; Buxbaum-Conradi, S.; Redlich, T. und Wulfsberg, J.P. (2014) <strong>Realizing Knowledge Management in Value Creation Systems Using Principles of Fuzzy Control<\/strong>. In: Proceedings of PICMET 2014 Infrastructure and Service Integration. Japan, S. 1790-1798.<\/li>\n<li>Krenz, P.; Basmer, S.; Buxbaum-Conradi, S.; Redlich, T.; Wulfsberg, J.P. und Bruhns, F.-L. (2014) <strong>Openness and Trust in Value Co-Creation: Potentials for Inter-organizational Knowledge Transfer and New Business Models<\/strong>. In: Proceedings of PICMET 2014 Infrastructure and Service Integration. Japan, S. 217-225.<\/li>\n<li>Krenz, P.; Basmer, S.; Buxbaum-Conradi, S., Redlich, T. und Wulfsberg, J.P. (2014) <strong>Knowledge Management in Value Creation Networks: Establishing a New Business Model through the Role of a Knowledge-Intermediary<\/strong>. 6th CIRP IPPS Industrial Product Service Systems Conference, Windsor, Ontario, Kanada.<\/li>\n<li>Redlich, T.; Wulf, S.; Buxbaum-Conradi, S.; Basmer, S.; Krenz, P. und Wulfsberg, J.P. (2014) <strong>The Impact of Openness on Value Co-Creation in Production Networks<\/strong>. 6th CIRP IPPS Industrial Product Service Systems Conference, Windsor, Ontario, Kanada.<\/li>\n<\/ul>\n<\/td>\n<\/tr>\n<\/tbody>\n<\/table>\n","protected":false},"excerpt":{"rendered":"<p>Postanschrift Helmut-Schmidt-Universit\u00e4t Fakult\u00e4t f\u00fcr Maschinenbau Laboratorium Fertigungstechnik Holstenhofweg 85 22043 Hamburg Raum 08 Geb\u00e4ude C1 Telefon 040 &#8211; 6541 &#8211; 3526 Fax 040 &#8211; 6541 &#8211; 2839 E-Mail Funktion EHEMALIGE [&hellip;]<\/p>\n","protected":false},"author":84,"featured_media":0,"parent":1294,"menu_order":0,"comment_status":"closed","ping_status":"closed","template":"","meta":{"footnotes":""},"categories":[8],"tags":[],"class_list":["post-532","page","type-page","status-publish","hentry","category-team"],"_links":{"self":[{"href":"https:\/\/www.hsu-hh.de\/laft\/wp-json\/wp\/v2\/pages\/532","targetHints":{"allow":["GET"]}}],"collection":[{"href":"https:\/\/www.hsu-hh.de\/laft\/wp-json\/wp\/v2\/pages"}],"about":[{"href":"https:\/\/www.hsu-hh.de\/laft\/wp-json\/wp\/v2\/types\/page"}],"author":[{"embeddable":true,"href":"https:\/\/www.hsu-hh.de\/laft\/wp-json\/wp\/v2\/users\/84"}],"replies":[{"embeddable":true,"href":"https:\/\/www.hsu-hh.de\/laft\/wp-json\/wp\/v2\/comments?post=532"}],"version-history":[{"count":3,"href":"https:\/\/www.hsu-hh.de\/laft\/wp-json\/wp\/v2\/pages\/532\/revisions"}],"predecessor-version":[{"id":2535,"href":"https:\/\/www.hsu-hh.de\/laft\/wp-json\/wp\/v2\/pages\/532\/revisions\/2535"}],"up":[{"embeddable":true,"href":"https:\/\/www.hsu-hh.de\/laft\/wp-json\/wp\/v2\/pages\/1294"}],"wp:attachment":[{"href":"https:\/\/www.hsu-hh.de\/laft\/wp-json\/wp\/v2\/media?parent=532"}],"wp:term":[{"taxonomy":"category","embeddable":true,"href":"https:\/\/www.hsu-hh.de\/laft\/wp-json\/wp\/v2\/categories?post=532"},{"taxonomy":"post_tag","embeddable":true,"href":"https:\/\/www.hsu-hh.de\/laft\/wp-json\/wp\/v2\/tags?post=532"}],"curies":[{"name":"wp","href":"https:\/\/api.w.org\/{rel}","templated":true}]}}