{"id":478,"date":"2017-11-21T16:43:48","date_gmt":"2017-11-21T15:43:48","guid":{"rendered":"https:\/\/www.hsu-hh.de\/laft\/?page_id=478"},"modified":"2024-11-18T11:58:41","modified_gmt":"2024-11-18T10:58:41","slug":"christine-linnenberg","status":"publish","type":"page","link":"https:\/\/www.hsu-hh.de\/laft\/mitarbeiter\/christine-linnenberg","title":{"rendered":"Christine Linnenberg M.Sc."},"content":{"rendered":"<table>\n<tbody>\n<tr>\n<td width=\"137\">Postanschrift<\/td>\n<td width=\"255\">Helmut-Schmidt-Universit\u00e4t<br \/>\nFakult\u00e4t f\u00fcr Maschinenbau<br \/>\nLaboratorium Fertigungstechnik<br \/>\nHolstenhofweg 85<br \/>\n22043 Hamburg<\/td>\n<td rowspan=\"8\" width=\"222\">\u00a0<img loading=\"lazy\" decoding=\"async\" class=\"size-medium wp-image-479 aligncenter\" src=\"https:\/\/www.hsu-hh.de\/laft\/wp-content\/uploads\/sites\/671\/2017\/11\/Linnenberg-300x214.png\" alt=\"Linnenberg\" width=\"300\" height=\"214\" srcset=\"https:\/\/www.hsu-hh.de\/laft\/wp-content\/uploads\/sites\/671\/2017\/11\/Linnenberg-300x214.png 300w, https:\/\/www.hsu-hh.de\/laft\/wp-content\/uploads\/sites\/671\/2017\/11\/Linnenberg.png 539w\" sizes=\"auto, (max-width: 300px) 100vw, 300px\" \/><\/td>\n<\/tr>\n<tr>\n<td width=\"137\">Raum<\/td>\n<td width=\"255\">1314<\/td>\n<\/tr>\n<tr>\n<td width=\"137\">Geb\u00e4ude<\/td>\n<td width=\"255\">H1<\/td>\n<\/tr>\n<tr>\n<td width=\"137\">Telefon<\/td>\n<td width=\"255\">040 &#8211; 6541 &#8211; 3040<\/td>\n<\/tr>\n<tr>\n<td width=\"137\">Fax<\/td>\n<td width=\"255\">040 &#8211; 6541 &#8211; 2839<\/td>\n<\/tr>\n<tr>\n<td width=\"137\">E-Mail<\/td>\n<td width=\"255\">Christine.Linnenberg@hsu-hh.de<\/td>\n<\/tr>\n<tr>\n<td width=\"137\">Funktion<\/td>\n<td width=\"255\">EHEMALIGE<\/td>\n<\/tr>\n<tr>\n<td width=\"137\">Forschungsbereiche<\/td>\n<td width=\"255\">Biomechanische Analysen von k\u00f6rpergetragenen Unterst\u00fctzungssystemen, Human Shape, Gr\u00f6\u00dfensysteme f\u00fcr Exoskelette<\/td>\n<\/tr>\n<tr>\n<td width=\"137\">Ver\u00f6ffentlichungen<\/td>\n<td colspan=\"2\" width=\"477\">Argubi-Wollesen, A., Linnenberg, C., &amp; Weidner, R. (2017). <strong>M\u00f6glichkeiten und Grenzen der biomechanischen Arbeitsplatzanalyse in der Entwicklung eines Exoskelettes zur Reduktion physischer Belastungen<\/strong>. In: Book of Abstracts <em>Innovation &amp; Technologie im Sport: 23. Sportwissenschaftlicher Hochschultag der Deutschen vereinigung f\u00fcr Sportwissenschaft<\/em>. M\u00fcnchen.Yao, Z., Linnenberg, C., Argubi-Wollesen, A., Weidner, R., &amp; Wulfsberg, J. P. (2017). <strong>Biomimetic design of an ultra-compact and light-weight soft muscle glove<\/strong>. <em>Production Engineering<\/em>. http:\/\/doi.org\/10.1007\/s11740-017-0767-y<\/p>\n<p>Argubi-Wollesen, A., Linnenberg, C., Karafilidis, A., &amp; Weidner, R. (2016). <strong>Robotic Assistance in Elderly Care \u2013 An Overview of Problems and Prospects<\/strong>. <em>Keynote Robot@home@IFA Berlin<\/em>.<\/p>\n<p>Argubi-Wollesen, A., Linnenberg, C., Karafillidis, A., &amp; Weidner, R. (2016). <strong>A novel approach to design wearable support systems for the aging workforce<\/strong>. In: <em>9. World Congress on Active Ageing<\/em>. Melbourne, Australia.<\/p>\n<p>Berger, C., Argubi-Wollesen, A., &amp; Weidern, R. (2016). <strong>BIOMECHANICAL ANALYSIS OF A WEARABLE SUPPORT DEVICE FOR OVERHEAD WORK<\/strong>. In: <em>Book of Abstracts of 21st annual Congress of the european college of sport science: crossing borders through sport science<\/em> (p. 453).<\/p>\n<p>Otten, B., Weidner, R., &amp; Linnenberg, C. (2016). <strong>Leichtgewichtige und inh\u00e4rent biomechanisch kompatible Unterst\u00fctzungssysteme f\u00fcr T\u00e4tigkeiten in und \u00fcber Kopfh\u00f6he<\/strong>. In: <em>Band zur zweiten Transdisziplin\u00e4ren Konferenz \u201eTechnische Unterst\u00fctzungssysteme, die die Menschen wirklich wollen\u201c<\/em> (pp. 495\u2013506).<\/p>\n<p>Weidner, R., Argubi-Wollesen, A., Berger, C., Otten, B., Yao, Z., &amp; Wulfsberg, J. P. (2016). <strong>Unterst\u00fctzungssysteme f\u00fcr T\u00e4tigkeiten in und \u00fcber Kopfh\u00f6he<\/strong>. <em>62.-GfA-Fr\u00fchjahrskongress \u2013 Arbeit in komplexen Systemen \u2013 Digital, vernetzt, human?!<\/em><\/p>\n<p>Weidner, R., Linnenberg, C., Hypki, A., &amp; Kuhlenk\u00f6tter, B. (2016). <strong>Analyse der Engineering-Kette im Hinblick auf die Entwicklung technischer Systeme<\/strong>. In: <em>Band zur zweiten Transdisziplin\u00e4ren Konferenz \u201eTechnische Unterst\u00fctzungssysteme, die die Menschen wirklich wollen\u201c<\/em> (pp. 527\u2013534).<\/p>\n<p>Yao, Z., Weidner, R., &amp; Linnenberg, C. (2016). <strong>Gestaltung eines biomimetischen, weichen Muskelhandschuhs<\/strong>. In: <em>Band zur zweiten Transdisziplin\u00e4ren Konferenz \u201eTechnische Unterst\u00fctzungssysteme, die die Menschen wirklich wollen\u201c,<\/em> (pp. 599\u2013609).<\/td>\n<\/tr>\n<\/tbody>\n<\/table>\n","protected":false},"excerpt":{"rendered":"<p>Postanschrift Helmut-Schmidt-Universit\u00e4t Fakult\u00e4t f\u00fcr Maschinenbau Laboratorium Fertigungstechnik Holstenhofweg 85 22043 Hamburg \u00a0 Raum 1314 Geb\u00e4ude H1 Telefon 040 &#8211; 6541 &#8211; 3040 Fax 040 &#8211; 6541 &#8211; 2839 E-Mail Christine.Linnenberg@hsu-hh.de [&hellip;]<\/p>\n","protected":false},"author":84,"featured_media":0,"parent":1294,"menu_order":0,"comment_status":"closed","ping_status":"closed","template":"","meta":{"footnotes":""},"categories":[8],"tags":[],"class_list":["post-478","page","type-page","status-publish","hentry","category-team"],"_links":{"self":[{"href":"https:\/\/www.hsu-hh.de\/laft\/wp-json\/wp\/v2\/pages\/478","targetHints":{"allow":["GET"]}}],"collection":[{"href":"https:\/\/www.hsu-hh.de\/laft\/wp-json\/wp\/v2\/pages"}],"about":[{"href":"https:\/\/www.hsu-hh.de\/laft\/wp-json\/wp\/v2\/types\/page"}],"author":[{"embeddable":true,"href":"https:\/\/www.hsu-hh.de\/laft\/wp-json\/wp\/v2\/users\/84"}],"replies":[{"embeddable":true,"href":"https:\/\/www.hsu-hh.de\/laft\/wp-json\/wp\/v2\/comments?post=478"}],"version-history":[{"count":3,"href":"https:\/\/www.hsu-hh.de\/laft\/wp-json\/wp\/v2\/pages\/478\/revisions"}],"predecessor-version":[{"id":2539,"href":"https:\/\/www.hsu-hh.de\/laft\/wp-json\/wp\/v2\/pages\/478\/revisions\/2539"}],"up":[{"embeddable":true,"href":"https:\/\/www.hsu-hh.de\/laft\/wp-json\/wp\/v2\/pages\/1294"}],"wp:attachment":[{"href":"https:\/\/www.hsu-hh.de\/laft\/wp-json\/wp\/v2\/media?parent=478"}],"wp:term":[{"taxonomy":"category","embeddable":true,"href":"https:\/\/www.hsu-hh.de\/laft\/wp-json\/wp\/v2\/categories?post=478"},{"taxonomy":"post_tag","embeddable":true,"href":"https:\/\/www.hsu-hh.de\/laft\/wp-json\/wp\/v2\/tags?post=478"}],"curies":[{"name":"wp","href":"https:\/\/api.w.org\/{rel}","templated":true}]}}