{"id":473,"date":"2017-11-21T16:34:15","date_gmt":"2017-11-21T15:34:15","guid":{"rendered":"https:\/\/www.hsu-hh.de\/laft\/?page_id=473"},"modified":"2026-03-25T12:39:43","modified_gmt":"2026-03-25T11:39:43","slug":"manuel-moritz","status":"publish","type":"page","link":"https:\/\/www.hsu-hh.de\/laft\/mitarbeiter\/manuel-moritz","title":{"rendered":"Dr.-Ing. Manuel Moritz, MBA"},"content":{"rendered":"\n<figure class=\"wp-block-image size-full is-resized\"><img loading=\"lazy\" decoding=\"async\" width=\"871\" height=\"726\" src=\"https:\/\/www.hsu-hh.de\/laft\/wp-content\/uploads\/sites\/671\/2017\/12\/Moritz.jpg\" data-credit=\"c\" alt=\"Moritz\" class=\"wp-image-511\" style=\"aspect-ratio:1.1997288164776274;width:454px;height:auto\" srcset=\"https:\/\/www.hsu-hh.de\/laft\/wp-content\/uploads\/sites\/671\/2017\/12\/Moritz.jpg 871w, https:\/\/www.hsu-hh.de\/laft\/wp-content\/uploads\/sites\/671\/2017\/12\/Moritz-300x250.jpg 300w, https:\/\/www.hsu-hh.de\/laft\/wp-content\/uploads\/sites\/671\/2017\/12\/Moritz-768x640.jpg 768w\" sizes=\"auto, (max-width: 871px) 100vw, 871px\" \/><\/figure>\n\n\n\n<div class=\"wp-block-columns is-layout-flex wp-container-core-columns-is-layout-9d6595d7 wp-block-columns-is-layout-flex\">\n<div class=\"wp-block-column is-layout-flow wp-block-column-is-layout-flow\">\n<p><strong>Funktion<\/strong><\/p>\n<\/div>\n\n\n\n<div class=\"wp-block-column is-layout-flow wp-block-column-is-layout-flow\">\n<p>Wissenschaftlicher Mitarbeiter, Projektleitung<\/p>\n<\/div>\n<\/div>\n\n\n\n<div class=\"wp-block-columns is-layout-flex wp-container-core-columns-is-layout-9d6595d7 wp-block-columns-is-layout-flex\">\n<div class=\"wp-block-column is-layout-flow wp-block-column-is-layout-flow\">\n<p><strong>E-Mail<\/strong><\/p>\n<\/div>\n\n\n\n<div class=\"wp-block-column is-layout-flow wp-block-column-is-layout-flow\">\n<p>manuel.moritz@hsu-hh.de<\/p>\n<\/div>\n<\/div>\n\n\n\n<div class=\"wp-block-columns is-layout-flex wp-container-core-columns-is-layout-9d6595d7 wp-block-columns-is-layout-flex\">\n<div class=\"wp-block-column is-layout-flow wp-block-column-is-layout-flow\">\n<p><strong>Telefon<\/strong><\/p>\n<\/div>\n\n\n\n<div class=\"wp-block-column is-layout-flow wp-block-column-is-layout-flow\">\n<p>040 &#8211; 6541 &#8211; 2570<\/p>\n<\/div>\n<\/div>\n\n\n\n<div class=\"wp-block-columns is-layout-flex wp-container-core-columns-is-layout-9d6595d7 wp-block-columns-is-layout-flex\">\n<div class=\"wp-block-column is-layout-flow wp-block-column-is-layout-flow\">\n<p><strong>Fax<\/strong><\/p>\n<\/div>\n\n\n\n<div class=\"wp-block-column is-layout-flow wp-block-column-is-layout-flow\">\n<p>040 &#8211; 6541 &#8211; 2839<\/p>\n<\/div>\n<\/div>\n\n\n\n<div class=\"wp-block-columns is-layout-flex wp-container-core-columns-is-layout-9d6595d7 wp-block-columns-is-layout-flex\">\n<div class=\"wp-block-column is-layout-flow wp-block-column-is-layout-flow\">\n<p><strong>Raum, Geb\u00e4ude<\/strong><\/p>\n<\/div>\n\n\n\n<div class=\"wp-block-column is-layout-flow wp-block-column-is-layout-flow\">\n<p>1316, H1<\/p>\n<\/div>\n<\/div>\n\n\n\n<div class=\"wp-block-columns is-layout-flex wp-container-core-columns-is-layout-9d6595d7 wp-block-columns-is-layout-flex\">\n<div class=\"wp-block-column is-layout-flow wp-block-column-is-layout-flow\">\n<p><strong>Postanschrift<\/strong><\/p>\n<\/div>\n\n\n\n<div class=\"wp-block-column is-layout-flow wp-block-column-is-layout-flow\">\n<p>Helmut-Schmidt-Universit\u00e4t<br>Fakult\u00e4t f\u00fcr Maschinenbau<br>Laboratorium Fertigungstechnik<br>Holstenhofweg 85<br>22043 Hamburg<\/p>\n<\/div>\n<\/div>\n\n\n\n<div class=\"wp-block-columns is-layout-flex wp-container-core-columns-is-layout-9d6595d7 wp-block-columns-is-layout-flex\">\n<div class=\"wp-block-column is-layout-flow wp-block-column-is-layout-flow\">\n<p><strong><strong>Profiles<\/strong><\/strong><\/p>\n<\/div>\n\n\n\n<div class=\"wp-block-column is-layout-flow wp-block-column-is-layout-flow\">\n<p><a href=\"https:\/\/scholar.google.de\/citations?user=u7mvQ4gAAAAJ&amp;hl=de\" rel='nofollow'>Google Scholar<\/a><\/p>\n\n\n\n<p><a href=\"https:\/\/www.researchgate.net\/profile\/Manuel_Moritz\" rel='nofollow'>Researchgate<\/a><\/p>\n\n\n\n<p><a href=\"https:\/\/orcid.org\/0000-0001-5126-9016\" rel='nofollow'>ORCID<\/a><\/p>\n<\/div>\n<\/div>\n\n\n\n<div class=\"wp-block-columns is-layout-flex wp-container-core-columns-is-layout-9d6595d7 wp-block-columns-is-layout-flex\">\n<div class=\"wp-block-column is-layout-flow wp-block-column-is-layout-flow\">\n<p><strong><strong>Forschungsbereiche<\/strong><\/strong><\/p>\n<\/div>\n\n\n\n<div class=\"wp-block-column is-layout-flow wp-block-column-is-layout-flow\">\n<p>Open Source Innovation, Collaborative Innovation, Innovation Contests and Communities<\/p>\n<\/div>\n<\/div>\n\n\n\n<div class=\"wp-block-columns is-layout-flex wp-container-core-columns-is-layout-9d6595d7 wp-block-columns-is-layout-flex\">\n<div class=\"wp-block-column is-layout-flow wp-block-column-is-layout-flow\">\n<p><strong><strong>Forschungsprojekte<\/strong><\/strong><\/p>\n<\/div>\n\n\n\n<div class=\"wp-block-column is-layout-flow wp-block-column-is-layout-flow\">\n<p>Digitale, urbane Produktion (seit 2020)<\/p>\n\n\n\n<p>Digitale Lehre an den Bundeswehrfachschulen (seit 2017)<\/p>\n\n\n\n<p>Angewandtes Wissensmanagement in der Bundeswehr (2013 \u2013 2017)<\/p>\n\n\n\n<p>Systemisches Wissensmanagement im Luftfahrtcluster Hamburg Aviation (2011 \u2013 2014)<\/p>\n<\/div>\n<\/div>\n\n\n\n<hr class=\"wp-block-separator has-alpha-channel-opacity\" \/>\n\n\n\n<h2 class=\"wp-block-heading\">Webauftritte<\/h2>\n\n\n\n<p>Blog \u201c<a href=\"http:\/\/www.openproduction.info\/\" rel='nofollow'>Open Production<\/a>\u201d<\/p>\n\n\n\n<hr class=\"wp-block-separator has-alpha-channel-opacity\" \/>\n\n\n\n<h2 class=\"wp-block-heading\">Medienberichte<\/h2>\n\n\n\n<ul class=\"wp-block-list\">\n<li>Vortrag IMCIC 2015 \u201c<a href=\"https:\/\/www.youtube.com\/watch?v=8cvahs0bEos\" rel='nofollow'>Open Up or Close Down \u2013 Why Openness might be the Key Factor to Future Success<\/a>\u201d<\/li>\n\n\n\n<li><a href=\"http:\/\/www.zeit.de\/hamburg\/stadtleben\/2016-12\/elbvertiefung-14-12-16\" rel='nofollow'>Interview <\/a>\u201c3D Druck\u201d DIE ZEIT Elbvertiefung, 14.12.2016<\/li>\n\n\n\n<li><a href=\"https:\/\/www.heise.de\/make\/meldung\/Make-a-difference-Ideen-aus-aller-Welt-3889773.html\" rel='nofollow'>Berichterstattung <\/a>zu \u201eMake A Difference Ideenwettbewerb\u201c, 14.11.2017<\/li>\n<\/ul>\n\n\n\n<h2 class=\"wp-block-heading\">Ausgew\u00e4hlte Publikationen<\/h2>\n\n\n\n<ul class=\"wp-block-list\">\n<li>Redlich, T., Mariscal-Melgar, J. C., Moritz, M., &amp; Ingrassia, D. (2024). AI Meets Distributed Manufacturing: Wie KI die Verbreitung digitaler Fertigung f\u00f6rdert. Zeitschrift f\u00fcr wirtschaftlichen Fabrikbetrieb, 119(10), 772-779.<\/li>\n\n\n\n<li>Redlich, T., Omer, M., Moritz, M., &amp; Ingrassia, D. (2024). Entwicklung eines automatischen Open-Source-Werkzeugwechslers. Zeitschrift f\u00fcr wirtschaftlichen Fabrikbetrieb, 119(10), 692-697.<\/li>\n\n\n\n<li>Mariscal-Melgar, J. C., Moritz, M., Redlich, T., &amp; Wulfsberg, J. P. (2023, November). Sustainable Computing Through Open Standard ISAs: Leveraging Tailor-Fit Hardware Designs for Circular Economies. In Congress of the German Academic Association for Production Technology (pp. 469-480). Cham: Springer Nature Switzerland.<\/li>\n\n\n\n<li>Mariscal-Melgar, J. C., Hijma, P., Moritz, M., &amp; Redlich, T. (2023). Semi-Automatic Generation of Assembly Instructions for Open Source Hardware. Journal of Open Hardware, 7(1).<\/li>\n\n\n\n<li>Hildebrandt, L., Zadow, S., Lange, L., Langhammer, M., Moritz, M., Redlich, T., &amp; Wulfsberg, J. P. (2022). What are the Role and Capabilities of Fab Labs as a Contribution to a Resilient City? Insights from the Fab City Hamburg. In Proceedings of the Conference on Production Systems and Logistics: CPSL 2022 (pp. 192-205). Hannover: publish-<abbr title=\"Ingenieur\">Ing.<\/abbr>.<\/li>\n\n\n\n<li>Moritz, M., Redlich, T., Buxbaum-Conradi, S., &amp; Wulfsberg, J. P. (Eds.). (2024). Global collaboration, local production: Fab City als Modell f\u00fcr Kreislaufwirtschaft und nachhaltige Entwicklung. Springer-Verlag.<\/li>\n\n\n\n<li>Mariscal-Melgar, J. C., Hijma, P., H\u00e4uer, M., Schott, M., Stirling, J., Wille, T., Moritz, M., &#8230; &amp; Redlich, T. (2024). Exploring Open-Source Software Ecosystems for Hardware Development. In Global collaboration, local production: Fab City als Modell f\u00fcr Kreislaufwirtschaft und nachhaltige Entwicklung (pp. 187-199). Wiesbaden: Springer Fachmedien Wiesbaden.<\/li>\n\n\n\n<li>Moritz, M., Redlich, T., &amp; Buxbaum-Conradi, S. (2024). Einf\u00fchrung: Wie Fab Cities zu einer nachhaltigen Entwicklung beitragen. In Global collaboration, local production: Fab City als Modell f\u00fcr Kreislaufwirtschaft und nachhaltige Entwicklung (pp. 1-10). Wiesbaden: Springer Fachmedien Wiesbaden.<\/li>\n\n\n\n<li>Omer, M., Kaiser, M., Moritz, M., Redlich, T., &amp; Ingrassia, D. (2024). Enabling Technology Diffusion with the Open Lab Starter Kit. In Global collaboration, local production: Fab City als Modell f\u00fcr Kreislaufwirtschaft und nachhaltige Entwicklung (pp. 257-264). Wiesbaden: Springer Fachmedien Wiesbaden.<\/li>\n\n\n\n<li>Langhammer, M., Hildebrandt, L., Seeber, H., Moritz, M., &amp; Redlich, T. (2024). Open and Circular Value Creation in the Open Microfactory. In Global collaboration, local production: Fab City als Modell f\u00fcr Kreislaufwirtschaft und nachhaltige Entwicklung (pp. 265-279). Wiesbaden: Springer Fachmedien Wiesbaden.<\/li>\n\n\n\n<li>Lange, L., Buxbaum-Conradi, S., Moritz, M., Bertlich, J., Redlich, T., &amp; Wulfsberg, J. P. (2024). On the Usability of Open-Source Machine Tools. In Global collaboration, local production: Fab City als Modell f\u00fcr Kreislaufwirtschaft und nachhaltige Entwicklung (pp. 247-256). Wiesbaden: Springer Fachmedien Wiesbaden.<\/li>\n\n\n\n<li>Schnier, J., Pacuku, D., Raasch, C., &amp; Moritz, M. (2024). Citizen Innovation in Fab Cities: How Do Participation Motives Influence the Quality of Ideas?. In Global collaboration, local production: Fab City als Modell f\u00fcr Kreislaufwirtschaft und nachhaltige Entwicklung (pp. 165-173). Wiesbaden: Springer Fachmedien Wiesbaden.<\/li>\n\n\n\n<li>Lennart Hildebrandt,\u00a0Manuel Moritz,\u00a0Benedikt Seidel,\u00a0Tobias Redlich, and\u00a0Jens P. Wulfsberg(2020). Urbane Mikrofabriken f\u00fcr die hybride Produktion. ZWF Zeitschrift f\u00fcr wirtschaftlichen Fabrikbetrieb: Vol. 115, No. 4, pp. 191-195.<\/li>\n\n\n\n<li>Moritz, M., Redlich, T., G\u00fcnyar, S., Winter, L., &amp; Wulfsberg, J. P. (2019). On the Economic Value of Open Source Hardware\u2013Case Study of an Open Source Magnetic Resonance Imaging Scanner. Journal of Open Hardware, 3(1). DOI: <a href=\"http:\/\/doi.org\/10.5334\/joh.14\" rel='nofollow'>http:\/\/doi.org\/10.5334\/joh.14<\/a><\/li>\n\n\n\n<li>Redlich, T., Moritz, M., &amp; Wulfsberg, J. P. (2019). Co-Creation. Springer. DOI: <a href=\"https:\/\/doi.org\/10.1007\/978-3-319-97788-1\" rel='nofollow'>https:\/\/doi.org\/10.1007\/978-3-319-97788-1<\/a><\/li>\n\n\n\n<li>Winter, L., Pellicer-Guridi, R., Broche, L., Winkler, S. A., Reimann, H. M., Han, H., &#8230; &amp; Ettinger, K. M. (2019). Open Source Medical Devices for Innovation, Education and Global Health: Case Study of Open Source Magnetic Resonance Imaging. In Co-Creation (pp. 147-163). Springer, Cham. DOI: <a href=\"https:\/\/doi.org\/10.1007\/978-3-319-97788-1\" rel='nofollow'>https:\/\/doi.org\/10.1007\/978-3-319-97788-1<\/a><\/li>\n\n\n\n<li>Moritz, M., &amp; Redlich, T. (2019). How to Co-create Value with Users: A Case Study on Local Motors\u2019 Contest Community. In Co-Creation (pp. 9-20). Springer, Cham. DOI: <a href=\"https:\/\/doi.org\/10.1007\/978-3-319-97788-1\" rel='nofollow'>https:\/\/doi.org\/10.1007\/978-3-319-97788-1<\/a><\/li>\n\n\n\n<li>Redlich, T., Moritz, M., &amp; Wulfsberg, J. P. (2019). Introduction: Co-creation in the Era of Bottom-Up Economics. In Co-Creation (pp. 1-6). Springer, Cham. DOI: <a href=\"https:\/\/doi.org\/10.1007\/978-3-319-97788-1\" rel='nofollow'>https:\/\/doi.org\/10.1007\/978-3-319-97788-1<\/a><\/li>\n\n\n\n<li>Moritz M., Redlich T., Wulfsberg J.P. (2018) <a href=\"https:\/\/books.google.de\/books?id=gj5FDwAAQBAJ&amp;pg=PA200&amp;lpg=PA200&amp;dq=10.1007\/978-3-319-73450-7_20&amp;source=bl&amp;ots=czFcbIhQeU&amp;sig=Q3KIGKBLf2xVaF07geygpygtfho&amp;hl=de&amp;sa=X&amp;ved=0ahUKEwiZ0IHhks3YAhWI6xQKHbk_DwYQ6AEILTAA#v=onepage&amp;q=10.1007%2F978-3-319-73450-7_20&amp;f=false\" rel='nofollow'>Best Practices and Pitfalls in Open Source Hardware<\/a>. In: Proceedings of the International Conference on Information Technology &amp; Systems (ICITS 2018), pp.200-210, DOI: 10.1007\/978-3-319-73450-7_20; mit akad. Qualit\u00e4tssicherung.<\/li>\n\n\n\n<li>Redlich, T; Moritz, M;\u00a0Wulfsberg, J.P. (<abbr title=\"Herausgeber\">Hrsg.<\/abbr>) (2018) <a href=\"http:\/\/www.springer.com\/de\/book\/9783658202644\" rel='nofollow'>Interdisziplin\u00e4re Perspektiven zur Zukunft der Wertsch\u00f6pfung<\/a> <abbr title=\"International Standard Book Number\">ISBN<\/abbr>: 978-3-658-20265-1, Springer.<\/li>\n\n\n\n<li>Redlich T., Moritz M. (2018) <a href=\"http:\/\/www.springer.com\/de\/book\/9783658202644\" rel='nofollow'>Die Zukunft der Wertsch\u00f6pfung \u2013 dezentral, vernetzt und kollaborativ<\/a>. In: Redlich T., Moritz M., Wulfsberg J.P. (<abbr title=\"Herausgeber\">Hrsg.<\/abbr>) Interdisziplin\u00e4re Perspektiven zur Zukunft der Wertsch\u00f6pfung. Springer Gabler, Wiesbaden, <abbr title=\"International Standard Book Number\">ISBN<\/abbr>: 978-3-658-20264-4, mit akad. Qualit\u00e4tssicherung.<\/li>\n\n\n\n<li>Moritz M., Redlich T., Wulfsberg J.P. (2018) <a href=\"http:\/\/www.springer.com\/de\/book\/9783658202644\" rel='nofollow'>Kollaboration und Wettbewerb bei Ideenwettbewerben \u2013 eine Userperspektive<\/a>. In: Redlich T., Moritz M., Wulfsberg J.P. (<abbr title=\"Herausgeber\">Hrsg.<\/abbr>) Interdisziplin\u00e4re Perspektiven zur Zukunft der Wertsch\u00f6pfung. Springer Gabler, Wiesbaden, <abbr title=\"International Standard Book Number\">ISBN<\/abbr>: 978-3-658-20264-4, mit akad. Qualit\u00e4tssicherung.<\/li>\n\n\n\n<li>Redlich T., Moritz M., Wulf S. (2017) <a href=\"https:\/\/doi.org\/10.1007\/978-3-658-16509-3_7\" rel='nofollow'>Digitale Produktion: Bottom-up-\u00d6konomie<\/a>. In: Stengel O., van Looy A., Wallaschkowski S. (eds) Digitalzeitalter &#8211; Digitalgesellschaft. Springer VS, Wiesbaden<\/li>\n\n\n\n<li>Moritz, Manuel, et al. &#8222;<a href=\"http:\/\/ieeexplore.ieee.org\/abstract\/document\/7806517\/\" rel='nofollow'>Value creation in open-source hardware communities: Case study of Open Source Ecology<\/a>.&#8220; Management of Engineering and Technology (PICMET), 2016 Portland International Conference on. IEEE, 2016.<\/li>\n\n\n\n<li>Wulfsberg, J., Redlich T., Moritz M. (<abbr title=\"Herausgeber\">Hrsg.<\/abbr>) (2016) <a href=\"http:\/\/edoc.sub.uni-hamburg.de\/hsu\/volltexte\/2017\/3146\/\" rel='nofollow'>Konferenzband \u201e1. Interdisziplin\u00e4re Konferenz zur Zukunft der Wertsch\u00f6pfung<\/a>\u201c, Hamburg<\/li>\n\n\n\n<li>Moritz, Manuel, Tobias Redlich, and Jens Wulfsberg. (2016) &#8222;<a href=\"http:\/\/opc4.ub.hsu-hh.de:8080\/DB=1\/SET=1\/TTL=1\/MAT=\/NOMAT=T\/CLK?IKT=12&amp;TRM=879958650\" rel='nofollow'>Collaborative Competition or Competitive Collaboration? Exploring the User Behavior Paradox in Community-based Innovation Contests<\/a>.&#8220; Wulfsberg\u25cf Redlich\u25cf Moritz: 233.<\/li>\n\n\n\n<li>Redlich T., Moritz M. (2016) <a href=\"https:\/\/doi.org\/10.1007\/978-3-319-31686-4_3\" rel='nofollow'>Bottom-up Economics. Foundations of a Theory of Distributed and Open Value Creation<\/a>. In: Ferdinand JP., Petschow U., Dickel S. (eds) The Decentralized and Networked Future of Value Creation. Progress in IS. Springer, Cham<\/li>\n\n\n\n<li>Redlich, T., Buxbaum-Conradi, S., Basmer-Birkenfeld, S. V., Moritz, M., Krenz, P., Osunyomi, B. D., &amp; Heubischl, S. (2016, January).<a href=\"http:\/\/ieeexplore.ieee.org\/abstract\/document\/7427269\/\" rel='nofollow'> OpenLabs&#8211;Open Source Microfactories Enhancing the FabLab Idea<\/a>. In System Sciences (HICSS), 2016 49th Hawaii International Conference on (pp. 707-715). IEEE.<\/li>\n\n\n\n<li>Osunyomi, B. D., Redlich, T., Buxbaum-Conradi, S., Moritz, M., &amp; Wulfsberg, J. P. (2016). <a href=\"https:\/\/papers.ssrn.com\/sol3\/papers.cfm?abstract_id=2733931\" rel='nofollow'>Impact of the Fablab Ecosystem in the Sustainable Value Creation Process<\/a>.<\/li>\n\n\n\n<li>Redlich, T., Wulf, S., Moritz, M., Buxbaum-Conradi, S., Krenz, P., &amp; Wulfsberg, J. (2015, August). <a href=\"http:\/\/ieeexplore.ieee.org\/abstract\/document\/7273222\/\" rel='nofollow'>The Strategy of Openness in industrial production<\/a>. In Management of Engineering and Technology (PICMET), 2015 Portland International Conference on (pp. 302-309). IEEE.<\/li>\n\n\n\n<li>Moritz, Manuel, et al. &#8222;<a href=\"http:\/\/ieeexplore.ieee.org\/abstract\/document\/7273032\/?reload=true\" rel='nofollow'>Tesla Motors, Inc.: Pioneer towards a new strategic approach in the automobile industry along the open source movement?<\/a>.&#8220; Management of Engineering and Technology (PICMET), 2015 Portland International Conference on. IEEE, 2015.<\/li>\n\n\n\n<li>Redlich, T., Moritz, M., Krenz, P., Buxbaum-Conradi, S., Basmer-Birkenfeld, S. V. J. P. W., &amp; WULFSBERG, J. P. (2015). <a href=\"https:\/\/doaj.org\/article\/1c3c2bbed0d1481fbaeca9c462b9914e\" rel='nofollow'>Survival Through Openness-How Traditional Industry could Avoid the Fate of Print Media<\/a>. Journal of Systemics, Cybernetics and Informatics, 13(1), 17-24<\/li>\n<\/ul>\n","protected":false},"excerpt":{"rendered":"<p>Funktion Wissenschaftlicher Mitarbeiter, Projektleitung E-Mail manuel.moritz@hsu-hh.de Telefon 040 &#8211; 6541 &#8211; 2570 Fax 040 &#8211; 6541 &#8211; 2839 Raum, Geb\u00e4ude 1316, H1 Postanschrift Helmut-Schmidt-Universit\u00e4tFakult\u00e4t f\u00fcr MaschinenbauLaboratorium FertigungstechnikHolstenhofweg 8522043 Hamburg Profiles [&hellip;]<\/p>\n","protected":false},"author":84,"featured_media":0,"parent":1294,"menu_order":0,"comment_status":"closed","ping_status":"closed","template":"","meta":{"footnotes":""},"categories":[8],"tags":[],"class_list":["post-473","page","type-page","status-publish","hentry","category-team"],"_links":{"self":[{"href":"https:\/\/www.hsu-hh.de\/laft\/wp-json\/wp\/v2\/pages\/473","targetHints":{"allow":["GET"]}}],"collection":[{"href":"https:\/\/www.hsu-hh.de\/laft\/wp-json\/wp\/v2\/pages"}],"about":[{"href":"https:\/\/www.hsu-hh.de\/laft\/wp-json\/wp\/v2\/types\/page"}],"author":[{"embeddable":true,"href":"https:\/\/www.hsu-hh.de\/laft\/wp-json\/wp\/v2\/users\/84"}],"replies":[{"embeddable":true,"href":"https:\/\/www.hsu-hh.de\/laft\/wp-json\/wp\/v2\/comments?post=473"}],"version-history":[{"count":12,"href":"https:\/\/www.hsu-hh.de\/laft\/wp-json\/wp\/v2\/pages\/473\/revisions"}],"predecessor-version":[{"id":3126,"href":"https:\/\/www.hsu-hh.de\/laft\/wp-json\/wp\/v2\/pages\/473\/revisions\/3126"}],"up":[{"embeddable":true,"href":"https:\/\/www.hsu-hh.de\/laft\/wp-json\/wp\/v2\/pages\/1294"}],"wp:attachment":[{"href":"https:\/\/www.hsu-hh.de\/laft\/wp-json\/wp\/v2\/media?parent=473"}],"wp:term":[{"taxonomy":"category","embeddable":true,"href":"https:\/\/www.hsu-hh.de\/laft\/wp-json\/wp\/v2\/categories?post=473"},{"taxonomy":"post_tag","embeddable":true,"href":"https:\/\/www.hsu-hh.de\/laft\/wp-json\/wp\/v2\/tags?post=473"}],"curies":[{"name":"wp","href":"https:\/\/api.w.org\/{rel}","templated":true}]}}