{"id":468,"date":"2017-11-21T16:31:02","date_gmt":"2017-11-21T15:31:02","guid":{"rendered":"https:\/\/www.hsu-hh.de\/laft\/?page_id=468"},"modified":"2021-02-10T09:48:09","modified_gmt":"2021-02-10T08:48:09","slug":"tobias-montag","status":"publish","type":"page","link":"https:\/\/www.hsu-hh.de\/laft\/mitarbeiter\/tobias-montag","title":{"rendered":"Tobias Montag M.Sc."},"content":{"rendered":"<table>\n<tbody>\n<tr>\n<td width=\"169\">Postanschrift<\/td>\n<td width=\"318\">Helmut-Schmidt-Universit\u00e4t<br \/>\nFakult\u00e4t f\u00fcr Maschinenbau<br \/>\nLaboratorium Fertigungstechnik<br \/>\nHolstenhofweg 85<br \/>\n22043 Hamburg<\/td>\n<td rowspan=\"4\" width=\"268\">\u00a0<img loading=\"lazy\" decoding=\"async\" class=\"size-medium wp-image-469 aligncenter\" src=\"https:\/\/www.hsu-hh.de\/laft\/wp-content\/uploads\/sites\/671\/2017\/11\/Montag-225x300.jpg\" alt=\"Montag\" width=\"225\" height=\"300\" data-credit=\"Tobias Montag\" srcset=\"https:\/\/www.hsu-hh.de\/laft\/wp-content\/uploads\/sites\/671\/2017\/11\/Montag-225x300.jpg 225w, https:\/\/www.hsu-hh.de\/laft\/wp-content\/uploads\/sites\/671\/2017\/11\/Montag-768x1024.jpg 768w, https:\/\/www.hsu-hh.de\/laft\/wp-content\/uploads\/sites\/671\/2017\/11\/Montag.jpg 886w\" sizes=\"auto, (max-width: 225px) 100vw, 225px\" \/><\/td>\n<\/tr>\n<tr>\n<td width=\"169\">E-Mail<\/td>\n<td width=\"318\">tobias.montag@hsu-hh.de<\/td>\n<\/tr>\n<tr>\n<td width=\"169\">Funktion<\/td>\n<td width=\"318\">assoziierter Mitarbeiter<\/td>\n<\/tr>\n<tr>\n<td width=\"169\">Forschungsbereiche<\/td>\n<td width=\"318\">Sinterverfahren, Pulvermetallurgie, Mikrofertigungstechnologie, Festphasef\u00fcgeverfahren<\/td>\n<\/tr>\n<\/tbody>\n<\/table>\n","protected":false},"excerpt":{"rendered":"<p>Postanschrift Helmut-Schmidt-Universit\u00e4t Fakult\u00e4t f\u00fcr Maschinenbau Laboratorium Fertigungstechnik Holstenhofweg 85 22043 Hamburg \u00a0 E-Mail tobias.montag@hsu-hh.de Funktion assoziierter Mitarbeiter Forschungsbereiche Sinterverfahren, Pulvermetallurgie, Mikrofertigungstechnologie, Festphasef\u00fcgeverfahren<\/p>\n","protected":false},"author":84,"featured_media":0,"parent":1294,"menu_order":0,"comment_status":"closed","ping_status":"closed","template":"","meta":{"footnotes":""},"categories":[8],"tags":[],"class_list":["post-468","page","type-page","status-publish","hentry","category-team"],"_links":{"self":[{"href":"https:\/\/www.hsu-hh.de\/laft\/wp-json\/wp\/v2\/pages\/468","targetHints":{"allow":["GET"]}}],"collection":[{"href":"https:\/\/www.hsu-hh.de\/laft\/wp-json\/wp\/v2\/pages"}],"about":[{"href":"https:\/\/www.hsu-hh.de\/laft\/wp-json\/wp\/v2\/types\/page"}],"author":[{"embeddable":true,"href":"https:\/\/www.hsu-hh.de\/laft\/wp-json\/wp\/v2\/users\/84"}],"replies":[{"embeddable":true,"href":"https:\/\/www.hsu-hh.de\/laft\/wp-json\/wp\/v2\/comments?post=468"}],"version-history":[{"count":4,"href":"https:\/\/www.hsu-hh.de\/laft\/wp-json\/wp\/v2\/pages\/468\/revisions"}],"predecessor-version":[{"id":771,"href":"https:\/\/www.hsu-hh.de\/laft\/wp-json\/wp\/v2\/pages\/468\/revisions\/771"}],"up":[{"embeddable":true,"href":"https:\/\/www.hsu-hh.de\/laft\/wp-json\/wp\/v2\/pages\/1294"}],"wp:attachment":[{"href":"https:\/\/www.hsu-hh.de\/laft\/wp-json\/wp\/v2\/media?parent=468"}],"wp:term":[{"taxonomy":"category","embeddable":true,"href":"https:\/\/www.hsu-hh.de\/laft\/wp-json\/wp\/v2\/categories?post=468"},{"taxonomy":"post_tag","embeddable":true,"href":"https:\/\/www.hsu-hh.de\/laft\/wp-json\/wp\/v2\/tags?post=468"}],"curies":[{"name":"wp","href":"https:\/\/api.w.org\/{rel}","templated":true}]}}