{"id":461,"date":"2017-11-21T16:24:19","date_gmt":"2017-11-21T15:24:19","guid":{"rendered":"https:\/\/www.hsu-hh.de\/laft\/?page_id=461"},"modified":"2024-11-18T12:01:48","modified_gmt":"2024-11-18T11:01:48","slug":"jonas-klabunde","status":"publish","type":"page","link":"https:\/\/www.hsu-hh.de\/laft\/mitarbeiter\/jonas-klabunde","title":{"rendered":"Jonas Klabunde M.Sc."},"content":{"rendered":"<table>\n<tbody>\n<tr>\n<td width=\"137\">Postanschrift<\/td>\n<td width=\"255\">Helmut-Schmidt-Universit\u00e4t<br \/>\nFakult\u00e4t f\u00fcr Maschinenbau<br \/>\nLaboratorium Fertigungstechnik<br \/>\nHolstenhofweg 85<br \/>\n22043 Hamburg<\/td>\n<td rowspan=\"8\" width=\"214\"><img loading=\"lazy\" decoding=\"async\" class=\"size-full wp-image-462 aligncenter\" src=\"https:\/\/www.hsu-hh.de\/laft\/wp-content\/uploads\/sites\/671\/2017\/11\/Klabunde.jpg\" alt=\"Klabunde\" width=\"200\" height=\"257\" \/><\/td>\n<\/tr>\n<tr>\n<td width=\"137\">Raum<\/td>\n<td width=\"255\"><\/td>\n<\/tr>\n<tr>\n<td width=\"137\">Geb\u00e4ude<\/td>\n<td width=\"255\"><\/td>\n<\/tr>\n<tr>\n<td width=\"137\">Telefon<\/td>\n<td width=\"255\"><\/td>\n<\/tr>\n<tr>\n<td width=\"137\">Fax<\/td>\n<td width=\"255\"><\/td>\n<\/tr>\n<tr>\n<td width=\"137\">E-Mail<\/td>\n<td width=\"255\">jonas.klabunde@hsu-hh.de<\/td>\n<\/tr>\n<tr>\n<td width=\"137\">Funktion<\/td>\n<td width=\"255\">EHEMALIGE<\/td>\n<\/tr>\n<tr>\n<td width=\"137\">Forschungsbereiche<\/td>\n<td width=\"255\">smart ASSIST \u2013 Smart, AdjuStable, Soft and Intelligent Support Technologies<\/td>\n<\/tr>\n<\/tbody>\n<\/table>\n","protected":false},"excerpt":{"rendered":"<p>Postanschrift Helmut-Schmidt-Universit\u00e4t Fakult\u00e4t f\u00fcr Maschinenbau Laboratorium Fertigungstechnik Holstenhofweg 85 22043 Hamburg Raum Geb\u00e4ude Telefon Fax E-Mail jonas.klabunde@hsu-hh.de Funktion EHEMALIGE Forschungsbereiche smart ASSIST \u2013 Smart, AdjuStable, Soft and Intelligent Support Technologies<\/p>\n","protected":false},"author":84,"featured_media":0,"parent":1294,"menu_order":0,"comment_status":"closed","ping_status":"closed","template":"","meta":{"footnotes":""},"categories":[8],"tags":[],"class_list":["post-461","page","type-page","status-publish","hentry","category-team"],"_links":{"self":[{"href":"https:\/\/www.hsu-hh.de\/laft\/wp-json\/wp\/v2\/pages\/461","targetHints":{"allow":["GET"]}}],"collection":[{"href":"https:\/\/www.hsu-hh.de\/laft\/wp-json\/wp\/v2\/pages"}],"about":[{"href":"https:\/\/www.hsu-hh.de\/laft\/wp-json\/wp\/v2\/types\/page"}],"author":[{"embeddable":true,"href":"https:\/\/www.hsu-hh.de\/laft\/wp-json\/wp\/v2\/users\/84"}],"replies":[{"embeddable":true,"href":"https:\/\/www.hsu-hh.de\/laft\/wp-json\/wp\/v2\/comments?post=461"}],"version-history":[{"count":3,"href":"https:\/\/www.hsu-hh.de\/laft\/wp-json\/wp\/v2\/pages\/461\/revisions"}],"predecessor-version":[{"id":2548,"href":"https:\/\/www.hsu-hh.de\/laft\/wp-json\/wp\/v2\/pages\/461\/revisions\/2548"}],"up":[{"embeddable":true,"href":"https:\/\/www.hsu-hh.de\/laft\/wp-json\/wp\/v2\/pages\/1294"}],"wp:attachment":[{"href":"https:\/\/www.hsu-hh.de\/laft\/wp-json\/wp\/v2\/media?parent=461"}],"wp:term":[{"taxonomy":"category","embeddable":true,"href":"https:\/\/www.hsu-hh.de\/laft\/wp-json\/wp\/v2\/categories?post=461"},{"taxonomy":"post_tag","embeddable":true,"href":"https:\/\/www.hsu-hh.de\/laft\/wp-json\/wp\/v2\/tags?post=461"}],"curies":[{"name":"wp","href":"https:\/\/api.w.org\/{rel}","templated":true}]}}