{"id":450,"date":"2017-11-22T16:16:00","date_gmt":"2017-11-22T15:16:00","guid":{"rendered":"https:\/\/www.hsu-hh.de\/laft\/?page_id=450"},"modified":"2026-03-25T12:44:35","modified_gmt":"2026-03-25T11:44:35","slug":"robert-weidner","status":"publish","type":"page","link":"https:\/\/www.hsu-hh.de\/laft\/mitarbeiter\/robert-weidner","title":{"rendered":"Univ.-Prof. Dr.-Ing. Robert Weidner"},"content":{"rendered":"\n<figure class=\"wp-block-image size-large is-resized\"><img loading=\"lazy\" decoding=\"async\" width=\"764\" height=\"1024\" src=\"https:\/\/www.hsu-hh.de\/laft\/wp-content\/uploads\/sites\/671\/2017\/11\/Weidner-764x1024.jpg\" data-credit=\"Carsten Oberl\u00e4nder\" alt=\"Weidner\" class=\"wp-image-452\" style=\"aspect-ratio:0.7461126455373629;width:392px;height:auto\" srcset=\"https:\/\/www.hsu-hh.de\/laft\/wp-content\/uploads\/sites\/671\/2017\/11\/Weidner-764x1024.jpg 764w, https:\/\/www.hsu-hh.de\/laft\/wp-content\/uploads\/sites\/671\/2017\/11\/Weidner-224x300.jpg 224w, https:\/\/www.hsu-hh.de\/laft\/wp-content\/uploads\/sites\/671\/2017\/11\/Weidner-768x1029.jpg 768w\" sizes=\"auto, (max-width: 764px) 100vw, 764px\" \/><\/figure>\n\n\n\n<div class=\"wp-block-columns is-layout-flex wp-container-core-columns-is-layout-9d6595d7 wp-block-columns-is-layout-flex\">\n<div class=\"wp-block-column is-layout-flow wp-block-column-is-layout-flow\">\n<p><strong>Funktion<\/strong><\/p>\n<\/div>\n\n\n\n<div class=\"wp-block-column is-layout-flow wp-block-column-is-layout-flow\">\n<p>Forschernachwuchsgruppenleiter<\/p>\n<\/div>\n<\/div>\n\n\n\n<div class=\"wp-block-columns is-layout-flex wp-container-core-columns-is-layout-9d6595d7 wp-block-columns-is-layout-flex\">\n<div class=\"wp-block-column is-layout-flow wp-block-column-is-layout-flow\">\n<p><strong>E-Mail<\/strong><\/p>\n<\/div>\n\n\n\n<div class=\"wp-block-column is-layout-flow wp-block-column-is-layout-flow\">\n<p>robert.weidner@hsu-hh.de<\/p>\n<\/div>\n<\/div>\n\n\n\n<div class=\"wp-block-columns is-layout-flex wp-container-core-columns-is-layout-9d6595d7 wp-block-columns-is-layout-flex\">\n<div class=\"wp-block-column is-layout-flow wp-block-column-is-layout-flow\">\n<p><strong>Telefon<\/strong><\/p>\n<\/div>\n\n\n\n<div class=\"wp-block-column is-layout-flow wp-block-column-is-layout-flow\">\n<p>040 &#8211; 6541 &#8211; 3342<\/p>\n<\/div>\n<\/div>\n\n\n\n<div class=\"wp-block-columns is-layout-flex wp-container-core-columns-is-layout-9d6595d7 wp-block-columns-is-layout-flex\">\n<div class=\"wp-block-column is-layout-flow wp-block-column-is-layout-flow\">\n<p><strong>Raum, Geb\u00e4ude<\/strong><\/p>\n<\/div>\n\n\n\n<div class=\"wp-block-column is-layout-flow wp-block-column-is-layout-flow\">\n<p>1380, H1<\/p>\n<\/div>\n<\/div>\n\n\n\n<div class=\"wp-block-columns is-layout-flex wp-container-core-columns-is-layout-9d6595d7 wp-block-columns-is-layout-flex\">\n<div class=\"wp-block-column is-layout-flow wp-block-column-is-layout-flow\">\n<p><strong>Postanschrift<\/strong><\/p>\n<\/div>\n\n\n\n<div class=\"wp-block-column is-layout-flow wp-block-column-is-layout-flow\">\n<p>Helmut-Schmidt-Universit\u00e4t<br>Fakult\u00e4t f\u00fcr Maschinenbau<br>Laboratorium Fertigungstechnik<br>Holstenhofweg 85<br>22043 Hamburg<\/p>\n<\/div>\n<\/div>\n\n\n\n<div class=\"wp-block-columns is-layout-flex wp-container-core-columns-is-layout-9d6595d7 wp-block-columns-is-layout-flex\">\n<div class=\"wp-block-column is-layout-flow wp-block-column-is-layout-flow\">\n<p><strong><strong>Profiles<\/strong><\/strong><\/p>\n<\/div>\n\n\n\n<div class=\"wp-block-column is-layout-flow wp-block-column-is-layout-flow\">\n<p><a href=\"https:\/\/orcid.org\/0000-0003-1286-4458\" rel='nofollow'>ORCID<\/a><\/p>\n\n\n\n<p><a href=\"https:\/\/www.researchgate.net\/profile\/Robert-Weidner\" rel='nofollow'>ResearchGate<\/a><\/p>\n<\/div>\n<\/div>\n\n\n\n<div class=\"wp-block-columns is-layout-flex wp-container-core-columns-is-layout-9d6595d7 wp-block-columns-is-layout-flex\">\n<div class=\"wp-block-column is-layout-flow wp-block-column-is-layout-flow\">\n<p><strong><strong>Forschungsbereiche<\/strong><\/strong><\/p>\n<\/div>\n\n\n\n<div class=\"wp-block-column is-layout-flow wp-block-column-is-layout-flow\">\n<p>Produktionstechnik, Robotik, Mensch-Maschine-Interaktion, Unterst\u00fctzungs- und Assistenzsysteme, Produktionsplanung<\/p>\n<\/div>\n<\/div>\n\n\n\n<div class=\"wp-block-columns is-layout-flex wp-container-core-columns-is-layout-9d6595d7 wp-block-columns-is-layout-flex\">\n<div class=\"wp-block-column is-layout-flow wp-block-column-is-layout-flow\">\n<p><strong><strong>Lebenslauf<\/strong><\/strong><\/p>\n<\/div>\n\n\n\n<div class=\"wp-block-column is-layout-flow wp-block-column-is-layout-flow\">\n<p>Robert Weidner ist seit M\u00e4rz 2025 Professor f\u00fcr Automatisierte und Autonome Systeme an der Technischen Universit\u00e4t Bergakademie Freiberg (TUBAF). Zudem leitet er die Arbeitsgruppe Robotik und Automatisierung am Laboratorium Fertigungstechnik (LaFT) der Helmut-Schmidt-Universit\u00e4t\/Universit\u00e4t der Bundeswehr Hamburg (<abbr title=\"Helmut Schmidt Universit\u00e4t\">HSU<\/abbr>) und ist gesch\u00e4ftsf\u00fchrender Gesellschafter der exoIQ <abbr title=\"Gesellschaft mit beschr\u00e4nkter Haftung\">GmbH<\/abbr>.<\/p>\n\n\n\n<p>Nach seinem Maschinenbaustudium an der Technischen Universit\u00e4t Hamburg (TUHH) von 2005 bis 2010 wechselte Weidner als Wissenschaftler an die <abbr title=\"Helmut Schmidt Universit\u00e4t\">HSU<\/abbr>. Seit 2014 ist er dort Gruppenleiter am LaFT. Von 2014 bis 2020 leitete er zudem die vom Bundesministerium f\u00fcr Bildung und Forschung (<abbr title=\"Bundesministerium f\u00fcr Bildung und Forschung\">BMBF<\/abbr>) gef\u00f6rderte Nachwuchsforschergruppe smartASSIST. Zwischen 2018 und 2025 hatte er die Professur f\u00fcr Fertigungstechnik am Institut f\u00fcr Mechatronik der Universit\u00e4t Innsbruck inne.<\/p>\n\n\n\n<p>In der \u00d6sterreichischen Wissenschaftlichen Gesellschaft f\u00fcr Produktionstechnik (\u00d6WGP) war Weidner von 2022 bis 2024 Vizepr\u00e4sident und \u00fcbernahm anschlie\u00dfend bis 2025 \u2013 bis zu seinem Wechsel an eine deutsche Universit\u00e4t \u2013 das Amt des Pr\u00e4sidenten.<\/p>\n\n\n\n<p>Mit seinen interdisziplin\u00e4ren Forschungsgruppen widmet er sich der Entwicklung von Unterst\u00fctzungstechnologien \u2013 insbesondere tragbarer Systeme wie Exoskelette, Assistenzsysteme und robotische Systeme \u2013 sowie den Methoden und Modellen zu deren Gestaltung, Bewertung und zur Interaktion zwischen Mensch und Technik.<\/p>\n\n\n\n<p>Professor Weidner ist unter anderem Mitglied der Wissenschaftlichen Gesellschaft f\u00fcr Montage, Handhabung und Industrierobotik (MHI), der Wissenschaftlichen Gesellschaft f\u00fcr Betriebs- und Arbeitsorganisation (WGAB), der \u00d6WGP, der Gesellschaft f\u00fcr Arbeitswissenschaft (GfA) sowie des Jungen Forums: Technikwissenschaften (JF:TEC).<\/p>\n<\/div>\n<\/div>\n","protected":false},"excerpt":{"rendered":"<p>Funktion Forschernachwuchsgruppenleiter E-Mail robert.weidner@hsu-hh.de Telefon 040 &#8211; 6541 &#8211; 3342 Raum, Geb\u00e4ude 1380, H1 Postanschrift Helmut-Schmidt-Universit\u00e4tFakult\u00e4t f\u00fcr MaschinenbauLaboratorium FertigungstechnikHolstenhofweg 8522043 Hamburg Profiles ORCID ResearchGate Forschungsbereiche Produktionstechnik, Robotik, Mensch-Maschine-Interaktion, Unterst\u00fctzungs- und [&hellip;]<\/p>\n","protected":false},"author":84,"featured_media":0,"parent":1294,"menu_order":0,"comment_status":"closed","ping_status":"closed","template":"","meta":{"footnotes":""},"categories":[8],"tags":[],"class_list":["post-450","page","type-page","status-publish","hentry","category-team"],"_links":{"self":[{"href":"https:\/\/www.hsu-hh.de\/laft\/wp-json\/wp\/v2\/pages\/450","targetHints":{"allow":["GET"]}}],"collection":[{"href":"https:\/\/www.hsu-hh.de\/laft\/wp-json\/wp\/v2\/pages"}],"about":[{"href":"https:\/\/www.hsu-hh.de\/laft\/wp-json\/wp\/v2\/types\/page"}],"author":[{"embeddable":true,"href":"https:\/\/www.hsu-hh.de\/laft\/wp-json\/wp\/v2\/users\/84"}],"replies":[{"embeddable":true,"href":"https:\/\/www.hsu-hh.de\/laft\/wp-json\/wp\/v2\/comments?post=450"}],"version-history":[{"count":15,"href":"https:\/\/www.hsu-hh.de\/laft\/wp-json\/wp\/v2\/pages\/450\/revisions"}],"predecessor-version":[{"id":3128,"href":"https:\/\/www.hsu-hh.de\/laft\/wp-json\/wp\/v2\/pages\/450\/revisions\/3128"}],"up":[{"embeddable":true,"href":"https:\/\/www.hsu-hh.de\/laft\/wp-json\/wp\/v2\/pages\/1294"}],"wp:attachment":[{"href":"https:\/\/www.hsu-hh.de\/laft\/wp-json\/wp\/v2\/media?parent=450"}],"wp:term":[{"taxonomy":"category","embeddable":true,"href":"https:\/\/www.hsu-hh.de\/laft\/wp-json\/wp\/v2\/categories?post=450"},{"taxonomy":"post_tag","embeddable":true,"href":"https:\/\/www.hsu-hh.de\/laft\/wp-json\/wp\/v2\/tags?post=450"}],"curies":[{"name":"wp","href":"https:\/\/api.w.org\/{rel}","templated":true}]}}