{"id":332,"date":"2017-10-09T15:27:35","date_gmt":"2017-10-09T13:27:35","guid":{"rendered":"https:\/\/www.hsu-hh.de\/laft\/?page_id=332"},"modified":"2024-11-18T12:55:07","modified_gmt":"2024-11-18T11:55:07","slug":"jens-wulfsberg","status":"publish","type":"page","link":"https:\/\/www.hsu-hh.de\/laft\/mitarbeiter\/jens-wulfsberg","title":{"rendered":"Prof. Dr.-Ing. Jens P. Wulfsberg"},"content":{"rendered":"<table>\n<tbody>\n<tr>\n<td width=\"135\">Postanschrift<\/td>\n<td width=\"255\">Helmut-Schmidt-Universit\u00e4t<br \/>\nFakult\u00e4t f\u00fcr Maschinenbau<br \/>\nLaboratorium Fertigungstechnik<br \/>\nHolstenhofweg 85<br \/>\n22043 Hamburg<\/td>\n<td rowspan=\"7\" width=\"222\">\u00a0<img loading=\"lazy\" decoding=\"async\" class=\"size-medium wp-image-914 aligncenter\" src=\"https:\/\/www.hsu-hh.de\/laft\/wp-content\/uploads\/sites\/671\/2019\/08\/01_Wulfsberg-233x300.jpg\" alt=\"Wulfsberg\" width=\"233\" height=\"300\" data-credit=\"Wulfsberg\" srcset=\"https:\/\/www.hsu-hh.de\/laft\/wp-content\/uploads\/sites\/671\/2019\/08\/01_Wulfsberg-233x300.jpg 233w, https:\/\/www.hsu-hh.de\/laft\/wp-content\/uploads\/sites\/671\/2019\/08\/01_Wulfsberg-768x987.jpg 768w, https:\/\/www.hsu-hh.de\/laft\/wp-content\/uploads\/sites\/671\/2019\/08\/01_Wulfsberg-797x1024.jpg 797w, https:\/\/www.hsu-hh.de\/laft\/wp-content\/uploads\/sites\/671\/2019\/08\/01_Wulfsberg.jpg 827w\" sizes=\"auto, (max-width: 233px) 100vw, 233px\" \/><\/td>\n<\/tr>\n<tr>\n<td width=\"135\"><\/td>\n<td width=\"255\"><\/td>\n<\/tr>\n<tr>\n<td width=\"135\"><\/td>\n<td width=\"255\"><\/td>\n<\/tr>\n<tr>\n<td width=\"135\">Telefon<\/td>\n<td width=\"255\">040 &#8211; 6541 &#8211; 2271 (Sekretariat Frau Hahn)<\/td>\n<\/tr>\n<tr>\n<td width=\"135\"><\/td>\n<td width=\"255\"><\/td>\n<\/tr>\n<tr>\n<td width=\"135\">E-Mail<\/td>\n<td width=\"255\">jens.wulfsberg@hsu-hh.de<\/td>\n<\/tr>\n<tr>\n<td width=\"135\">Funktion<\/td>\n<td width=\"255\">ehemaliger Leiter des Laboratorium Fertigungstechnik<\/td>\n<\/tr>\n<tr>\n<td colspan=\"3\" width=\"612\">\n<div class=\"col-xs-12 downloads-item\">\n<div class=\"row border-line\">\n<div class=\"thumbnail-area\"><img decoding=\"async\" class=\"download-image\" src=\"\/wp-content\/themes\/hsu\/img\/dummy\/downloads_dummy.png\" alt=\"\" \/><\/div>\n<div class=\"text-area\"><span class=\"download-text\">Curriculum Vitae Wulfsberg<\/span><\/div>\n<div class=\"download-area\"><a class=\"download-link\" href=\"https:\/\/www.hsu-hh.de\/laft\/wp-content\/uploads\/sites\/671\/2017\/10\/Curriculum-Vitae-Wulfsberg.pdf\"><span class=\"download-name\">pdf laden<\/span><span class=\"donwload-icon\"><img decoding=\"async\" class=\"download-icon\" src=\"\/wp-content\/themes\/hsu\/img\/icons\/download_icon.png\" alt=\"download icon\" \/><\/span><span class=\"download-size\">57 KB<\/span><\/a><\/div>\n<\/div>\n<\/div>\n<\/td>\n<\/tr>\n<\/tbody>\n<\/table>\n","protected":false},"excerpt":{"rendered":"<p>Postanschrift Helmut-Schmidt-Universit\u00e4t Fakult\u00e4t f\u00fcr Maschinenbau Laboratorium Fertigungstechnik Holstenhofweg 85 22043 Hamburg \u00a0 Telefon 040 &#8211; 6541 &#8211; 2271 (Sekretariat Frau Hahn) E-Mail jens.wulfsberg@hsu-hh.de Funktion ehemaliger Leiter des Laboratorium Fertigungstechnik Curriculum [&hellip;]<\/p>\n","protected":false},"author":84,"featured_media":0,"parent":1294,"menu_order":0,"comment_status":"closed","ping_status":"closed","template":"","meta":{"footnotes":""},"categories":[8,10],"tags":[],"class_list":["post-332","page","type-page","status-publish","hentry","category-team","category-ueber"],"_links":{"self":[{"href":"https:\/\/www.hsu-hh.de\/laft\/wp-json\/wp\/v2\/pages\/332","targetHints":{"allow":["GET"]}}],"collection":[{"href":"https:\/\/www.hsu-hh.de\/laft\/wp-json\/wp\/v2\/pages"}],"about":[{"href":"https:\/\/www.hsu-hh.de\/laft\/wp-json\/wp\/v2\/types\/page"}],"author":[{"embeddable":true,"href":"https:\/\/www.hsu-hh.de\/laft\/wp-json\/wp\/v2\/users\/84"}],"replies":[{"embeddable":true,"href":"https:\/\/www.hsu-hh.de\/laft\/wp-json\/wp\/v2\/comments?post=332"}],"version-history":[{"count":10,"href":"https:\/\/www.hsu-hh.de\/laft\/wp-json\/wp\/v2\/pages\/332\/revisions"}],"predecessor-version":[{"id":2558,"href":"https:\/\/www.hsu-hh.de\/laft\/wp-json\/wp\/v2\/pages\/332\/revisions\/2558"}],"up":[{"embeddable":true,"href":"https:\/\/www.hsu-hh.de\/laft\/wp-json\/wp\/v2\/pages\/1294"}],"wp:attachment":[{"href":"https:\/\/www.hsu-hh.de\/laft\/wp-json\/wp\/v2\/media?parent=332"}],"wp:term":[{"taxonomy":"category","embeddable":true,"href":"https:\/\/www.hsu-hh.de\/laft\/wp-json\/wp\/v2\/categories?post=332"},{"taxonomy":"post_tag","embeddable":true,"href":"https:\/\/www.hsu-hh.de\/laft\/wp-json\/wp\/v2\/tags?post=332"}],"curies":[{"name":"wp","href":"https:\/\/api.w.org\/{rel}","templated":true}]}}