{"id":293,"date":"2017-09-27T17:27:29","date_gmt":"2017-09-27T15:27:29","guid":{"rendered":"https:\/\/www.hsu-hh.de\/laft\/?page_id=293"},"modified":"2017-09-27T17:27:29","modified_gmt":"2017-09-27T15:27:29","slug":"newsarchiv","status":"publish","type":"page","link":"https:\/\/www.hsu-hh.de\/laft\/newsarchiv","title":{"rendered":"Newsarchiv"},"content":{"rendered":"<div id=\"category_content_oc2vnuxI\" class=\"hsu_category archive-page\"><article  id=\"post-3100\" class=\"category-list-item post-3100 post type-post status-publish format-standard hentry \"><a href=\"https:\/\/www.hsu-hh.de\/laft\/forschungsprojekt-am-analytics-erfolgreich-abgeschlossen\" title=\"Forschungsprojekt AM Analytics erfolgreich abgeschlossen\" >\t<div class=\"article-listitem-datetime\">\t\t<time class=\"updated\" datetime=\"2026-03-09 09:03:48\"><\/time>\t\t<span class=\"article-month\">\t\t\t<time class=\"entry-date published\" datetime=\"\">Mar<\/time>\t\t<\/span>\t\t<span class=\"article-day\">\t\t\t<time class=\"entry-date published\" datetime=\"\">09<\/time>\t\t<\/span>\t\t<span class=\"article-datetime\">\t\t\t<time class=\"entry-date published\" datetime=\"\">2026<\/time>\t\t<\/span>\t<\/div><div class=\"hsu_category_article-content-wrap\"><div class=\"hsu_category_article-content-wrap-inner\"><div>\t<header class=\"entry-header\">\t\t<h3 class=\"entry-title\">Forschungsprojekt AM Analytics erfolgreich abgeschlossen\t\t<\/h3>\t<\/header><div class=\"entry-content-excerpt\">Im Forschungsprojekt&nbsp;AM Analytics&nbsp;wurde ein Ansatz zur automatisierten In-situ-Defekterkennung f\u00fcr laserpulverbettbasierte additive Fertigung. Ziel war es, Prozesssignale w\u00e4hrend des Drucks mit realen Defekten im Bauteil zu korrelieren und damit die Grundlage f\u00fcr eine datenbasierte Qualit\u00e4ts\u00fcberwachung zu schaffen. Versuchsaufbau der Aconity LPBFM-Anlage mit in-situ-Prozess\u00fcberwachung zur Erfassung von Prozessdaten w\u00e4hrend der additiven Fertigung. Ziel des Projekts Additive Fertigungsverfahren...<\/div> <\/div><\/div><\/div><\/a><\/article><article  id=\"post-3090\" class=\"category-list-item post-3090 post type-post status-publish format-standard hentry \"><a href=\"https:\/\/www.hsu-hh.de\/laft\/tech-affair-industry-for-future-der-vdw-podcast\" title=\"Tech Affair \u2013 Industry for Future: Der VDW-Podcast\" >\t<div class=\"article-listitem-datetime\">\t\t<time class=\"updated\" datetime=\"2026-02-02 09:47:39\"><\/time>\t\t<span class=\"article-month\">\t\t\t<time class=\"entry-date published\" datetime=\"\">Feb<\/time>\t\t<\/span>\t\t<span class=\"article-day\">\t\t\t<time class=\"entry-date published\" datetime=\"\">02<\/time>\t\t<\/span>\t\t<span class=\"article-datetime\">\t\t\t<time class=\"entry-date published\" datetime=\"\">2026<\/time>\t\t<\/span>\t<\/div><div class=\"hsu_category_article-content-wrap\"><div class=\"hsu_category_article-content-wrap-inner\"><div>\t<header class=\"entry-header\">\t\t<h3 class=\"entry-title\">Tech Affair \u2013 Industry for Future: Der VDW-Podcast\t\t<\/h3>\t<\/header><div class=\"entry-content-excerpt\">Pop-up Fabriken im Fokus: Wie mobile Produktion unsere Industrie resilienter macht Der VDW-Podcast&nbsp;Tech Affair \u2013 Industry for Future&nbsp;widmet sich in seiner&nbsp;24. Folge&nbsp;dem zukunftsweisenden Konzept der Pop-up Fabriken \u2013 einem Ansatz, der Flexibilit\u00e4t, Geschwindigkeit und Innovationskraft in der Produktion neu definiert. In einer Zeit, in der Lieferketten fragil und Anforderungen an Versorgungssicherheit hoch sind, gewinnen tempor\u00e4re...<\/div> <\/div><\/div><\/div><\/a><\/article><article  id=\"post-3067\" class=\"category-list-item post-3067 post type-post status-publish format-standard hentry \"><a href=\"https:\/\/www.hsu-hh.de\/laft\/maker-challenge-2026\" title=\"MAKER CHALLENGE 2026\" >\t<div class=\"article-listitem-datetime\">\t\t<time class=\"updated\" datetime=\"2026-02-02 09:37:08\"><\/time>\t\t<span class=\"article-month\">\t\t\t<time class=\"entry-date published\" datetime=\"\">Feb<\/time>\t\t<\/span>\t\t<span class=\"article-day\">\t\t\t<time class=\"entry-date published\" datetime=\"\">02<\/time>\t\t<\/span>\t\t<span class=\"article-datetime\">\t\t\t<time class=\"entry-date published\" datetime=\"\">2026<\/time>\t\t<\/span>\t<\/div><div class=\"hsu_category_article-content-wrap\"><div class=\"hsu_category_article-content-wrap-inner\"><div>\t<header class=\"entry-header\">\t\t<h3 class=\"entry-title\">MAKER CHALLENGE 2026\t\t<\/h3>\t<\/header><div class=\"entry-content-excerpt\">Ein Wettbewerb f\u00fcr Ideen, die l\u00e4nger halten und weniger verbrauchen. Seit der ersten&nbsp;MAKER CHALLENGE 2022&nbsp;hat sich die Circular-Economy-Bewegung sp\u00fcrbar entwickelt. Die erfolgreiche&nbsp;FEMALE MAKER CHALLENGE&nbsp;hat es best\u00e4tigt und so setzten wir auch 2026 gemeinsam neue Impulse f\u00fcr zirkul\u00e4re Wertsch\u00f6pfung in Hamburg! Gesucht werden Produktideen mit zirkul\u00e4rem Potenzial, die langlebig, reparierbar, modular, recyclingf\u00e4hig oder ressourcenschonend sind. Die&nbsp;MAKER...<\/div> <\/div><\/div><\/div><\/a><\/article><article  id=\"post-2945\" class=\"category-list-item post-2945 post type-post status-publish format-standard hentry \"><a href=\"https:\/\/www.hsu-hh.de\/laft\/dtec-bw-jahrestagung-2025-forschung-mit-mehrwert-fuer-alle-dimensionen\" title=\"dtec.bw-Jahrestagung 2025: Forschung mit Mehrwert f\u00fcr alle Dimensionen\" >\t<div class=\"article-listitem-datetime\">\t\t<time class=\"updated\" datetime=\"2026-02-02 09:22:53\"><\/time>\t\t<span class=\"article-month\">\t\t\t<time class=\"entry-date published\" datetime=\"\">Feb<\/time>\t\t<\/span>\t\t<span class=\"article-day\">\t\t\t<time class=\"entry-date published\" datetime=\"\">02<\/time>\t\t<\/span>\t\t<span class=\"article-datetime\">\t\t\t<time class=\"entry-date published\" datetime=\"\">2026<\/time>\t\t<\/span>\t<\/div><div class=\"hsu_category_article-content-wrap\"><div class=\"hsu_category_article-content-wrap-inner\"><div>\t<header class=\"entry-header\">\t\t<h3 class=\"entry-title\">dtec.bw-Jahrestagung 2025: Forschung mit Mehrwert f\u00fcr alle Dimensionen\t\t<\/h3>\t<\/header><div class=\"entry-content-excerpt\">Vom 1. bis 3. September 2025 fand an der Helmut-Schmidt-Universit\u00e4t | Universit\u00e4t der Bundeswehr Hamburg die diesj\u00e4hrige&nbsp;dtec.bw-Jahrestagung&nbsp;unter dem Motto \u201eForschung mit Mehrwert f\u00fcr alle Dimensionen\u201c statt. Auf dem Campus der Universit\u00e4t kamen Expertinnen und Experten aus Verteidigung, Politik, Wirtschaft, Start-ups und Forschung zusammen, um \u00fcber die Digitalisierung und die Technologien von morgen zu diskutieren. Die...<\/div> <\/div><\/div><\/div><\/a><\/article><article  id=\"post-2942\" class=\"category-list-item post-2942 post type-post status-publish format-standard hentry \"><a href=\"https:\/\/www.hsu-hh.de\/laft\/fab-city-hamburg-playbook-leitfaden-fuer-urbane-produktion-und-nachhaltige-wertschoepfung\" title=\"Fab City Hamburg Playbook\u200b: Leitfaden f\u00fcr urbane Produktion und nachhaltige Wertsch\u00f6pfung\" >\t<div class=\"article-listitem-datetime\">\t\t<time class=\"updated\" datetime=\"2026-02-02 09:12:28\"><\/time>\t\t<span class=\"article-month\">\t\t\t<time class=\"entry-date published\" datetime=\"\">Feb<\/time>\t\t<\/span>\t\t<span class=\"article-day\">\t\t\t<time class=\"entry-date published\" datetime=\"\">02<\/time>\t\t<\/span>\t\t<span class=\"article-datetime\">\t\t\t<time class=\"entry-date published\" datetime=\"\">2026<\/time>\t\t<\/span>\t<\/div><div class=\"hsu_category_article-content-wrap\"><div class=\"hsu_category_article-content-wrap-inner\"><div>\t<header class=\"entry-header\">\t\t<h3 class=\"entry-title\">Fab City Hamburg Playbook\u200b: Leitfaden f\u00fcr urbane Produktion und nachhaltige Wertsch\u00f6pfung\t\t<\/h3>\t<\/header><div class=\"entry-content-excerpt\">Wie k\u00f6nnen St\u00e4dte zu Orten nachhaltiger, digital gest\u00fctzter Produktion werden? Welche Rolle spielen offene Werkst\u00e4tten, zirkul\u00e4re Materialfl\u00fcsse und partizipative Innovationsformate?&nbsp; Antworten auf diese Fragen liefert das neu erschienene Fab City Hamburg Playbook, das vom HSU, LaFT, New Production Institute an der Helmut-Schmidt-Universit\u00e4t gemeinsam mit zahlreichen Partnerinstitutionen entwickelt wurde. Das Playbook b\u00fcndelt die Ergebnisse des vierj\u00e4hrigen...<\/div> <\/div><\/div><\/div><\/a><\/article><\/div><div class=\"col-xs-12 col-md-3 col-md-push-4\"><span class=\"link no-arrow\"><button class=\"categorymore hsu_btn\" id=\"oc2vnuxI\"  data-category=\"Startseite\" data-categoryid=\"29\" data-posts_per_page=\"5\" data-order=\"DESC\" data-paged=\"2\" data-more_posts=\"1\" data-nocontent=\"1\" data-uid=\"oc2vnuxI\">Mehr Beitr\u00e4ge<\/button><\/span><\/div><div class=\"clearfix\"><\/div>\n","protected":false},"excerpt":{"rendered":"","protected":false},"author":84,"featured_media":0,"parent":0,"menu_order":0,"comment_status":"closed","ping_status":"closed","template":"newsarchive.php","meta":{"footnotes":""},"categories":[38],"tags":[],"class_list":["post-293","page","type-page","status-publish","hentry","category-news"],"_links":{"self":[{"href":"https:\/\/www.hsu-hh.de\/laft\/wp-json\/wp\/v2\/pages\/293","targetHints":{"allow":["GET"]}}],"collection":[{"href":"https:\/\/www.hsu-hh.de\/laft\/wp-json\/wp\/v2\/pages"}],"about":[{"href":"https:\/\/www.hsu-hh.de\/laft\/wp-json\/wp\/v2\/types\/page"}],"author":[{"embeddable":true,"href":"https:\/\/www.hsu-hh.de\/laft\/wp-json\/wp\/v2\/users\/84"}],"replies":[{"embeddable":true,"href":"https:\/\/www.hsu-hh.de\/laft\/wp-json\/wp\/v2\/comments?post=293"}],"version-history":[{"count":3,"href":"https:\/\/www.hsu-hh.de\/laft\/wp-json\/wp\/v2\/pages\/293\/revisions"}],"predecessor-version":[{"id":296,"href":"https:\/\/www.hsu-hh.de\/laft\/wp-json\/wp\/v2\/pages\/293\/revisions\/296"}],"wp:attachment":[{"href":"https:\/\/www.hsu-hh.de\/laft\/wp-json\/wp\/v2\/media?parent=293"}],"wp:term":[{"taxonomy":"category","embeddable":true,"href":"https:\/\/www.hsu-hh.de\/laft\/wp-json\/wp\/v2\/categories?post=293"},{"taxonomy":"post_tag","embeddable":true,"href":"https:\/\/www.hsu-hh.de\/laft\/wp-json\/wp\/v2\/tags?post=293"}],"curies":[{"name":"wp","href":"https:\/\/api.w.org\/{rel}","templated":true}]}}