{"id":270,"date":"2017-09-27T16:22:35","date_gmt":"2017-09-27T14:22:35","guid":{"rendered":"https:\/\/www.hsu-hh.de\/laft\/?page_id=270"},"modified":"2024-11-18T12:01:31","modified_gmt":"2024-11-18T11:01:31","slug":"adam-sanders","status":"publish","type":"page","link":"https:\/\/www.hsu-hh.de\/laft\/mitarbeiter\/adam-sanders","title":{"rendered":"Dr.-Ing. Adam Sanders"},"content":{"rendered":"<div>\n<table>\n<tbody>\n<tr>\n<td width=\"203\">Postanschrift<\/td>\n<td width=\"382\">Helmut-Schmidt-Universit\u00e4t<br \/>\nFakult\u00e4t f\u00fcr Maschinenbau<br \/>\nLaboratorium Fertigungstechnik<br \/>\nHolstenhofweg 85<br \/>\n22043 Hamburg<\/td>\n<td rowspan=\"4\" width=\"322\">\u00a0<img loading=\"lazy\" decoding=\"async\" class=\"aligncenter size-full wp-image-988\" src=\"https:\/\/www.hsu-hh.de\/laft\/wp-content\/uploads\/sites\/671\/2019\/12\/AdamSanders-1.jpg\" alt=\"Adam Sanders\" width=\"211\" height=\"300\" data-credit=\"Adam Sanders\" \/><\/td>\n<\/tr>\n<tr>\n<td width=\"203\">E-Mail<\/td>\n<td width=\"382\">adam.sanders@hsu-hh.de<\/td>\n<\/tr>\n<tr>\n<td width=\"203\">Funktion<\/td>\n<td width=\"382\">EHEMALIGE<\/td>\n<\/tr>\n<tr>\n<td width=\"203\">Forschungsbereiche<\/td>\n<td width=\"382\">Produktionstechnik &amp; -management, Digitalisierung der Produktion, Lean Management, Additive Fertigungstechnologien<\/td>\n<\/tr>\n<tr>\n<td width=\"203\">Publikationen<\/td>\n<td colspan=\"2\" width=\"704\"><u>Dissertation<\/u><\/p>\n<ol>\n<li>Sanders, A. (2019):<br \/>\n<strong>Maschinelles Sehen zur Prozess\u00fcberwachung beim Mikrotiefbohren von Polymethylmethacrylat<br \/>\n<\/strong>Dissertation, Shaker Verlag, Berichte aus dem Institut f\u00fcr Konstruktions- und Fertigungstechnik, Band 50, <abbr title=\"International Standard Book Number\">ISBN<\/abbr>: 978-3-8440-7083-5.<\/li>\n<\/ol>\n<p><u>Digitalisierung der Produktion und Lean Management<\/u><\/p>\n<ol>\n<li>Sanders, A.; K. Subramanian, K.R.; Redlich, T.; Wulfsberg; J.P. (2017):<br \/>\n<a href=\"https:\/\/link.springer.com\/chapter\/10.1007\/978-3-319-66926-7_39\" rel='nofollow'><strong>Industry 4.0 and Lean Management \u2013 Synergy or Contradiction?<\/strong>\u00a0 <\/a><br \/>\nIn: IFIP WG 5.7 International Conference, APMS 2017, Hamburg, Germany, September 3-7, 2017, Proceedings, Part I.<\/li>\n<li>Herzog, S.; Sanders, A.; Redlich, T.; Wulfsberg, J.P. (2016):<br \/>\n<a href=\"http:\/\/www.zwf-online.de\/ZW111602\" rel='nofollow'><strong>Mitarbeiterqualifikation in der Smart Factory<\/strong>\u00a0 <\/a><br \/>\nIn: ZWF (Zeitschrift f\u00fcr wirtschaftlichen Fabrikbetrieb), Jahrg. 111 (2016) Nr. 10, Carl Hanser Verlag M\u00fcnchen, S. 653-657.<\/li>\n<li>Sanders, A.; Elangeswaran, C.; Wulfsberg, J.P. (2016):<br \/>\n<a href=\"http:\/\/www.jiem.org\/index.php\/jiem\/article\/view\/1940\" rel='nofollow'><strong>Industry 4.0 implies lean manufacturing: Research activities in industry 4.0 function as enablers for lean manufacturing<\/strong>\u00a0 <\/a><br \/>\nJournal of Industrial Engineering and Management, 9(3), 2016, 811-833, ISSN 2013-0953, DOI: http:\/\/dx.doi.org\/10.3926\/jiem.1940.<\/li>\n<li>Sanders, A.; Wulfsberg, J.P. (2015):<br \/>\n<a href=\"http:\/\/www.zwf-online.de\/ta003\/na20120320125076\/ar2151291373-25186\/Industrie-40-Shopfloor-Management-im-Wandel_archiv.html\" rel='nofollow'><strong>Industrie 4.0: Shopfloor Management im Wandel<\/strong>\u00a0 <\/a><br \/>\nIn: ZWF (Zeitschrift f\u00fcr wirtschaftlichen Fabrikbetrieb), Jahrg. 110 (2015) Nr. 10, Carl Hanser Verlag M\u00fcnchen, S. 653-656.<\/li>\n<\/ol>\n<p><u>Werkzeugmaschinebau und Fertigungstechnik<\/u><\/p>\n<ol>\n<li>Sanders, A.; Wulfsberg, J.P. (2018):<br \/>\n<strong>Deep hole drilling of polymethyl methacrylate with small diameters by actively compensating the hole straightness deviation<br \/>\n<\/strong>In: Proceedings of the 18th euspen International Conference, Venice 2018, mit akad. Qualit\u00e4tssicherung.<\/li>\n<li>Wulfsberg, J.P.; Sanders, A. (Eds.) (2017):<br \/>\n<a href=\"http:\/\/www.springer.com\/de\/book\/9783319492674\" rel='nofollow'><strong>Small Machine Tools for Small Workpieces &#8211; Final Report of the DFG Priority Program 1476<\/strong>\u00a0 <\/a><br \/>\nSeries: Lecture Notes in Production Engineering,\u00a0<abbr title=\"International Standard Book Number\">ISBN<\/abbr>: 978-3-319-49267-4, Springer.<\/li>\n<li>Wulfsberg, J.P.; Redlich, T.; R\u00f6hlig, B.; Sanders, A.; Grimske, S.; Kohrs, P. (2017):<br \/>\n<a href=\"https:\/\/link.springer.com\/chapter\/10.1007\/978-3-319-49269-8_1\" rel='nofollow'><strong>Introduction to the Priority Programme SPP1476 \u2014 Small Machine Tools for Small Workpieces<\/strong>\u00a0 <\/a><br \/>\nIn: Wulfsberg\/Sanders (Eds.): Small Machine Tools for Small Workpieces. DOI 10.1007\/978-3-319-49269-8_1, pp 1-18, Springer.<\/li>\n<li>Kong, N.; Sanders, A.; R\u00f6sner, M.; Friedrich, R.; Dirksen, F.; Bauma, E.; Schuster, T.; Lammering, R.; Wulfsberg, J.P. (2017):<br \/>\n<a href=\"https:\/\/link.springer.com\/chapter\/10.1007\/978-3-319-49269-8_11\" rel='nofollow'><strong>Functional Integrated Feed-Units Based on Flexible Mechanisms in Small Machine Tools for Small Workpieces<\/strong>\u00a0 <\/a><br \/>\nIn: Wulfsberg\/Sanders (Eds.): Small Machine Tools for Small Workpieces. DOI 10.1007\/978-3-319-49269-8_11, pp 161-178, Springer.<\/li>\n<li>Sanders, A.; Wulfsberg, J.P. (2016):<br \/>\n<strong>Modulare Werkzeugmaschinen in der Mikrofertigung<\/strong><br \/>\nIn: Ingenieurspiegel Maschinenbau: Fachmagazin f\u00fcr Ingenieure, Ausg. 03\/2016, S. 14-16, ISSN 1868-5919.<\/li>\n<li>Sanders, A.; Wulfsberg, J.P. (2016):<br \/>\n<strong>A linear and lifting stage on basis of compliant mechanisms for the realisation of a correction mechanism in a machine tool to perform micro deep hole drills in a round stock<\/strong><br \/>\nIn: Proceedings of the 16th euspen International Conference, Nottingham, 2016, pp. 417-418.<\/li>\n<li>Sanders, A.; Wulfsberg, J.P. (2016):<br \/>\n<strong>Micro Deep Hole Drilling Machine with an integrated Correction Mechanism<\/strong><br \/>\nIn: Proceedings of the 11th International Conference on Micro Manufacturing, Orange County, California, USA, March 2016.<\/li>\n<li>Kong, N.; Sanders, A.; Wulfsberg, J.P. (2015):<br \/>\n<a href=\"http:\/\/www.iftomm2015.tw\/IFToMM2015CD\/PDF\/OS3-021.pdf\" rel='nofollow'><strong>On the Design Methodology of Flexure-Based Compliant Mechanisms by Utilizing Pseudo-Rigid-Body Models with 3-DOF Joints<\/strong>\u00a0 <\/a><br \/>\nIn: Proceedings of the 14th IFToMM World Congress, Taipei, Taiwan, October 25-30, 2015, DOI Number: 10.6567\/IFToMM.14TH.WC.OS3.021.<\/li>\n<li>Sanders, A.; Wulfsberg, J.P. (2015):<br \/>\n<strong>Concept of a correction mechanism to prevent the drift of a drill bit for micro deep hole drilling<\/strong><br \/>\nIn: Proceedings of the 15th euspen International Conference, Leuven, 2015, pp. 329-330.<\/li>\n<\/ol>\n<\/td>\n<\/tr>\n<\/tbody>\n<\/table>\n<\/div>\n","protected":false},"excerpt":{"rendered":"<p>Postanschrift Helmut-Schmidt-Universit\u00e4t Fakult\u00e4t f\u00fcr Maschinenbau Laboratorium Fertigungstechnik Holstenhofweg 85 22043 Hamburg \u00a0 E-Mail adam.sanders@hsu-hh.de Funktion EHEMALIGE Forschungsbereiche Produktionstechnik &amp; -management, Digitalisierung der Produktion, Lean Management, Additive Fertigungstechnologien Publikationen Dissertation Sanders, [&hellip;]<\/p>\n","protected":false},"author":84,"featured_media":0,"parent":1294,"menu_order":0,"comment_status":"closed","ping_status":"closed","template":"","meta":{"footnotes":""},"categories":[8],"tags":[],"class_list":["post-270","page","type-page","status-publish","hentry","category-team"],"_links":{"self":[{"href":"https:\/\/www.hsu-hh.de\/laft\/wp-json\/wp\/v2\/pages\/270","targetHints":{"allow":["GET"]}}],"collection":[{"href":"https:\/\/www.hsu-hh.de\/laft\/wp-json\/wp\/v2\/pages"}],"about":[{"href":"https:\/\/www.hsu-hh.de\/laft\/wp-json\/wp\/v2\/types\/page"}],"author":[{"embeddable":true,"href":"https:\/\/www.hsu-hh.de\/laft\/wp-json\/wp\/v2\/users\/84"}],"replies":[{"embeddable":true,"href":"https:\/\/www.hsu-hh.de\/laft\/wp-json\/wp\/v2\/comments?post=270"}],"version-history":[{"count":30,"href":"https:\/\/www.hsu-hh.de\/laft\/wp-json\/wp\/v2\/pages\/270\/revisions"}],"predecessor-version":[{"id":2547,"href":"https:\/\/www.hsu-hh.de\/laft\/wp-json\/wp\/v2\/pages\/270\/revisions\/2547"}],"up":[{"embeddable":true,"href":"https:\/\/www.hsu-hh.de\/laft\/wp-json\/wp\/v2\/pages\/1294"}],"wp:attachment":[{"href":"https:\/\/www.hsu-hh.de\/laft\/wp-json\/wp\/v2\/media?parent=270"}],"wp:term":[{"taxonomy":"category","embeddable":true,"href":"https:\/\/www.hsu-hh.de\/laft\/wp-json\/wp\/v2\/categories?post=270"},{"taxonomy":"post_tag","embeddable":true,"href":"https:\/\/www.hsu-hh.de\/laft\/wp-json\/wp\/v2\/tags?post=270"}],"curies":[{"name":"wp","href":"https:\/\/api.w.org\/{rel}","templated":true}]}}