{"id":2305,"date":"2025-01-20T15:36:41","date_gmt":"2025-01-20T14:36:41","guid":{"rendered":"https:\/\/www.hsu-hh.de\/laft\/?page_id=2305"},"modified":"2026-01-08T10:58:01","modified_gmt":"2026-01-08T09:58:01","slug":"gerrit-rudebusch","status":"publish","type":"page","link":"https:\/\/www.hsu-hh.de\/laft\/gerrit-rudebusch","title":{"rendered":""},"content":{"rendered":"<script type=\"application\/ld+json\">[{\"@context\": \"https:\/\/www.schema.org\",\"@type\": \"Person\",\"name\": \"Gerrit R\u00fcdebusch, M.A.\",\"worksFor\": [{\t\"@type\": \"Organization\",\t\"name\": \"Helmut-Schmidt-Universit\u00e4t, Fakult\u00e4t f\u00fcr Maschinenbau\",\t\"url\": \"https:\/\/www.hsu-hh.de\"\t, \"department\": {\"@type\": \"Organization\",\t\t\t\t\t\"name\": \"Laboratorium Fertigungstechnik\",\t\t\t\t\t\"location\": {\t\t\t\t\t\t\"@type\": \"PostalAddress\",\t\t\t\t\t\t\"addressLocality\": \"\",        \t\t\t\t\"postalCode\": \"22043\",        \t\t\t\t\"streetAddress\": \"Holstenhofweg 85 , Laboratorium Fertigungstechnik\"\t\t\t\t\t}},\t\"location\": {\t\t\"@type\": \"PostalAddress\",    \t\"addressLocality\": \"\",    \t\"postalCode\": \"22043\",    \t\"postOfficeBoxNumber\": \"85\"\t}   }],\"image\": \"https:\/\/www.hsu-hh.de\/laft\/wp-content\/uploads\/sites\/671\/2025\/01\/me_quadrat-150x150.jpg\",\"telephone\": \"\",\"faxNumber\": \"\",\"email\": \"ruedebusch@hsu-hh.de\"}]<\/script><div class=\"clearfix\"><\/div><div class=\"ansprechparter-container \" style=\"margin-top:1em; \"><div class=\"row ansprechpartner-item ansprechparter-header\" ><div class=\"col-xs-8 col-lg-12\" style=\"margin-bottom: 30px;\"><h3 class=\"ansprechparter-headline\">Gerrit R\u00fcdebusch, M.A.<\/h3><\/div><\/div><div class=\"col-md-4 col-lg-3 col-xs-4 ansprechpartner-item floatright img-circle center-block\" style=\"margin-bottom: 30px;\"><div class=\"img-responsive-wrapper\"><img decoding=\"async\" src=\"https:\/\/www.hsu-hh.de\/laft\/wp-content\/uploads\/sites\/671\/2025\/01\/me_quadrat-150x150.jpg\" alt=\"\" class=\"img-circle img-responsive center-block\" \/><\/div><\/div><div class=\"col-md-12 col-lg-3 col-xs-12 ansprechpartner-item kontakt floatright\" style=\"margin-bottom: 30px; \"><div class=\"row\"><div class=\"col-xs-12 col-sm-6 col-lg-12\"><div class=\"row\"><div class=\"col-xs-4 col-lg-4 row-text bold\" >Raum:<\/div><div class=\" row-text\">H1 1314<\/div><\/div><\/div><div class=\"col-xs-12 col-sm-6 col-lg-12\"><div class=\"row\"><div class=\"col-xs-4 col-lg-4 row-text bold\">E-Mail:<\/div><div class=\"row-text\" style=\"overflow:hidden; word-break: break-word\"><a href=\"mailto:ruedebusch@hsu-hh.de\" rel=\"nofollow\">ruedebusch@hsu-hh.de<\/a><\/div><\/div><\/div><\/div><\/div><div class=\"col-md-6 col-lg-3 col-xs-12 ansprechpartner-item anschrift floatright\" ><div class=\"row-headline\">Besucheranschrift<\/div><div class=\"dataBesucheranschrift\" style=\"\"><div class=\"row-text\">Helmut-Schmidt-Universit\u00e4t<\/div><div class=\"row-text\">Fakult\u00e4t f\u00fcr Maschinenbau<\/div><div class=\"row-text\">Laboratorium Fertigungstechnik<\/div><div class=\"row-text\">Holstenhofweg 85<\/div><div class=\"row-text\">22043 Hamburg<\/div><\/div><\/div><div class=\"col-md-6 col-lg-3 col-xs-12 ansprechpartner-item anschrift floatright\"><div class=\"row-headline\">Postanschrift<\/div><div class=\"dataPostanschrift\" style=\"\"><div class=\"row-text\">Helmut-Schmidt-Universit\u00e4t<\/div><div class=\"row-text\">Fakult\u00e4t f\u00fcr Maschinenbau<\/div><div class=\"row-text\">Laboratorium Fertigungstechnik<\/div><div class=\"row-text\">Holstenhofweg 85<\/div><div class=\"row-text\">22043 Hamburg<\/div><\/div><\/div><\/div><div class=\"clearfix\"><\/div>\n\n\n<p><strong>Profiles<\/strong><\/p>\n\n\n\n<p><a href=\"https:\/\/orcid.org\/0009-0009-9565-0252\" rel='nofollow'>ORCID<\/a><\/p>\n\n\n\n<p><strong>Funktion<\/strong><\/p>\n\n\n\n<p>Wissenschaftlicher Mitarbeiter \/ Research Associate<\/p>\n\n\n\n<p><strong>Forschungsbereiche<\/strong><\/p>\n\n\n\n<p><\/p>\n\n\n\n<p><\/p>\n","protected":false},"excerpt":{"rendered":"<p>Profiles ORCID Funktion Wissenschaftlicher Mitarbeiter \/ Research Associate Forschungsbereiche<\/p>\n","protected":false},"author":3650,"featured_media":0,"parent":0,"menu_order":0,"comment_status":"closed","ping_status":"closed","template":"","meta":{"footnotes":""},"categories":[8],"tags":[],"class_list":["post-2305","page","type-page","status-publish","hentry","category-team"],"_links":{"self":[{"href":"https:\/\/www.hsu-hh.de\/laft\/wp-json\/wp\/v2\/pages\/2305","targetHints":{"allow":["GET"]}}],"collection":[{"href":"https:\/\/www.hsu-hh.de\/laft\/wp-json\/wp\/v2\/pages"}],"about":[{"href":"https:\/\/www.hsu-hh.de\/laft\/wp-json\/wp\/v2\/types\/page"}],"author":[{"embeddable":true,"href":"https:\/\/www.hsu-hh.de\/laft\/wp-json\/wp\/v2\/users\/3650"}],"replies":[{"embeddable":true,"href":"https:\/\/www.hsu-hh.de\/laft\/wp-json\/wp\/v2\/comments?post=2305"}],"version-history":[{"count":11,"href":"https:\/\/www.hsu-hh.de\/laft\/wp-json\/wp\/v2\/pages\/2305\/revisions"}],"predecessor-version":[{"id":3036,"href":"https:\/\/www.hsu-hh.de\/laft\/wp-json\/wp\/v2\/pages\/2305\/revisions\/3036"}],"wp:attachment":[{"href":"https:\/\/www.hsu-hh.de\/laft\/wp-json\/wp\/v2\/media?parent=2305"}],"wp:term":[{"taxonomy":"category","embeddable":true,"href":"https:\/\/www.hsu-hh.de\/laft\/wp-json\/wp\/v2\/categories?post=2305"},{"taxonomy":"post_tag","embeddable":true,"href":"https:\/\/www.hsu-hh.de\/laft\/wp-json\/wp\/v2\/tags?post=2305"}],"curies":[{"name":"wp","href":"https:\/\/api.w.org\/{rel}","templated":true}]}}