{"id":202,"date":"2017-09-25T18:01:47","date_gmt":"2017-09-25T16:01:47","guid":{"rendered":"https:\/\/www.hsu-hh.de\/laft\/?page_id=202"},"modified":"2019-04-23T13:50:40","modified_gmt":"2019-04-23T11:50:40","slug":"forschungsthemen","status":"publish","type":"page","link":"https:\/\/www.hsu-hh.de\/laft\/forschung\/forschungsthemen","title":{"rendered":"Forschungsthemen"},"content":{"rendered":"<h3>Fertigungstechnologien<\/h3>\n<h3>Mikroproduktion<\/h3>\n<h3>Forschungsthemen:<\/h3>\n<div id=\"contentblock\">\n<ul>\n<li>Mikrotechnische Fertigungskonzepte<\/li>\n<li>Entwicklungsmethoden f\u00fcr kleine Werkzeugmaschinen<\/li>\n<li>Werkzeugmaschinenkomponenten f\u00fcr Mikrowerkst\u00fccke<\/li>\n<li>Das LaFT hatte die Sprecherrolle im abgeschlossenen SPP1476 &#8222;Kleine Werkzeugmaschinen f\u00fcr kleine Werkst\u00fccke&#8220; inne\n<ul>\n<li><a href=\"http:\/\/www.springer.com\/de\/book\/9783319492674\" rel='nofollow'>Abschlussbericht SPP1476<\/a><\/li>\n<li>Weiter Informationen zum SPP1476: <a href=\"https:\/\/www.hsu-hh.de\/laft\/forschung\/spp1476\">LINK<\/a><\/li>\n<\/ul>\n<\/li>\n<\/ul>\n<h3>Beispielhafte Anwendungen:<\/h3>\n<ul>\n<li>Mikroaktorik<\/li>\n<li>Nachgiebige Mechanismen<\/li>\n<li>Spann- und Positioniertechnik<\/li>\n<li>Generative, Zerspan- und Laserverfahren<\/li>\n<li>Simulationsstudien<\/li>\n<li>Konfokale und laserinterferometrische Messungen<\/li>\n<\/ul>\n<\/div>\n<h3>Faserverbundtechnologien<\/h3>\n<h3>Forschungsthemen:<\/h3>\n<ul>\n<li>Hybride Faserverbundwerkstofftechnologien und hybride Werkstoffe<\/li>\n<li>Entwicklungs- und Industrialisierungsmethoden f\u00fcr Composite-Technologien<\/li>\n<li>Modulare Leichtbaugreifer- und Montagesysteme aus Faserverbundwerkstoffen<\/li>\n<li>Additiv gefertigte Fertigungsmittel und Werkzeuge f\u00fcr Faserverbundwerkstoffe<\/li>\n<\/ul>\n<h3>Beispielhafte Anwendungen:<\/h3>\n<ul>\n<li>Technologieentwicklung und Produktionsplanung<\/li>\n<li>Prozesskettenentwicklung<\/li>\n<li>Methodische Technologiebewertung<\/li>\n<li>Automatisierungs- und Industrialisierungskonzeption<\/li>\n<li>Additive Fertigungstechnologien und 3D-Drucktechniken<\/li>\n<\/ul>\n<h3>Additive Fertigungsverfahren<\/h3>\n<h3>Forschungsthemen:<\/h3>\n<ul>\n<li>Additive Fertigungsverfahren in der Luftfahrzeugtechnik<\/li>\n<li>Der 3D-Druck in der Open Production<\/li>\n<li>Exoskelette aus dem 3D-Drucker<\/li>\n<li>Einbindung von 3D-Druckern in konventionelle Prozessketten<\/li>\n<\/ul>\n<h3>Beispielhafte Anwendung:<\/h3>\n<ul>\n<li>Verwendung von additiven Verfahren im Einsatzgebiet<\/li>\n<li>Technische Unterst\u00fctzungssysteme, die die Menschen wirklich wollen (<a href=\"http:\/\/www.humanhybridrobot.info\/smart-assist\/\" rel='nofollow'>Arbeitsgruppe SmartASSIST<\/a>)<\/li>\n<li>Additiv gefertigte Flugzeugteile<\/li>\n<\/ul>\n<h3>Robotik und Automatisierung<\/h3>\n<h3>Forschungsthemen:<\/h3>\n<ul>\n<li>Automatisierte Anwendungen<\/li>\n<li>Festphasenf\u00fcgeverfahren (Reibschwei\u00dfen)<\/li>\n<li>Aktive und passive Unterst\u00fctzungssysteme f\u00fcr manuelle T\u00e4tigkeiten<\/li>\n<li>Produktionsplanung und Technologiebewertung<\/li>\n<\/ul>\n<h3>Beispielhafte Anwendungen:<\/h3>\n<ul>\n<li>Automatisierte Applikationen in der Luftfahrtindustrie<\/li>\n<li>Systemtechnik und Verfahrensentwicklung beim Reibr\u00fchrschwei\u00dfen<\/li>\n<li>Human Hybrid Robots (HHR)<\/li>\n<li>Simulationsmodelle und -studien<\/li>\n<li>Szenariobasierte Planungssoftware<\/li>\n<li>Optische und taktile Messungen<\/li>\n<\/ul>\n<h3>Wertsch\u00f6pfungssystematik<\/h3>\n<h3>Forschungsthemen:<\/h3>\n<ul>\n<li>Wertsch\u00f6pfungstheorie<\/li>\n<li>Wissens- und Kooperationsmanagement<\/li>\n<li>Kooperationsorientierte Industrialisierung<\/li>\n<li>Produktionstechnologie<\/li>\n<\/ul>\n<h3>Beispielhafte Anwendungen:<\/h3>\n<ul>\n<li>General Management<\/li>\n<li>Wissensmanagement in Unternehmen und Netzwerken<\/li>\n<li>Innovationsgenerierung in Netzwerken<\/li>\n<li>Supply-Chain-Management<\/li>\n<li>3D-Drucktechniken<\/li>\n<\/ul>\n<h3>Technische Unterst\u00fctzungssysteme<\/h3>\n<p>Die Arbeitsgruppe smartASSIST (Smart, AdjuStable, Soft and Intelligent Support Technologies) ist fester Bestandteil der Forschungsaktivit\u00e4ten am LaFT. Die Nachwuchsforschergruppe unter der Leitung von Prof. <abbr title=\"Doktor der Ingenieurwissenschaften\">Dr.-Ing.<\/abbr> Robert Weidner besch\u00e4ftigt sich\u00a0mit technischen Unterst\u00fctzungssystemen auf dem Gebiet der Mensch-Technik-Interaktion f\u00fcr den demografischen Wandel.<\/p>\n<p>Die Forschergruppe verf\u00fcgt \u00fcber einen eigenen Internetauftritt: <a href=\"http:\/\/www.humanhybridrobot.info\" rel='nofollow'>www.humanhybridrobot.info<\/a><\/p>\n","protected":false},"excerpt":{"rendered":"<p>Fertigungstechnologien Mikroproduktion Forschungsthemen: Mikrotechnische Fertigungskonzepte Entwicklungsmethoden f\u00fcr kleine Werkzeugmaschinen Werkzeugmaschinenkomponenten f\u00fcr Mikrowerkst\u00fccke Das LaFT hatte die Sprecherrolle im abgeschlossenen SPP1476 &#8222;Kleine Werkzeugmaschinen f\u00fcr kleine Werkst\u00fccke&#8220; inne Abschlussbericht SPP1476 Weiter Informationen [&hellip;]<\/p>\n","protected":false},"author":84,"featured_media":0,"parent":111,"menu_order":0,"comment_status":"closed","ping_status":"closed","template":"","meta":{"footnotes":""},"categories":[4],"tags":[],"class_list":["post-202","page","type-page","status-publish","hentry","category-forschung"],"_links":{"self":[{"href":"https:\/\/www.hsu-hh.de\/laft\/wp-json\/wp\/v2\/pages\/202","targetHints":{"allow":["GET"]}}],"collection":[{"href":"https:\/\/www.hsu-hh.de\/laft\/wp-json\/wp\/v2\/pages"}],"about":[{"href":"https:\/\/www.hsu-hh.de\/laft\/wp-json\/wp\/v2\/types\/page"}],"author":[{"embeddable":true,"href":"https:\/\/www.hsu-hh.de\/laft\/wp-json\/wp\/v2\/users\/84"}],"replies":[{"embeddable":true,"href":"https:\/\/www.hsu-hh.de\/laft\/wp-json\/wp\/v2\/comments?post=202"}],"version-history":[{"count":13,"href":"https:\/\/www.hsu-hh.de\/laft\/wp-json\/wp\/v2\/pages\/202\/revisions"}],"predecessor-version":[{"id":883,"href":"https:\/\/www.hsu-hh.de\/laft\/wp-json\/wp\/v2\/pages\/202\/revisions\/883"}],"up":[{"embeddable":true,"href":"https:\/\/www.hsu-hh.de\/laft\/wp-json\/wp\/v2\/pages\/111"}],"wp:attachment":[{"href":"https:\/\/www.hsu-hh.de\/laft\/wp-json\/wp\/v2\/media?parent=202"}],"wp:term":[{"taxonomy":"category","embeddable":true,"href":"https:\/\/www.hsu-hh.de\/laft\/wp-json\/wp\/v2\/categories?post=202"},{"taxonomy":"post_tag","embeddable":true,"href":"https:\/\/www.hsu-hh.de\/laft\/wp-json\/wp\/v2\/tags?post=202"}],"curies":[{"name":"wp","href":"https:\/\/api.w.org\/{rel}","templated":true}]}}