{"id":193,"date":"2017-09-25T17:47:33","date_gmt":"2017-09-25T15:47:33","guid":{"rendered":"https:\/\/www.hsu-hh.de\/laft\/?page_id=193"},"modified":"2023-03-20T19:24:15","modified_gmt":"2023-03-20T18:24:15","slug":"patente-und-gebrauchsmuster","status":"publish","type":"page","link":"https:\/\/www.hsu-hh.de\/laft\/forschung\/patente-und-gebrauchsmuster","title":{"rendered":"Patente und Gebrauchsmuster"},"content":{"rendered":"<ol>\n<li>Fette, M.; Hentschel, M.; Ruppert, B.; Vichniakov, A.:<br \/>\n<strong>Faserverbundbauteil mit einer Elastomerdichtung sowie ein Verfahren zu dessen Herstellung \/ Fibre Composite Component Having An Elastomer Seal And A Method Of Production Thereof<br \/>\n<\/strong>Patentanmeldung 30.08.2018, Aktenzeichen DE 102017119933 \/ US 020190061285A1\u00a0\/ CN000109421294A<\/li>\n<li>Fette, M.; Hentschel, M.; Wulfsberg, J.P.; Herrmann, A.S.:<br \/>\n<strong>Applikationsvorrichtung und Verfahren zum Ausgeben eines Formfaserverbundstrangs \/ Application Device And Method For Dispensing A Formed Fibre Composite Strand<br \/>\n<\/strong>Patentanmeldung 30.08.2018, Aktenzeichen DE 102017119936 \/ US 020190061288A1 \/ EP000003450146A1<\/li>\n<li>B. Otten, R. Weidner:<br \/>\n<strong>System und Verfahren zur Reduktion von auf einen Arm eines Menschen wirkenden Kr\u00e4ften<\/strong><br \/>\nDE 2018082212170500, 2018<\/li>\n<li>R. Weidner, B. Otten, M. Fethke, J. Klabunde, J. P. Wulfsberg:<br \/>\n<strong>System zur Muskelkraftunterst\u00fctzung<\/strong><br \/>\nDE-Patentanmeldung, DE 10 2018 105 549.8, 2018.<\/li>\n<li>Fette, M.; Hentschel, M.; Roth, I.:<br \/>\n<strong>Gep\u00e4ckfach zur rumpf- oder deckenseitigen Installation in einem Fahrzeug und Verfahren zum Herstellen eines derartigen Gep\u00e4ckfachs \/ Luggage compartment for installation on the fuselage or ceiling in a vehicle, and method for producing a luggage compartment of said type<br \/>\n<\/strong>Patentanmeldung 31.07.2017, Aktenzeichen DE 102017117274 \/ US020190031351A1 \/ CN000109319122A<\/li>\n<li>Fette, M.; Goehlich R.A.; Krohne, I.; Weidner, R.; Wulfsberg, J.P.; Yao, Z.:<br \/>\n<strong>Wearable apparatus for assisting a human when performing a load-involved task<\/strong><br \/>\nPatentanmeldung 13.06.2017, Aktenzeichen EP 000003278938A1<\/li>\n<li>Fette, M.; Weidner, R.; Wulfsberg, J.P.:<br \/>\n<strong>Leichter und Anthropomorpher Sitz<\/strong><br \/>\nPatentanmeldung 24.01.2017, Aktenzeichen DE 102017201102<\/li>\n<li>Fette, M.; Hentschel, M.; Wulfsberg, J.P.; Herrmann, A.S.:<br \/>\n<strong>Verfahren und eine Vorrichtung zur Herstellung eines Produktstrangs<\/strong><br \/>\nPatentanmeldung 19.01.2017, Aktenzeichen DE 102017101023<\/li>\n<li>Fette, M.; Brandt, M.; Dorner, R.; Lahn, M.:<br \/>\n<strong>Aufsetzverbinder und System<br \/>\n<\/strong>Patentanmeldung 30.11.2016, Aktenzeichen DE 102016123161<\/li>\n<li>Fette, M.; Brandt, M.; Dorner, R.; Lahn, M.:<br \/>\n<strong>Profilrohr, Schellenverbinder, Schelle, System sowie Verfahren zur Herstellung eines Profilrohrs<br \/>\n<\/strong>Patentanmeldung 30.11.2016, Aktenzeichen DE 102016123170<\/li>\n<li>Fette, M.; Lonsdorfer, G.:<br \/>\n<strong>Verfahren zur Herstellung eines vorgeformten Verbundhalbzeugs sowie Verfahren zur Herstellung eines Faserverbundbauteils<br \/>\n<\/strong>Patentanmeldung 21.09.2016, Aktenzeichen DE 102016117798<\/li>\n<li>Fette, M.; Hentschel, M.; Wulfsberg, J.P.; Herrmann, A.S.:<br \/>\n<strong>System und Verfahren zur Herstellung eines Faserverbundhalbzeugs sowie ein Verfahren zur Herstellung eines Faserverbundbauteils<br \/>\n<\/strong>Patentanmeldung 21.09.2016, Aktenzeichen DE 102016117799<\/li>\n<li>Fette, M.; Roth, I.:<br \/>\n<strong>Verfahren zur Herstellung eines Faserverbundbauteils \/ Method for producing a fiber composite component<br \/>\n<\/strong>Patentanmeldung 12.09.2016, Aktenzeichen DE 102016117103 \/ US 020180072004A1 \/ CN 000107813511A<\/li>\n<li>Fette, M.; Hentschel, M.; Meyer, T.; Wulfsberg, J.P.:<br \/>\n<strong>Faserverbundbauteil und Verfahren zur Herstellung eines Faserverbundbauteils<br \/>\n<\/strong>Patentanmeldung 07.09.2016, Aktenzeichen DE 102016116788<\/li>\n<li>Fette, M.; Herrmann, A.S.; Lonsdorfer, G.; Wulfsberg, J.P.:<br \/>\n<strong>Verfahren zum Herstellen eines Strukturbauteils aus Faserverbundwerkstoff<br \/>\n<\/strong>Patentanmeldung 31.08.2016, Aktenzeichen DE 102016116284<\/li>\n<li>Fette, M.; Hentschel, M.; Wulfsberg, J.P.; Herrmann, A.S.:<br \/>\n<strong>Verfahren zur Herstellung eines vorgeformten Halbzeugs und Verfahren zur Herstellung eines Faserverbundbauteils<br \/>\n<\/strong>Patentanmeldung 25.08.2016, Aktenzeichen DE 102016115830<\/li>\n<li>Fette, M.; Hentschel, M.; Wulfsberg, J.P.; Herrmann, A.S.:<br \/>\n<strong>Sandwichbauteil sowie Verfahren zur Herstellung daf\u00fcr<br \/>\n<\/strong>Patentanmeldung 25.08.2016, Aktenzeichen DE 102016115831<\/li>\n<li>Fette, M.; Backhaus, S.; Lonsdorfer, G.:<br \/>\n<strong>Technik zur kontinuierlichen Fertigung von Bauteilen mit faserverst\u00e4rkten Verbundmaterialien<\/strong><br \/>\nPatentanmeldung 08.08.2016, Aktenzeichen DE 102016214654<\/li>\n<li>Fette, M.; Roth, I.:<br \/>\n<strong>Verfahren zur Herstellung eines Gep\u00e4ckfachs f\u00fcr eine Flugzeugkabine \/ A method for manufacturing an overhead stowage compartment for an aircraft cabin<\/strong><br \/>\nPatentanmeldung 03.06.2016, Aktenzeichen EP 16172979 \/ US 020170349288A1<\/li>\n<li>Fette, M.; Wulfsberg, J.P.; Schwake, K.; Neuhaus, F.; Juedes, W.:<br \/>\n<strong>Bearbeitungsvorrichtung und Verfahren zum Betreiben einer Bearbeitungsvorrichtung<\/strong><br \/>\nPatentanmeldung 22.04.2016, Aktenzeichen DE 102016107514<\/li>\n<li>Fette, M.; Wulfsberg, J.P.; Schwake, K.; Neuhaus, F.; Juedes, W.:<br \/>\n<strong>Bearbeitungsvorrichtung, Flowline und Verfahren zum Betreiben einer Bearbeitungsvorrichtung<\/strong><br \/>\nPatentanmeldung 22.04.2016, Aktenzeichen DE102016107532A1<\/li>\n<li>Fette, M.; Herrmann, A.S.; Reiss, M.; Roth, I.; Stoess, N.:<br \/>\n<strong>Verfahren zur Herstellung eines Sandwichbauteils<\/strong><br \/>\nPatentanmeldung 11.11.2015, Aktenzeichen DE 10201511940<\/li>\n<li>T. Meyer, R. Weidner, J. P. Wulfsberg:<br \/>\n<strong>Modulare exoskelettale Wirbels\u00e4ule<\/strong><br \/>\nDE-Patentanmeldung, DE 10 2016 122 282.8, 2016.<\/li>\n<li>Yao, R. Weidner, J. P. Wulfsberg:<br \/>\n<strong>Vorrichtung und Verfahren zur Muskelkraftunterst\u00fctzung<\/strong><br \/>\nDE-Patentanmeldung, DE 10 2016 123 153.3, 2016.<\/li>\n<li>M\u00fcller, R. Weidner, A. Schweim, M. Schweim, S. Grube:<br \/>\n<strong>Elastisches und steuerbares Gelenk, insbesondere zur Verwendung in k\u00f6rpernahen Systemen<\/strong><br \/>\nE-Patentanmeldung 10 2016 004 695.3, 2016.<\/li>\n<li>Weidner, B. Otten, A. Argubi-Wollesen, J. P. Wulfsberg:<br \/>\n<strong>St\u00fctzvorrichtung f\u00fcr T\u00e4tigkeiten in und \u00fcber Kopfh\u00f6he<\/strong><br \/>\nDeutsche Patentanmeldung, DE 10 2016 003 063.1, 2016.<\/li>\n<li>Weidner, A. Argubi-Wollesen, J. P. Wulfsberg:<br \/>\n<strong>Steuerbare Facettenelemente<\/strong><br \/>\nDeutsche Patentanmeldung, DE102015016643.3, 2015.<\/li>\n<li>Weidner, T. Meyer, J. P. Wulfsberg:<br \/>\n<strong>Schaltbare Lamellenstruktur<\/strong><br \/>\nDeutsche Patentanmeldung, 2015.<\/li>\n<li>Fette, M.; Wulfsberg, J.; Herrmann, A.S.; Seegel, H.; Lonsdorfer, G.; Schiebel, P.:<br \/>\n<strong>Verfahren zur Herstellung eines Bauteils<\/strong><br \/>\nPatentanmeldung 18.08.2015, Aktenzeichen DE 102015113688<\/li>\n<li>Fette, M.; Herrmann, A.S.; Sander, P.; Wulfsberg, J.:<br \/>\n<strong>Compression mould, compression moulding tool and compression molding method<\/strong><br \/>\nPatentanmeldung 25.06.2015, Aktenzeichen EP000003109033A1 \/ US020160375609A1<\/li>\n<li>Fette, M.; Born, J.; Herrmann, A.S.:<br \/>\n<strong>Additive manufacturing system and method for performing additive manufacturing on thermoplastic sheets<\/strong><br \/>\nPatentanmeldung 13.07.2015, Aktenzeichen EP000003117985A1 \/ US020170015066A1<\/li>\n<li>Fette, M.; Meyer, F.:<br \/>\n<strong>Befestigungseinsatz, Befestigungssystem und Verfahren zum Einkleben des Befestigungseinsatzes<\/strong><br \/>\nPatentanmeldung 17.07.2015, Aktenzeichen DE102015009349<\/li>\n<li>Fette, M.; Born, J:<br \/>\n<strong>Generatives Schichtaufbauverfahren und Vorrichtung zur Herstellung eines dreidimensionalen faserverst\u00e4rkten Objekts\u00a0 \/\u00a0 Additive layer manufacturing method and apparatus for the manufacture of a three-dimensional fiber-reinforced object<\/strong><br \/>\nPatentanmeldung 24.03.2015, Aktenzeichen DE102015104827\u00a0 \/\u00a0 US 2016\/0279,873<\/li>\n<li>Fette, M.; Wulfsberg, J.P.; Herrmann, A.S.; Lonsdorfer, G.<br \/>\n<strong>System und Verfahren zum Reparieren eines aus einem Kunststoff hergestellten Bauteils\u00a0 \/\u00a0 System and method for repairing a component made out of a plastic<\/strong><br \/>\nPatentanmeldung 28.01.2015, Aktenzeichen DE 102015101328\u00a0 \/\u00a0 EP 16153145\u00a0 \/\u00a0 US 2016\/15008760<\/li>\n<li>Weidner, R.; Yao, Z.; Wulfsberg, J.P.; Goehlich, R.A.; Chromik, S.<br \/>\n<strong>Unterst\u00fctzungsvorrichtung zur Stabilisierung eines K\u00f6rperteils einer Person<\/strong><br \/>\nPatentanmeldung 29.01.2015, Aktenzeichen 102015101329-0<\/li>\n<li>Grimske, S.; Storjohann, J.; M\u00fcller, J.; Wulfsberg, J.P.:<br \/>\n<strong>Mechanische Schnittstelle, Modulsystem und Maschine<\/strong><br \/>\nPatentanmeldung DE 10 2013 100 155.6, 2013<\/li>\n<li>Wulfsberg, Wenzel, Bruhns<br \/>\n<strong>Energieeffiziente W\u00e4rme- und Schalld\u00e4mmung von zur Umwelt offenen R\u00e4umen<\/strong><br \/>\nPatentanmeldung 8.11.2007, Aktenzeichen 10 2007 053 155.0<\/li>\n<li>Wulfsberg, Bruhns, Hegenbart<br \/>\n<strong>Kopierschutzverfahren und universelle Vorrichtung f\u00fcr Maschinenkonfigurationen mittels individuelle Gegenma\u00dfnahmen ausl\u00f6sender, Ereignisklassen bildender Signaturanalyse<\/strong><br \/>\nPatentanmeldung 18.07.2007, Aktenzeichen 10 2007 033 437.2<\/li>\n<li>Wulfsberg, Lehmann, Wenzel, Bruhns<br \/>\n<strong>Bipolare Elektroden f\u00fcr die Hochfrequenzchirurgie mit leisungsunabh\u00e4ngig justierbarer Gewebeeindringtiefe des Strompfades<\/strong><br \/>\nPatentanmeldung 8.6.2007, Aktenzeichen 10 2007 026 573.7<\/li>\n<li>Wulfsberg, Clausing, Brudek, Bruhns<br \/>\n<strong>Verfahren und Vorrichtung zur Stabilisierung von seriellen oder parallelen Kinematiken<\/strong><br \/>\nPatentanmeldung 25.05.2007, Aktenzeichen 10 2007 024 614.7<\/li>\n<li>Wulfsberg, Terzi, Kuhn, Bruhns:<br \/>\n<strong>Verfahren zum strahlungsgest\u00fctzten Urformen, Umformen, F\u00fcgen und Trennen mittels aufgesetzter, kraft\u00fcbertragender Kontaktoptik<\/strong><br \/>\nPatentanmeldung 26.10.2006, Aktenzeichen 10 2006 051 333.9<\/li>\n<li>Wulfsberg, Lehmann, Bruhns, Zehlicke:<br \/>\n<strong>Verfahren und Einrichtung zur Optotensometrie f\u00fcr die Funktionspr\u00fcfung der Tuba auditiva<\/strong><br \/>\nPatentanmeldung 23.10.2006, Aktenzeichen 10 2006 050 151.9<\/li>\n<li>Wulfsberg, Lehmann, Bruhns:<br \/>\n<strong>Verfahren und Einrichtung zur linearen Schall- und Antischall\u00fcbertragung unter Einbeziehung der erzeugten Trommelfellauslenkung<\/strong><br \/>\nPatentanmeldung 23.10.2006, Aktenzeichen 10 2006 050 150.0<\/li>\n<li>Wulfsberg, Lehmann, Bruhns:<br \/>\n<strong>Verfahren und Einrichtung zur Individualkopf-Stereophonie<\/strong><br \/>\nPatentanmeldung 23.10.2006, Aktenzeichen 10 2006 050 149.7<\/li>\n<li>Wulfsberg, Lehmann, Bruhns:<br \/>\n<strong>Schutzeinrichtung gegen Gasangriffe bei Geldautomaten<\/strong><br \/>\nPatentanmeldung 10.05.2006, Aktenzeichen 10 2006 021 687.3<\/li>\n<li>Wulfsberg, Brudek, Bruhns:<br \/>\n<strong>Verfahren zur Visualisierung, \u00dcberwachung und Regelung der Prozess-Maschine-Interaktion beim Zerspanen im unterbrochenen Schnitt<\/strong><br \/>\nPatentanmeldung 13.12.2005, Aktenzeichen 10 2005 059 945.1<\/li>\n<li>Wulfsberg, Brudek, Bruhns:<br \/>\n<strong>Mitf\u00fchrbare Wegausleuchtung f\u00fcr Fu\u00dfg\u00e4nger und Laufsportler<\/strong><br \/>\nGebrauchsmusteranmeldung 25.10.2005, Aktenzeichen 20 2005 016 799.1<\/li>\n<li>Sheikhi, dos Santos, Zettler, Beyer, Roos, Loitz:<br \/>\n<strong>Vorrichtung und Verfahren zum Reibr\u00fchrschwei\u00dfen<\/strong><br \/>\nPatentanmeldung 11.10.2005, Aktenzeichen 10 2005 029 882.6<\/li>\n<li>Sheikhi, dos Santos, Zettler, Beyer, Roos, Loitz:<br \/>\n<strong>Vorrichtung zum Reibr\u00fchrschwei\u00dfen<\/strong><br \/>\nPatentanmeldung 11.10.2005, Aktenzeichen Az 10 2005 029 881.8<\/li>\n<li>Loitz, Sheikhi, Wulfsberg, dos Santos:<br \/>\n<strong>Reibr\u00fchrschwei\u00dfwerkzeug mit Gegenlager zur Montage an einer Handhabungseinrichtung<\/strong><br \/>\nPatentanmeldung 11.10.2005, Aktenzeichen 10 2005 049 865.5<\/li>\n<li>Wulfsberg, Brudek, Bruhns:<br \/>\n<strong>Uneingeschr\u00e4nkt autoklavierbarer elektr. Antrieb eines Ger\u00e4tes zur Gewebeentfernung innerhalb der minimal invasiven Chirurgie<\/strong>,<br \/>\nPatentanmeldung 24.8.05, Aktenzeichen 10 2005 039 950.9<\/li>\n<li>Wulfsberg, Brudek, Bruhns:<br \/>\n<strong>Kraftmessvorrichtung mit angehobener Eigenfrequenz<\/strong>,<br \/>\nPatentanmeldung 20.06.2005, Aktenzeichen 10 2005 028 639.9<\/li>\n<li>Wulfsberg, Lehmann, Bruhns:<br \/>\n<strong>Dynamisch-starre Kopplung von hybriden Bearbeitungsr\u00e4umen bei Desktopmanufacturing-Maschinen<\/strong>,<br \/>\nPatentanmeldung 30.5.2005, Aktenzeichen 10 2005 024 693.1<\/li>\n<li>Wulfsberg, Niemeyer:<br \/>\n<a href=\"https:\/\/www.hsu-hh.de\/laft\/index_RwgPYqnlNkB3GicR.html\"><strong>Verfahren zur chemischen oder biochemischen Funktionalisierung von Metalloberfl\u00e4chen sowie Gegenst\u00e4nde mit funktionalisierten Metalloberfl\u00e4chen<\/strong><\/a>,<br \/>\nPatentanmeldung 22.5.2005, Aktenzeichen 10 2005 008237 A1<\/li>\n<li>Wulfsberg, Brudek, Bruhns:<br \/>\n<strong>Mikro-Drehmomentmesssystem mit Hochfrequenzschwingkreisen<\/strong>,<br \/>\nPatentanmeldung 19.05.2005, Aktenzeichen 10 2005 022 975.1<\/li>\n<li>Wulfsberg, Lehmann, Bruhns:<br \/>\n<strong>Handinstrument f\u00fcr Endoskope mit eingepr\u00e4gter Schaftform zur Erweiterung des Arbeitsbereiches f\u00fcr die Manipulation mittels Effektor<\/strong>,<br \/>\nPatentanmeldung 29.1.2005, Aktenzeichen 10 2005 004 188.4<\/li>\n<li>Wulfsberg, Lehmann, Bruhns:<br \/>\n<strong>Kreiseltischsystem zur Entkopplung mechanischer Schwingungen in der Mikro- und Nanofertigung<\/strong>,<br \/>\nPatentanmeldung 23.12.2004, Aktenzeichen 10 2004 063 311.8<\/li>\n<li>Loitz, von Strombeck, Wulfsberg, von der Wense, dos Santos, Schilling:<br \/>\n<strong>Vorrichtung zum Verbinden von Werkst\u00fccken nach der Methode des Reibr\u00fchrschwei\u00dfens<\/strong><br \/>\nDE-Patent erteilt\u00a0 3.11.2005, Aktenzeichen 10 2004 028 560<\/li>\n<li>Loitz, Wulfsberg, von der Wense, Koelln-Reisiek, von Strombeck,\u00a0 Schilling, dos Santos<br \/>\n<strong>Apparaturs for connection of workpieces using the friction stir welding method<\/strong><br \/>\nUS-Patent US 7,234,625 B2, Jun. 26, 2007<\/li>\n<li>Loitz, von Strombeck, Wulfsberg, von der Wense, dos Santos, Schilling:<br \/>\n<strong>Vorrichtung zum Verbinden von Werkst\u00fccken nach der Methode des Reibr\u00fchrschwei\u00dfens\u00a0<\/strong><br \/>\nPatent erteilt 3.11.2005, Aktenzeichen 10 2004 028 553<\/li>\n<li>Wulfsberg, Lehmann, Bruhns:<br \/>\n<strong>Serielles Facetten-Mikroendoskop<\/strong>,<br \/>\nPatentanmeldung 23.12.2004, Aktenzeichen 10 2004 063 309.6<\/li>\n<li>Derfling, Loitz, Wulfsberg:<br \/>\n<strong>Verfahren und Vorrichtung zum Umlegen von B\u00f6rdelkanten eines Werkst\u00fccks<\/strong>,<br \/>\nPatentanmeldung, Offenlegung 05.01.2006, Aktenzeichen 10 2004 032 392.5-14<\/li>\n<li>Wulfsberg, Lehmann, Bruhns:<br \/>\n<strong>Selbstjustierendes koordinatentreues Spannsystem f\u00fcr die Mikroproduktion<\/strong>,<br \/>\nPatentanmeldung, Offenlegung 14.06.2006,\u00a0 Aktenzeichen 10 2004 059 456.2<\/li>\n<li>Wulfsberg:<br \/>\n<strong>3D-Mikrobearbeitungsraumprojektor<\/strong>,<br \/>\nGebrauchsmuster erteilt 23.12.2004, Aktenzeichen 20 2004 013 326.1<\/li>\n<li>Lettenbauer, Ludwig, Wulfsberg:<br \/>\n<strong>Verfahren zum Betrieb eines Handhabungsger\u00e4tes<\/strong>,<br \/>\nPatentanmeldung offen gelegt 15.1.2004,\u00a0 Aktenzeichen 10 229 555.7<\/li>\n<li>Wulfsberg:<br \/>\n<strong>3-D-Elektronenstrahl-Gasionen-Lithograph<\/strong>,<br \/>\nGebrauchsmuster erteilt 2.10.2003, Aktenzeichen 203 11 971.1<\/li>\n<li>Behrens, Witzak, Bruhns:<br \/>\n<strong>Verfahren und Schaltung zur \u00dcberwachung und Vorhersage des Verlaufs eines Funkenerodierprozesses<\/strong>,<br \/>\nPatenterteilung 27.8.1998, Aktenzeichen DE 195 12 291<\/li>\n<li>Behrens, Witzak, Bruhns:<br \/>\n<strong>Schaltung f\u00fcr geregelte Proze\u00dfstromquellen f\u00fcr Funkenerosionsmaschinen<\/strong>,<br \/>\nPatenterteilung 17.10.1997, Aktenzeichen DE 195 13 593<\/li>\n<li>Fette, M.; Mayer, M.; Meyer, T.: <strong>System und Verfahren zum Herstellen eines plattenf\u00f6rmigen Bauteils aus einem faserverst\u00e4rkten Kunststoff mit darin angeordneten Eins\u00e4tzen.<\/strong> Patentanmeldung 17.01.2020, Aktenzeichen DE102020101103A1<\/li>\n<\/ol>\n","protected":false},"excerpt":{"rendered":"<p>Fette, M.; Hentschel, M.; Ruppert, B.; Vichniakov, A.: Faserverbundbauteil mit einer Elastomerdichtung sowie ein Verfahren zu dessen Herstellung \/ Fibre Composite Component Having An Elastomer Seal And A Method Of [&hellip;]<\/p>\n","protected":false},"author":84,"featured_media":0,"parent":111,"menu_order":0,"comment_status":"closed","ping_status":"closed","template":"","meta":{"footnotes":""},"categories":[4],"tags":[],"class_list":["post-193","page","type-page","status-publish","hentry","category-forschung"],"_links":{"self":[{"href":"https:\/\/www.hsu-hh.de\/laft\/wp-json\/wp\/v2\/pages\/193","targetHints":{"allow":["GET"]}}],"collection":[{"href":"https:\/\/www.hsu-hh.de\/laft\/wp-json\/wp\/v2\/pages"}],"about":[{"href":"https:\/\/www.hsu-hh.de\/laft\/wp-json\/wp\/v2\/types\/page"}],"author":[{"embeddable":true,"href":"https:\/\/www.hsu-hh.de\/laft\/wp-json\/wp\/v2\/users\/84"}],"replies":[{"embeddable":true,"href":"https:\/\/www.hsu-hh.de\/laft\/wp-json\/wp\/v2\/comments?post=193"}],"version-history":[{"count":8,"href":"https:\/\/www.hsu-hh.de\/laft\/wp-json\/wp\/v2\/pages\/193\/revisions"}],"predecessor-version":[{"id":2114,"href":"https:\/\/www.hsu-hh.de\/laft\/wp-json\/wp\/v2\/pages\/193\/revisions\/2114"}],"up":[{"embeddable":true,"href":"https:\/\/www.hsu-hh.de\/laft\/wp-json\/wp\/v2\/pages\/111"}],"wp:attachment":[{"href":"https:\/\/www.hsu-hh.de\/laft\/wp-json\/wp\/v2\/media?parent=193"}],"wp:term":[{"taxonomy":"category","embeddable":true,"href":"https:\/\/www.hsu-hh.de\/laft\/wp-json\/wp\/v2\/categories?post=193"},{"taxonomy":"post_tag","embeddable":true,"href":"https:\/\/www.hsu-hh.de\/laft\/wp-json\/wp\/v2\/tags?post=193"}],"curies":[{"name":"wp","href":"https:\/\/api.w.org\/{rel}","templated":true}]}}