{"id":1746,"date":"2022-04-20T16:07:33","date_gmt":"2022-04-20T14:07:33","guid":{"rendered":"https:\/\/www.hsu-hh.de\/laft\/?page_id=1746"},"modified":"2022-04-20T16:07:34","modified_gmt":"2022-04-20T14:07:34","slug":"testseite_master_bachelor_studienarbeiten","status":"publish","type":"page","link":"https:\/\/www.hsu-hh.de\/laft\/testseite_master_bachelor_studienarbeiten","title":{"rendered":""},"content":{"rendered":"\n<h2 class=\"wp-block-heading\">Arbeitsgruppe Wertsch\u00f6pfungssystematik<\/h2>\n\n\n\n<div class=\"wp-block-columns is-layout-flex wp-container-core-columns-is-layout-9d6595d7 wp-block-columns-is-layout-flex\">\n<div class=\"wp-block-column is-layout-flow wp-block-column-is-layout-flow\">\n<p><strong>Topic<\/strong><\/p>\n<\/div>\n\n\n\n<div class=\"wp-block-column is-layout-flow wp-block-column-is-layout-flow\">\n<p><strong>Keywords<\/strong><\/p>\n<\/div>\n\n\n\n<div class=\"wp-block-column is-layout-flow wp-block-column-is-layout-flow\" style=\"flex-basis:270px\">\n<p><strong>Abstract<\/strong><\/p>\n<\/div>\n\n\n\n<div class=\"wp-block-column is-layout-flow wp-block-column-is-layout-flow\">\n<p><strong>Language<\/strong><\/p>\n<\/div>\n\n\n\n<div class=\"wp-block-column is-layout-flow wp-block-column-is-layout-flow\">\n<p><strong>Contact<\/strong><\/p>\n<\/div>\n\n\n\n<div class=\"wp-block-column is-layout-flow wp-block-column-is-layout-flow\">\n<p><strong>Datum<\/strong><\/p>\n<\/div>\n<\/div>\n\n\n\n<div class=\"wp-block-columns is-layout-flex wp-container-core-columns-is-layout-9d6595d7 wp-block-columns-is-layout-flex\">\n<div class=\"wp-block-column is-layout-flow wp-block-column-is-layout-flow\">\n<p>Stoffstr\u00f6me in der Fab City<\/p>\n<\/div>\n\n\n\n<div class=\"wp-block-column is-layout-flow wp-block-column-is-layout-flow\">\n<p>desk research; case study; non-technical<\/p>\n<\/div>\n\n\n\n<div class=\"wp-block-column is-layout-flow wp-block-column-is-layout-flow\" style=\"flex-basis:270px\">\n<p>Urbane (Metropol-)Regionen haben einen st\u00e4ndigen Bedarf an unterschiedlichen Verbrauchs- und Hilfsstoffen (z.B. Wasser, Elektrizit\u00e4t). Viele dieser Stoffe werden nicht lokal hergestellt oder bezogen, sondern importiert und als Abfallprodukt exportiert. Doch um welche Stoffe handelt es sich dabei? In dieser Arbeit geht es um die Analyse der eingehenden und ausgehenden Stoffstr\u00f6me aus der Metropolregion Hamburg und um das Aufzeigen von Handlungsalternativen f\u00fcr die Fab City.<\/p>\n<\/div>\n\n\n\n<div class=\"wp-block-column is-layout-flow wp-block-column-is-layout-flow\">\n<p>DE\/ENG<\/p>\n<\/div>\n\n\n\n<div class=\"wp-block-column is-layout-flow wp-block-column-is-layout-flow\">\n<p>Lennart Hildebrandt<\/p>\n<\/div>\n\n\n\n<div class=\"wp-block-column is-layout-flow wp-block-column-is-layout-flow\">\n<p>4\/4\/2022<\/p>\n<\/div>\n<\/div>\n\n\n\n<div class=\"wp-block-columns is-layout-flex wp-container-core-columns-is-layout-9d6595d7 wp-block-columns-is-layout-flex\">\n<div class=\"wp-block-column is-layout-flow wp-block-column-is-layout-flow\">\n<p>Gesch\u00e4ftsmodellentwicklung Fab City Haus<\/p>\n<\/div>\n\n\n\n<div class=\"wp-block-column is-layout-flow wp-block-column-is-layout-flow\">\n<p>business modeling, case study<\/p>\n<\/div>\n\n\n\n<div class=\"wp-block-column is-layout-flow wp-block-column-is-layout-flow\" style=\"flex-basis:270px\">\n<p>Im Fab City Haus Hamburg soll die lokale Community zusmmenkommen k\u00f6nnen, um in einem Makerspace Produkte herzustellen, Workshops zu besuchen und durchzuf\u00fchren, Co-Working-Arbeitspl\u00e4tze sowohl B\u00fcro, also auch Werkstattfl\u00e4che angeboten werden, und Events durchgef\u00fcrt werden k\u00f6nnen. Hierf\u00fcr soll ein Gesch\u00e4ftsmodell\/Betriebskonzept ganz spezielle auf den Standort Hamburg entwickelt werden.<\/p>\n<\/div>\n\n\n\n<div class=\"wp-block-column is-layout-flow wp-block-column-is-layout-flow\">\n<p>DE\/ENG<\/p>\n<\/div>\n\n\n\n<div class=\"wp-block-column is-layout-flow wp-block-column-is-layout-flow\">\n<p>Manuel Moritz<\/p>\n<\/div>\n\n\n\n<div class=\"wp-block-column is-layout-flow wp-block-column-is-layout-flow\">\n<p>4\/4\/2022<\/p>\n<\/div>\n<\/div>\n","protected":false},"excerpt":{"rendered":"<p>Arbeitsgruppe Wertsch\u00f6pfungssystematik Topic Keywords Abstract Language Contact Datum Stoffstr\u00f6me in der Fab City desk research; case study; non-technical Urbane (Metropol-)Regionen haben einen st\u00e4ndigen Bedarf an unterschiedlichen Verbrauchs- und Hilfsstoffen (z.B. [&hellip;]<\/p>\n","protected":false},"author":3199,"featured_media":0,"parent":0,"menu_order":0,"comment_status":"closed","ping_status":"closed","template":"","meta":{"footnotes":""},"categories":[4],"tags":[],"class_list":["post-1746","page","type-page","status-publish","hentry","category-forschung"],"_links":{"self":[{"href":"https:\/\/www.hsu-hh.de\/laft\/wp-json\/wp\/v2\/pages\/1746","targetHints":{"allow":["GET"]}}],"collection":[{"href":"https:\/\/www.hsu-hh.de\/laft\/wp-json\/wp\/v2\/pages"}],"about":[{"href":"https:\/\/www.hsu-hh.de\/laft\/wp-json\/wp\/v2\/types\/page"}],"author":[{"embeddable":true,"href":"https:\/\/www.hsu-hh.de\/laft\/wp-json\/wp\/v2\/users\/3199"}],"replies":[{"embeddable":true,"href":"https:\/\/www.hsu-hh.de\/laft\/wp-json\/wp\/v2\/comments?post=1746"}],"version-history":[{"count":1,"href":"https:\/\/www.hsu-hh.de\/laft\/wp-json\/wp\/v2\/pages\/1746\/revisions"}],"predecessor-version":[{"id":1747,"href":"https:\/\/www.hsu-hh.de\/laft\/wp-json\/wp\/v2\/pages\/1746\/revisions\/1747"}],"wp:attachment":[{"href":"https:\/\/www.hsu-hh.de\/laft\/wp-json\/wp\/v2\/media?parent=1746"}],"wp:term":[{"taxonomy":"category","embeddable":true,"href":"https:\/\/www.hsu-hh.de\/laft\/wp-json\/wp\/v2\/categories?post=1746"},{"taxonomy":"post_tag","embeddable":true,"href":"https:\/\/www.hsu-hh.de\/laft\/wp-json\/wp\/v2\/tags?post=1746"}],"curies":[{"name":"wp","href":"https:\/\/api.w.org\/{rel}","templated":true}]}}