{"id":1672,"date":"2022-02-24T23:58:33","date_gmt":"2022-02-24T22:58:33","guid":{"rendered":"https:\/\/www.hsu-hh.de\/laft\/?page_id=1672"},"modified":"2024-05-10T16:59:37","modified_gmt":"2024-05-10T14:59:37","slug":"interfacer","status":"publish","type":"page","link":"https:\/\/www.hsu-hh.de\/laft\/forschung\/interfacer","title":{"rendered":""},"content":{"rendered":"\n<figure class=\"wp-block-image size-full\"><img decoding=\"async\" src=\"https:\/\/www.hsu-hh.de\/laft\/wp-content\/uploads\/sites\/671\/2024\/05\/IF-Logo-Linear_black.svg\" alt=\"\" class=\"wp-image-2393\" \/><\/figure>\n\n\n\n<figure class=\"wp-block-image size-full is-resized\"><img decoding=\"async\" src=\"https:\/\/www.hsu-hh.de\/laft\/wp-content\/uploads\/sites\/671\/2024\/05\/logo-EFRE.svg\" alt=\"\" class=\"wp-image-2394\" style=\"width:400px;height:auto\" \/><\/figure>\n\n\n\n<h2 class=\"wp-block-heading\"><strong>Aufbau einer digitalen Infrastruktur, die\u00a0\u00f6konomische, \u00f6kologische und soziale Nachhaltigkeit erm\u00f6glicht<\/strong><\/h2>\n\n\n\n<p>Der Einfluss des Menschen auf den Klimawandel, die Ressourcenknappheit und die Umweltzerst\u00f6rung hat ein kritisches und beispielloses Ausma\u00df erreicht.<\/p>\n\n\n\n<p>Daraus resultiert eine der zentralen Herausforderungen, globalisierte Wertsch\u00f6pfungs- und Produktionssysteme zu reorganisieren sowie nachhaltige und synergetische Produktionsprozesse zu etablieren. Um die digitale Transformation der Hansestadt voranzutreiben, hat sich Hamburg der globalen Initiative der Fab Cities angeschlossen, mit dem Bestreben bis zum Jahr 2054 zu einer zukunftsf\u00e4higen Stadt zu werden.&nbsp; Das Projekt INTERFACER bietet in diesem Rahmen einen digitalen L\u00f6sungsansatz f\u00fcr eine datenbasierte Kreislaufwirtschaft in einem globalen Innovations-\u00d6kosystems. Ziel ist die Gestaltung einer gr\u00fcnen, resilienten sowie lokalen und bedarfsorientierten Produktion. Um den \u00dcbergang zu einer Open Source basierten Kreislaufwirtschaft auf dem Gebiet einer Stadt oder Region zu unterst\u00fctzen, k\u00f6nnen neuartige Modelle den globalen Daten- und lokalen Materialfluss f\u00f6rdern:<\/p>\n\n\n\n<figure class=\"wp-block-image size-large is-style-default\"><img loading=\"lazy\" decoding=\"async\" width=\"1024\" height=\"576\" src=\"https:\/\/www.hsu-hh.de\/laft\/wp-content\/uploads\/sites\/671\/2024\/05\/pito-dido-1024x576.png\" data-credit=\"(c)\" alt=\"\" class=\"wp-image-2391\" srcset=\"https:\/\/www.hsu-hh.de\/laft\/wp-content\/uploads\/sites\/671\/2024\/05\/pito-dido-1024x576.png 1024w, https:\/\/www.hsu-hh.de\/laft\/wp-content\/uploads\/sites\/671\/2024\/05\/pito-dido-300x169.png 300w, https:\/\/www.hsu-hh.de\/laft\/wp-content\/uploads\/sites\/671\/2024\/05\/pito-dido-768x432.png 768w, https:\/\/www.hsu-hh.de\/laft\/wp-content\/uploads\/sites\/671\/2024\/05\/pito-dido-1536x864.png 1536w, https:\/\/www.hsu-hh.de\/laft\/wp-content\/uploads\/sites\/671\/2024\/05\/pito-dido-1100x619.png 1100w, https:\/\/www.hsu-hh.de\/laft\/wp-content\/uploads\/sites\/671\/2024\/05\/pito-dido.png 1920w\" sizes=\"auto, (max-width: 1024px) 100vw, 1024px\" \/><\/figure>\n\n\n\n<h2 class=\"wp-block-heading\"><strong>Der Weg zur digital basierten Kreislaufwirtschaft mit Open Source Software<\/strong><\/h2>\n\n\n\n<p>Das Vorhaben von INTERFACER ist die Neuentwicklung, Verbreitung und erstmalige Anwendung eines quelloffenen Softwaresystems Fab City Operating Systems (OS), das alle Prozesse entlang der Wertsch\u00f6pfung in der verteilten Produktion mit bedarfsgerechten Softwarel\u00f6sungen unterst\u00fctzt und in einem f\u00f6derierten System implementiert.<\/p>\n\n\n\n<p>Im Vordergrund steht hierbei die Identifikation, Definition und Gestaltung von Schnittstellen (engl. <em>interfaces<\/em>) zwischen Systemen, Netzwerken und physischen Artefakten \u2013 daher auch der gew\u00e4hlte Vorhabentitel<em>. <\/em>INTERFACER nutzt in diesem Zusammenhang Synergien zum EU-Projekt <a href=\"https:\/\/reflowproject.eu\/\" rel='nofollow'>REFLOW OS<\/a> sowie dem dtec.bw-Projekt <a href=\"https:\/\/newproductioninstitute.de\/fab-city-hamburg\" rel='nofollow'>\u201eFab City: Verteilte, dezentrale Produktion f\u00fcr die urbane Wertsch\u00f6pfung\u201c<\/a>. Die Umsetzung des Fab City OS soll langfristig dazu f\u00fchren, dass anstelle von Produkten ausschlie\u00dflich Datens\u00e4tze importiert und exportiert werden. Somit k\u00f6nnen Konsumg\u00fcter, wie beispielsweise Energie und Rohstoffe lokal im Stadtgebiet selbst produziert, wiederverwertet, oder neu zusammengesetzt werden.<\/p>\n\n\n\n<figure class=\"wp-block-embed is-type-video is-provider-youtube wp-block-embed-youtube wp-embed-aspect-16-9 wp-has-aspect-ratio\"><div class=\"wp-block-embed__wrapper\">\n<iframe loading=\"lazy\" title=\"Introducing Fab City OS\" width=\"500\" height=\"281\" src=\"https:\/\/www.youtube.com\/embed\/ZAc10BM8_bY?feature=oembed\" frameborder=\"0\" allow=\"accelerometer; autoplay; clipboard-write; encrypted-media; gyroscope; picture-in-picture; web-share\" referrerpolicy=\"strict-origin-when-cross-origin\" allowfullscreen><\/iframe>\n<\/div><\/figure>\n\n\n\n<p>Das Projekt INTERFACER und die daraus resultierende Open Source Software tragen zu einer weiteren Digitalisierung der Produktion bei, die den Fokus jedoch nicht auf das Verdr\u00e4ngen von Arbeitspl\u00e4tzen setzt, sondern auf die Bef\u00e4higung von Individuen und Unternehmen zur Teilhabe und Gestaltung neuer Wertsch\u00f6pfungs- und Arbeitsformen (Leave no one behind!).<\/p>\n\n\n\n<p><strong>White Paper:<\/strong> <a href=\"https:\/\/www.interfacerproject.eu\/assets\/news\/whitepaper\/IF-WhitePaper_DigitalInfrastructureForFabCities.pdf\" rel='nofollow'>Interfacer Whitepaper &#8211; Digital Infrastructure For Fab Cities<\/a><\/p>\n\n\n\n<p><strong>Green Paper: <\/strong><a href=\"https:\/\/www.interfacerproject.eu\/assets\/index\/IF-GreenPaper.pdf\" rel='nofollow'>Interfacer Green Paper<\/a><\/p>\n\n\n\n<p><strong>FCOS Platform:<\/strong> <a href=\"https:\/\/interfacer.dyne.org\/en\" rel='nofollow'>Interfacer.dyne.org\/en<\/a><\/p>\n\n\n\n<h2 class=\"wp-block-heading\"><strong>Mehr unter<\/strong><\/h2>\n\n\n\n<p><a href=\"https:\/\/interfacer.eu\" rel='nofollow'>Interfacer.eu<\/a><\/p>\n\n\n\n<h2 class=\"wp-block-heading\">Konsortiumpartner<\/h2>\n\n\n\n<figure class=\"wp-block-image size-full\"><img decoding=\"async\" src=\"https:\/\/www.hsu-hh.de\/laft\/wp-content\/uploads\/sites\/671\/2024\/05\/logos-if.svg\" alt=\"\" class=\"wp-image-2395\" \/><\/figure>\n\n\n\n<h2 class=\"wp-block-heading\"><br>Gef\u00f6rdert durch<\/h2>\n\n\n\n<figure class=\"wp-block-image size-full\"><img decoding=\"async\" src=\"https:\/\/www.hsu-hh.de\/laft\/wp-content\/uploads\/sites\/671\/2024\/05\/logos-if-funders.svg\" alt=\"\" class=\"wp-image-2396\" \/><\/figure>\n","protected":false},"excerpt":{"rendered":"<p>Aufbau einer digitalen Infrastruktur, die\u00a0\u00f6konomische, \u00f6kologische und soziale Nachhaltigkeit erm\u00f6glicht Der Einfluss des Menschen auf den Klimawandel, die Ressourcenknappheit und die Umweltzerst\u00f6rung hat ein kritisches und beispielloses Ausma\u00df erreicht. Daraus [&hellip;]<\/p>\n","protected":false},"author":3199,"featured_media":0,"parent":111,"menu_order":0,"comment_status":"closed","ping_status":"closed","template":"","meta":{"footnotes":""},"categories":[4],"tags":[],"class_list":["post-1672","page","type-page","status-publish","hentry","category-forschung"],"_links":{"self":[{"href":"https:\/\/www.hsu-hh.de\/laft\/wp-json\/wp\/v2\/pages\/1672","targetHints":{"allow":["GET"]}}],"collection":[{"href":"https:\/\/www.hsu-hh.de\/laft\/wp-json\/wp\/v2\/pages"}],"about":[{"href":"https:\/\/www.hsu-hh.de\/laft\/wp-json\/wp\/v2\/types\/page"}],"author":[{"embeddable":true,"href":"https:\/\/www.hsu-hh.de\/laft\/wp-json\/wp\/v2\/users\/3199"}],"replies":[{"embeddable":true,"href":"https:\/\/www.hsu-hh.de\/laft\/wp-json\/wp\/v2\/comments?post=1672"}],"version-history":[{"count":5,"href":"https:\/\/www.hsu-hh.de\/laft\/wp-json\/wp\/v2\/pages\/1672\/revisions"}],"predecessor-version":[{"id":2398,"href":"https:\/\/www.hsu-hh.de\/laft\/wp-json\/wp\/v2\/pages\/1672\/revisions\/2398"}],"up":[{"embeddable":true,"href":"https:\/\/www.hsu-hh.de\/laft\/wp-json\/wp\/v2\/pages\/111"}],"wp:attachment":[{"href":"https:\/\/www.hsu-hh.de\/laft\/wp-json\/wp\/v2\/media?parent=1672"}],"wp:term":[{"taxonomy":"category","embeddable":true,"href":"https:\/\/www.hsu-hh.de\/laft\/wp-json\/wp\/v2\/categories?post=1672"},{"taxonomy":"post_tag","embeddable":true,"href":"https:\/\/www.hsu-hh.de\/laft\/wp-json\/wp\/v2\/tags?post=1672"}],"curies":[{"name":"wp","href":"https:\/\/api.w.org\/{rel}","templated":true}]}}