{"id":1654,"date":"2022-02-18T10:53:01","date_gmt":"2022-02-18T09:53:01","guid":{"rendered":"https:\/\/www.hsu-hh.de\/laft\/?page_id=1654"},"modified":"2025-01-28T12:51:57","modified_gmt":"2025-01-28T11:51:57","slug":"saubke-dominik","status":"publish","type":"page","link":"https:\/\/www.hsu-hh.de\/laft\/saubke-dominik","title":{"rendered":""},"content":{"rendered":"<script type=\"application\/ld+json\">[{\"@context\": \"https:\/\/www.schema.org\",\"@type\": \"Person\",\"name\": \"M.S.c Dominik Saubke\",\"worksFor\": [{\t\"@type\": \"Organization\",\t\"name\": \"Helmut-Schmidt-Universit\u00e4t\",\t\"url\": \"https:\/\/www.hsu-hh.de\"\t, \"department\": {\"@type\": \"Organization\",\t\t\t\t\t\"name\": \"Mitarbeiter\",\t\t\t\t\t\"location\": {\t\t\t\t\t\t\"@type\": \"PostalAddress\",\t\t\t\t\t\t\"addressLocality\": \"\",        \t\t\t\t\"postalCode\": \"22043\",        \t\t\t\t\"streetAddress\": \"Holstenhofweg 85 , Geb\u00e4ude H1\"\t\t\t\t\t}},\t\"location\": {\t\t\"@type\": \"PostalAddress\",    \t\"addressLocality\": \"\",    \t\"postalCode\": \"22008\",    \t\"postOfficeBoxNumber\": \"700822\"\t}   }],\"image\": \"https:\/\/www.hsu-hh.de\/laft\/wp-content\/uploads\/sites\/671\/2024\/04\/photo_B-150x150.jpg\",\"telephone\": \"+49 40 6541 3845\",\"faxNumber\": \"+49 40 6541 3845\",\"email\": \"saubked@hsu-hh.de\"}]<\/script><div class=\"clearfix\"><\/div><div class=\"ansprechparter-container \" style=\"margin-top:1em; \"><div class=\"row ansprechpartner-item ansprechparter-header\" ><div class=\"col-xs-8 col-lg-12\" style=\"margin-bottom: 30px;\"><h3 class=\"ansprechparter-headline\">M.S.c Dominik Saubke<\/h3><\/div><\/div><div class=\"col-md-4 col-lg-3 col-xs-4 ansprechpartner-item floatright img-circle center-block\" style=\"margin-bottom: 30px;\"><div class=\"img-responsive-wrapper\"><img decoding=\"async\" src=\"https:\/\/www.hsu-hh.de\/laft\/wp-content\/uploads\/sites\/671\/2024\/04\/photo_B-150x150.jpg\" alt=\"\" class=\"img-circle img-responsive center-block\" \/><\/div><\/div><div class=\"col-md-12 col-lg-3 col-xs-12 ansprechpartner-item kontakt floatright\" style=\"margin-bottom: 30px; \"><div class=\"row\"><div class=\"col-xs-12 col-sm-6 col-lg-12\"><div class=\"row\"><div class=\"col-xs-4 col-lg-4 row-text bold\" >Raum:<\/div><div class=\" row-text\">H1.1313<\/div><\/div><\/div><div class=\"col-xs-12 col-sm-6 col-lg-12\"><div class=\"row\"><div class=\"col-xs-4 col-lg-4 row-text bold\">Telefon:<\/div><div class=\" row-text\">+49 40 6541 3845<\/div><\/div><\/div><div class=\"col-xs-12 col-sm-6 col-lg-12\"><div class=\"row\"><div class=\"col-xs-4 col-lg-4 row-text bold\">Fax:<\/div><div class=\"row-text\">+49 40 6541 3845<\/div><\/div><\/div><div class=\"col-xs-12 col-sm-6 col-lg-12\"><div class=\"row\"><div class=\"col-xs-4 col-lg-4 row-text bold\">E-Mail:<\/div><div class=\"row-text\" style=\"overflow:hidden; word-break: break-word\"><a href=\"mailto:saubked@hsu-hh.de\" rel=\"nofollow\">saubked@hsu-hh.de<\/a><\/div><\/div><\/div><\/div><\/div><div class=\"col-md-6 col-lg-3 col-xs-12 ansprechpartner-item anschrift floatright\" ><div class=\"row-headline\">Besucheranschrift<\/div><div class=\"dataBesucheranschrift\" style=\"\"><div class=\"row-text\">Helmut-Schmidt-Universit\u00e4t<\/div><div class=\"row-text\">Geb\u00e4ude H1<\/div><div class=\"row-text\">Holstenhofweg 85<\/div><div class=\"row-text\">22043 Hamburg<\/div><\/div><\/div><div class=\"col-md-6 col-lg-3 col-xs-12 ansprechpartner-item anschrift floatright\"><div class=\"row-headline\">Postanschrift<\/div><div class=\"dataPostanschrift\" style=\"\"><div class=\"row-text\">Helmut-Schmidt-Universit\u00e4t<\/div><div class=\"row-text\">Mitarbeiter<\/div><div class=\"row-text\">Postfach 70 08 22<\/div><div class=\"row-text\">22008 Hamburg<\/div><\/div><\/div><\/div><div class=\"clearfix\"><\/div>\n\n\n<p><strong>Links:<\/strong> <a href=\"https:\/\/www.researchgate.net\/profile\/Dominik-Saubke\" rel='nofollow'>Research-gate<\/a>, <a href=\"http:\/\/www.linkedin.com\/in\/dominik-saubke-682a6b1bb\" rel='nofollow'>LinkedIN<\/a>, <a href=\"https:\/\/orcid.org\/0009-0004-0427-3329\" rel='nofollow'>ORCID<\/a><\/p>\n\n\n\n<p><strong>Funktion<\/strong><\/p>\n\n\n\n<p>Wissenschaftlicher Mitarbeiter<\/p>\n\n\n\n<p><strong>Forschungsbereiche<\/strong><\/p>\n\n\n\n<p>Open Hardware, transversale Produktentwicklung, Lokale Produktion, Arbeitsvorbereitung und Planungsvorbereitung, Produktentwicklung in offenen Communities, Multi-Identit\u00e4re Produktionsnetzwerke<\/p>\n\n\n\n<p><strong>Forchungsprojekt<\/strong><\/p>\n\n\n\n<p>Production Next Door vormals Digitale Urbane Produktion (seit 2021)<br><\/p>\n\n\n\n<p><strong>Publikationen (Erst-Author)<br><\/strong><\/p>\n\n\n\n<p>Saubke D, Markert J C, Krenz P, et al. (2024) Customer-Oriented Sustainability Criteria for Value Chains in Local Production Networks of SMEs. In: Schulz D, Matiaske W et al. (eds) dtec.bw-Beitr\u00e4ge der Helmut-Schmidt-Universit\u00e4t \/ Universit\u00e4t der Bundeswehr Hamburg: Forschungsaktivit\u00e4ten im Zentrum f\u00fcr Digitalisierungs- und Technologieforschung der Bundeswehr dtec.bw.: Band 2 &#8211; 2024<br>DOI: <a href=\"https:\/\/doi.org\/10.24405\/16776\" rel='nofollow'>https:\/\/doi.org\/10.24405\/16776<\/a><\/p>\n\n\n\n<p>Saubke D, Krenz P, Redlich T (2024): Designing a Greener Future &#8211; Publishing Platforms for Open Source Hardware. In: Proceedings of the 20th Global Conference on sustainable Manufacturing (GCSM), global. Springer International Pu<br>DOI: tba<\/p>\n\n\n\n<p>Saubke D, Redlich T (2024): Enhancing Sustainability \u2013 Strategic Choices from and for small and medium-sized Enterprises. In: Proceedings of the 34th CIRP Design Conference, Bedfordshire, UK<br>DOI: tba<\/p>\n\n\n\n<p>Saubke D, Krenz P, Redlich T (2024): A Survey of Open Source Hardware Developers &#8211; Perspectives on Digital Platform-Based Product Development. Proceedings of the First Open Source Hardware Konferenz OSHOP, Dresden, Germany<br>DOI: <a href=\"https:\/\/doi.org\/10.69558\/2024001\" rel='nofollow'>https:\/\/doi.org\/10.69558\/2024001<\/a><\/p>\n\n\n\n<p>Saubke D, Krenz P, Redlich T (2024): Open Hardware &#8211; Evaluation Criteria Concerning the Quality and Sufficiency of Technical Documentation. Proceedings of the 34rd CIRP Design Conference, Bedfordshire: Procedia CIRP<br>DOI: <a href=\"https:\/\/doi.org\/10.1016\/j.procir.2024.05.097\" rel='nofollow'>https:\/\/doi.org\/10.1016\/j.procir.2024.05.097<\/a><\/p>\n\n\n\n<p>Saubke D, Ihle P, Krenz P, Wulfsberg J P (2024): Co-Creating Open Hardware -Technological Feasibility Of Measures For A Distributed And Agile Planning Preparation. In: Herberger, D.; H\u00fcbner, M. (Eds.): Proceedings of the Conference on Production Systems and Logistics: CPSL 2024. Hannover : publish-<abbr title=\"Ingenieur\">Ing.<\/abbr>, 2024<br>DOI: <a href=\"https:\/\/doi.org\/10.15488\/17723\" rel='nofollow'>https:\/\/doi.org\/10.15488\/17723<\/a><\/p>\n\n\n\n<p>Saubke D, Krenz P (2024): Co-Creation &#8211; Herausforderungen an die Arbeitsvorbereitung bei der unternehmens\u00fcbergreifenden Produktion. In: Moritz, M., Redlich, T., Buxbaum-Conradi, S., Wulfsberg, J.P., 2023. Global collaboration, local production- how Fab Cities enable a circular economy, ed. Springer-Verlag Berlin Heidelberg, Wiesbaden.<br><abbr title=\"International Standard Book Number\">ISBN<\/abbr> 978-3-658-44113-5<\/p>\n\n\n\n<p>Saubke D, (2024): Transversal Product Development Aspects of Operations Planning and Scheduling, ORAL PRESENTATION at ICIEA-EU, International Conference on Industrial Engineering and Applications in Nice, France<\/p>\n\n\n\n<p>Saubke, D.; Krenz, P.; Redlich, T. (2023): Product Development through Co-Creation Communities &#8211; General Measures For A Distributed And Agile Planning Preparation in Cross-Company Production. In: Herberger, D.; H\u00fcbner, M. (Eds.): Proceedings of the Conference on Production Systems and Logistics: CPSL 2023 &#8211; 2. Hannover : publish-<abbr title=\"Ingenieur\">Ing.<\/abbr>, 2023<br>DOI: <a href=\"https:\/\/doi.org\/10.15488\/15273\" rel='nofollow'>https:\/\/doi.org\/10.15488\/15273<\/a><\/p>\n\n\n\n<p>Saubke, D.; Krenz, P.; Redlich, T. (2023): Local Manufacturing &#8211; Strategic Operationalisation Of Lean Methods In Manufacturing-related Small And Medium-sized Enterprises (SME). In: Herberger, D.; H\u00fcbner, M. (Eds.): Proceedings of the Conference on Production Systems and Logistics: CPSL 2023 &#8211; 2. Hannover : publish-<abbr title=\"Ingenieur\">Ing.<\/abbr>, 2023, S. 45-55.<br>DOI: <a href=\"https:\/\/doi.org\/10.15488\/15273\" rel='nofollow'>https:\/\/doi.org\/10.15488\/15273<\/a><\/p>\n\n\n\n<p><strong>Publikationen (Co-Author)<\/strong><\/p>\n\n\n\n<p>Markert J, Saubke D, Krenz P, Wulfsberg J P(2024): Quality Management in a Production Network of Local MSEs from the Manufacturing Sector \u2013 A Literature Review In: IEEE International Conference on Industrial Engineering and Engineering Management (IEEM), Bangkok, Thailand, 2024<br>DOI: tba<\/p>\n\n\n\n<p>Krenz P, Stoltenberg L, Saubke D et al. (2024) Production Next Door \u2013 A business model for local, sustainable production. In: Schulz D, Matiaske W et al. (eds) dtec.bw-Beitr\u00e4ge der Helmut-Schmidt-Universit\u00e4t \/ Universit\u00e4t der Bundeswehr Hamburg: Forschungsaktivit\u00e4ten im Zentrum f\u00fcr Digitalisierungs- und Technologieforschung der Bundeswehr dtec.bw.: Band 2 &#8211; 2024<br>DOI: <a href=\"https:\/\/doi.org\/10.24405\/14522\" rel='nofollow'>https:\/\/doi.org\/10.24405\/14522<\/a><\/p>\n\n\n\n<p>Koppe J, Saubke D, Redlich T (2024): Towards Circular Cities &#8211; The Dynamics Of Supply Chains And Local Manufacturing. In: Herberger, D.; H\u00fcbner, M. (Eds.): Proceedings of the Conference on Production Systems and Logistics: CPSL 2024. Hannover : publish-<abbr title=\"Ingenieur\">Ing.<\/abbr>, 2024, tba<br>DOI: <a href=\"https:\/\/doi.org\/10.15488\/17722\" rel='nofollow'>https:\/\/doi.org\/10.15488\/17722<\/a><\/p>\n\n\n\n<p>Krenz P, Stoltenberg L, Saubke D, Markert J (2024): Nachhaltige Wertsch\u00f6pfung durch lokale Produktion? Implementierung und gesellschaftlicher Nutzen In: Moritz, M., Redlich, T., Buxbaum-Conradi, S., Wulfsberg, J.P., 2023. Global collaboration, local production- how Fab Cities enable a circular economy, ed. Springer-Verlag Berlin Heidelberg, Wiesbaden.<br><abbr title=\"International Standard Book Number\">ISBN<\/abbr> 978-3-658-44113-5<\/p>\n\n\n\n<p>Markert J, Kerzel M, Variola M, Saubke D, et al. (2023): Processing Product, Production and Producer Information for Operations Planning and Scheduling Using CLIP for Multimodal Image and Text Data, 2023 IEEE International Conference on Industrial Engineering and Engineering Management (IEEM), Singapore, Singapore, 2023, pp. 0173-0177,<br>DOI: <a href=\"https:\/\/doi.org\/10.1109\/IEEM58616.2023.10406846\" rel='nofollow'>https:\/\/doi.org\/10.1109\/IEEM58616.2023.10406846<\/a>.<\/p>\n\n\n\n<p>Markert J, Kerzel M, Variola M, Saubke D et al. (2023): Enhancing Operations Planning and Scheduling in Dynamic Production Systems by Using CLIP. In: Alfnes E, Romsdal A, Strandhagen JO et al. (eds) Advances in Production Management Systems. Production Management Systems for Responsible Manufacturing, Service, and Logistics Futures: IFIP WG 5.7 International Conference, APMS 2023, Trondheim, Norway, September 17\u201321, 2023, Proceedings, Part III, 1st ed. 2023, vol 691. Springer Nature Switzerland; Imprint Springer, Cham, pp 520\u2013534;<br>DOI: <a href=\"https:\/\/doi.org\/10.1007\/978-3-031-43670-3_36\" rel='nofollow'>https:\/\/doi.org\/10.1007\/978-3-031-43670-3_36<\/a><\/p>\n\n\n\n<p>Krenz P, Stoltenberg L, Saubke D et al. (2023): Identification of Action Areas for the Promotion of Local Manufacturing in Reference to System Theory. In: Proceedings of the 18th Global Conference on sustainable Manufacturing (GCSM), Kohl H, Seliger G, Dietrich F (eds) Manufacturing Driving Circular Economy: Proceedings of the 18th global. Springer International Pu, [S.l.], pp 936\u2013944;<br>DOI: <a href=\"https:\/\/doi.org\/10.1007\/978-3-031-28839-5_104\" rel='nofollow'>https:\/\/doi.org\/10.1007\/978-3-031-28839-5_104<\/a><\/p>\n\n\n\n<p>Krenz P, Stoltenberg L, Saubke D et al. (2022) Production Next Door \u2013 A business model for local, sustainable production. In: Schulz D, Fay A, Matiaske W et al. (eds) dtec.bw-Beitr\u00e4ge der Helmut-Schmidt-Universit\u00e4t \/ Universit\u00e4t der Bundeswehr Hamburg: Forschungsaktivit\u00e4ten im Zentrum f\u00fcr Digitalisierungs- und Technologieforschung der Bundeswehr dtec.bw. dtec.bw \u2013 Helmut-Schmidt-Universit\u00e4t \/ Universit\u00e4t der Bundeswehr Hamburg, Hamburg, pp 64\u201369<br>DOI: <a href=\"https:\/\/doi.org\/10.24405\/14531\" rel='nofollow'>https:\/\/doi.org\/10.24405\/14531<\/a><\/p>\n\n\n\n<p>Stoltenberg L, Krenz P, Markert J, Saubke D (2022): Acceptance of Local Production among Regional Stakeholders. Results of Qualitative and Quantitative Research of Producers and Consumers. In: Schulz D, Fay A, Matiaske W et al. (eds) dtec.bw-Beitr\u00e4ge der Helmut-Schmidt-Universit\u00e4t \/ Universit\u00e4t der Bundeswehr Hamburg: Forschungsaktivit\u00e4ten im Zentrum f\u00fcr Digitalisierungs- und Technologieforschung der Bundeswehr dtec.bw. dtec.bw \u2013 Helmut-Schmidt-Universit\u00e4t \/ Universit\u00e4t der Bundeswehr Hamburg, Hamburg, pp 70\u201375;<br>DOI: <a href=\"https:\/\/doi.org\/10.24405\/14522\" rel='nofollow'>https:\/\/doi.org\/10.24405\/14522<\/a><\/p>\n\n\n\n<p>Markert, J.; Saubke, D.; Krenz, P.; Hotz, L. (2022): Cross-Company Routing Planning: Determining Value Chains in a Dynamic Production Network Through a Decentralized Approach. In: Herberger, D.; H\u00fcbner, M. (Eds.): Proceedings of the Conference on Production Systems and Logistics: CPSL 2022. Hannover : publish-<abbr title=\"Ingenieur\">Ing.<\/abbr>, 2022, S. 277-286.;<br>DOI: <a href=\"https:\/\/doi.org\/10.15488\/12135\" rel='nofollow'>https:\/\/doi.org\/10.15488\/12135<\/a><\/p>\n\n\n\n<p>Krenz, P.; Saubke, D.; Stoltenberg, L.; Markert, J.; Redlich, T. (2022): Towards Smaller Value Creation Cycles: Key Factors and their Interdependencies for Local Manufacturing. In: Herberger, D.; H\u00fcbner, M. (Eds.): Proceedings of the Conference on Production Systems and Logistics: CPSL 2022. Hannover : publish-<abbr title=\"Ingenieur\">Ing.<\/abbr>, 2022, S. 472-481.<br>DOI: <a href=\"https:\/\/doi.org\/10.15488\/12128\" rel='nofollow'>https:\/\/doi.org\/10.15488\/12128<\/a><\/p>\n\n\n\n<p>Krenz, P., Stoltenberg, L., Markert, J., Saubke, D., Redlich, T. (2022): The Phenomenon of Local Manufacturing: An Attempt at a Differentiation of Distributed, Re-distributed and Urban Manufacturing In: CARV 2021\/ MCPC 2021 Proceedings, Andersen et al. (eds.) Towards Sustainable Customization: Bridging Smart Products and Manufacturing Systems 2022, pp. 1014-1022<br>DOI: <a href=\"https:\/\/doi.org\/10.1007\/978-3-030-90700-6_116\" rel='nofollow'>https:\/\/doi.org\/10.1007\/978-3-030-90700-6_116<\/a><\/p>\n","protected":false},"excerpt":{"rendered":"<p>Links: Research-gate, LinkedIN, ORCID Funktion Wissenschaftlicher Mitarbeiter Forschungsbereiche Open Hardware, transversale Produktentwicklung, Lokale Produktion, Arbeitsvorbereitung und Planungsvorbereitung, Produktentwicklung in offenen Communities, Multi-Identit\u00e4re Produktionsnetzwerke Forchungsprojekt Production Next Door vormals Digitale Urbane [&hellip;]<\/p>\n","protected":false},"author":3199,"featured_media":0,"parent":0,"menu_order":0,"comment_status":"closed","ping_status":"closed","template":"","meta":{"footnotes":""},"categories":[8],"tags":[],"class_list":["post-1654","page","type-page","status-publish","hentry","category-team"],"_links":{"self":[{"href":"https:\/\/www.hsu-hh.de\/laft\/wp-json\/wp\/v2\/pages\/1654","targetHints":{"allow":["GET"]}}],"collection":[{"href":"https:\/\/www.hsu-hh.de\/laft\/wp-json\/wp\/v2\/pages"}],"about":[{"href":"https:\/\/www.hsu-hh.de\/laft\/wp-json\/wp\/v2\/types\/page"}],"author":[{"embeddable":true,"href":"https:\/\/www.hsu-hh.de\/laft\/wp-json\/wp\/v2\/users\/3199"}],"replies":[{"embeddable":true,"href":"https:\/\/www.hsu-hh.de\/laft\/wp-json\/wp\/v2\/comments?post=1654"}],"version-history":[{"count":11,"href":"https:\/\/www.hsu-hh.de\/laft\/wp-json\/wp\/v2\/pages\/1654\/revisions"}],"predecessor-version":[{"id":2702,"href":"https:\/\/www.hsu-hh.de\/laft\/wp-json\/wp\/v2\/pages\/1654\/revisions\/2702"}],"wp:attachment":[{"href":"https:\/\/www.hsu-hh.de\/laft\/wp-json\/wp\/v2\/media?parent=1654"}],"wp:term":[{"taxonomy":"category","embeddable":true,"href":"https:\/\/www.hsu-hh.de\/laft\/wp-json\/wp\/v2\/categories?post=1654"},{"taxonomy":"post_tag","embeddable":true,"href":"https:\/\/www.hsu-hh.de\/laft\/wp-json\/wp\/v2\/tags?post=1654"}],"curies":[{"name":"wp","href":"https:\/\/api.w.org\/{rel}","templated":true}]}}