{"id":1486,"date":"2021-08-16T14:51:38","date_gmt":"2021-08-16T12:51:38","guid":{"rendered":"https:\/\/www.hsu-hh.de\/laft\/?page_id=1486"},"modified":"2024-11-18T11:57:53","modified_gmt":"2024-11-18T10:57:53","slug":"svenja-zadow-m-sc","status":"publish","type":"page","link":"https:\/\/www.hsu-hh.de\/laft\/svenja-zadow-m-sc","title":{"rendered":"Svenja Zadow M.Sc."},"content":{"rendered":"<table>\n<tbody>\n<tr>\n<td width=\"135\">Postanschrift<\/td>\n<td width=\"255\">Helmut-Schmidt-Universit\u00e4t<br \/>\nFakult\u00e4t f\u00fcr Maschinenbau<br \/>\nLaboratorium Fertigungstechnik<br \/>\nHolstenhofweg 85<br \/>\n22043 Hamburg<\/td>\n<td rowspan=\"8\" width=\"214\">|<img loading=\"lazy\" decoding=\"async\" class=\"aligncenter wp-image-1487 \" src=\"https:\/\/www.hsu-hh.de\/laft\/wp-content\/uploads\/sites\/671\/2021\/08\/SZadow_Passbild-300x214.jpg\" alt=\"Svenja Zadow\" width=\"346\" height=\"247\" data-credit=\"Svenja Zadow\" srcset=\"https:\/\/www.hsu-hh.de\/laft\/wp-content\/uploads\/sites\/671\/2021\/08\/SZadow_Passbild-300x214.jpg 300w, https:\/\/www.hsu-hh.de\/laft\/wp-content\/uploads\/sites\/671\/2021\/08\/SZadow_Passbild-1024x731.jpg 1024w, https:\/\/www.hsu-hh.de\/laft\/wp-content\/uploads\/sites\/671\/2021\/08\/SZadow_Passbild-768x548.jpg 768w, https:\/\/www.hsu-hh.de\/laft\/wp-content\/uploads\/sites\/671\/2021\/08\/SZadow_Passbild-1100x785.jpg 1100w, https:\/\/www.hsu-hh.de\/laft\/wp-content\/uploads\/sites\/671\/2021\/08\/SZadow_Passbild.jpg 1127w\" sizes=\"auto, (max-width: 346px) 100vw, 346px\" \/><\/td>\n<\/tr>\n<tr>\n<td width=\"135\">Raum<\/td>\n<td width=\"255\">tba<\/td>\n<\/tr>\n<tr>\n<td width=\"135\">Geb\u00e4ude<\/td>\n<td width=\"255\">H1<\/td>\n<\/tr>\n<tr>\n<td width=\"135\">Telefon<\/td>\n<td width=\"255\">040 &#8211; 6541 &#8211; 3864<\/td>\n<\/tr>\n<tr>\n<td width=\"135\">Fax<\/td>\n<td width=\"255\">040 &#8211; 6541 &#8211; 2839<\/td>\n<\/tr>\n<tr>\n<td width=\"135\">E-Mail<\/td>\n<td width=\"255\">svenja.zadow@hsu-hh.de<\/td>\n<\/tr>\n<tr>\n<td width=\"135\">Funktion<\/td>\n<td width=\"255\">EHEMALIGE<\/td>\n<\/tr>\n<tr>\n<td width=\"135\">Forschungsbereiche<\/td>\n<td width=\"255\">Urban Production, Open Production, Agricultural Economics, Digital Transformation<\/td>\n<\/tr>\n<tr>\n<td width=\"135\">Ver\u00f6ffentlichungen<\/td>\n<td colspan=\"2\" width=\"469\"><\/td>\n<\/tr>\n<\/tbody>\n<\/table>\n","protected":false},"excerpt":{"rendered":"<p>Postanschrift Helmut-Schmidt-Universit\u00e4t Fakult\u00e4t f\u00fcr Maschinenbau Laboratorium Fertigungstechnik Holstenhofweg 85 22043 Hamburg | Raum tba Geb\u00e4ude H1 Telefon 040 &#8211; 6541 &#8211; 3864 Fax 040 &#8211; 6541 &#8211; 2839 E-Mail svenja.zadow@hsu-hh.de [&hellip;]<\/p>\n","protected":false},"author":2477,"featured_media":0,"parent":0,"menu_order":0,"comment_status":"closed","ping_status":"closed","template":"","meta":{"footnotes":""},"categories":[4,8],"tags":[],"class_list":["post-1486","page","type-page","status-publish","hentry","category-forschung","category-team"],"_links":{"self":[{"href":"https:\/\/www.hsu-hh.de\/laft\/wp-json\/wp\/v2\/pages\/1486","targetHints":{"allow":["GET"]}}],"collection":[{"href":"https:\/\/www.hsu-hh.de\/laft\/wp-json\/wp\/v2\/pages"}],"about":[{"href":"https:\/\/www.hsu-hh.de\/laft\/wp-json\/wp\/v2\/types\/page"}],"author":[{"embeddable":true,"href":"https:\/\/www.hsu-hh.de\/laft\/wp-json\/wp\/v2\/users\/2477"}],"replies":[{"embeddable":true,"href":"https:\/\/www.hsu-hh.de\/laft\/wp-json\/wp\/v2\/comments?post=1486"}],"version-history":[{"count":7,"href":"https:\/\/www.hsu-hh.de\/laft\/wp-json\/wp\/v2\/pages\/1486\/revisions"}],"predecessor-version":[{"id":2537,"href":"https:\/\/www.hsu-hh.de\/laft\/wp-json\/wp\/v2\/pages\/1486\/revisions\/2537"}],"wp:attachment":[{"href":"https:\/\/www.hsu-hh.de\/laft\/wp-json\/wp\/v2\/media?parent=1486"}],"wp:term":[{"taxonomy":"category","embeddable":true,"href":"https:\/\/www.hsu-hh.de\/laft\/wp-json\/wp\/v2\/categories?post=1486"},{"taxonomy":"post_tag","embeddable":true,"href":"https:\/\/www.hsu-hh.de\/laft\/wp-json\/wp\/v2\/tags?post=1486"}],"curies":[{"name":"wp","href":"https:\/\/api.w.org\/{rel}","templated":true}]}}