{"id":1437,"date":"2021-07-22T12:27:09","date_gmt":"2021-07-22T10:27:09","guid":{"rendered":"https:\/\/www.hsu-hh.de\/laft\/?page_id=1437"},"modified":"2026-01-07T11:37:54","modified_gmt":"2026-01-07T10:37:54","slug":"luisa-lange","status":"publish","type":"page","link":"https:\/\/www.hsu-hh.de\/laft\/luisa-lange","title":{"rendered":""},"content":{"rendered":"\n\n\n\n<script type=\"application\/ld+json\">[{\"@context\": \"https:\/\/www.schema.org\",\"@type\": \"Person\",\"name\": \"Dr.-Ing. Luisa Lange\",\"worksFor\": [{\t\"@type\": \"Organization\",\t\"name\": \"Helmut-Schmidt-Universit\u00e4t, Fakult\u00e4t f\u00fcr Maschinenbau\",\t\"url\": \"https:\/\/www.hsu-hh.de\"\t, \"department\": {\"@type\": \"Organization\",\t\t\t\t\t\"name\": \"Laboratorium Fertigungstechnik\",\t\t\t\t\t\"location\": {\t\t\t\t\t\t\"@type\": \"PostalAddress\",\t\t\t\t\t\t\"addressLocality\": \"\",        \t\t\t\t\"postalCode\": \"22043\",        \t\t\t\t\"streetAddress\": \"Holstenhofweg 85 , Laboratorium Fertigungstechnik\"\t\t\t\t\t}},\t\"location\": {\t\t\"@type\": \"PostalAddress\",    \t\"addressLocality\": \"\",    \t\"postalCode\": \"22043\",    \t\"postOfficeBoxNumber\": \"85\"\t}   }],\"image\": \"https:\/\/www.hsu-hh.de\/laft\/wp-content\/uploads\/sites\/671\/2024\/04\/Picture-Luisa-Lange-2024-scaled-e1738068936422-150x150.jpg\",\"telephone\": \"040 - 6541 - 3887\",\"faxNumber\": \"040 - 6541 - 2839\",\"email\": \"luisa.lange@hsu-hh.de\"}]<\/script><div class=\"clearfix\"><\/div><div class=\"ansprechparter-container \" style=\"margin-top:1em; \"><div class=\"row ansprechpartner-item ansprechparter-header\" ><div class=\"col-xs-8 col-lg-12\" style=\"margin-bottom: 30px;\"><h3 class=\"ansprechparter-headline\">Dr.-Ing. Luisa Lange<\/h3><\/div><\/div><div class=\"col-md-4 col-lg-3 col-xs-4 ansprechpartner-item floatright img-circle center-block\" style=\"margin-bottom: 30px;\"><div class=\"img-responsive-wrapper\"><img decoding=\"async\" src=\"https:\/\/www.hsu-hh.de\/laft\/wp-content\/uploads\/sites\/671\/2024\/04\/Picture-Luisa-Lange-2024-scaled-e1738068936422-150x150.jpg\" alt=\"\" class=\"img-circle img-responsive center-block\" \/><\/div><\/div><div class=\"col-md-12 col-lg-3 col-xs-12 ansprechpartner-item kontakt floatright\" style=\"margin-bottom: 30px; \"><div class=\"row\"><div class=\"col-xs-12 col-sm-6 col-lg-12\"><div class=\"row\"><div class=\"col-xs-4 col-lg-4 row-text bold\" >Raum:<\/div><div class=\" row-text\">H1<\/div><\/div><\/div><div class=\"col-xs-12 col-sm-6 col-lg-12\"><div class=\"row\"><div class=\"col-xs-4 col-lg-4 row-text bold\">Telefon:<\/div><div class=\" row-text\">040 &#8211; 6541 &#8211; 3887<\/div><\/div><\/div><div class=\"col-xs-12 col-sm-6 col-lg-12\"><div class=\"row\"><div class=\"col-xs-4 col-lg-4 row-text bold\">Fax:<\/div><div class=\"row-text\">040 &#8211; 6541 &#8211; 2839<\/div><\/div><\/div><div class=\"col-xs-12 col-sm-6 col-lg-12\"><div class=\"row\"><div class=\"col-xs-4 col-lg-4 row-text bold\">E-Mail:<\/div><div class=\"row-text\" style=\"overflow:hidden; word-break: break-word\"><a href=\"mailto:luisa.lange@hsu-hh.de\" rel=\"nofollow\">luisa.lange@hsu-hh.de<\/a><\/div><\/div><\/div><\/div><\/div><div class=\"col-md-6 col-lg-3 col-xs-12 ansprechpartner-item anschrift floatright\" ><div class=\"row-headline\">Besucheranschrift<\/div><div class=\"dataBesucheranschrift\" style=\"\"><div class=\"row-text\">Helmut-Schmidt-Universit\u00e4t<\/div><div class=\"row-text\">Fakult\u00e4t f\u00fcr Maschinenbau<\/div><div class=\"row-text\">Laboratorium Fertigungstechnik<\/div><div class=\"row-text\">Holstenhofweg 85<\/div><div class=\"row-text\">22043 Hamburg<\/div><\/div><\/div><div class=\"col-md-6 col-lg-3 col-xs-12 ansprechpartner-item anschrift floatright\"><div class=\"row-headline\">Postanschrift<\/div><div class=\"dataPostanschrift\" style=\"\"><div class=\"row-text\">Helmut-Schmidt-Universit\u00e4t<\/div><div class=\"row-text\">Fakult\u00e4t f\u00fcr Maschinenbau<\/div><div class=\"row-text\">Laboratorium Fertigungstechnik<\/div><div class=\"row-text\">Holstenhofweg 85<\/div><div class=\"row-text\">22043 Hamburg<\/div><\/div><\/div><\/div><div class=\"clearfix\"><\/div>\n\n\n<p><strong>Funktion<\/strong><\/p>\n\n\n\n<p>Research Associate<\/p>\n\n\n\n<p><strong>Forschungsbereiche<\/strong><\/p>\n\n\n\n<p>Machine Usability<\/p>\n\n\n\n<p><strong>Ver\u00f6ffentlichungen<\/strong><\/p>\n\n\n\n<p>Luisa Lange, Sonja Buxbaum-Conradi, Manuel Moritz, Tobias Redlich, Jens P. Wulfsberg (2024)<br>Der Regelkreis der Bedienbarkeit \u2013 ein soziotechnischer Ansatz zur Bedienbarkeit von Werkzeugmaschinen. In: Werkstattechnik Online \u2013 2024\/06 \u2013 Sachheft Arbeitsgestaltung\/-organisation https:\/\/doi.org\/10.37544\/1436\u20134980\u20132024\u201306\u201396<\/p>\n\n\n\n<p>Gaia Di Martino, Jorge Cesar Mariscal-Melgar, Luisa Lange, Mohammed Omer, Tobias Redlich, Jens P. Wulfsberg, Daniele Ingrassia (2\u00df24)<br>Entwicklung und Prototyping von Open-Source-Maschinen f\u00fcr die digitale Fertigung: Case Study OLSK Small Laser In: Werkstattechnik Online \u2013 2024\/06 \u2013 Sachheft Advanced System engineering &#8211; Arbeitsgestaltung\/-organisation: https:\/\/doi.org\/10.37544\/1436-4980-2024-06-112<\/p>\n\n\n\n<p>Luisa Lange, Sonja Buxbaum-Conradi, Manuel Moritz, Jacqueline Bertlich, Tobias Redlich, Jens P. Wulfsberg (2024) On the Usability of Open-Source Machine Tools<br>In: Global collaboration, local production &#8211; How Fab Cities enable circular economy, Springer-Verlag, Moritz, M., Redlich, T., Buxbaum-Conradi, S., &amp; Wulfsberg, J. P. (Eds.). https:\/\/doi.org\/10.1007\/978-3-658-44114-2_18<\/p>\n\n\n\n<p>Lange, L., Conradi, S., Redlich, T., Wulfsberg, J. (2023). Exploring Fear and Hesitancy among Machine Tool Operators &#8211; A socio-technical approach on enhancing machine tool usability from a developer, educator and user perspective.. In: Tareq Ahram and Christianne Falc\u00e3o (eds) Human-Centered Design and User Experience. AHFE (2023) International Conference. AHFE Open Access, vol 114. AHFE International, USA. http:\/\/doi.org\/10.54941\/ahfe1004292Lange L, Buxbaum-Conradi S, Redlich T, Wulfsberg JP. Sozio-technische Einflussfaktoren auf die Bedienbarkeit von Werkzeugmaschinen: Eine explorative Studie zur Erhebung zentraler Einflussbereiche der Bedienbarkeit aus Anwender-, Ausbilder- und Entwicklerperspektive. Zeitschrift f\u00fcr wirtschaftlichen Fabrikbetrieb. 2023 Jun 1;118(6):371\u20135.<\/p>\n\n\n\n<p>Lennart Hildebrandt, Svenja Zadow, Luisa Lange, Michel Langhammer, Manuel Moritz, Tobias Redlich, Jens P. Wulfsberg (2022): What Are The Role And Capabilities Of Fab Labs As A Contribution To A Resilient City? Insights From The Fab City Hamburg, Proceedings of the 3rd Conference on Production Systems and Logistics (CPSL 2022). Vancouver: publish-<abbr title=\"Ingenieur\">Ing.<\/abbr>, pp. 192-205<\/p>\n\n\n\n<p>Boldt S, R\u00f6si\u00f6 C, Bergstr\u00f6m A, J\u00f6dicke L. Assessment of Reconfigurability Level within Existing Manufacturing Systems. Procedia CIRP. 2021;104:1458\u201363.<\/p>\n\n\n\n<p>Lange, Luisa; Langhammer, Michel; Buxbaum-Conradi, Sonja; Moritz, Manuel; Omer, Mohammed; Redlich, Tobias; Wulfsberg, Jens P.: Community-based replication of Open Source Machine Tools.<br>With assistance of Helmut-Schmidt-Universit\u00e4t Hamburg: Helmut-Schmidt-Universit\u00e4t Hamburg. Available online at https:\/\/openhsu.ub.hsu-hh.de\/handle\/10.24405\/14533.<\/p>\n","protected":false},"excerpt":{"rendered":"<p>Funktion Research Associate Forschungsbereiche Machine Usability Ver\u00f6ffentlichungen Luisa Lange, Sonja Buxbaum-Conradi, Manuel Moritz, Tobias Redlich, Jens P. Wulfsberg (2024)Der Regelkreis der Bedienbarkeit \u2013 ein soziotechnischer Ansatz zur Bedienbarkeit von Werkzeugmaschinen. [&hellip;]<\/p>\n","protected":false},"author":2477,"featured_media":0,"parent":0,"menu_order":0,"comment_status":"closed","ping_status":"closed","template":"","meta":{"footnotes":""},"categories":[8],"tags":[],"class_list":["post-1437","page","type-page","status-publish","hentry","category-team"],"_links":{"self":[{"href":"https:\/\/www.hsu-hh.de\/laft\/wp-json\/wp\/v2\/pages\/1437","targetHints":{"allow":["GET"]}}],"collection":[{"href":"https:\/\/www.hsu-hh.de\/laft\/wp-json\/wp\/v2\/pages"}],"about":[{"href":"https:\/\/www.hsu-hh.de\/laft\/wp-json\/wp\/v2\/types\/page"}],"author":[{"embeddable":true,"href":"https:\/\/www.hsu-hh.de\/laft\/wp-json\/wp\/v2\/users\/2477"}],"replies":[{"embeddable":true,"href":"https:\/\/www.hsu-hh.de\/laft\/wp-json\/wp\/v2\/comments?post=1437"}],"version-history":[{"count":15,"href":"https:\/\/www.hsu-hh.de\/laft\/wp-json\/wp\/v2\/pages\/1437\/revisions"}],"predecessor-version":[{"id":2825,"href":"https:\/\/www.hsu-hh.de\/laft\/wp-json\/wp\/v2\/pages\/1437\/revisions\/2825"}],"wp:attachment":[{"href":"https:\/\/www.hsu-hh.de\/laft\/wp-json\/wp\/v2\/media?parent=1437"}],"wp:term":[{"taxonomy":"category","embeddable":true,"href":"https:\/\/www.hsu-hh.de\/laft\/wp-json\/wp\/v2\/categories?post=1437"},{"taxonomy":"post_tag","embeddable":true,"href":"https:\/\/www.hsu-hh.de\/laft\/wp-json\/wp\/v2\/tags?post=1437"}],"curies":[{"name":"wp","href":"https:\/\/api.w.org\/{rel}","templated":true}]}}