{"id":1429,"date":"2021-07-22T12:18:06","date_gmt":"2021-07-22T10:18:06","guid":{"rendered":"https:\/\/www.hsu-hh.de\/laft\/?page_id=1429"},"modified":"2024-07-26T14:13:51","modified_gmt":"2024-07-26T12:13:51","slug":"dr-phil-jana-koppe","status":"publish","type":"page","link":"https:\/\/www.hsu-hh.de\/laft\/dr-phil-jana-koppe","title":{"rendered":""},"content":{"rendered":"\n\n<script type=\"application\/ld+json\">[{\"@context\": \"https:\/\/www.schema.org\",\"@type\": \"Person\",\"name\": \"Dr. phil. Jana Koppe\",\"worksFor\": [{\t\"@type\": \"Organization\",\t\"name\": \"Helmut-Schmidt-Universit\u00e4t\",\t\"url\": \"https:\/\/www.hsu-hh.de\"\t, \"department\": {\"@type\": \"Organization\",\t\t\t\t\t\"name\": \"Laboratorium Fertigungstechnik\",\t\t\t\t\t\"location\": {\t\t\t\t\t\t\"@type\": \"PostalAddress\",\t\t\t\t\t\t\"addressLocality\": \"\",        \t\t\t\t\"postalCode\": \"22043\",        \t\t\t\t\"streetAddress\": \"Holstenhofweg 85 , Geb\u00e4ude H1\"\t\t\t\t\t}},\t\"location\": {\t\t\"@type\": \"PostalAddress\",    \t\"addressLocality\": \"\",    \t\"postalCode\": \"22043\",    \t\"postOfficeBoxNumber\": \"85\"\t}   }],\"image\": \"https:\/\/www.hsu-hh.de\/laft\/wp-content\/uploads\/sites\/671\/2021\/07\/Jana-Koppe-150x150.jpg\",\"telephone\": \"040 - 6541 - 3853\",\"faxNumber\": \"040 - 6541 - 2839\",\"email\": \"Jana.koppe@hsu-hh.de\"}]<\/script><div class=\"clearfix\"><\/div><div class=\"ansprechparter-container \" style=\"margin-top:1em; \"><div class=\"row ansprechpartner-item ansprechparter-header\" ><div class=\"col-xs-8 col-lg-12\" style=\"margin-bottom: 30px;\"><h3 class=\"ansprechparter-headline\">Dr. phil. Jana Koppe<\/h3><\/div><\/div><div class=\"col-md-4 col-lg-3 col-xs-4 ansprechpartner-item floatright img-circle center-block\" style=\"margin-bottom: 30px;\"><div class=\"img-responsive-wrapper\"><img decoding=\"async\" src=\"https:\/\/www.hsu-hh.de\/laft\/wp-content\/uploads\/sites\/671\/2021\/07\/Jana-Koppe-150x150.jpg\" alt=\"Dr. Phil. Jana Koppe\" class=\"img-circle img-responsive center-block\" \/><\/div><\/div><div class=\"col-md-12 col-lg-3 col-xs-12 ansprechpartner-item kontakt floatright\" style=\"margin-bottom: 30px; \"><div class=\"row\"><div class=\"col-xs-12 col-sm-6 col-lg-12\"><div class=\"row\"><div class=\"col-xs-4 col-lg-4 row-text bold\" >Raum:<\/div><div class=\" row-text\">1316<\/div><\/div><\/div><div class=\"col-xs-12 col-sm-6 col-lg-12\"><div class=\"row\"><div class=\"col-xs-4 col-lg-4 row-text bold\">Telefon:<\/div><div class=\" row-text\">040 &#8211; 6541 &#8211; 3853<\/div><\/div><\/div><div class=\"col-xs-12 col-sm-6 col-lg-12\"><div class=\"row\"><div class=\"col-xs-4 col-lg-4 row-text bold\">Fax:<\/div><div class=\"row-text\">040 &#8211; 6541 &#8211; 2839<\/div><\/div><\/div><div class=\"col-xs-12 col-sm-6 col-lg-12\"><div class=\"row\"><div class=\"col-xs-4 col-lg-4 row-text bold\">E-Mail:<\/div><div class=\"row-text\" style=\"overflow:hidden; word-break: break-word\"><a href=\"mailto:Jana.koppe@hsu-hh.de\" rel=\"nofollow\">Jana.koppe@hsu-hh.de<\/a><\/div><\/div><\/div><\/div><\/div><div class=\"col-md-6 col-lg-3 col-xs-12 ansprechpartner-item anschrift floatright\" ><div class=\"row-headline\">Besucheranschrift<\/div><div class=\"dataBesucheranschrift\" style=\"\"><div class=\"row-text\">Helmut-Schmidt-Universit\u00e4t<\/div><div class=\"row-text\">Geb\u00e4ude H1<\/div><div class=\"row-text\">Holstenhofweg 85<\/div><div class=\"row-text\">22043 Hamburg<\/div><\/div><\/div><div class=\"col-md-6 col-lg-3 col-xs-12 ansprechpartner-item anschrift floatright\"><div class=\"row-headline\">Postanschrift<\/div><div class=\"dataPostanschrift\" style=\"\"><div class=\"row-text\">Helmut-Schmidt-Universit\u00e4t<\/div><div class=\"row-text\">Fakult\u00e4t f\u00fcr Maschinenbau<\/div><div class=\"row-text\">Laboratorium Fertigungstechnik<\/div><div class=\"row-text\">Holstenhofweg 85<\/div><div class=\"row-text\">22043 Hamburg<\/div><\/div><\/div><\/div><div class=\"clearfix\"><\/div>\n\n\n<p><\/p>\n\n\n\n<p><strong>Funktion<\/strong><\/p>\n\n\n\n<p>Wissenschaftlicher Mitarbeiterin, Project Manager<\/p>\n\n\n\n<p><strong>Forschungsbereiche<\/strong><\/p>\n\n\n\n<p>Transportation Ecosystems and Future Mobility, Urban Production, Circular Economy, Sustainability Transformation<\/p>\n\n\n\n<p><strong>Publikationen<\/strong><\/p>\n\n\n\n<p>Koppe, J. C.; Saubke, D.; Redlich, T.: Towards Circular Cities &#8211; The Dynamics Of Supply Chains And Local Manufacturing. In: Herberger, D.; H\u00fcbner, M. (Eds.): Proceedings of the CPSL 2024. Hannover : publish-<abbr title=\"Ingenieur\">Ing.<\/abbr>, 2024, S. 303-314. DOI: https:\/\/doi.org\/10.15488\/17722<\/p>\n\n\n\n<p>Wildhack, A., Koppe, J., Knieling, J. (2024). Transitioning to a Fab City: A Governance Perspective. In: Moritz, M., Redlich, T., Buxbaum-Conradi, S., Wulfsberg, J.P. (eds) Global collaboration, local production. SDG &#8211; Forschung, Konzepte, L\u00f6sungsans\u00e4tze zur Nachhaltigkeit. Springer Gabler, Wiesbaden. https:\/\/doi.org\/10.1007\/978-3-658-44114-2_6&nbsp;<\/p>\n\n\n\n<p>Buxbaum-Conradi, S., Koppe, J., Moritz, M., Redlich, T., &amp; Wulfsberg, J. P. (2022). Fab City Hamburg: A living lab approach to explore new forms of open, distributed manufacturing in an urban context.&nbsp;dtec.bw-Beitr\u00e4ge der Helmut-Schmidt-Universit\u00e4t \/ Universit\u00e4t der Bundeswehr Hamburg: Forschungsaktivit\u00e4ten im Zentrum f\u00fcr Digitalisierungs- und Technologieforschung der Bundeswehr dtec.bw \u2013 Band 1 \u00b7 2022.&nbsp;https:\/\/doi.org\/10.24405\/14534&nbsp;<\/p>\n\n\n\n<p>Koppe, J. (2019) Innovative Transport on the Rhine-Alpine Corridor: An Economic Geographical Simulation and Transport Analysis of Locations, Infrastructures, and Potentials for a Smart Rail Freight Line System. Dissertationsschrift, Universit\u00e4t Duisburg-Essen (Geographie in der Praxis <abbr title=\"Band\">Bd.<\/abbr>8, Berlin 2019)<\/p>\n\n\n\n<p>Rosa, A. et al (2018): European Rail Freight Line System (ERFLS), Final Report, available:  <a href=\"https:\/\/www.egtc-rhine-alpine.eu\/files\/2021\/04\/ERFLS_publishversion.pdf\" rel='nofollow'>https:\/\/www.egtc-rhine-alpine.eu\/files\/2021\/04\/ERFLS_publishversion.pdf<\/a><\/p>\n","protected":false},"excerpt":{"rendered":"<p>Funktion Wissenschaftlicher Mitarbeiterin, Project Manager Forschungsbereiche Transportation Ecosystems and Future Mobility, Urban Production, Circular Economy, Sustainability Transformation Publikationen Koppe, J. C.; Saubke, D.; Redlich, T.: Towards Circular Cities &#8211; The [&hellip;]<\/p>\n","protected":false},"author":2477,"featured_media":0,"parent":0,"menu_order":0,"comment_status":"closed","ping_status":"closed","template":"","meta":{"footnotes":""},"categories":[8],"tags":[],"class_list":["post-1429","page","type-page","status-publish","hentry","category-team"],"_links":{"self":[{"href":"https:\/\/www.hsu-hh.de\/laft\/wp-json\/wp\/v2\/pages\/1429","targetHints":{"allow":["GET"]}}],"collection":[{"href":"https:\/\/www.hsu-hh.de\/laft\/wp-json\/wp\/v2\/pages"}],"about":[{"href":"https:\/\/www.hsu-hh.de\/laft\/wp-json\/wp\/v2\/types\/page"}],"author":[{"embeddable":true,"href":"https:\/\/www.hsu-hh.de\/laft\/wp-json\/wp\/v2\/users\/2477"}],"replies":[{"embeddable":true,"href":"https:\/\/www.hsu-hh.de\/laft\/wp-json\/wp\/v2\/comments?post=1429"}],"version-history":[{"count":16,"href":"https:\/\/www.hsu-hh.de\/laft\/wp-json\/wp\/v2\/pages\/1429\/revisions"}],"predecessor-version":[{"id":2984,"href":"https:\/\/www.hsu-hh.de\/laft\/wp-json\/wp\/v2\/pages\/1429\/revisions\/2984"}],"wp:attachment":[{"href":"https:\/\/www.hsu-hh.de\/laft\/wp-json\/wp\/v2\/media?parent=1429"}],"wp:term":[{"taxonomy":"category","embeddable":true,"href":"https:\/\/www.hsu-hh.de\/laft\/wp-json\/wp\/v2\/categories?post=1429"},{"taxonomy":"post_tag","embeddable":true,"href":"https:\/\/www.hsu-hh.de\/laft\/wp-json\/wp\/v2\/tags?post=1429"}],"curies":[{"name":"wp","href":"https:\/\/api.w.org\/{rel}","templated":true}]}}