{"id":1417,"date":"2021-07-21T21:45:56","date_gmt":"2021-07-21T19:45:56","guid":{"rendered":"https:\/\/www.hsu-hh.de\/laft\/?page_id=1417"},"modified":"2021-07-21T21:45:56","modified_gmt":"2021-07-21T19:45:56","slug":"patents-and-utility-models","status":"publish","type":"page","link":"https:\/\/www.hsu-hh.de\/laft\/en\/patents-and-utility-models","title":{"rendered":"Patents and utility models"},"content":{"rendered":"\n<ol class=\"wp-block-list\"><li>Fette, M.; Hentschel, M.; Ruppert, B.; Vichniakov, A.:<br><strong>Faserverbundbauteil mit einer Elastomerdichtung sowie ein Verfahren zu dessen Herstellung \/ Fibre Composite Component Having An Elastomer Seal And A Method Of Production Thereof<br><\/strong>Patentanmeldung 30.08.2018, Aktenzeichen DE 102017119933 \/ US 020190061285A1&nbsp;\/ CN000109421294A<\/li><li>Fette, M.; Hentschel, M.; Wulfsberg, J.P.; Herrmann, A.S.:<br><strong>Applikationsvorrichtung und Verfahren zum Ausgeben eines Formfaserverbundstrangs \/ Application Device And Method For Dispensing A Formed Fibre Composite Strand<br><\/strong>Patentanmeldung 30.08.2018, Aktenzeichen DE 102017119936 \/ US 020190061288A1 \/ EP000003450146A1<\/li><li>B. Otten, R. Weidner:<br><strong>System und Verfahren zur Reduktion von auf einen Arm eines Menschen wirkenden Kr\u00e4ften<\/strong><br>DE 2018082212170500, 2018<\/li><li>R. Weidner, B. Otten, M. Fethke, J. Klabunde, J. P. Wulfsberg:<br><strong>System zur Muskelkraftunterst\u00fctzung<\/strong><br>DE-Patentanmeldung, DE 10 2018 105 549.8, 2018.<\/li><li>Fette, M.; Hentschel, M.; Roth, I.:<br><strong>Gep\u00e4ckfach zur rumpf- oder deckenseitigen Installation in einem Fahrzeug und Verfahren zum Herstellen eines derartigen Gep\u00e4ckfachs \/ Luggage compartment for installation on the fuselage or ceiling in a vehicle, and method for producing a luggage compartment of said type<br><\/strong>Patentanmeldung 31.07.2017, Aktenzeichen DE 102017117274 \/ US020190031351A1 \/ CN000109319122A<\/li><li>Fette, M.; Goehlich R.A.; Krohne, I.; Weidner, R.; Wulfsberg, J.P.; Yao, Z.:<br><strong>Wearable apparatus for assisting a human when performing a load-involved task<\/strong><br>Patentanmeldung 13.06.2017, Aktenzeichen EP 000003278938A1<\/li><li>Fette, M.; Weidner, R.; Wulfsberg, J.P.:<br><strong>Leichter und Anthropomorpher Sitz<\/strong><br>Patentanmeldung 24.01.2017, Aktenzeichen DE 102017201102<\/li><li>Fette, M.; Hentschel, M.; Wulfsberg, J.P.; Herrmann, A.S.:<br><strong>Verfahren und eine Vorrichtung zur Herstellung eines Produktstrangs<\/strong><br>Patentanmeldung 19.01.2017, Aktenzeichen DE 102017101023<\/li><li>Fette, M.; Brandt, M.; Dorner, R.; Lahn, M.:<br><strong>Aufsetzverbinder und System<br><\/strong>Patentanmeldung 30.11.2016, Aktenzeichen DE 102016123161<\/li><li>Fette, M.; Brandt, M.; Dorner, R.; Lahn, M.:<br><strong>Profilrohr, Schellenverbinder, Schelle, System sowie Verfahren zur Herstellung eines Profilrohrs<br><\/strong>Patentanmeldung 30.11.2016, Aktenzeichen DE 102016123170<\/li><li>Fette, M.; Lonsdorfer, G.:<br><strong>Verfahren zur Herstellung eines vorgeformten Verbundhalbzeugs sowie Verfahren zur Herstellung eines Faserverbundbauteils<br><\/strong>Patentanmeldung 21.09.2016, Aktenzeichen DE 102016117798<\/li><li>Fette, M.; Hentschel, M.; Wulfsberg, J.P.; Herrmann, A.S.:<br><strong>System und Verfahren zur Herstellung eines Faserverbundhalbzeugs sowie ein Verfahren zur Herstellung eines Faserverbundbauteils<br><\/strong>Patentanmeldung 21.09.2016, Aktenzeichen DE 102016117799<\/li><li>Fette, M.; Roth, I.:<br><strong>Verfahren zur Herstellung eines Faserverbundbauteils \/ Method for producing a fiber composite component<br><\/strong>Patentanmeldung 12.09.2016, Aktenzeichen DE 102016117103 \/ US 020180072004A1 \/ CN 000107813511A<\/li><li>Fette, M.; Hentschel, M.; Meyer, T.; Wulfsberg, J.P.:<br><strong>Faserverbundbauteil und Verfahren zur Herstellung eines Faserverbundbauteils<br><\/strong>Patentanmeldung 07.09.2016, Aktenzeichen DE 102016116788<\/li><li>Fette, M.; Herrmann, A.S.; Lonsdorfer, G.; Wulfsberg, J.P.:<br><strong>Verfahren zum Herstellen eines Strukturbauteils aus Faserverbundwerkstoff<br><\/strong>Patentanmeldung 31.08.2016, Aktenzeichen DE 102016116284<\/li><li>Fette, M.; Hentschel, M.; Wulfsberg, J.P.; Herrmann, A.S.:<br><strong>Verfahren zur Herstellung eines vorgeformten Halbzeugs und Verfahren zur Herstellung eines Faserverbundbauteils<br><\/strong>Patentanmeldung 25.08.2016, Aktenzeichen DE 102016115830<\/li><li>Fette, M.; Hentschel, M.; Wulfsberg, J.P.; Herrmann, A.S.:<br><strong>Sandwichbauteil sowie Verfahren zur Herstellung daf\u00fcr<br><\/strong>Patentanmeldung 25.08.2016, Aktenzeichen DE 102016115831<\/li><li>Fette, M.; Backhaus, S.; Lonsdorfer, G.:<br><strong>Technik zur kontinuierlichen Fertigung von Bauteilen mit faserverst\u00e4rkten Verbundmaterialien<\/strong><br>Patentanmeldung 08.08.2016, Aktenzeichen DE 102016214654<\/li><li>Fette, M.; Roth, I.:<br><strong>Verfahren zur Herstellung eines Gep\u00e4ckfachs f\u00fcr eine Flugzeugkabine \/ A method for manufacturing an overhead stowage compartment for an aircraft cabin<\/strong><br>Patentanmeldung 03.06.2016, Aktenzeichen EP 16172979 \/ US 020170349288A1<\/li><li>Fette, M.; Wulfsberg, J.P.; Schwake, K.; Neuhaus, F.; Juedes, W.:<br><strong>Bearbeitungsvorrichtung und Verfahren zum Betreiben einer Bearbeitungsvorrichtung<\/strong><br>Patentanmeldung 22.04.2016, Aktenzeichen DE 102016107514<\/li><li>Fette, M.; Wulfsberg, J.P.; Schwake, K.; Neuhaus, F.; Juedes, W.:<br><strong>Bearbeitungsvorrichtung, Flowline und Verfahren zum Betreiben einer Bearbeitungsvorrichtung<\/strong><br>Patentanmeldung 22.04.2016, Aktenzeichen DE102016107532A1<\/li><li>Fette, M.; Herrmann, A.S.; Reiss, M.; Roth, I.; Stoess, N.:<br><strong>Verfahren zur Herstellung eines Sandwichbauteils<\/strong><br>Patentanmeldung 11.11.2015, Aktenzeichen DE 10201511940<\/li><li>T. Meyer, R. Weidner, J. P. Wulfsberg:<br><strong>Modulare exoskelettale Wirbels\u00e4ule<\/strong><br>DE-Patentanmeldung, DE 10 2016 122 282.8, 2016.<\/li><li>Yao, R. Weidner, J. P. Wulfsberg:<br><strong>Vorrichtung und Verfahren zur Muskelkraftunterst\u00fctzung<\/strong><br>DE-Patentanmeldung, DE 10 2016 123 153.3, 2016.<\/li><li>M\u00fcller, R. Weidner, A. Schweim, M. Schweim, S. Grube:<br><strong>Elastisches und steuerbares Gelenk, insbesondere zur Verwendung in k\u00f6rpernahen Systemen<\/strong><br>E-Patentanmeldung 10 2016 004 695.3, 2016.<\/li><li>Weidner, B. Otten, A. Argubi-Wollesen, J. P. Wulfsberg:<br><strong>St\u00fctzvorrichtung f\u00fcr T\u00e4tigkeiten in und \u00fcber Kopfh\u00f6he<\/strong><br>Deutsche Patentanmeldung, DE 10 2016 003 063.1, 2016.<\/li><li>Weidner, A. Argubi-Wollesen, J. P. Wulfsberg:<br><strong>Steuerbare Facettenelemente<\/strong><br>Deutsche Patentanmeldung, DE102015016643.3, 2015.<\/li><li>Weidner, T. Meyer, J. P. Wulfsberg:<br><strong>Schaltbare Lamellenstruktur<\/strong><br>Deutsche Patentanmeldung, 2015.<\/li><li>Fette, M.; Wulfsberg, J.; Herrmann, A.S.; Seegel, H.; Lonsdorfer, G.; Schiebel, P.:<br><strong>Verfahren zur Herstellung eines Bauteils<\/strong><br>Patentanmeldung 18.08.2015, Aktenzeichen DE 102015113688<\/li><li>Fette, M.; Herrmann, A.S.; Sander, P.; Wulfsberg, J.:<br><strong>Compression mould, compression moulding tool and compression molding method<\/strong><br>Patentanmeldung 25.06.2015, Aktenzeichen EP000003109033A1 \/ US020160375609A1<\/li><li>Fette, M.; Born, J.; Herrmann, A.S.:<br><strong>Additive manufacturing system and method for performing additive manufacturing on thermoplastic sheets<\/strong><br>Patentanmeldung 13.07.2015, Aktenzeichen EP000003117985A1 \/ US020170015066A1<\/li><li>Fette, M.; Meyer, F.:<br><strong>Befestigungseinsatz, Befestigungssystem und Verfahren zum Einkleben des Befestigungseinsatzes<\/strong><br>Patentanmeldung 17.07.2015, Aktenzeichen DE102015009349<\/li><li>Fette, M.; Born, J:<br><strong>Generatives Schichtaufbauverfahren und Vorrichtung zur Herstellung eines dreidimensionalen faserverst\u00e4rkten Objekts&nbsp; \/&nbsp; Additive layer manufacturing method and apparatus for the manufacture of a three-dimensional fiber-reinforced object<\/strong><br>Patentanmeldung 24.03.2015, Aktenzeichen DE102015104827&nbsp; \/&nbsp; US 2016\/0279,873<\/li><li>Fette, M.; Wulfsberg, J.P.; Herrmann, A.S.; Lonsdorfer, G.<br><strong>System und Verfahren zum Reparieren eines aus einem Kunststoff hergestellten Bauteils&nbsp; \/&nbsp; System and method for repairing a component made out of a plastic<\/strong><br>Patentanmeldung 28.01.2015, Aktenzeichen DE 102015101328&nbsp; \/&nbsp; EP 16153145&nbsp; \/&nbsp; US 2016\/15008760<\/li><li>Weidner, R.; Yao, Z.; Wulfsberg, J.P.; Goehlich, R.A.; Chromik, S.<br><strong>Unterst\u00fctzungsvorrichtung zur Stabilisierung eines K\u00f6rperteils einer Person<\/strong><br>Patentanmeldung 29.01.2015, Aktenzeichen 102015101329-0<\/li><li>Grimske, S.; Storjohann, J.; M\u00fcller, J.; Wulfsberg, J.P.:<br><strong>Mechanische Schnittstelle, Modulsystem und Maschine<\/strong><br>Patentanmeldung DE 10 2013 100 155.6, 2013<\/li><li>Wulfsberg, Wenzel, Bruhns<br><strong>Energieeffiziente W\u00e4rme- und Schalld\u00e4mmung von zur Umwelt offenen R\u00e4umen<\/strong><br>Patentanmeldung 8.11.2007, Aktenzeichen 10 2007 053 155.0<\/li><li>Wulfsberg, Bruhns, Hegenbart<br><strong>Kopierschutzverfahren und universelle Vorrichtung f\u00fcr Maschinenkonfigurationen mittels individuelle Gegenma\u00dfnahmen ausl\u00f6sender, Ereignisklassen bildender Signaturanalyse<\/strong><br>Patentanmeldung 18.07.2007, Aktenzeichen 10 2007 033 437.2<\/li><li>Wulfsberg, Lehmann, Wenzel, Bruhns<br><strong>Bipolare Elektroden f\u00fcr die Hochfrequenzchirurgie mit leisungsunabh\u00e4ngig justierbarer Gewebeeindringtiefe des Strompfades<\/strong><br>Patentanmeldung 8.6.2007, Aktenzeichen 10 2007 026 573.7<\/li><li>Wulfsberg, Clausing, Brudek, Bruhns<br><strong>Verfahren und Vorrichtung zur Stabilisierung von seriellen oder parallelen Kinematiken<\/strong><br>Patentanmeldung 25.05.2007, Aktenzeichen 10 2007 024 614.7<\/li><li>Wulfsberg, Terzi, Kuhn, Bruhns:<br><strong>Verfahren zum strahlungsgest\u00fctzten Urformen, Umformen, F\u00fcgen und Trennen mittels aufgesetzter, kraft\u00fcbertragender Kontaktoptik<\/strong><br>Patentanmeldung 26.10.2006, Aktenzeichen 10 2006 051 333.9<\/li><li>Wulfsberg, Lehmann, Bruhns, Zehlicke:<br><strong>Verfahren und Einrichtung zur Optotensometrie f\u00fcr die Funktionspr\u00fcfung der Tuba auditiva<\/strong><br>Patentanmeldung 23.10.2006, Aktenzeichen 10 2006 050 151.9<\/li><li>Wulfsberg, Lehmann, Bruhns:<br><strong>Verfahren und Einrichtung zur linearen Schall- und Antischall\u00fcbertragung unter Einbeziehung der erzeugten Trommelfellauslenkung<\/strong><br>Patentanmeldung 23.10.2006, Aktenzeichen 10 2006 050 150.0<\/li><li>Wulfsberg, Lehmann, Bruhns:<br><strong>Verfahren und Einrichtung zur Individualkopf-Stereophonie<\/strong><br>Patentanmeldung 23.10.2006, Aktenzeichen 10 2006 050 149.7<\/li><li>Wulfsberg, Lehmann, Bruhns:<br><strong>Schutzeinrichtung gegen Gasangriffe bei Geldautomaten<\/strong><br>Patentanmeldung 10.05.2006, Aktenzeichen 10 2006 021 687.3<\/li><li>Wulfsberg, Brudek, Bruhns:<br><strong>Verfahren zur Visualisierung, \u00dcberwachung und Regelung der Prozess-Maschine-Interaktion beim Zerspanen im unterbrochenen Schnitt<\/strong><br>Patentanmeldung 13.12.2005, Aktenzeichen 10 2005 059 945.1<\/li><li>Wulfsberg, Brudek, Bruhns:<br><strong>Mitf\u00fchrbare Wegausleuchtung f\u00fcr Fu\u00dfg\u00e4nger und Laufsportler<\/strong><br>Gebrauchsmusteranmeldung 25.10.2005, Aktenzeichen 20 2005 016 799.1<\/li><li>Sheikhi, dos Santos, Zettler, Beyer, Roos, Loitz:<br><strong>Vorrichtung und Verfahren zum Reibr\u00fchrschwei\u00dfen<\/strong><br>Patentanmeldung 11.10.2005, Aktenzeichen 10 2005 029 882.6<\/li><li>Sheikhi, dos Santos, Zettler, Beyer, Roos, Loitz:<br><strong>Vorrichtung zum Reibr\u00fchrschwei\u00dfen<\/strong><br>Patentanmeldung 11.10.2005, Aktenzeichen Az 10 2005 029 881.8<\/li><li>Loitz, Sheikhi, Wulfsberg, dos Santos:<br><strong>Reibr\u00fchrschwei\u00dfwerkzeug mit Gegenlager zur Montage an einer Handhabungseinrichtung<\/strong><br>Patentanmeldung 11.10.2005, Aktenzeichen 10 2005 049 865.5<\/li><li>Wulfsberg, Brudek, Bruhns:<br><strong>Uneingeschr\u00e4nkt autoklavierbarer elektr. Antrieb eines Ger\u00e4tes zur Gewebeentfernung innerhalb der minimal invasiven Chirurgie<\/strong>,<br>Patentanmeldung 24.8.05, Aktenzeichen 10 2005 039 950.9<\/li><li>Wulfsberg, Brudek, Bruhns:<br><strong>Kraftmessvorrichtung mit angehobener Eigenfrequenz<\/strong>,<br>Patentanmeldung 20.06.2005, Aktenzeichen 10 2005 028 639.9<\/li><li>Wulfsberg, Lehmann, Bruhns:<br><strong>Dynamisch-starre Kopplung von hybriden Bearbeitungsr\u00e4umen bei Desktopmanufacturing-Maschinen<\/strong>,<br>Patentanmeldung 30.5.2005, Aktenzeichen 10 2005 024 693.1<\/li><li>Wulfsberg, Niemeyer:<br><a href=\"https:\/\/www.hsu-hh.de\/laft\/index_RwgPYqnlNkB3GicR.html\"><strong>Verfahren zur chemischen oder biochemischen Funktionalisierung von Metalloberfl\u00e4chen sowie Gegenst\u00e4nde mit funktionalisierten Metalloberfl\u00e4chen<\/strong><\/a>,<br>Patentanmeldung 22.5.2005, Aktenzeichen 10 2005 008237 A1<\/li><li>Wulfsberg, Brudek, Bruhns:<br><strong>Mikro-Drehmomentmesssystem mit Hochfrequenzschwingkreisen<\/strong>,<br>Patentanmeldung 19.05.2005, Aktenzeichen 10 2005 022 975.1<\/li><li>Wulfsberg, Lehmann, Bruhns:<br><strong>Handinstrument f\u00fcr Endoskope mit eingepr\u00e4gter Schaftform zur Erweiterung des Arbeitsbereiches f\u00fcr die Manipulation mittels Effektor<\/strong>,<br>Patentanmeldung 29.1.2005, Aktenzeichen 10 2005 004 188.4<\/li><li>Wulfsberg, Lehmann, Bruhns:<br><strong>Kreiseltischsystem zur Entkopplung mechanischer Schwingungen in der Mikro- und Nanofertigung<\/strong>,<br>Patentanmeldung 23.12.2004, Aktenzeichen 10 2004 063 311.8<\/li><li>Loitz, von Strombeck, Wulfsberg, von der Wense, dos Santos, Schilling:<br><strong>Vorrichtung zum Verbinden von Werkst\u00fccken nach der Methode des Reibr\u00fchrschwei\u00dfens<\/strong><br>DE-Patent erteilt&nbsp; 3.11.2005, Aktenzeichen 10 2004 028 560<\/li><li>Loitz, Wulfsberg, von der Wense, Koelln-Reisiek, von Strombeck,&nbsp; Schilling, dos Santos<br><strong>Apparaturs for connection of workpieces using the friction stir welding method<\/strong><br>US-Patent US 7,234,625 B2, Jun. 26, 2007<\/li><li>Loitz, von Strombeck, Wulfsberg, von der Wense, dos Santos, Schilling:<br><strong>Vorrichtung zum Verbinden von Werkst\u00fccken nach der Methode des Reibr\u00fchrschwei\u00dfens&nbsp;<\/strong><br>Patent erteilt 3.11.2005, Aktenzeichen 10 2004 028 553<\/li><li>Wulfsberg, Lehmann, Bruhns:<br><strong>Serielles Facetten-Mikroendoskop<\/strong>,<br>Patentanmeldung 23.12.2004, Aktenzeichen 10 2004 063 309.6<\/li><li>Derfling, Loitz, Wulfsberg:<br><strong>Verfahren und Vorrichtung zum Umlegen von B\u00f6rdelkanten eines Werkst\u00fccks<\/strong>,<br>Patentanmeldung, Offenlegung 05.01.2006, Aktenzeichen 10 2004 032 392.5-14<\/li><li>Wulfsberg, Lehmann, Bruhns:<br><strong>Selbstjustierendes koordinatentreues Spannsystem f\u00fcr die Mikroproduktion<\/strong>,<br>Patentanmeldung, Offenlegung 14.06.2006,&nbsp; Aktenzeichen 10 2004 059 456.2<\/li><li>Wulfsberg:<br><strong>3D-Mikrobearbeitungsraumprojektor<\/strong>,<br>Gebrauchsmuster erteilt 23.12.2004, Aktenzeichen 20 2004 013 326.1<\/li><li>Lettenbauer, Ludwig, Wulfsberg:<br><strong>Verfahren zum Betrieb eines Handhabungsger\u00e4tes<\/strong>,<br>Patentanmeldung offen gelegt 15.1.2004,&nbsp; Aktenzeichen 10 229 555.7<\/li><li>Wulfsberg:<br><strong>3-D-Elektronenstrahl-Gasionen-Lithograph<\/strong>,<br>Gebrauchsmuster erteilt 2.10.2003, Aktenzeichen 203 11 971.1<\/li><li>Behrens, Witzak, Bruhns:<br><strong>Verfahren und Schaltung zur \u00dcberwachung und Vorhersage des Verlaufs eines Funkenerodierprozesses<\/strong>,<br>Patenterteilung 27.8.1998, Aktenzeichen DE 195 12 291<\/li><li>Behrens, Witzak, Bruhns:<br><strong>Schaltung f\u00fcr geregelte Proze\u00dfstromquellen f\u00fcr Funkenerosionsmaschinen<\/strong>,<br>Patenterteilung 17.10.1997, Aktenzeichen DE 195 13 593<\/li><\/ol>\n","protected":false},"excerpt":{"rendered":"<p>Fette, M.; Hentschel, M.; Ruppert, B.; Vichniakov, A.:Faserverbundbauteil mit einer Elastomerdichtung sowie ein Verfahren zu dessen Herstellung \/ Fibre Composite Component Having An Elastomer Seal And A Method Of Production [&hellip;]<\/p>\n","protected":false},"author":2477,"featured_media":0,"parent":0,"menu_order":0,"comment_status":"closed","ping_status":"closed","template":"","meta":{"footnotes":""},"categories":[7],"tags":[],"class_list":["post-1417","page","type-page","status-publish","hentry","category-research"],"_links":{"self":[{"href":"https:\/\/www.hsu-hh.de\/laft\/wp-json\/wp\/v2\/pages\/1417","targetHints":{"allow":["GET"]}}],"collection":[{"href":"https:\/\/www.hsu-hh.de\/laft\/wp-json\/wp\/v2\/pages"}],"about":[{"href":"https:\/\/www.hsu-hh.de\/laft\/wp-json\/wp\/v2\/types\/page"}],"author":[{"embeddable":true,"href":"https:\/\/www.hsu-hh.de\/laft\/wp-json\/wp\/v2\/users\/2477"}],"replies":[{"embeddable":true,"href":"https:\/\/www.hsu-hh.de\/laft\/wp-json\/wp\/v2\/comments?post=1417"}],"version-history":[{"count":1,"href":"https:\/\/www.hsu-hh.de\/laft\/wp-json\/wp\/v2\/pages\/1417\/revisions"}],"predecessor-version":[{"id":1418,"href":"https:\/\/www.hsu-hh.de\/laft\/wp-json\/wp\/v2\/pages\/1417\/revisions\/1418"}],"wp:attachment":[{"href":"https:\/\/www.hsu-hh.de\/laft\/wp-json\/wp\/v2\/media?parent=1417"}],"wp:term":[{"taxonomy":"category","embeddable":true,"href":"https:\/\/www.hsu-hh.de\/laft\/wp-json\/wp\/v2\/categories?post=1417"},{"taxonomy":"post_tag","embeddable":true,"href":"https:\/\/www.hsu-hh.de\/laft\/wp-json\/wp\/v2\/tags?post=1417"}],"curies":[{"name":"wp","href":"https:\/\/api.w.org\/{rel}","templated":true}]}}