{"id":1355,"date":"2021-05-17T08:25:23","date_gmt":"2021-05-17T06:25:23","guid":{"rendered":"https:\/\/www.hsu-hh.de\/laft\/?page_id=1355"},"modified":"2021-05-17T08:25:23","modified_gmt":"2021-05-17T06:25:23","slug":"kiku-ki-basierte-anziehbare-korper-unterstutzungssysteme","status":"publish","type":"page","link":"https:\/\/www.hsu-hh.de\/laft\/kiku-ki-basierte-anziehbare-korper-unterstutzungssysteme","title":{"rendered":"KIKU \u2013 KI-basierte, anziehbare K\u00f6rper-Unterst\u00fctzungssysteme"},"content":{"rendered":"\n<p>Im Zuge des steigenden technologischen Fortschritts werden immer mehr Technologien zur Unterst\u00fctzung des Menschen in verschiedenen Lebensbereichen entwickelt und eingesetzt, z. B. in Form von Prothesen, AR\/VR-Applikation oder Exoskeletten. Dabei m\u00fcssen die jeweiligen Systeme stets auf die Bed\u00fcrfnisse des Benutzers angepasst werden, um eine individuelle Unterst\u00fctzung zu gew\u00e4hrleisten. Bei der Kraftunterst\u00fctzung durch Exoskelette f\u00fcr stark beanspruchte K\u00f6rperregionen besteht die Herausforderung u. a. darin, die spezielle Bewegungscharakteristik mit teils hohen Bewegungsgeschwindigkeiten und -beschleunigungen durch das System abzubilden sowie die Unterst\u00fctzungsfunktion an sich zu gestalten. Erschwerend wird die Entwicklung durch die Weichteile des menschlichen K\u00f6rpers sowie komplex aufgebaute Gelenke mit kombinierten Freiheitsgraden beeinflusst.<\/p>\n\n\n\n<p>Die Anforderung bei der Ausgestaltung der morphologischen Grundstruktur des Systems besteht in der Realisierung eines leichten, weichen und k\u00f6rpernahen Exosuits mit hohem Tragekomfort und einer Kombinierbarkeit mit der Arbeitskleidung. Neben dieser textilen Grundstruktur wird die verwendete Aktuatorik bisher h\u00e4ufig aufgrund geeigneter mechanischer Parameter aus den klassischen Antrieben der Robotik ausgew\u00e4hlt. Auf den Menschen und seine Bewegungen angepasste Aktuatoren fehlen bislang.<\/p>\n\n\n\n<figure class=\"wp-block-image size-large\"><img loading=\"lazy\" decoding=\"async\" width=\"1024\" height=\"590\" src=\"https:\/\/www.hsu-hh.de\/laft\/wp-content\/uploads\/sites\/671\/2021\/05\/kiku_grafische-darstellung-1024x590.png\" data-credit=\"\" alt=\"\" class=\"wp-image-1356\" srcset=\"https:\/\/www.hsu-hh.de\/laft\/wp-content\/uploads\/sites\/671\/2021\/05\/kiku_grafische-darstellung-1024x590.png 1024w, https:\/\/www.hsu-hh.de\/laft\/wp-content\/uploads\/sites\/671\/2021\/05\/kiku_grafische-darstellung-300x173.png 300w, https:\/\/www.hsu-hh.de\/laft\/wp-content\/uploads\/sites\/671\/2021\/05\/kiku_grafische-darstellung-768x443.png 768w, https:\/\/www.hsu-hh.de\/laft\/wp-content\/uploads\/sites\/671\/2021\/05\/kiku_grafische-darstellung-1100x634.png 1100w, https:\/\/www.hsu-hh.de\/laft\/wp-content\/uploads\/sites\/671\/2021\/05\/kiku_grafische-darstellung.png 1400w\" sizes=\"auto, (max-width: 1024px) 100vw, 1024px\" \/><\/figure>\n\n\n\n<p>Vor dem beschriebenen Hintergrund wird im Vorhaben KIKU die Weiterentwicklung eines neuartigen, biegsamen elektrischen Linearmotors samt grundlegender Methodik zur Auslegung sowie die exemplarische Anwendung in einem neuartigen Exoskelett zur Unterst\u00fctzung des R\u00fcckens bei Pfleget\u00e4tigkeiten adressiert. Vier Ebenen stehen hierbei im Fokus:<\/p>\n\n\n\n<ol class=\"wp-block-list\"><li>Erarbeitung von relevanten&nbsp;<strong>Grundlagen und Methoden&nbsp;<\/strong>zur Auslegung und Integration biegsamer Linearantriebe, der Evaluation dieser und der Gestaltung von Exoskeletten mit entsprechenden Antrieben.<\/li><li><strong>Entwicklung neuartiger Linearantriebe&nbsp;<\/strong>f\u00fcr zuk\u00fcnftige Anwendungsfelder.<\/li><li><strong>Konzeption und Umsetzung eines textilbasierten Exoskelettes&nbsp;<\/strong>f\u00fcr die Anwendung in der Pflege.<\/li><li>Exemplarische&nbsp;<strong>Integration in ein neuartiges Exoskelett&nbsp;<\/strong>und&nbsp;<strong>Evaluation&nbsp;<\/strong>der Teilkomponenten und des Gesamtsystems.<\/li><\/ol>\n\n\n\n<p>Die wissenschaftliche und technische Umsetzung erfolgt durch ein interdisziplin\u00e4res Team in Zusammenarbeit mit Partnern aus Wissenschaft, industriellen Systemherstellern und Endnutzern. Hierdurch kann die Entwicklung einer neuartigen Technologie f\u00fcr die Aktuierung von speziellen technischen Systemen mit direkter Interaktion zum Menschen entwickelt und exemplarisch an einem Exoskelett umgesetzt werden. Schlussendlich profitieren Nutzerinnen und Nutzer verschiedener Branchen und Anwendungsfelder von den Entwicklungen, indem sie durch entsprechende Technologien besser bei der Ausf\u00fchrung von T\u00e4tigkeiten\/Aktivit\u00e4ten unterst\u00fctzt werden.<\/p>\n\n\n\n<h6 class=\"wp-block-heading\"><strong>Projektstart\/-laufzeit:<\/strong>\u00a001.01.2021 bis 31.12.2023<\/h6>\n\n\n\n<h2 class=\"wp-block-heading\">Projektleitung<\/h2>\n\n\n\n<p><strong>Univ.-Prof. Dr.-Ing. Christian Kreischer<\/strong><br>Helmut-Schmidt-Universit\u00e4t |<br>Universit\u00e4t der Bundeswehr Hamburg<br>Professur f\u00fcr Elektrische Maschinen und Antriebssysteme<br>Telefon: +49 40 6541-2060<br>E-Mail:&nbsp;<a href=\"mailto:christian.kreischer@hsu-hh.de\" rel='nofollow'>christian.kreischer@hsu-hh.de<\/a><br><a href=\"https:\/\/www.hsu-hh.de\/ema\" target=\"_blank\" rel=\"noreferrer noopener\">www.hsu-hh.de\/ema<\/a><\/p>\n","protected":false},"excerpt":{"rendered":"<p>Im Zuge des steigenden technologischen Fortschritts werden immer mehr Technologien zur Unterst\u00fctzung des Menschen in verschiedenen Lebensbereichen entwickelt und eingesetzt, z. B. in Form von Prothesen, AR\/VR-Applikation oder Exoskeletten. Dabei [&hellip;]<\/p>\n","protected":false},"author":2477,"featured_media":0,"parent":0,"menu_order":0,"comment_status":"closed","ping_status":"closed","template":"","meta":{"footnotes":""},"categories":[4],"tags":[],"class_list":["post-1355","page","type-page","status-publish","hentry","category-forschung"],"_links":{"self":[{"href":"https:\/\/www.hsu-hh.de\/laft\/wp-json\/wp\/v2\/pages\/1355","targetHints":{"allow":["GET"]}}],"collection":[{"href":"https:\/\/www.hsu-hh.de\/laft\/wp-json\/wp\/v2\/pages"}],"about":[{"href":"https:\/\/www.hsu-hh.de\/laft\/wp-json\/wp\/v2\/types\/page"}],"author":[{"embeddable":true,"href":"https:\/\/www.hsu-hh.de\/laft\/wp-json\/wp\/v2\/users\/2477"}],"replies":[{"embeddable":true,"href":"https:\/\/www.hsu-hh.de\/laft\/wp-json\/wp\/v2\/comments?post=1355"}],"version-history":[{"count":1,"href":"https:\/\/www.hsu-hh.de\/laft\/wp-json\/wp\/v2\/pages\/1355\/revisions"}],"predecessor-version":[{"id":1357,"href":"https:\/\/www.hsu-hh.de\/laft\/wp-json\/wp\/v2\/pages\/1355\/revisions\/1357"}],"wp:attachment":[{"href":"https:\/\/www.hsu-hh.de\/laft\/wp-json\/wp\/v2\/media?parent=1355"}],"wp:term":[{"taxonomy":"category","embeddable":true,"href":"https:\/\/www.hsu-hh.de\/laft\/wp-json\/wp\/v2\/categories?post=1355"},{"taxonomy":"post_tag","embeddable":true,"href":"https:\/\/www.hsu-hh.de\/laft\/wp-json\/wp\/v2\/tags?post=1355"}],"curies":[{"name":"wp","href":"https:\/\/api.w.org\/{rel}","templated":true}]}}