{"id":1351,"date":"2021-05-17T08:23:02","date_gmt":"2021-05-17T06:23:02","guid":{"rendered":"https:\/\/www.hsu-hh.de\/laft\/?page_id=1351"},"modified":"2021-05-17T08:23:02","modified_gmt":"2021-05-17T06:23:02","slug":"evo-mti-umgebung-zur-entwicklung-fur-phys-unterstutzungssysteme","status":"publish","type":"page","link":"https:\/\/www.hsu-hh.de\/laft\/evo-mti-umgebung-zur-entwicklung-fur-phys-unterstutzungssysteme","title":{"rendered":"EVO-MTI \u2013 Umgebung zur Entwicklung f\u00fcr phys. Unterst\u00fctzungssysteme"},"content":{"rendered":"\n<figure class=\"wp-block-image size-large\"><img loading=\"lazy\" decoding=\"async\" width=\"1024\" height=\"348\" src=\"https:\/\/www.hsu-hh.de\/laft\/wp-content\/uploads\/sites\/671\/2021\/05\/Screenshot-2021-05-17-at-08.22.24-1024x348.png\" data-credit=\"\" alt=\"\" class=\"wp-image-1352\" srcset=\"https:\/\/www.hsu-hh.de\/laft\/wp-content\/uploads\/sites\/671\/2021\/05\/Screenshot-2021-05-17-at-08.22.24-1024x348.png 1024w, https:\/\/www.hsu-hh.de\/laft\/wp-content\/uploads\/sites\/671\/2021\/05\/Screenshot-2021-05-17-at-08.22.24-300x102.png 300w, https:\/\/www.hsu-hh.de\/laft\/wp-content\/uploads\/sites\/671\/2021\/05\/Screenshot-2021-05-17-at-08.22.24-768x261.png 768w, https:\/\/www.hsu-hh.de\/laft\/wp-content\/uploads\/sites\/671\/2021\/05\/Screenshot-2021-05-17-at-08.22.24-1536x523.png 1536w, https:\/\/www.hsu-hh.de\/laft\/wp-content\/uploads\/sites\/671\/2021\/05\/Screenshot-2021-05-17-at-08.22.24-2048x697.png 2048w, https:\/\/www.hsu-hh.de\/laft\/wp-content\/uploads\/sites\/671\/2021\/05\/Screenshot-2021-05-17-at-08.22.24-1100x374.png 1100w\" sizes=\"auto, (max-width: 1024px) 100vw, 1024px\" \/><\/figure>\n\n\n\n<p>Unterst\u00fctzende Technologien werden in immer mehr Lebenssituationen eingesetzt. Einen Ansatz stellen hierbei Exoskelette dar, die je nach Gestalt beispielsweise die Belegschaft bei physisch beanspruchenden T\u00e4tigkeiten entlasten oder die Anwendenden in der Rehabilitation unterst\u00fctzen sollen. Entsprechende Systeme sind im Hinblick auf die Unterst\u00fctzungssituation \u2013 zum Beispiel physiologische Voraussetzung, Bewegungsabl\u00e4ufe, Einsatzzweck und Rahmenbedingungen \u2013 auszulegen. Der Entwicklungs- und Evaluationsprozess entsprechender Systeme erfolgt hierbei unter Einsatz von u. a. Simulations-, Konstruktions- und Bewertungsmethoden bzw. -werkzeugen sowie auch auf Basis individueller Kompetenzen und Erfahrungen.<\/p>\n\n\n\n<p>In EVO-MTI wird eine digitale Umgebung f\u00fcr die Gestaltung, Bewertung und Optimierung von Mensch-Maschine-Systemen mit dem Menschen im Leistungsfluss, der Mensch-Technik-Interaktion (MTI) sowie von Systemkomponenten wie physischen Schnittstellen zur Kraft\u00fcbertragung entwickelt. Als Beispiel werden Exoskelette herangezogen. Aufbauend auf der Erarbeitung relevanter Grundlagen und Methoden zur Beschreibung menschlicher Aktivit\u00e4ten, physiologischer Voraussetzungen und technischer Funktionalit\u00e4ten von Unterst\u00fctzungstechnologien werden a) (robotergest\u00fctzte) Anwendungs-Mockups zur Bewertung von Gestaltungskonzepten und Systemfunktionalit\u00e4ten durch Simulation realer Anwendungsszenarien, b) Simulationsmodelle zur Beschreibung von Unterst\u00fctzungssituationen mit Fokus auf der MTI als Gestaltungs- und Beurteilungswerkzeug inklusive einer Ber\u00fccksichtigung der mechanisch-dynamischen und biomechanischen Wechselwirkungen zwischen Mensch und Technik sowie c) eine Wissensdatenbank und Bewertungssystematik zur Gestaltung und Evaluation von Unterst\u00fctzungstechnologien entwickelt. Das hiermit neu entwickelte Expertensystem wird im Projektverlauf kontinuierlich erweitert, validiert und in verschiedene Lehr- und Schulungskonzepte transferiert.<\/p>\n\n\n\n<p>Die wissenschaftliche und technische Umsetzung erfolgt durch ein transdisziplin\u00e4res Team in Zusammenarbeit mit Partnern aus der Wissenschaft, Entwicklern, industriellen Systemherstellern und Endanwendern.<\/p>\n\n\n\n<h2 class=\"wp-block-heading\">Projektleitung<\/h2>\n\n\n\n<p><strong>Univ.-Prof. Dr.-Ing. Robert Weidner<\/strong><br>Helmut-Schmidt-Universit\u00e4t |<br>Universit\u00e4t der Bundeswehr Hamburg<br>Laboratorium Fertigungstechnik<br>Fakult\u00e4t f\u00fcr Maschinenbau<br>Tel.: +49 40 6541-3342<br>E-Mail:&nbsp;<a href=\"mailto:Robert.Weidner@hsu-hh.de\" rel='nofollow'>Robert.Weidner@hsu-hh.de<\/a><br><a href=\"https:\/\/www.hsu-hh.de\/laft\" target=\"_blank\" rel=\"noreferrer noopener\">www.hsu-hh.de\/laft<\/a><\/p>\n","protected":false},"excerpt":{"rendered":"<p>Unterst\u00fctzende Technologien werden in immer mehr Lebenssituationen eingesetzt. Einen Ansatz stellen hierbei Exoskelette dar, die je nach Gestalt beispielsweise die Belegschaft bei physisch beanspruchenden T\u00e4tigkeiten entlasten oder die Anwendenden in [&hellip;]<\/p>\n","protected":false},"author":2477,"featured_media":0,"parent":0,"menu_order":0,"comment_status":"closed","ping_status":"closed","template":"","meta":{"footnotes":""},"categories":[4],"tags":[],"class_list":["post-1351","page","type-page","status-publish","hentry","category-forschung"],"_links":{"self":[{"href":"https:\/\/www.hsu-hh.de\/laft\/wp-json\/wp\/v2\/pages\/1351","targetHints":{"allow":["GET"]}}],"collection":[{"href":"https:\/\/www.hsu-hh.de\/laft\/wp-json\/wp\/v2\/pages"}],"about":[{"href":"https:\/\/www.hsu-hh.de\/laft\/wp-json\/wp\/v2\/types\/page"}],"author":[{"embeddable":true,"href":"https:\/\/www.hsu-hh.de\/laft\/wp-json\/wp\/v2\/users\/2477"}],"replies":[{"embeddable":true,"href":"https:\/\/www.hsu-hh.de\/laft\/wp-json\/wp\/v2\/comments?post=1351"}],"version-history":[{"count":1,"href":"https:\/\/www.hsu-hh.de\/laft\/wp-json\/wp\/v2\/pages\/1351\/revisions"}],"predecessor-version":[{"id":1353,"href":"https:\/\/www.hsu-hh.de\/laft\/wp-json\/wp\/v2\/pages\/1351\/revisions\/1353"}],"wp:attachment":[{"href":"https:\/\/www.hsu-hh.de\/laft\/wp-json\/wp\/v2\/media?parent=1351"}],"wp:term":[{"taxonomy":"category","embeddable":true,"href":"https:\/\/www.hsu-hh.de\/laft\/wp-json\/wp\/v2\/categories?post=1351"},{"taxonomy":"post_tag","embeddable":true,"href":"https:\/\/www.hsu-hh.de\/laft\/wp-json\/wp\/v2\/tags?post=1351"}],"curies":[{"name":"wp","href":"https:\/\/api.w.org\/{rel}","templated":true}]}}