{"id":1305,"date":"2021-02-05T12:27:11","date_gmt":"2021-02-05T11:27:11","guid":{"rendered":"https:\/\/www.hsu-hh.de\/laft\/?page_id=1305"},"modified":"2021-02-10T09:47:52","modified_gmt":"2021-02-10T08:47:52","slug":"thomas-schwebler-m-sc","status":"publish","type":"page","link":"https:\/\/www.hsu-hh.de\/laft\/mitarbeiter\/thomas-schwebler-m-sc","title":{"rendered":"Thomas Schwebler M.Sc."},"content":{"rendered":"<div>\n<table>\n<tbody>\n<tr>\n<td width=\"135\">Postanschrift<\/td>\n<td width=\"255\">Helmut-Schmidt-Universit\u00e4t<br \/>\nFakult\u00e4t f\u00fcr Maschinenbau<br \/>\nLaboratorium Fertigungstechnik<br \/>\nHolstenhofweg 85<br \/>\n22043 Hamburg<\/td>\n<td rowspan=\"8\" width=\"214\">|<img loading=\"lazy\" decoding=\"async\" class=\"alignnone size-full wp-image-1306\" src=\"https:\/\/www.hsu-hh.de\/laft\/wp-content\/uploads\/sites\/671\/2021\/02\/Thomas-Schwebler.jpg\" alt=\"Thomas-Schwebler\" width=\"433\" height=\"550\" data-credit=\" Thomas-Schwebler\" srcset=\"https:\/\/www.hsu-hh.de\/laft\/wp-content\/uploads\/sites\/671\/2021\/02\/Thomas-Schwebler.jpg 433w, https:\/\/www.hsu-hh.de\/laft\/wp-content\/uploads\/sites\/671\/2021\/02\/Thomas-Schwebler-236x300.jpg 236w\" sizes=\"auto, (max-width: 433px) 100vw, 433px\" \/><\/td>\n<\/tr>\n<tr>\n<td width=\"135\">Raum<\/td>\n<td width=\"255\">1379<\/td>\n<\/tr>\n<tr>\n<td width=\"135\">Geb\u00e4ude<\/td>\n<td width=\"255\">H1<\/td>\n<\/tr>\n<tr>\n<td width=\"135\">Telefon<\/td>\n<td width=\"255\">040 &#8211; 6541 &#8211; 3060<\/td>\n<\/tr>\n<tr>\n<td width=\"135\">Fax<\/td>\n<td width=\"255\">040 &#8211; 6541 &#8211; 2839<\/td>\n<\/tr>\n<tr>\n<td width=\"135\">E-Mail<\/td>\n<td width=\"255\">thomas.schwebler@hsu-hh.de<\/td>\n<\/tr>\n<tr>\n<td width=\"135\">Funktion<\/td>\n<td width=\"255\">Wissenschaftlicher Mitarbeiter<\/td>\n<\/tr>\n<tr>\n<td width=\"135\">Forschungsbereiche<\/td>\n<td width=\"255\">Unterst\u00fctzungssysteme, Mensch-Maschinen-Interaktion<\/td>\n<\/tr>\n<\/tbody>\n<\/table>\n<\/div>\n","protected":false},"excerpt":{"rendered":"<p>Postanschrift Helmut-Schmidt-Universit\u00e4t Fakult\u00e4t f\u00fcr Maschinenbau Laboratorium Fertigungstechnik Holstenhofweg 85 22043 Hamburg | Raum 1379 Geb\u00e4ude H1 Telefon 040 &#8211; 6541 &#8211; 3060 Fax 040 &#8211; 6541 &#8211; 2839 E-Mail thomas.schwebler@hsu-hh.de [&hellip;]<\/p>\n","protected":false},"author":2477,"featured_media":0,"parent":1294,"menu_order":0,"comment_status":"closed","ping_status":"closed","template":"","meta":{"footnotes":""},"categories":[8],"tags":[],"class_list":["post-1305","page","type-page","status-publish","hentry","category-team"],"_links":{"self":[{"href":"https:\/\/www.hsu-hh.de\/laft\/wp-json\/wp\/v2\/pages\/1305","targetHints":{"allow":["GET"]}}],"collection":[{"href":"https:\/\/www.hsu-hh.de\/laft\/wp-json\/wp\/v2\/pages"}],"about":[{"href":"https:\/\/www.hsu-hh.de\/laft\/wp-json\/wp\/v2\/types\/page"}],"author":[{"embeddable":true,"href":"https:\/\/www.hsu-hh.de\/laft\/wp-json\/wp\/v2\/users\/2477"}],"replies":[{"embeddable":true,"href":"https:\/\/www.hsu-hh.de\/laft\/wp-json\/wp\/v2\/comments?post=1305"}],"version-history":[{"count":1,"href":"https:\/\/www.hsu-hh.de\/laft\/wp-json\/wp\/v2\/pages\/1305\/revisions"}],"predecessor-version":[{"id":1307,"href":"https:\/\/www.hsu-hh.de\/laft\/wp-json\/wp\/v2\/pages\/1305\/revisions\/1307"}],"up":[{"embeddable":true,"href":"https:\/\/www.hsu-hh.de\/laft\/wp-json\/wp\/v2\/pages\/1294"}],"wp:attachment":[{"href":"https:\/\/www.hsu-hh.de\/laft\/wp-json\/wp\/v2\/media?parent=1305"}],"wp:term":[{"taxonomy":"category","embeddable":true,"href":"https:\/\/www.hsu-hh.de\/laft\/wp-json\/wp\/v2\/categories?post=1305"},{"taxonomy":"post_tag","embeddable":true,"href":"https:\/\/www.hsu-hh.de\/laft\/wp-json\/wp\/v2\/tags?post=1305"}],"curies":[{"name":"wp","href":"https:\/\/api.w.org\/{rel}","templated":true}]}}