{"id":1290,"date":"2021-02-05T09:28:48","date_gmt":"2021-02-05T08:28:48","guid":{"rendered":"https:\/\/www.hsu-hh.de\/laft\/?page_id=1290"},"modified":"2026-01-07T12:15:19","modified_gmt":"2026-01-07T11:15:19","slug":"christian-kober-m-sc","status":"publish","type":"page","link":"https:\/\/www.hsu-hh.de\/laft\/mitarbeiter\/christian-kober-m-sc","title":{"rendered":""},"content":{"rendered":"\n\n<script type=\"application\/ld+json\">[{\"@context\": \"https:\/\/www.schema.org\",\"@type\": \"Person\",\"name\": \"Dr.-Ing. Christian Kober\",\"worksFor\": [{\t\"@type\": \"Organization\",\t\"name\": \"Helmut-Schmidt-Universit\u00e4t, Fakult\u00e4t f\u00fcr Maschinenbau\",\t\"url\": \"https:\/\/www.hsu-hh.de\"\t, \"department\": {\"@type\": \"Organization\",\t\t\t\t\t\"name\": \"Laboratorium Fertigungstechnik\",\t\t\t\t\t\"location\": {\t\t\t\t\t\t\"@type\": \"PostalAddress\",\t\t\t\t\t\t\"addressLocality\": \"\",        \t\t\t\t\"postalCode\": \"22043\",        \t\t\t\t\"streetAddress\": \"Holstenhofweg 85 , Laboratorium Fertigungstechnik\"\t\t\t\t\t}},\t\"location\": {\t\t\"@type\": \"PostalAddress\",    \t\"addressLocality\": \"\",    \t\"postalCode\": \"22043\",    \t\"postOfficeBoxNumber\": \"85\"\t}   }],\"image\": \"https:\/\/www.hsu-hh.de\/laft\/wp-content\/uploads\/sites\/671\/2025\/01\/CK-scaled-1-e1738069853611-150x150.jpg\",\"telephone\": \"040 - 6541 - 3844\",\"faxNumber\": \"040 - 6541 - 2839\",\"email\": \"christian.kober@hsu-hh.de\"}]<\/script><div class=\"clearfix\"><\/div><div class=\"ansprechparter-container \" style=\"margin-top:1em; \"><div class=\"row ansprechpartner-item ansprechparter-header\" ><div class=\"col-xs-8 col-lg-12\" style=\"margin-bottom: 30px;\"><h3 class=\"ansprechparter-headline\">Dr.-Ing. Christian Kober<\/h3><\/div><\/div><div class=\"col-md-4 col-lg-3 col-xs-4 ansprechpartner-item floatright img-circle center-block\" style=\"margin-bottom: 30px;\"><div class=\"img-responsive-wrapper\"><img decoding=\"async\" src=\"https:\/\/www.hsu-hh.de\/laft\/wp-content\/uploads\/sites\/671\/2025\/01\/CK-scaled-1-e1738069853611-150x150.jpg\" alt=\"\" class=\"img-circle img-responsive center-block\" \/><\/div><\/div><div class=\"col-md-12 col-lg-3 col-xs-12 ansprechpartner-item kontakt floatright\" style=\"margin-bottom: 30px; \"><div class=\"row\"><div class=\"col-xs-12 col-sm-6 col-lg-12\"><div class=\"row\"><div class=\"col-xs-4 col-lg-4 row-text bold\" >Raum:<\/div><div class=\" row-text\">H1, 1381<\/div><\/div><\/div><div class=\"col-xs-12 col-sm-6 col-lg-12\"><div class=\"row\"><div class=\"col-xs-4 col-lg-4 row-text bold\">Telefon:<\/div><div class=\" row-text\">040 &#8211; 6541 &#8211; 3844<\/div><\/div><\/div><div class=\"col-xs-12 col-sm-6 col-lg-12\"><div class=\"row\"><div class=\"col-xs-4 col-lg-4 row-text bold\">Fax:<\/div><div class=\"row-text\">040 &#8211; 6541 &#8211; 2839<\/div><\/div><\/div><div class=\"col-xs-12 col-sm-6 col-lg-12\"><div class=\"row\"><div class=\"col-xs-4 col-lg-4 row-text bold\">E-Mail:<\/div><div class=\"row-text\" style=\"overflow:hidden; word-break: break-word\"><a href=\"mailto:christian.kober@hsu-hh.de\" rel=\"nofollow\">christian.kober@hsu-hh.de<\/a><\/div><\/div><\/div><\/div><\/div><div class=\"col-md-6 col-lg-3 col-xs-12 ansprechpartner-item anschrift floatright\" ><div class=\"row-headline\">Besucheranschrift<\/div><div class=\"dataBesucheranschrift\" style=\"\"><div class=\"row-text\">Helmut-Schmidt-Universit\u00e4t<\/div><div class=\"row-text\">Fakult\u00e4t f\u00fcr Maschinenbau<\/div><div class=\"row-text\">Laboratorium Fertigungstechnik<\/div><div class=\"row-text\">Holstenhofweg 85<\/div><div class=\"row-text\">22043 Hamburg<\/div><\/div><\/div><div class=\"col-md-6 col-lg-3 col-xs-12 ansprechpartner-item anschrift floatright\"><div class=\"row-headline\">Postanschrift<\/div><div class=\"dataPostanschrift\" style=\"\"><div class=\"row-text\">Helmut-Schmidt-Universit\u00e4t<\/div><div class=\"row-text\">Fakult\u00e4t f\u00fcr Maschinenbau<\/div><div class=\"row-text\">Laboratorium Fertigungstechnik<\/div><div class=\"row-text\">Holstenhofweg 85<\/div><div class=\"row-text\">22043 Hamburg<\/div><\/div><\/div><\/div><div class=\"clearfix\"><\/div>\n\n\n<p><strong>Profiles<\/strong><\/p>\n\n\n\n<p><a rel=\"noreferrer noopener\" href=\"https:\/\/www.researchgate.net\/profile\/Christian-Kober-3\" target=\"_blank\">ResearchGate<\/a><a rel=\"noreferrer noopener\" href=\"https:\/\/scholar.google.com\/citations?user=pST0SOYAAAAJ\" target=\"_blank\">,<\/a> <a rel=\"noreferrer noopener\" href=\"https:\/\/scholar.google.com\/citations?user=pST0SOYAAAAJ\" target=\"_blank\">Google Scholar<\/a>, <a rel=\"noreferrer noopener\" href=\"https:\/\/linkedin.com\/in\/christian-kober\" target=\"_blank\">LinkedIn<\/a>, <a rel=\"noreferrer noopener\" href=\"https:\/\/wgp.de\/de\/ueber-uns\/vorstand\/\" target=\"_blank\">WGP<\/a>, <a href=\"https:\/\/www.ifm.eng.cam.ac.uk\/people\/ck654@cam.ac.uk\/\" rel='nofollow'>IfM Cambridge Profile<\/a><\/p>\n\n\n\n<p><strong>Funktion<\/strong><\/p>\n\n\n\n<p>Wissenschaftlicher Mitarbeiter (Helmut-Schmidt-Universit\u00e4t)<\/p>\n\n\n\n<p><a href=\"https:\/\/www.ifm.eng.cam.ac.uk\/people\/ck654@cam.ac.uk\/\" rel='nofollow'>Gastforscher<\/a> (University of Cambridge)<\/p>\n\n\n\n<p><a href=\"https:\/\/lisms.auckland.ac.nz\/about\/#visiting\" rel='nofollow'>Gastforscher<\/a> (University of Auckland)<\/p>\n\n\n\n<p><strong>Forschungsbereiche<\/strong><\/p>\n\n\n\n<p>Digitalisierung Industrieller Fertigung, Nutzen von Digitalen Zwillingen<\/p>\n","protected":false},"excerpt":{"rendered":"<p>Profiles ResearchGate, Google Scholar, LinkedIn, WGP, IfM Cambridge Profile Funktion Wissenschaftlicher Mitarbeiter (Helmut-Schmidt-Universit\u00e4t) Gastforscher (University of Cambridge) Gastforscher (University of Auckland) Forschungsbereiche Digitalisierung Industrieller Fertigung, Nutzen von Digitalen Zwillingen<\/p>\n","protected":false},"author":2477,"featured_media":0,"parent":1294,"menu_order":0,"comment_status":"closed","ping_status":"closed","template":"","meta":{"footnotes":""},"categories":[8],"tags":[],"class_list":["post-1290","page","type-page","status-publish","hentry","category-team"],"_links":{"self":[{"href":"https:\/\/www.hsu-hh.de\/laft\/wp-json\/wp\/v2\/pages\/1290","targetHints":{"allow":["GET"]}}],"collection":[{"href":"https:\/\/www.hsu-hh.de\/laft\/wp-json\/wp\/v2\/pages"}],"about":[{"href":"https:\/\/www.hsu-hh.de\/laft\/wp-json\/wp\/v2\/types\/page"}],"author":[{"embeddable":true,"href":"https:\/\/www.hsu-hh.de\/laft\/wp-json\/wp\/v2\/users\/2477"}],"replies":[{"embeddable":true,"href":"https:\/\/www.hsu-hh.de\/laft\/wp-json\/wp\/v2\/comments?post=1290"}],"version-history":[{"count":24,"href":"https:\/\/www.hsu-hh.de\/laft\/wp-json\/wp\/v2\/pages\/1290\/revisions"}],"predecessor-version":[{"id":3025,"href":"https:\/\/www.hsu-hh.de\/laft\/wp-json\/wp\/v2\/pages\/1290\/revisions\/3025"}],"up":[{"embeddable":true,"href":"https:\/\/www.hsu-hh.de\/laft\/wp-json\/wp\/v2\/pages\/1294"}],"wp:attachment":[{"href":"https:\/\/www.hsu-hh.de\/laft\/wp-json\/wp\/v2\/media?parent=1290"}],"wp:term":[{"taxonomy":"category","embeddable":true,"href":"https:\/\/www.hsu-hh.de\/laft\/wp-json\/wp\/v2\/categories?post=1290"},{"taxonomy":"post_tag","embeddable":true,"href":"https:\/\/www.hsu-hh.de\/laft\/wp-json\/wp\/v2\/tags?post=1290"}],"curies":[{"name":"wp","href":"https:\/\/api.w.org\/{rel}","templated":true}]}}