{"id":1265,"date":"2021-01-20T10:32:35","date_gmt":"2021-01-20T09:32:35","guid":{"rendered":"https:\/\/www.hsu-hh.de\/laft\/?page_id=1265"},"modified":"2021-01-20T10:34:17","modified_gmt":"2021-01-20T09:34:17","slug":"digitale-urbane-produktion-foerderung-lokaler-produktionen","status":"publish","type":"page","link":"https:\/\/www.hsu-hh.de\/laft\/forschung\/digitale-urbane-produktion-foerderung-lokaler-produktionen","title":{"rendered":"Digitale, urbane Produktion \u2013 F\u00f6rderung lokaler Produktionen"},"content":{"rendered":"\n<h2 class=\"wp-block-heading\">lokal.vernetzt.produziert.<\/h2>\n\n\n\n<figure class=\"wp-block-image size-large is-resized\"><img loading=\"lazy\" decoding=\"async\" src=\"https:\/\/www.hsu-hh.de\/laft\/wp-content\/uploads\/sites\/671\/2021\/01\/lvp.png\" data-credit=\"p k\" alt=\"lokal.vernetzt.produziert.\" class=\"wp-image-1266\" width=\"1122\" height=\"386\" srcset=\"https:\/\/www.hsu-hh.de\/laft\/wp-content\/uploads\/sites\/671\/2021\/01\/lvp.png 908w, https:\/\/www.hsu-hh.de\/laft\/wp-content\/uploads\/sites\/671\/2021\/01\/lvp-300x103.png 300w, https:\/\/www.hsu-hh.de\/laft\/wp-content\/uploads\/sites\/671\/2021\/01\/lvp-768x264.png 768w\" sizes=\"auto, (max-width: 1122px) 100vw, 1122px\" \/><\/figure>\n\n\n\n<p>Das unvorhersehbare Auftreten einer globalen Pandemie oder sich versch\u00e4rfende Handelskonflikte zeigen uns heute die&nbsp;<strong>Fragilit\u00e4t einer globalen, arbeitsteiligen industriellen Wertsch\u00f6pfung<\/strong>. Die&nbsp;<strong>F\u00f6rderung lokaler Wertsch\u00f6pfungsstrukturen<\/strong>&nbsp;verf\u00fcgt \u00fcber zahlreiche Potenziale, gegenw\u00e4rtigen \u00f6kologischen, \u00f6konomischen und gesellschaftlichen Herausforderungen zu begegnen (St\u00e4rkung der Resilienz der Produktionswirtschaft, Reduzierung von Treibhausgasen durch kleinere Wirtschaftskreisl\u00e4ufe, Empowerment regionaler Unternehmen und Menschen).<\/p>\n\n\n\n<p>Im Rahmen dieses Projektes wird eine&nbsp;<strong>neuartige Form lokaler Produktion<\/strong>&nbsp;in der&nbsp;<strong>Metropolregion Hamburg<\/strong>&nbsp;etabliert, welche auf die&nbsp;<strong>kosteneffiziente, lokale Fertigung von individualisierten Produkten&nbsp;<\/strong>ausgerichtet ist. Der Fokus liegt dabei auf der Produktsparte f\u00fcr M\u00f6bel und Einrichtungsgegenst\u00e4nde. Der Wertsch\u00f6pfungsverbund beteiligt in der Phase der Produktentwicklung&nbsp;<strong>globale Entwickler-Communities&nbsp;<\/strong>zum Aufbau eines Produktsortiments<strong>.&nbsp;<\/strong>Die&nbsp;<strong>Herstellung der Produkte<\/strong>&nbsp;erfolgt vor Ort&nbsp;<strong>durch regionale Handwerksbetriebe sowie kleine bzw. mittlere Produktionsbetriebe<\/strong>. Das Produkt ist durch den Kunden individualisierbar, um individuelle Pr\u00e4ferenzen m\u00f6glichst umfassend zu erf\u00fcllen.<\/p>\n\n\n\n<p>Es werden aktuelle Methoden und Technologien aus den Forschungsbereichen<strong>&nbsp;Industrie 4.0, Machine Learning und Data Mining<\/strong>&nbsp;auf den Kontext der regionalen Produktion \u00fcbertragen,&nbsp;<a href=\"https:\/\/dtecbw.de\/home\/hsu\" rel='nofollow'>https:\/\/dtecbw.de\/home\/hsu<\/a>um einen&nbsp;<strong>durchg\u00e4ngig digitalisierten Wertsch\u00f6pfungsprozess&nbsp;<\/strong>zu etablieren, welcher die globale Produktentwicklung, lokale Fertigung und Individualisierung durch den Kunden hocheffizient integriert, um ein&nbsp;<strong>wettbewerbsf\u00e4higes Gesch\u00e4ftsmodell f\u00fcr die Unternehmen und Menschen der Region<\/strong>&nbsp;zu etablieren.<\/p>\n\n\n\n<p><strong>Projektstart\/-laufzeit: 01.10.2020 \/ 4 Jahre<\/strong><\/p>\n\n\n\n<h2 class=\"wp-block-heading\">Projektleitung<\/h2>\n\n\n\n<p><strong>Dr.-Ing. Pascal Patrick Krenz<\/strong><br>Helmut-Schmidt-Universit\u00e4t |<br>Universit\u00e4t der Bundeswehr Hamburg<br>Laboratorium Fertigungstechnik, Maschinenbau<br>Tel.: +49 176 23546605<br>E-Mail:&nbsp;<a href=\"mailto:pascal.krenz@hsu-hh.de\" rel='nofollow'>pascal.krenz@hsu-hh.de<\/a><br><a rel=\"noreferrer noopener\" href=\"https:\/\/www.hsu-hh.de\/\" target=\"_blank\">www.hsu-hh.de<\/a><\/p>\n\n\n\n<p>Weitere Informationen gibt es auf:<a href=\"https:\/\/dtecbw.de\/home\/forschung\/hsu\/projekt-urbane-produktion\/projekt-urbane-produktion\" rel='nofollow'>https:\/\/dtecbw.de\/home\/forschung\/hsu\/projekt-urbane-produktion\/projekt-urbane-produktion<\/a><\/p>\n","protected":false},"excerpt":{"rendered":"<p>lokal.vernetzt.produziert. Das unvorhersehbare Auftreten einer globalen Pandemie oder sich versch\u00e4rfende Handelskonflikte zeigen uns heute die&nbsp;Fragilit\u00e4t einer globalen, arbeitsteiligen industriellen Wertsch\u00f6pfung. Die&nbsp;F\u00f6rderung lokaler Wertsch\u00f6pfungsstrukturen&nbsp;verf\u00fcgt \u00fcber zahlreiche Potenziale, gegenw\u00e4rtigen \u00f6kologischen, \u00f6konomischen und [&hellip;]<\/p>\n","protected":false},"author":2477,"featured_media":0,"parent":111,"menu_order":0,"comment_status":"closed","ping_status":"closed","template":"","meta":{"footnotes":""},"categories":[4],"tags":[],"class_list":["post-1265","page","type-page","status-publish","hentry","category-forschung"],"_links":{"self":[{"href":"https:\/\/www.hsu-hh.de\/laft\/wp-json\/wp\/v2\/pages\/1265","targetHints":{"allow":["GET"]}}],"collection":[{"href":"https:\/\/www.hsu-hh.de\/laft\/wp-json\/wp\/v2\/pages"}],"about":[{"href":"https:\/\/www.hsu-hh.de\/laft\/wp-json\/wp\/v2\/types\/page"}],"author":[{"embeddable":true,"href":"https:\/\/www.hsu-hh.de\/laft\/wp-json\/wp\/v2\/users\/2477"}],"replies":[{"embeddable":true,"href":"https:\/\/www.hsu-hh.de\/laft\/wp-json\/wp\/v2\/comments?post=1265"}],"version-history":[{"count":2,"href":"https:\/\/www.hsu-hh.de\/laft\/wp-json\/wp\/v2\/pages\/1265\/revisions"}],"predecessor-version":[{"id":1270,"href":"https:\/\/www.hsu-hh.de\/laft\/wp-json\/wp\/v2\/pages\/1265\/revisions\/1270"}],"up":[{"embeddable":true,"href":"https:\/\/www.hsu-hh.de\/laft\/wp-json\/wp\/v2\/pages\/111"}],"wp:attachment":[{"href":"https:\/\/www.hsu-hh.de\/laft\/wp-json\/wp\/v2\/media?parent=1265"}],"wp:term":[{"taxonomy":"category","embeddable":true,"href":"https:\/\/www.hsu-hh.de\/laft\/wp-json\/wp\/v2\/categories?post=1265"},{"taxonomy":"post_tag","embeddable":true,"href":"https:\/\/www.hsu-hh.de\/laft\/wp-json\/wp\/v2\/tags?post=1265"}],"curies":[{"name":"wp","href":"https:\/\/api.w.org\/{rel}","templated":true}]}}