{"id":1260,"date":"2021-01-20T10:22:53","date_gmt":"2021-01-20T09:22:53","guid":{"rendered":"https:\/\/www.hsu-hh.de\/laft\/?page_id=1260"},"modified":"2023-08-02T10:09:06","modified_gmt":"2023-08-02T08:09:06","slug":"laila-labor-fuer-intelligente-leichtbauproduktion","status":"publish","type":"page","link":"https:\/\/www.hsu-hh.de\/laft\/forschung\/laila-labor-fuer-intelligente-leichtbauproduktion","title":{"rendered":"LaiLa \u2013 Labor f\u00fcr intelligente Leichtbauproduktion"},"content":{"rendered":"\n<h2 class=\"wp-block-heading\">lokal.vernetzt.produziert.<\/h2>\n\n\n<div class=\"wp-block-image\">\n<figure class=\"aligncenter size-large is-resized\"><img loading=\"lazy\" decoding=\"async\" src=\"https:\/\/www.hsu-hh.de\/laft\/wp-content\/uploads\/sites\/671\/2021\/01\/LaiLa1.png\" data-credit=\"M F\" alt=\"LaiLa1\" class=\"wp-image-1273\" width=\"1076\" height=\"367\" srcset=\"https:\/\/www.hsu-hh.de\/laft\/wp-content\/uploads\/sites\/671\/2021\/01\/LaiLa1.png 908w, https:\/\/www.hsu-hh.de\/laft\/wp-content\/uploads\/sites\/671\/2021\/01\/LaiLa1-300x102.png 300w, https:\/\/www.hsu-hh.de\/laft\/wp-content\/uploads\/sites\/671\/2021\/01\/LaiLa1-768x262.png 768w\" sizes=\"auto, (max-width: 1076px) 100vw, 1076px\" \/><\/figure>\n<\/div>\n\n\n<p>Leichtbaustrukturen aus Faserverbundkunststoffen (FVK) leisten heute einen wesentlichen Beitrag, Flugzeuge leichter und treibstoffsparender zu machen. Die Herstellung von FVK-Teilen ist jedoch aufgrund des Designs und der Komplexit\u00e4t der Fertigungsprozesse sehr aufw\u00e4ndig. Im Rahmen von&nbsp;<em>LaiLa<\/em>&nbsp;soll der Produktionsprozess durch Digitalisierung in Form von modellierten und vernetzten Produktionssystemen, die von K\u00fcnstlicher Intelligenz (KI) und Maschinellem Lernen (ML) unterst\u00fctzt werden,wesentlich effizienter gestaltet werden. Zentrale Idee von&nbsp;<em>LaiLa<\/em>&nbsp;ist es, durch den Aufbau eines Labors f\u00fcr intelligente Leichtbauproduktion einen in alle Richtungen wirkenden Wissenstransfer aus Grundlagenforschung, anwendungsnaher Forschung und Entwicklung sowie industrieller Anwendung in der Luftfahrt zu erm\u00f6glichen.<\/p>\n\n\n<div class=\"wp-block-image\">\n<figure class=\"aligncenter size-large\"><img loading=\"lazy\" decoding=\"async\" width=\"908\" height=\"446\" src=\"https:\/\/www.hsu-hh.de\/laft\/wp-content\/uploads\/sites\/671\/2021\/01\/LaiLa2.png\" data-credit=\"M F\" alt=\"LaiLa2\" class=\"wp-image-1274\" srcset=\"https:\/\/www.hsu-hh.de\/laft\/wp-content\/uploads\/sites\/671\/2021\/01\/LaiLa2.png 908w, https:\/\/www.hsu-hh.de\/laft\/wp-content\/uploads\/sites\/671\/2021\/01\/LaiLa2-300x147.png 300w, https:\/\/www.hsu-hh.de\/laft\/wp-content\/uploads\/sites\/671\/2021\/01\/LaiLa2-768x377.png 768w\" sizes=\"auto, (max-width: 908px) 100vw, 908px\" \/><\/figure>\n<\/div>\n\n\n<p>Die Validierung von&nbsp;<em>LaiLa<\/em>&nbsp;erfolgt anhand produktionstechnischer Fragestellungen im Bereich der Bauteilproduktion aus dem Luftfahrtbereich, beispielsweise mit Fokus auf das Seitenleitwerk. Durch aufgebautes Expertenwissen werden somit gezielt innovative Schl\u00fcsseltechnologien in heutige und zuk\u00fcnftige Produktionssysteme gebracht. Dazu ist es notwendig, Dom\u00e4nenwissen digital zu modellieren, durch Maschinelles Lernen basierend auf Daten umzusetzen und in einem Digitalen Zwilling abzubilden. Aufbauend auf aktuellen Serienanlagen und vernetzten Maschinen wird das Konzept der intelligenten Fabrik mit allen Schnittstellenfunktionen demonstriert und validiert.&nbsp;<strong>Zur Verstetigung dient das im Rahmen des Projektes aufgebaute Labor dar\u00fcber hinaus als Plattform f\u00fcr Weiterbildung und Wissenstransfer und st\u00e4rkt so nachhaltig den Digital-Standort Deutschland.<\/strong><\/p>\n\n\n\n<h6 class=\"wp-block-heading\"><strong>Projektstart\/-laufzeit:<\/strong>&nbsp;01.09.2020 \/ 4 Jahre<\/h6>\n\n\n\n<h2 class=\"wp-block-heading\">Projektleitung<\/h2>\n\n\n\n<p><strong><abbr title=\"Professor\">Prof.<\/abbr> <abbr title=\"Doktor\">Dr.<\/abbr>&#8211;<abbr title=\"Ingenieur\">Ing.<\/abbr> Alexander Fay<\/strong><\/p>\n\n\n\n<p>Helmut-Schmidt-Universit\u00e4t | Universit\u00e4t der Bundeswehr Hamburg<br>Professur f\u00fcr Automatisierungstechnik (AUT)<br>Fakult\u00e4t f\u00fcr Maschinenbau<br>Tel.: +49 40 6541-2719<br>E-Mail:\u00a0<a href=\"mailto:jens.wulfsberg@hsu-hh.de\" rel='nofollow'>alexander.fay@hsu-hh.de<\/a><br><a href=\"https:\/\/www.hsu-hh.de\/aut\" target=\"_blank\" rel=\"noreferrer noopener\">www.hsu-hh.de\/aut<\/a><\/p>\n\n\n\n<h2 class=\"wp-block-heading\">Projektbeteiligte<\/h2>\n\n\n\n<p>Helmut-Schmidt-Universit\u00e4t |<br>Universit\u00e4t der Bundeswehr Hamburg<br>Laboratorium Fertigungstechnik (LaFT)<br>Fakult\u00e4t f\u00fcr Maschinenbau<\/p>\n\n\n\n<p><strong><abbr title=\"Professor\">Prof.<\/abbr> <abbr title=\"Doktor\">Dr.<\/abbr>\u2013<abbr title=\"Ingenieur\">Ing.<\/abbr> Jens P. Wulfsberg<\/strong><br>E-Mail:\u00a0<a rel=\"noreferrer noopener\" href=\"mailto:alexander.fay@hsu-hh.de?subject=dtec.bw:%20Kontaktaufnahme\" target=\"_blank\"><a href=\"mailto:jens.wulfsberg@hsu-hh.de\" rel='nofollow'>jens.wulfsberg@hsu-hh.de<\/a><\/a><br>Tel.: +49 40 6541-2720<br><a href=\"https:\/\/www.hsu-hh.de\/laft\/\" target=\"_blank\" rel=\"noreferrer noopener\">www.hsu-hh.de\/laft\/<\/a><\/p>\n\n\n\n<p><br>Helmut-Schmidt-Universit\u00e4t | Universit\u00e4t der Bundeswehr Hamburg<br>Professur f\u00fcr Informatik im Maschinenbau (IMB)<br>Fakult\u00e4t f\u00fcr Maschinenbau<\/p>\n\n\n\n<p><strong><abbr title=\"Professor\">Prof.<\/abbr> <abbr title=\"Doktor\">Dr.<\/abbr> Oliver Niggemann<\/strong><br>E-Mail:&nbsp;<a href=\"mailto:oliver.niggemann@hsu-hh.de?subject=dtec.bw:%20Kontaktaufnahme\" target=\"_blank\" rel=\"noreferrer noopener\">oliver.niggemann@hsu-hh.de<\/a><br>Tel.: +49 40 65412722<br><a href=\"https:\/\/www.hsu-hh.de\/imb\/\" target=\"_blank\" rel=\"noreferrer noopener\">www.hsu-hh.de\/imb\/<\/a><\/p>\n\n\n\n<p>weitere Informationen auf: <a href=\"https:\/\/dtecbw.de\/home\/forschung\/hsu\/projekt-laila\/laila\" rel='nofollow'>https:\/\/dtecbw.de\/home\/forschung\/hsu\/projekt-laila\/laila<\/a><\/p>\n","protected":false},"excerpt":{"rendered":"<p>lokal.vernetzt.produziert. Leichtbaustrukturen aus Faserverbundkunststoffen (FVK) leisten heute einen wesentlichen Beitrag, Flugzeuge leichter und treibstoffsparender zu machen. Die Herstellung von FVK-Teilen ist jedoch aufgrund des Designs und der Komplexit\u00e4t der Fertigungsprozesse [&hellip;]<\/p>\n","protected":false},"author":2477,"featured_media":0,"parent":111,"menu_order":0,"comment_status":"closed","ping_status":"closed","template":"","meta":{"footnotes":""},"categories":[4],"tags":[],"class_list":["post-1260","page","type-page","status-publish","hentry","category-forschung"],"_links":{"self":[{"href":"https:\/\/www.hsu-hh.de\/laft\/wp-json\/wp\/v2\/pages\/1260","targetHints":{"allow":["GET"]}}],"collection":[{"href":"https:\/\/www.hsu-hh.de\/laft\/wp-json\/wp\/v2\/pages"}],"about":[{"href":"https:\/\/www.hsu-hh.de\/laft\/wp-json\/wp\/v2\/types\/page"}],"author":[{"embeddable":true,"href":"https:\/\/www.hsu-hh.de\/laft\/wp-json\/wp\/v2\/users\/2477"}],"replies":[{"embeddable":true,"href":"https:\/\/www.hsu-hh.de\/laft\/wp-json\/wp\/v2\/comments?post=1260"}],"version-history":[{"count":5,"href":"https:\/\/www.hsu-hh.de\/laft\/wp-json\/wp\/v2\/pages\/1260\/revisions"}],"predecessor-version":[{"id":2223,"href":"https:\/\/www.hsu-hh.de\/laft\/wp-json\/wp\/v2\/pages\/1260\/revisions\/2223"}],"up":[{"embeddable":true,"href":"https:\/\/www.hsu-hh.de\/laft\/wp-json\/wp\/v2\/pages\/111"}],"wp:attachment":[{"href":"https:\/\/www.hsu-hh.de\/laft\/wp-json\/wp\/v2\/media?parent=1260"}],"wp:term":[{"taxonomy":"category","embeddable":true,"href":"https:\/\/www.hsu-hh.de\/laft\/wp-json\/wp\/v2\/categories?post=1260"},{"taxonomy":"post_tag","embeddable":true,"href":"https:\/\/www.hsu-hh.de\/laft\/wp-json\/wp\/v2\/tags?post=1260"}],"curies":[{"name":"wp","href":"https:\/\/api.w.org\/{rel}","templated":true}]}}