{"id":1252,"date":"2021-01-20T10:16:11","date_gmt":"2021-01-20T09:16:11","guid":{"rendered":"https:\/\/www.hsu-hh.de\/laft\/?page_id=1252"},"modified":"2021-05-17T08:25:52","modified_gmt":"2021-05-17T06:25:52","slug":"dtec-helmut-schmidt-universitaet-universitaet-der-bundeswehr-hamburg","status":"publish","type":"page","link":"https:\/\/www.hsu-hh.de\/laft\/dtec-helmut-schmidt-universitaet-universitaet-der-bundeswehr-hamburg","title":{"rendered":"DTEC Helmut-Schmidt-Universit\u00e4t | Universit\u00e4t der Bundeswehr Hamburg"},"content":{"rendered":"\n<p>Die HSU\/UniBw H verf\u00fcgt \u00fcber umf\u00e4ngliche Expertisen im Bereich digitaler Technologien und der mit ihrer Einf\u00fchrung verbundenen Transformation von Arbeitswelt und Gesellschaft. Mit ihrem Anteil am dtec.bw betreibt die HSU\/UniBw H als ein Wissenschaftscampus des Bundes interdisziplin\u00e4re Forschung und Entwicklung in Schl\u00fcsseltechnologiefeldern der Digitalisierung und im Verbund mit Partnern aus der Wirtschaft.<\/p>\n\n\n\n<p>Wegen der besonders guten Ausstattung ihrer Forschungseinrichtungen nehmen Konsortialpartnerschaften an der HSU\/UniBw H traditionell breiten Raum ein. Dabei werden sowohl grundlegende als auch ganz konkrete anwendungsbezogene Problemstellungen untersucht, deren Forschungsergebnisse direkt in die Entwicklungen der Industrie einflie\u00dfen, indirekt konjunkturf\u00f6rdernd wirken und die technologische Autarkie der Bundesrepublik Deutschland nachhaltig sicherstellen.&nbsp;Die von dtec.bw gef\u00f6rderten Forschungsaktivit\u00e4ten an der HSU\/UniBw H werden unter vier Dachprojekten subsumiert, die gemeinsam dem Technologietransfer mit Industriepartnern aus der Region verpflichtet sind.<\/p>\n\n\n\n<ul class=\"wp-block-list\"><li><a href=\"https:\/\/www.hsu-hh.de\/laft\/fabcity-dezentrale-digitale-produktion-fuer-die-urbane-wertschoepfung\" data-type=\"URL\" data-id=\"https:\/\/www.hsu-hh.de\/laft\/fabcity-dezentrale-digitale-produktion-fuer-die-urbane-wertschoepfung\">FabCity \u2013 Dezentrale digitale Produktion f\u00fcr die urbane Wertsch\u00f6pfung<\/a><\/li><li><a href=\"https:\/\/www.hsu-hh.de\/laft\/laila-labor-fuer-intelligente-leichtbauproduktion\" data-type=\"URL\" data-id=\"https:\/\/www.hsu-hh.de\/laft\/laila-labor-fuer-intelligente-leichtbauproduktion\">LaiLa \u2013 Labor f\u00fcr intelligente Leichtbauproduktion<\/a><\/li><li><a href=\"https:\/\/www.hsu-hh.de\/laft\/digitale-urbane-produktion-foerderung-lokaler-produktionen\" data-type=\"URL\" data-id=\"https:\/\/www.hsu-hh.de\/laft\/digitale-urbane-produktion-foerderung-lokaler-produktionen\">Digitale, urbane Produktion \u2013 F\u00f6rderung lokaler Produktionen<\/a><\/li><li><a href=\"https:\/\/www.hsu-hh.de\/laft\/evo-mti-umgebung-zur-entwicklung-fur-phys-unterstutzungssysteme\" data-type=\"page\" data-id=\"1351\">EVO-MTI \u2013 Umgebung zur Entwicklung f\u00fcr phys. Unterst\u00fctzungssysteme<\/a><\/li><li><a href=\"https:\/\/www.hsu-hh.de\/laft\/kiku-ki-basierte-anziehbare-korper-unterstutzungssysteme\" data-type=\"page\" data-id=\"1355\">KIKU \u2013 KI-basierte, anziehbare K\u00f6rper-Unterst\u00fctzungssysteme<\/a><\/li><\/ul>\n\n\n\n<p><\/p>\n","protected":false},"excerpt":{"rendered":"<p>Die HSU\/UniBw H verf\u00fcgt \u00fcber umf\u00e4ngliche Expertisen im Bereich digitaler Technologien und der mit ihrer Einf\u00fchrung verbundenen Transformation von Arbeitswelt und Gesellschaft. Mit ihrem Anteil am dtec.bw betreibt die HSU\/UniBw [&hellip;]<\/p>\n","protected":false},"author":2477,"featured_media":0,"parent":0,"menu_order":0,"comment_status":"closed","ping_status":"closed","template":"","meta":{"footnotes":""},"categories":[4],"tags":[],"class_list":["post-1252","page","type-page","status-publish","hentry","category-forschung"],"_links":{"self":[{"href":"https:\/\/www.hsu-hh.de\/laft\/wp-json\/wp\/v2\/pages\/1252","targetHints":{"allow":["GET"]}}],"collection":[{"href":"https:\/\/www.hsu-hh.de\/laft\/wp-json\/wp\/v2\/pages"}],"about":[{"href":"https:\/\/www.hsu-hh.de\/laft\/wp-json\/wp\/v2\/types\/page"}],"author":[{"embeddable":true,"href":"https:\/\/www.hsu-hh.de\/laft\/wp-json\/wp\/v2\/users\/2477"}],"replies":[{"embeddable":true,"href":"https:\/\/www.hsu-hh.de\/laft\/wp-json\/wp\/v2\/comments?post=1252"}],"version-history":[{"count":6,"href":"https:\/\/www.hsu-hh.de\/laft\/wp-json\/wp\/v2\/pages\/1252\/revisions"}],"predecessor-version":[{"id":1358,"href":"https:\/\/www.hsu-hh.de\/laft\/wp-json\/wp\/v2\/pages\/1252\/revisions\/1358"}],"wp:attachment":[{"href":"https:\/\/www.hsu-hh.de\/laft\/wp-json\/wp\/v2\/media?parent=1252"}],"wp:term":[{"taxonomy":"category","embeddable":true,"href":"https:\/\/www.hsu-hh.de\/laft\/wp-json\/wp\/v2\/categories?post=1252"},{"taxonomy":"post_tag","embeddable":true,"href":"https:\/\/www.hsu-hh.de\/laft\/wp-json\/wp\/v2\/tags?post=1252"}],"curies":[{"name":"wp","href":"https:\/\/api.w.org\/{rel}","templated":true}]}}