{"id":1249,"date":"2021-01-20T10:14:19","date_gmt":"2021-01-20T09:14:19","guid":{"rendered":"https:\/\/www.hsu-hh.de\/laft\/?page_id=1249"},"modified":"2023-02-24T10:47:59","modified_gmt":"2023-02-24T09:47:59","slug":"fabcity-dezentrale-digitale-produktion-fuer-die-urbane-wertschoepfung","status":"publish","type":"page","link":"https:\/\/www.hsu-hh.de\/laft\/forschung\/fabcity-dezentrale-digitale-produktion-fuer-die-urbane-wertschoepfung","title":{"rendered":"FabCity \u2013 Dezentrale digitale Produktion f\u00fcr die urbane Wertsch\u00f6pfung"},"content":{"rendered":"\n<h2 class=\"wp-block-heading\">Die Stadt, in der man (fast) alles selbst herstellen kann.<\/h2>\n\n\n\n<figure class=\"wp-block-image size-full\"><img loading=\"lazy\" decoding=\"async\" width=\"870\" height=\"564\" src=\"https:\/\/www.hsu-hh.de\/laft\/wp-content\/uploads\/sites\/671\/2023\/02\/FabCity-dtec.bw_.png\" data-credit=\"fabcity-dtec.bw\" alt=\"fabcity-dtec.bw\" class=\"wp-image-2077\" srcset=\"https:\/\/www.hsu-hh.de\/laft\/wp-content\/uploads\/sites\/671\/2023\/02\/FabCity-dtec.bw_.png 870w, https:\/\/www.hsu-hh.de\/laft\/wp-content\/uploads\/sites\/671\/2023\/02\/FabCity-dtec.bw_-300x194.png 300w, https:\/\/www.hsu-hh.de\/laft\/wp-content\/uploads\/sites\/671\/2023\/02\/FabCity-dtec.bw_-768x498.png 768w\" sizes=\"auto, (max-width: 870px) 100vw, 870px\" \/><figcaption class=\"wp-element-caption\">fabcity-dtec.bw<\/figcaption><\/figure>\n\n\n\n<p>Die Entfremdung des Menschen von wertsch\u00f6pfenden Handlungen und seine Abh\u00e4ngigkeit von Erwerbsarbeit als Folge von Spezialisierung, Zentralisierung und Massenproduktion bedingen eine heteronome und reduzierte gesellschaftliche Teilhabe bei der Gestaltung sozio-\u00f6konomischer und technologischer Entwicklungsprozesse. Ein geringes individuelles Problembewusstsein \u00fcber \u00f6kologische Auswirkungen von Massenproduktion, eine entsprechende Konsummentalit\u00e4t und eine zunehmende Anf\u00e4lligkeit f\u00fcr \u00f6kologische, \u00f6konomische und soziale Krisen (z. B. COVID-19 Pandemie) sind die Folge.<\/p>\n\n\n\n<p>Im Rahmen des interdisziplin\u00e4ren Forschungsprojekts FabCity wird eine neue Art der urbanen Wertsch\u00f6pfung mittels dezentraler und offener Produktionswerkst\u00e4tten (<abbr title=\"sogenannt\">sog.<\/abbr>&nbsp;<strong>OpenLabs<\/strong>) in der Metropolregion Hamburg etabliert. OpenLabs sind Technologie-Labore mit quelloffenen und digitalen Fertigungsmaschinen (z. B. 3D-Drucker, CNC-Fr\u00e4sen), die f\u00fcr Privatpersonen, Unternehmen (z. B. Handwerker) und Start-ups (z. B. Drohnenbau) frei und \u00f6ffentlich zug\u00e4nglich sind. Die Nutzung quelloffener Technologien (<abbr title=\"sogenannt\">sog.<\/abbr>&nbsp;<strong>Open Source Hardware&nbsp;<\/strong>mit online verf\u00fcgbaren Produktdaten f\u00fcr die lokale Herstellung) bietet hierbei den gro\u00dfen Vorteil, dass jeder Anwender eines Produkts das Recht und die M\u00f6glichkeit hat, dieses nach eigenem Belieben zu modifizieren, zu bauen und zu verkaufen. Die Nutzung von Open Source Hardware f\u00f6rdert insofern&nbsp;<strong>Innovation<\/strong>, unterst\u00fctzt die urbane&nbsp;<strong>Produktion<\/strong>, die Unabh\u00e4ngigkeit von globalen Lieferketten, und f\u00f6rdert den Aufbau von technologischer&nbsp;<strong>Bildung<\/strong>, wodurch der aktuelle Trend der Entfremdung des Menschen von wertsch\u00f6pfenden Handlungen umgekehrt wird. Zum anderen wird die Einbettung der lokalen Aktivit\u00e4ten in die globale Infrastruktur des FabCity-Netzwerkes, welches ein Netzwerk aus internationalen St\u00e4dten mit demselben Ziel darstellt, sichergestellt und auf diese Weise der&nbsp;<strong>globale Wissensaustausch&nbsp;<\/strong>hinsichtlich der&nbsp;<strong>Prozess-, Maschinen- und Produktentwicklung&nbsp;<\/strong>implementiert.<\/p>\n\n\n\n<p>Die damit verbundenen Fragestellungen sind Gegenstand verschiedener Forschungsbereiche (u. a. Ingenieur-, Wirtschafts-, Rechts-, Sozial- und Bildungswissenschaften, Logistik und Blockchain, St\u00e4dteplanung). In dem Forschungsprojekt soll deshalb ein interdisziplin\u00e4res Forscherteam neue theoretische Grundlagen der dezentralen digitalen und vernetzten urbanen Wertsch\u00f6pfung entwickeln. Die daraus abgeleiteten Erkenntnisse bieten der Gesellschaft zuk\u00fcnftig die M\u00f6glichkeit einer globalen Produktentwicklung und lokalen Fertigung verbunden mit neuen, individualisierten und nachhaltigen Innovations-, Produktions- und Bildungsformaten.<\/p>\n\n\n\n<h6 class=\"wp-block-heading\"><strong>Projektstart\/-laufzeit:<\/strong>&nbsp;01.01.2021 \/ 4 Jahre<\/h6>\n\n\n\n<h2 class=\"wp-block-heading\">Projektleitung<\/h2>\n\n\n\n<p><strong><abbr title=\"Doktor\">Dr.<\/abbr>&#8211;<abbr title=\"Ingenieur\">Ing.<\/abbr> Tobias Redlich<\/strong><br>Helmut-Schmidt-Universit\u00e4t |<br>Universit\u00e4t der Bundeswehr Hamburg<br>Laboratorium Fertigungstechnik (LaFT)<br>Fakult\u00e4t f\u00fcr Maschinenbau<br>Tel.: +49 40 6541-3827<br>E-Mail:&nbsp;<a href=\"mailto:tobias.redlich@hsu-hh.de\" rel='nofollow'>tobias.redlich@hsu-hh.de<\/a><br><a href=\"https:\/\/www.hsu-hh.de\/laft\" target=\"_blank\" rel=\"noreferrer noopener\">www.hsu-hh.de\/laft<\/a><br><br><strong><abbr title=\"Professor\">Prof.<\/abbr> <abbr title=\"Doktor\">Dr.<\/abbr>&#8211;<abbr title=\"Ingenieur\">Ing.<\/abbr> Jens P. Wulfsberg<\/strong><br>Helmut-Schmidt-Universit\u00e4t |<br>Universit\u00e4t der Bundeswehr Hamburg<br>Laboratorium Fertigungstechnik (LaFT)<br>Fakult\u00e4t f\u00fcr Maschinenbau<br>Tel.: +49 40 6541-2720<br>E-Mail:&nbsp;<a href=\"mailto:jens.wulfsberg@hsu-hh.de\" rel='nofollow'>jens.wulfsberg@hsu-hh.de<\/a><\/p>\n\n\n\n<p>Alle Projekte der <abbr title=\"Helmut Schmidt Universit\u00e4t\">HSU<\/abbr> sind unter folgendem Link zu finden: <a href=\"https:\/\/dtecbw.de\/home\/hsu-unibw-h\/hsu\" rel='nofollow'>https:\/\/dtecbw.de\/home\/hsu-unibw-h\/hsu<\/a><\/p>\n\n\n\n<p><strong>Mehr Informationen zur AG Wertsch\u00f6pfungssystematik und zum Forschungsprojekt FabCity:&nbsp;<\/strong><a href=\"https:\/\/newproductioninstitute.de\/\" rel='nofollow'>Start | The New Production Institute<\/a><br><strong>Zur Webseite des Vereins Fab City Hamburg f\u00fchrt der folgende Link:&nbsp;<a href=\"https:\/\/fabcity.hamburg\/\" rel='nofollow'>https:\/\/fabcity.hamburg\/<\/a><\/strong><\/p>\n","protected":false},"excerpt":{"rendered":"<p>Die Stadt, in der man (fast) alles selbst herstellen kann. Die Entfremdung des Menschen von wertsch\u00f6pfenden Handlungen und seine Abh\u00e4ngigkeit von Erwerbsarbeit als Folge von Spezialisierung, Zentralisierung und Massenproduktion bedingen [&hellip;]<\/p>\n","protected":false},"author":2477,"featured_media":0,"parent":111,"menu_order":0,"comment_status":"closed","ping_status":"closed","template":"","meta":{"footnotes":""},"categories":[4],"tags":[],"class_list":["post-1249","page","type-page","status-publish","hentry","category-forschung"],"_links":{"self":[{"href":"https:\/\/www.hsu-hh.de\/laft\/wp-json\/wp\/v2\/pages\/1249","targetHints":{"allow":["GET"]}}],"collection":[{"href":"https:\/\/www.hsu-hh.de\/laft\/wp-json\/wp\/v2\/pages"}],"about":[{"href":"https:\/\/www.hsu-hh.de\/laft\/wp-json\/wp\/v2\/types\/page"}],"author":[{"embeddable":true,"href":"https:\/\/www.hsu-hh.de\/laft\/wp-json\/wp\/v2\/users\/2477"}],"replies":[{"embeddable":true,"href":"https:\/\/www.hsu-hh.de\/laft\/wp-json\/wp\/v2\/comments?post=1249"}],"version-history":[{"count":6,"href":"https:\/\/www.hsu-hh.de\/laft\/wp-json\/wp\/v2\/pages\/1249\/revisions"}],"predecessor-version":[{"id":2078,"href":"https:\/\/www.hsu-hh.de\/laft\/wp-json\/wp\/v2\/pages\/1249\/revisions\/2078"}],"up":[{"embeddable":true,"href":"https:\/\/www.hsu-hh.de\/laft\/wp-json\/wp\/v2\/pages\/111"}],"wp:attachment":[{"href":"https:\/\/www.hsu-hh.de\/laft\/wp-json\/wp\/v2\/media?parent=1249"}],"wp:term":[{"taxonomy":"category","embeddable":true,"href":"https:\/\/www.hsu-hh.de\/laft\/wp-json\/wp\/v2\/categories?post=1249"},{"taxonomy":"post_tag","embeddable":true,"href":"https:\/\/www.hsu-hh.de\/laft\/wp-json\/wp\/v2\/tags?post=1249"}],"curies":[{"name":"wp","href":"https:\/\/api.w.org\/{rel}","templated":true}]}}