{"id":1219,"date":"2021-01-20T09:57:28","date_gmt":"2021-01-20T08:57:28","guid":{"rendered":"https:\/\/www.hsu-hh.de\/laft\/?page_id=1219"},"modified":"2026-03-25T13:14:13","modified_gmt":"2026-03-25T12:14:13","slug":"dr-ing-pascal-krenz","status":"publish","type":"page","link":"https:\/\/www.hsu-hh.de\/laft\/mitarbeiter\/dr-ing-pascal-krenz","title":{"rendered":"Dr.-Ing. Pascal Krenz"},"content":{"rendered":"\n<figure class=\"wp-block-image size-full is-resized\"><img loading=\"lazy\" decoding=\"async\" width=\"467\" height=\"601\" src=\"https:\/\/www.hsu-hh.de\/laft\/wp-content\/uploads\/sites\/671\/2021\/01\/Pascal-Krenz.png\" data-credit=\"P K\" alt=\"Dr.-Ing. Pascal Krenz\" class=\"wp-image-1221\" style=\"aspect-ratio:0.7770526753678956;width:338px;height:auto\" srcset=\"https:\/\/www.hsu-hh.de\/laft\/wp-content\/uploads\/sites\/671\/2021\/01\/Pascal-Krenz.png 467w, https:\/\/www.hsu-hh.de\/laft\/wp-content\/uploads\/sites\/671\/2021\/01\/Pascal-Krenz-233x300.png 233w\" sizes=\"auto, (max-width: 467px) 100vw, 467px\" \/><\/figure>\n\n\n\n<div class=\"wp-block-columns is-layout-flex wp-container-core-columns-is-layout-9d6595d7 wp-block-columns-is-layout-flex\">\n<div class=\"wp-block-column is-layout-flow wp-block-column-is-layout-flow\">\n<p><strong>Funktion<\/strong><\/p>\n<\/div>\n\n\n\n<div class=\"wp-block-column is-layout-flow wp-block-column-is-layout-flow\">\n<p>Wissenschaftlicher Mitarbeiter, Projektleitung<\/p>\n<\/div>\n<\/div>\n\n\n\n<div class=\"wp-block-columns is-layout-flex wp-container-core-columns-is-layout-9d6595d7 wp-block-columns-is-layout-flex\">\n<div class=\"wp-block-column is-layout-flow wp-block-column-is-layout-flow\">\n<p><strong>E-Mail<\/strong><\/p>\n<\/div>\n\n\n\n<div class=\"wp-block-column is-layout-flow wp-block-column-is-layout-flow\">\n<p>pascal.krenz@hsu-hh.de<\/p>\n<\/div>\n<\/div>\n\n\n\n<div class=\"wp-block-columns is-layout-flex wp-container-core-columns-is-layout-9d6595d7 wp-block-columns-is-layout-flex\">\n<div class=\"wp-block-column is-layout-flow wp-block-column-is-layout-flow\">\n<p><strong>Telefon<\/strong><\/p>\n<\/div>\n\n\n\n<div class=\"wp-block-column is-layout-flow wp-block-column-is-layout-flow\">\n<p>+49 176 23 54 66 05<\/p>\n<\/div>\n<\/div>\n\n\n\n<div class=\"wp-block-columns is-layout-flex wp-container-core-columns-is-layout-9d6595d7 wp-block-columns-is-layout-flex\">\n<div class=\"wp-block-column is-layout-flow wp-block-column-is-layout-flow\">\n<p><strong>Fax<\/strong><\/p>\n<\/div>\n\n\n\n<div class=\"wp-block-column is-layout-flow wp-block-column-is-layout-flow\">\n<p>040 &#8211; 6541 &#8211; 2839<\/p>\n<\/div>\n<\/div>\n\n\n\n<div class=\"wp-block-columns is-layout-flex wp-container-core-columns-is-layout-9d6595d7 wp-block-columns-is-layout-flex\">\n<div class=\"wp-block-column is-layout-flow wp-block-column-is-layout-flow\">\n<p><strong>Raum, Geb\u00e4ude<\/strong><\/p>\n<\/div>\n\n\n\n<div class=\"wp-block-column is-layout-flow wp-block-column-is-layout-flow\">\n<p>C1<\/p>\n<\/div>\n<\/div>\n\n\n\n<div class=\"wp-block-columns is-layout-flex wp-container-core-columns-is-layout-9d6595d7 wp-block-columns-is-layout-flex\">\n<div class=\"wp-block-column is-layout-flow wp-block-column-is-layout-flow\">\n<p><strong>Postanschrift<\/strong><\/p>\n<\/div>\n\n\n\n<div class=\"wp-block-column is-layout-flow wp-block-column-is-layout-flow\">\n<p>Helmut-Schmidt-Universit\u00e4t<br>Fakult\u00e4t f\u00fcr Maschinenbau<br>Laboratorium Fertigungstechnik<br>Holstenhofweg 85<br>22043 Hamburg<\/p>\n<\/div>\n<\/div>\n\n\n\n<div class=\"wp-block-columns is-layout-flex wp-container-core-columns-is-layout-9d6595d7 wp-block-columns-is-layout-flex\">\n<div class=\"wp-block-column is-layout-flow wp-block-column-is-layout-flow\">\n<p><strong><strong>Profiles<\/strong><\/strong><\/p>\n<\/div>\n\n\n\n<div class=\"wp-block-column is-layout-flow wp-block-column-is-layout-flow\">\n<p><a href=\"https:\/\/orcid.org\/0009-0006-8585-1657\" rel='nofollow'>ORCID<\/a><\/p>\n\n\n\n<p><a href=\"https:\/\/www.researchgate.net\/profile\/Pascal-Krenz\" rel='nofollow'>ResearchGate<\/a><\/p>\n<\/div>\n<\/div>\n\n\n\n<div class=\"wp-block-columns is-layout-flex wp-container-core-columns-is-layout-9d6595d7 wp-block-columns-is-layout-flex\">\n<div class=\"wp-block-column is-layout-flow wp-block-column-is-layout-flow\">\n<p><strong><strong>Forschungsbereiche<\/strong><\/strong><\/p>\n<\/div>\n\n\n\n<div class=\"wp-block-column is-layout-flow wp-block-column-is-layout-flow\">\n<p>Produktionsnetzwerke, Wissensmanagement, Urbane Produktion, Distributed Manufacturing, Open Source Innovation, Open Source Hardware, E-Learning<\/p>\n<\/div>\n<\/div>\n\n\n\n<div class=\"wp-block-columns is-layout-flex wp-container-core-columns-is-layout-9d6595d7 wp-block-columns-is-layout-flex\">\n<div class=\"wp-block-column is-layout-flow wp-block-column-is-layout-flow\">\n<p><strong><strong>Forschungsprojekte<\/strong><\/strong><\/p>\n<\/div>\n\n\n\n<div class=\"wp-block-column is-layout-flow wp-block-column-is-layout-flow\">\n<p>Digitale, urbane Produktion (seit 2020)<\/p>\n\n\n\n<p>Digitale Lehre an den Bundeswehrfachschulen (seit 2017)<\/p>\n\n\n\n<p>Angewandtes Wissensmanagement in der Bundeswehr (2013 \u2013 2017)<\/p>\n\n\n\n<p>Systemisches Wissensmanagement im Luftfahrtcluster Hamburg Aviation (2011 \u2013 2014)<\/p>\n<\/div>\n<\/div>\n\n\n\n<hr class=\"wp-block-separator has-alpha-channel-opacity\" \/>\n\n\n\n<p><strong>Publikationen<\/strong><\/p>\n\n\n\n<p>Krenz, P.: Formen der Wissensarbeit in einer vernetzten Wertsch\u00f6pfung, Dissertationsschrift, Helmut-Schmidt-Universit\u00e4t, 2020, Link: https:\/\/openhsu.ub.hsu-hh.de\/handle\/10.24405\/9044<\/p>\n\n\n\n<p>Moritz, M.; Redlich, T.; Buxbaum-Conradi, S.; Basmer-Birkenfeld, S.; Krenz, P.; Osunyomi, B.D.; Wulfsberg, J.P.; Heubischl, S.: OpenLabs \u2013 Open Source Microfactories Enhancing the FabLab Idea, in: Proceedings of the 49th&nbsp;Conference on System Science (2016), Hawaii, 707 \u2013 715.<\/p>\n\n\n\n<p>Buxbaum-Conradi, S.; Heubischl, S.; Redlich T.; Weidner, R.; Moritz, M.; Krenz, P.:<br>achhaltige Entwicklung technischer Unterst\u00fctzungssysteme. in: Weidner, R.; Redlich, T.; Wulfsberg, J. (<abbr title=\"Herausgeber\">Hrsg.<\/abbr>): Technische Unterst\u00fctzungssysteme, Berlin, Springer (2015), 129 \u2013 139<\/p>\n\n\n\n<p>Redlich, T.; Wulf, S.; Moritz, M.; Buxbaum-Conradi, S.; Krenz, P.; Wulfsberg, J.P.: The Strategy of Openness in Industrial Production, in: Proceedings of&nbsp;PICMET 2015: Management of the Technology Age, Portland, USA, pp. 302-309.<\/p>\n\n\n\n<p>Moritz, M.; Redlich, T.; Krenz, P.; Buxbaum-Conradi, S. und Wulfsberg, J.P.:<br>tors, Inc. \u2013 Pioneer towards a new strategic approach in the automobile industry along the open source movement? in: Proceedings of&nbsp;PICMET 2015: Management of the Technology Age, Portland, USA, 85-92.<\/p>\n\n\n\n<p>Moritz, M.; Redlich, T.; Krenz, P.; Buxbaum-Conradi, S.; Basmer-Birkenfeld, S.; Wulfsberg, J. P.:&nbsp;Open up or Close down-The New Era of \u2018Openneers\u2019 and How They Lead the Way to Future Success, in:&nbsp;Systemics, Cybernetics and Informatics, &nbsp;13 (2015), 6, 15-22.<\/p>\n\n\n\n<p>Redlich, T.; Moritz, M.; Krenz, P.; Buxbaum-Conradi, S.; Basmer-Birkenfeld, S.-V. und Wulfsberg, J.P.: Survival through Openness \u2013 How Traditional Industry could avoid the Fate of Print Media, in: Journal on Systemics, Cybernetics and Informatics, 13 (2015), 1, 17-24<\/p>\n\n\n\n<p>Basmer-Birkenfeld S.V.; Redlich T.; Krenz P.; Buxbaum-Conradi S.; Wulfsberg J.P.; Bruhns F.L.: Modes of participation: Impact of ICTs on the importance of membership and participation, 2nd International Conference on eDemocracy &amp; eGovernment ICEDEG (2015), Quito, Ecuador, 27-33<\/p>\n\n\n\n<p>Krenz, P.; Basmer-Birkenfeld S.V.; Buxbaum-Conradi S.; Redlich T.; Wulfsberg J.P:<br>he Conflict of Transparency and Non-Disclosure of Knowledge within Value Creation Networks, 2nd International Conference on eDemocracy &amp; eGovernment ICEDEG (2015), Quito, Ecuador, 35-42<\/p>\n\n\n\n<p>Redlich T.; Basmer-Birkenfeld S.V.; Krenz P.; Buxbaum-Conradi, S.; Bruhns F.L.; Wulfsberg, J.P.: Why traditional (manufacturing) industry will suffer the fate of print media,<br>rnational Multi-Conference on Complexity, Informatics and Cybernetics IMCIC (2015), Best Paper Award.<\/p>\n\n\n\n<p>Basmer, S.; Buxbaum-Conradi, S.; Krenz, P.; Redlich, T.; Wulfsberg, J. P.; Bruhns, F. L.:<br>duction: Chances for Social Sustainability in Manufacturing, in:<br>CIRP 26 (2015), 46-51, 12th Global Conference on Sustainable Manufacturing \u2013 Emerging Potentials.<\/p>\n\n\n\n<p>Buxbaum-Conradi, S.; Menzel M.-P.; Krenz, P.; Basmer, S.; Redlich, T., Wulfsberg, J.P.:<br>zation and the Dynamics of Inter-organizational Collaboration: Producing and Bridging Spatial and Organizational Distances, in: IEEE Proceedings of the 48th Conference on System Science (2015), Hawaii, 4376-4385.<\/p>\n\n\n\n<p>Krenz, P.; Basmer S; Buxbaum-Conradi, S.; Redlich, T.; Wulfsberg J. P.: Realizing Knowledge Management in Value Creation Systems Using Principles of&nbsp;Fuzzy Control, in: Proceedings of PICMET &#8217;14 Conference (2014): Portland International Center for Management of Engineering and Technology; Infrastructure and Service Integration, Kanazawa<\/p>\n\n\n\n<p>Redlich, T., Basmer, S. V., Buxbaum-Conradi, S., Krenz, P., Wulfsberg, J., &amp; Bruhns, F. L.: Openness and trust in value co-creation: Inter-organizational knowledge transfer and new business models, in: Proceedings of PICMET &#8217;14 Conference (2014): Portland International Center for Management of Engineering and Technology; Infrastructure and Service Integration, Kanazawa, 217-225<\/p>\n\n\n\n<p>Krenz, P.; Basmer, S.; Buxbaum-Conradi, S.; Redlich, T.; Wulfsberg, J.-P.: Knowledge Management in Value Creation Networks: Establishing a New Business&nbsp;Model through the Role of a Knowledge-Intermediary, in: Procedia CIRP, 16 (2014), Pages 38-43,<\/p>\n\n\n\n<p>Krenz, P.; Basmer, S.-V.; Buxbaum-Conradi, S.; Wulfsberg, J.: Hamburg Model of Knowledge Management, in: Z\u00e4h, M. (<abbr title=\"Herausgeber\">Hrsg.<\/abbr>): Enabling manufacturing competitiveness and economic sustainability, Proceedings of the 5th International Conference on Changeable, Agile, Reconfigurable and Virtual Production (CARV 2013), Munich, Germany, 389\u2013394<\/p>\n\n\n\n<p>Wulf, S.; Redlich, T.; Krenz, P.; Wulfsberg, J. P.: Die Entwicklung der Offenheit im Lebenszyklus von Produktionsnetzwerken, in: Zeitschrift f\u00fcr wirtschaftlichen Fabrikbetrieb ZWF,&nbsp;108 (2013), 12, 911-916.<\/p>\n\n\n\n<p>Krenz, P.; Wulfsberg, J.; Bruhns, F.-L.: Granulares Wissensmanagement \u2013 Schaffung einer virtuell gest\u00fctzten Realit\u00e4t durch funktionale Arbeitsr\u00e4ume, in: Zeitschrift f\u00fcr wirtschaftlichen Fabrikbetrieb ZWF, 107 (2012), 6, 409-415<\/p>\n\n\n\n<p>Krenz, P.; Wulfsberg, J.; Bruhns, F.-L.: Unfold Collective Intelligence! Der Wertsch\u00f6pfungsprozess im Zentrum einer systemischen Organisation und Regelun , in: Zeitschrift f\u00fcr wirtschaftlichen Fabrikbetrieb ZWF, 107 (2012), 5, 349-354<\/p>\n\n\n\n<p>Krenz, P.; Wulfsberg, J.; Bruhns, F.-L.: Unfold Collective Intelligence! \u2013 Erschlie\u00dfung neuer Wertsch\u00f6pfungspotenziale durch Entfaltung kollektiver Intelligenz, in: Zeitschrift f\u00fcr wirtschaftlichen Fabrikbetrieb ZWF, 107 (2012), 3, 152-157<\/p>\n","protected":false},"excerpt":{"rendered":"<p>Funktion Wissenschaftlicher Mitarbeiter, Projektleitung E-Mail pascal.krenz@hsu-hh.de Telefon +49 176 23 54 66 05 Fax 040 &#8211; 6541 &#8211; 2839 Raum, Geb\u00e4ude C1 Postanschrift Helmut-Schmidt-Universit\u00e4tFakult\u00e4t f\u00fcr MaschinenbauLaboratorium FertigungstechnikHolstenhofweg 8522043 Hamburg Profiles [&hellip;]<\/p>\n","protected":false},"author":2477,"featured_media":0,"parent":1294,"menu_order":0,"comment_status":"closed","ping_status":"closed","template":"","meta":{"footnotes":""},"categories":[4,8],"tags":[],"class_list":["post-1219","page","type-page","status-publish","hentry","category-forschung","category-team"],"_links":{"self":[{"href":"https:\/\/www.hsu-hh.de\/laft\/wp-json\/wp\/v2\/pages\/1219","targetHints":{"allow":["GET"]}}],"collection":[{"href":"https:\/\/www.hsu-hh.de\/laft\/wp-json\/wp\/v2\/pages"}],"about":[{"href":"https:\/\/www.hsu-hh.de\/laft\/wp-json\/wp\/v2\/types\/page"}],"author":[{"embeddable":true,"href":"https:\/\/www.hsu-hh.de\/laft\/wp-json\/wp\/v2\/users\/2477"}],"replies":[{"embeddable":true,"href":"https:\/\/www.hsu-hh.de\/laft\/wp-json\/wp\/v2\/comments?post=1219"}],"version-history":[{"count":26,"href":"https:\/\/www.hsu-hh.de\/laft\/wp-json\/wp\/v2\/pages\/1219\/revisions"}],"predecessor-version":[{"id":3134,"href":"https:\/\/www.hsu-hh.de\/laft\/wp-json\/wp\/v2\/pages\/1219\/revisions\/3134"}],"up":[{"embeddable":true,"href":"https:\/\/www.hsu-hh.de\/laft\/wp-json\/wp\/v2\/pages\/1294"}],"wp:attachment":[{"href":"https:\/\/www.hsu-hh.de\/laft\/wp-json\/wp\/v2\/media?parent=1219"}],"wp:term":[{"taxonomy":"category","embeddable":true,"href":"https:\/\/www.hsu-hh.de\/laft\/wp-json\/wp\/v2\/categories?post=1219"},{"taxonomy":"post_tag","embeddable":true,"href":"https:\/\/www.hsu-hh.de\/laft\/wp-json\/wp\/v2\/tags?post=1219"}],"curies":[{"name":"wp","href":"https:\/\/api.w.org\/{rel}","templated":true}]}}