{"id":111,"date":"2017-09-20T16:37:07","date_gmt":"2017-09-20T14:37:07","guid":{"rendered":"https:\/\/www.hsu-hh.de\/laft\/?page_id=111"},"modified":"2017-09-21T11:21:38","modified_gmt":"2017-09-21T09:21:38","slug":"forschung","status":"publish","type":"page","link":"https:\/\/www.hsu-hh.de\/laft\/forschung","title":{"rendered":"Forschung"},"content":{"rendered":"<p>Das Laboratorium Fertigungstechnik (LaFT) wird seit 2001 von Univ.-Professor\u00a0<abbr title=\"Doktor der Ingenieurwissenschaften\">Dr.-Ing.<\/abbr>\u00a0Jens P. Wulfsberg geleitet. Die Professur geh\u00f6rt zur Fakult\u00e4t f\u00fcr Maschinenbau der Helmut-Schmidt-Universit\u00e4t, Universit\u00e4t der Bundeswehr Hamburg. In enger Kooperation mit unseren forschenden und industriellen Partnern werden innovative Produkte und Methoden sowie neue Technologien auf den Gebieten der<\/p>\n<ul>\n<li>Mikroproduktion<\/li>\n<li>Robotik und Automatisierung und<\/li>\n<li>Wertsch\u00f6pfungssystematiken<\/li>\n<\/ul>\n<p>entwickelt. In diesen Bereichen werden Projekte zur Grundlagenforschung sowie zur Entwicklung industrienaher Applikationen bearbeitet.<\/p>\n<p>Am LaFT arbeitet ein interdisziplin\u00e4r zusammengesetztes Team von Wissenschaftlerinnen und Wissenschaftlern. Wir sehen uns als Partner f\u00fcr lokale, nationale und internationale produzierende Unternehmen, deren Anforderungen bei den Entwicklungen Ber\u00fccksichtigung finden.<\/p>\n<div class=\"col-xs-12 downloads-item\">\n<div class=\"row border-line\">\n<div class=\"thumbnail-area\"><img decoding=\"async\" class=\"download-image\" src=\"\/wp-content\/themes\/hsu\/img\/dummy\/downloads_dummy.png\" alt=\"\" \/><\/div>\n<div class=\"text-area\"><span class=\"download-text\">LaFT-Flyer<\/span><\/div>\n<div class=\"download-area\"><a class=\"download-link\" href=\"https:\/\/www.hsu-hh.de\/laft\/wp-content\/uploads\/sites\/671\/2017\/09\/LaFT-Flyer.pdf\"><span class=\"download-name\">pdf laden<\/span><span class=\"donwload-icon\"><img decoding=\"async\" class=\"download-icon\" src=\"\/wp-content\/themes\/hsu\/img\/icons\/download_icon.png\" alt=\"download icon\" \/><\/span><span class=\"download-size\">2 MB<\/span><\/a><\/div>\n<\/div>\n<\/div>\n<p>&nbsp;<\/p>\n<p><iframe loading=\"lazy\" title=\"LAFT Film\" width=\"500\" height=\"281\" src=\"https:\/\/www.youtube.com\/embed\/CLeXVI5CdF8?feature=oembed\" frameborder=\"0\" allow=\"accelerometer; autoplay; clipboard-write; encrypted-media; gyroscope; picture-in-picture; web-share\" referrerpolicy=\"strict-origin-when-cross-origin\" allowfullscreen><\/iframe><\/p>\n","protected":false},"excerpt":{"rendered":"<p>Das Laboratorium Fertigungstechnik (LaFT) wird seit 2001 von Univ.-Professor\u00a0Dr.-Ing.\u00a0Jens P. Wulfsberg geleitet. Die Professur geh\u00f6rt zur Fakult\u00e4t f\u00fcr Maschinenbau der Helmut-Schmidt-Universit\u00e4t, Universit\u00e4t der Bundeswehr Hamburg. In enger Kooperation mit unseren [&hellip;]<\/p>\n","protected":false},"author":84,"featured_media":0,"parent":0,"menu_order":0,"comment_status":"closed","ping_status":"closed","template":"","meta":{"footnotes":""},"categories":[4,10],"tags":[],"class_list":["post-111","page","type-page","status-publish","hentry","category-forschung","category-ueber"],"_links":{"self":[{"href":"https:\/\/www.hsu-hh.de\/laft\/wp-json\/wp\/v2\/pages\/111","targetHints":{"allow":["GET"]}}],"collection":[{"href":"https:\/\/www.hsu-hh.de\/laft\/wp-json\/wp\/v2\/pages"}],"about":[{"href":"https:\/\/www.hsu-hh.de\/laft\/wp-json\/wp\/v2\/types\/page"}],"author":[{"embeddable":true,"href":"https:\/\/www.hsu-hh.de\/laft\/wp-json\/wp\/v2\/users\/84"}],"replies":[{"embeddable":true,"href":"https:\/\/www.hsu-hh.de\/laft\/wp-json\/wp\/v2\/comments?post=111"}],"version-history":[{"count":6,"href":"https:\/\/www.hsu-hh.de\/laft\/wp-json\/wp\/v2\/pages\/111\/revisions"}],"predecessor-version":[{"id":1410,"href":"https:\/\/www.hsu-hh.de\/laft\/wp-json\/wp\/v2\/pages\/111\/revisions\/1410"}],"wp:attachment":[{"href":"https:\/\/www.hsu-hh.de\/laft\/wp-json\/wp\/v2\/media?parent=111"}],"wp:term":[{"taxonomy":"category","embeddable":true,"href":"https:\/\/www.hsu-hh.de\/laft\/wp-json\/wp\/v2\/categories?post=111"},{"taxonomy":"post_tag","embeddable":true,"href":"https:\/\/www.hsu-hh.de\/laft\/wp-json\/wp\/v2\/tags?post=111"}],"curies":[{"name":"wp","href":"https:\/\/api.w.org\/{rel}","templated":true}]}}