{"id":1006,"date":"2020-01-20T14:38:22","date_gmt":"2020-01-20T13:38:22","guid":{"rendered":"https:\/\/www.hsu-hh.de\/laft\/?page_id=1006"},"modified":"2021-02-10T09:48:30","modified_gmt":"2021-02-10T08:48:30","slug":"victoria-edwards","status":"publish","type":"page","link":"https:\/\/www.hsu-hh.de\/laft\/mitarbeiter\/victoria-edwards","title":{"rendered":"Victoria Edwards M.Sc."},"content":{"rendered":"<table>\n<tbody>\n<tr>\n<td width=\"134\">Postanschrift<\/td>\n<td width=\"207\">Helmut-Schmidt-Universit\u00e4t<br \/>\nFakult\u00e4t f\u00fcr Maschinenbau<br \/>\nLaboratorium Fertigungstechnik<br \/>\nHolstenhofweg 85<br \/>\n22043 Hamburg<\/td>\n<td rowspan=\"8\" width=\"215\">\u00a0<img loading=\"lazy\" decoding=\"async\" class=\"size-medium wp-image-1007 aligncenter\" src=\"https:\/\/www.hsu-hh.de\/laft\/wp-content\/uploads\/sites\/671\/2020\/01\/Victoria-Edwards-175x300.jpg\" alt=\"Victoria Edwards\" width=\"175\" height=\"300\" data-credit=\"Victoria Edwards\" srcset=\"https:\/\/www.hsu-hh.de\/laft\/wp-content\/uploads\/sites\/671\/2020\/01\/Victoria-Edwards-175x300.jpg 175w, https:\/\/www.hsu-hh.de\/laft\/wp-content\/uploads\/sites\/671\/2020\/01\/Victoria-Edwards.jpg 595w\" sizes=\"auto, (max-width: 175px) 100vw, 175px\" \/><\/td>\n<\/tr>\n<tr>\n<td width=\"134\">Raum<\/td>\n<td width=\"207\">1380<\/td>\n<\/tr>\n<tr>\n<td width=\"134\">Geb\u00e4ude<\/td>\n<td width=\"207\">H1<\/td>\n<\/tr>\n<tr>\n<td width=\"134\">Telefon<\/td>\n<td width=\"207\">040 6541 &#8211; 3342<\/td>\n<\/tr>\n<tr>\n<td width=\"134\">Fax<\/td>\n<td width=\"207\">040 6541 &#8211; 2839<\/td>\n<\/tr>\n<tr>\n<td width=\"134\">Email<\/td>\n<td width=\"207\"><a href=\"mailto:victoria.edwards@hsu-hh.de\" rel='nofollow'>victoria.edwards@hsu-hh.de<\/a><\/td>\n<\/tr>\n<tr>\n<td width=\"134\">Funktion<\/td>\n<td width=\"207\">Wissenschaftliche Mitarbeiterin<\/td>\n<\/tr>\n<tr>\n<td width=\"134\">Forschungsbereiche<\/td>\n<td width=\"207\">Unterst\u00fctzungssysteme, Mensch-Maschinen-Interaktion, Bewegungswissenschaften<\/td>\n<\/tr>\n<\/tbody>\n<\/table>\n","protected":false},"excerpt":{"rendered":"<p>Postanschrift Helmut-Schmidt-Universit\u00e4t Fakult\u00e4t f\u00fcr Maschinenbau Laboratorium Fertigungstechnik Holstenhofweg 85 22043 Hamburg \u00a0 Raum 1380 Geb\u00e4ude H1 Telefon 040 6541 &#8211; 3342 Fax 040 6541 &#8211; 2839 Email victoria.edwards@hsu-hh.de Funktion Wissenschaftliche [&hellip;]<\/p>\n","protected":false},"author":84,"featured_media":0,"parent":1294,"menu_order":0,"comment_status":"closed","ping_status":"closed","template":"","meta":{"footnotes":""},"categories":[8],"tags":[],"class_list":["post-1006","page","type-page","status-publish","hentry","category-team"],"_links":{"self":[{"href":"https:\/\/www.hsu-hh.de\/laft\/wp-json\/wp\/v2\/pages\/1006","targetHints":{"allow":["GET"]}}],"collection":[{"href":"https:\/\/www.hsu-hh.de\/laft\/wp-json\/wp\/v2\/pages"}],"about":[{"href":"https:\/\/www.hsu-hh.de\/laft\/wp-json\/wp\/v2\/types\/page"}],"author":[{"embeddable":true,"href":"https:\/\/www.hsu-hh.de\/laft\/wp-json\/wp\/v2\/users\/84"}],"replies":[{"embeddable":true,"href":"https:\/\/www.hsu-hh.de\/laft\/wp-json\/wp\/v2\/comments?post=1006"}],"version-history":[{"count":2,"href":"https:\/\/www.hsu-hh.de\/laft\/wp-json\/wp\/v2\/pages\/1006\/revisions"}],"predecessor-version":[{"id":1009,"href":"https:\/\/www.hsu-hh.de\/laft\/wp-json\/wp\/v2\/pages\/1006\/revisions\/1009"}],"up":[{"embeddable":true,"href":"https:\/\/www.hsu-hh.de\/laft\/wp-json\/wp\/v2\/pages\/1294"}],"wp:attachment":[{"href":"https:\/\/www.hsu-hh.de\/laft\/wp-json\/wp\/v2\/media?parent=1006"}],"wp:term":[{"taxonomy":"category","embeddable":true,"href":"https:\/\/www.hsu-hh.de\/laft\/wp-json\/wp\/v2\/categories?post=1006"},{"taxonomy":"post_tag","embeddable":true,"href":"https:\/\/www.hsu-hh.de\/laft\/wp-json\/wp\/v2\/tags?post=1006"}],"curies":[{"name":"wp","href":"https:\/\/api.w.org\/{rel}","templated":true}]}}