{"id":1003,"date":"2020-01-20T14:36:01","date_gmt":"2020-01-20T13:36:01","guid":{"rendered":"https:\/\/www.hsu-hh.de\/laft\/?page_id=1003"},"modified":"2024-11-18T11:58:59","modified_gmt":"2024-11-18T10:58:59","slug":"niclas-hoffmann","status":"publish","type":"page","link":"https:\/\/www.hsu-hh.de\/laft\/mitarbeiter\/niclas-hoffmann","title":{"rendered":"Dr. techn. Niclas Hoffmann"},"content":{"rendered":"<table>\n<tbody>\n<tr>\n<td width=\"134\">Postanschrift<\/td>\n<td width=\"207\">Helmut-Schmidt-Universit\u00e4t<br \/>\nFakult\u00e4t f\u00fcr Maschinenbau<br \/>\nLaboratorium Fertigungstechnik<br \/>\nHolstenhofweg 85<br \/>\n22043 Hamburg<\/td>\n<td rowspan=\"8\" width=\"215\">\u00a0<img loading=\"lazy\" decoding=\"async\" class=\"size-medium wp-image-1004 aligncenter\" src=\"https:\/\/www.hsu-hh.de\/laft\/wp-content\/uploads\/sites\/671\/2020\/01\/Niclas-Hoffmann-233x300.jpg\" alt=\"Niclas Hoffmann\" width=\"233\" height=\"300\" data-credit=\"Niclas Hoffmann\" srcset=\"https:\/\/www.hsu-hh.de\/laft\/wp-content\/uploads\/sites\/671\/2020\/01\/Niclas-Hoffmann-233x300.jpg 233w, https:\/\/www.hsu-hh.de\/laft\/wp-content\/uploads\/sites\/671\/2020\/01\/Niclas-Hoffmann.jpg 250w\" sizes=\"auto, (max-width: 233px) 100vw, 233px\" \/><\/td>\n<\/tr>\n<tr>\n<td width=\"134\">Raum<\/td>\n<td width=\"207\">1380<\/td>\n<\/tr>\n<tr>\n<td width=\"134\">Geb\u00e4ude<\/td>\n<td width=\"207\">H1<\/td>\n<\/tr>\n<tr>\n<td width=\"134\">Telefon<\/td>\n<td width=\"207\">040 6541 &#8211; 3889<\/td>\n<\/tr>\n<tr>\n<td width=\"134\">Fax<\/td>\n<td width=\"207\">040 6541 &#8211; 2839<\/td>\n<\/tr>\n<tr>\n<td width=\"134\">Email<\/td>\n<td width=\"207\"><a href=\"mailto:niclas.hoffmann@hsu-hh.de\" rel='nofollow'>niclas.hoffmann@hsu-hh.de<\/a><\/td>\n<\/tr>\n<tr>\n<td width=\"134\">Funktion<\/td>\n<td width=\"207\">EHEMALIGE<\/td>\n<\/tr>\n<tr>\n<td width=\"134\">Forschungsbereiche<\/td>\n<td width=\"207\">Unterst\u00fctzungssysteme, Mensch-Maschinen-Interaktion<\/td>\n<\/tr>\n<\/tbody>\n<\/table>\n","protected":false},"excerpt":{"rendered":"<p>Postanschrift Helmut-Schmidt-Universit\u00e4t Fakult\u00e4t f\u00fcr Maschinenbau Laboratorium Fertigungstechnik Holstenhofweg 85 22043 Hamburg \u00a0 Raum 1380 Geb\u00e4ude H1 Telefon 040 6541 &#8211; 3889 Fax 040 6541 &#8211; 2839 Email niclas.hoffmann@hsu-hh.de Funktion EHEMALIGE [&hellip;]<\/p>\n","protected":false},"author":84,"featured_media":0,"parent":1294,"menu_order":0,"comment_status":"closed","ping_status":"closed","template":"","meta":{"footnotes":""},"categories":[8],"tags":[],"class_list":["post-1003","page","type-page","status-publish","hentry","category-team"],"_links":{"self":[{"href":"https:\/\/www.hsu-hh.de\/laft\/wp-json\/wp\/v2\/pages\/1003","targetHints":{"allow":["GET"]}}],"collection":[{"href":"https:\/\/www.hsu-hh.de\/laft\/wp-json\/wp\/v2\/pages"}],"about":[{"href":"https:\/\/www.hsu-hh.de\/laft\/wp-json\/wp\/v2\/types\/page"}],"author":[{"embeddable":true,"href":"https:\/\/www.hsu-hh.de\/laft\/wp-json\/wp\/v2\/users\/84"}],"replies":[{"embeddable":true,"href":"https:\/\/www.hsu-hh.de\/laft\/wp-json\/wp\/v2\/comments?post=1003"}],"version-history":[{"count":6,"href":"https:\/\/www.hsu-hh.de\/laft\/wp-json\/wp\/v2\/pages\/1003\/revisions"}],"predecessor-version":[{"id":2540,"href":"https:\/\/www.hsu-hh.de\/laft\/wp-json\/wp\/v2\/pages\/1003\/revisions\/2540"}],"up":[{"embeddable":true,"href":"https:\/\/www.hsu-hh.de\/laft\/wp-json\/wp\/v2\/pages\/1294"}],"wp:attachment":[{"href":"https:\/\/www.hsu-hh.de\/laft\/wp-json\/wp\/v2\/media?parent=1003"}],"wp:term":[{"taxonomy":"category","embeddable":true,"href":"https:\/\/www.hsu-hh.de\/laft\/wp-json\/wp\/v2\/categories?post=1003"},{"taxonomy":"post_tag","embeddable":true,"href":"https:\/\/www.hsu-hh.de\/laft\/wp-json\/wp\/v2\/tags?post=1003"}],"curies":[{"name":"wp","href":"https:\/\/api.w.org\/{rel}","templated":true}]}}