{"id":993,"date":"2022-04-08T12:57:20","date_gmt":"2022-04-08T10:57:20","guid":{"rendered":"https:\/\/www.hsu-hh.de\/kwb\/?page_id=993"},"modified":"2023-08-04T14:31:44","modified_gmt":"2023-08-04T12:31:44","slug":"endure","status":"publish","type":"page","link":"https:\/\/www.hsu-hh.de\/kwb\/forschung\/endure\/","title":{"rendered":"ENDURE"},"content":{"rendered":"<p>Absch\u00e4tzung der Restnutzungsdauer von Br\u00fcckenbauwerken durch Entwicklung und Erprobung hybrider Modelle<\/p>\n<p>Acronym: ENDURE<\/p>\n<p>Forschungsf\u00f6rderer: FFG \u2013 DACH-Call 2021\u00a0<\/p>\n<p>Laufzeit: Projektstart 01. Dezember 2021\u00a0\u00a0\u00a0\u00a0\u00a0\u00a0\u00a0\u00a0\u00a0\u00a0\u00a0\u00a0\u00a0\u00a0\u00a0\u00a0\u00a0\u00a0\u00a0\u00a0\u00a0\u00a0\u00a0\u00a0\u00a0\u00a0\u00a0\u00a0\u00a0\u00a0\u00a0\u00a0\u00a0\u00a0\u00a0\u00a0\u00a0\u00a0\u00a0\u00a0\u00a0\u00a0\u00a0\u00a0\u00a0\u00a0\u00a0\u00a0\u00a0\u00a0\u00a0\u00a0\u00a0\u00a0\u00a0\u00a0\u00a0\u00a0\u00a0\u00a0\u00a0\u00a0\u00a0\u00a0\u00a0\u00a0\u00a0\u00a0\u00a0\u00a0\u00a0\u00a0\u00a0\u00a0\u00a0\u00a0\u00a0\u00a0\u00a0\u00a0\u00a0\u00a0\u00a0\u00a0\u00a0\u00a0\u00a0<\/p>\n<p>Forschungspartner:<\/p>\n<ul>\n<li>Austrian Institute of Technology (AIT)\u00a0\u00a0\u00a0\u00a0\u00a0\u00a0\u00a0\u00a0\u00a0\u00a0\u00a0\u00a0\u00a0\u00a0\u00a0\u00a0\u00a0\u00a0\u00a0\u00a0\u00a0\u00a0\u00a0\u00a0\u00a0\u00a0\u00a0\u00a0\u00a0\u00a0\u00a0\u00a0\u00a0\u00a0\u00a0\u00a0\u00a0\u00a0\u00a0\u00a0\u00a0\u00a0\u00a0\u00a0\u00a0\u00a0\u00a0\u00a0\u00a0\u00a0\u00a0\u00a0\u00a0\u00a0\u00a0\u00a0\u00a0\u00a0\u00a0\u00a0\u00a0\u00a0\u00a0\u00a0\u00a0\u00a0\u00a0\u00a0\u00a0\u00a0\u00a0\u00a0\u00a0\u00a0\u00a0\u00a0\u00a0\u00a0\u00a0\u00a0\u00a0\u00a0\u00a0\u00a0\u00a0\u00a0\u00a0\u00a0\u00a0\u00a0\u00a0\u00a0\u00a0\u00a0\u00a0\u00a0\u00a0\u00a0\u00a0\u00a0\u00a0\u00a0\u00a0\u00a0\u00a0\u00a0\u00a0\u00a0\u00a0\u00a0\u00a0\u00a0\u00a0\u00a0\u00a0\u00a0<\/li>\n<li>Infrastructure Management Consulting (IMC)\u00a0\u00a0<\/li>\n<\/ul>\n<p><img loading=\"lazy\" decoding=\"async\" class=\"size-medium wp-image-619 alignright\" src=\"https:\/\/www.hsu-hh.de\/kwb\/wp-content\/uploads\/sites\/830\/2021\/11\/Brueckenbauwerken_KWB-225x300.jpg\" alt=\"Br\u00fcckenbauwerken\" width=\"225\" height=\"300\" data-credit=\"HSU-KWB\" srcset=\"https:\/\/www.hsu-hh.de\/kwb\/wp-content\/uploads\/sites\/830\/2021\/11\/Brueckenbauwerken_KWB-225x300.jpg 225w, https:\/\/www.hsu-hh.de\/kwb\/wp-content\/uploads\/sites\/830\/2021\/11\/Brueckenbauwerken_KWB-768x1024.jpg 768w, https:\/\/www.hsu-hh.de\/kwb\/wp-content\/uploads\/sites\/830\/2021\/11\/Brueckenbauwerken_KWB-1152x1536.jpg 1152w, https:\/\/www.hsu-hh.de\/kwb\/wp-content\/uploads\/sites\/830\/2021\/11\/Brueckenbauwerken_KWB-1536x2048.jpg 1536w, https:\/\/www.hsu-hh.de\/kwb\/wp-content\/uploads\/sites\/830\/2021\/11\/Brueckenbauwerken_KWB-1100x1467.jpg 1100w, https:\/\/www.hsu-hh.de\/kwb\/wp-content\/uploads\/sites\/830\/2021\/11\/Brueckenbauwerken_KWB-scaled.jpg 1920w\" sizes=\"auto, (max-width: 225px) 100vw, 225px\" \/><\/p>\n<p>Br\u00fcckenbauwerke sind vulnerable Komponenten der Stra\u00dfeninfrastruktur. Die Erfassung ihres Zustandes \u00fcber Inspektionen und eventuell Monitoring ist daher in allen D-A-CH-L\u00e4ndern standardisierte Praxis. Die eigentliche Bewertung der Bauwerke erfolgt \u00fcber Zustandsnoten. Die am Bauwerk festgestellten Befunde und die resultierende Bewertung werden in Datenbanksysteme abgelegt. Die Datens\u00e4tze erm\u00f6glichen somit einen Einblick in die Sch\u00e4digungsentwicklung. Diese Datens\u00e4tze haben auch das Potential, die Restnutzungsdauer der Br\u00fcckenbauwerke oder einzelner Bauwerksteile vorzusagen. Jedoch wird dieses wertvolle Potential bislang noch nicht v\u00f6llig ausgesch\u00f6pft. Dieses Forschungsprojekt hat zum Ziel, die inspektions- oder auch monitoringbasierten Datens\u00e4tze in die Absch\u00e4tzung der Restnutzungsdauer von Br\u00fcckenbauwerken zu integrieren. Dieses Ziel ist f\u00fcr die Erhaltung der Funktionsf\u00e4higkeit unserer Infrastruktur essentiell da ein Gro\u00dfteil der Br\u00fcckenbauwerke in den D-A-CH-L\u00e4ndern ihre Bemessungslebensdauer entweder erreicht haben oder diese in den kommenden Jahrzehnten erreichen werden. Die Absch\u00e4tzung der Restlebensdauer wird sowohl \u00fcber den Ansatz der etablierten Zustandsnoten umgesetzt als auch \u00fcber Key-Performance-Indikatoren, die in Zusammenarbeit mit den Infrastrukturbetreibern definiert werden. Die beiden Ans\u00e4tze \u2013 Zustandsnoten und Key-Performance-Indikatoren \u2013 werden \u00fcber hybride Modelle mit den Informationen aus physikalischen Modellen unterschiedlicher Sch\u00e4digungsmechanismen kombiniert. Die hybriden Modelle verbinden mathematisch die Informationen aus den physikalischen Modellen mit dem zur Verf\u00fcgung stehenden ExpertInnenwissen und erlauben zudem die Aktualisierung der Restnutzungsdauer sobald neue Bauwerksinformationen aus Inspektionen gewonnen werden. Das finale Ziel ist die Entwicklung eines Prototyps (<abbr title=\"Informationstechnologie\">IT<\/abbr>-Tool) zur Absch\u00e4tzung der Restnutzungsdauer von Br\u00fcckenbauwerken <abbr title=\"beziehungsweise\">bzw.<\/abbr> bestimmten Bauteilen (z. B. Lager und Fahrbahn\u00fcberg\u00e4nge), um die Erhaltungsstrategien zu optimieren. Das <abbr title=\"Informationstechnologie\">IT<\/abbr>-Tool wird abschlie\u00dfend an ausgesuchten Referenzbauwerken validiert, die aus den Datenbanken der D-A-CH-L\u00e4ndern herausgesucht werden. Aufbauend aus den Projektergebnissen werden Empfehlungen f\u00fcr die zuk\u00fcnftige Datenerfassung bei Bauwerksinspektionen und deren Nutzung im hybriden <a href=\"https:\/\/www.hsu-hh.de\/kwb\/bim\/\">Modell<\/a> abgeleitet, um das zuk\u00fcnftige Erhaltungsmanagement zu optimieren.<\/p>\n\n\n<div class=\"wp-block-columns is-layout-flex wp-container-core-columns-is-layout-9d6595d7 wp-block-columns-is-layout-flex\">\n<div class=\"wp-block-column is-layout-flow wp-block-column-is-layout-flow\">\n<figure class=\"wp-block-image size-full is-resized is-style-default\"><img loading=\"lazy\" decoding=\"async\" src=\"https:\/\/www.hsu-hh.de\/kwb\/wp-content\/uploads\/sites\/830\/2021\/11\/FFG.png\" data-credit=\"FFG\" alt=\"FFG\" class=\"wp-image-622\" width=\"317\" height=\"175\" srcset=\"https:\/\/www.hsu-hh.de\/kwb\/wp-content\/uploads\/sites\/830\/2021\/11\/FFG.png 900w, https:\/\/www.hsu-hh.de\/kwb\/wp-content\/uploads\/sites\/830\/2021\/11\/FFG-300x167.png 300w, https:\/\/www.hsu-hh.de\/kwb\/wp-content\/uploads\/sites\/830\/2021\/11\/FFG-768x427.png 768w\" sizes=\"auto, (max-width: 317px) 100vw, 317px\" \/><\/figure>\n<\/div>\n\n\n\n<div class=\"wp-block-column is-layout-flow wp-block-column-is-layout-flow\">\n<figure class=\"wp-block-image size-large is-resized is-style-default\"><img loading=\"lazy\" decoding=\"async\" src=\"https:\/\/www.hsu-hh.de\/kwb\/wp-content\/uploads\/sites\/830\/2021\/11\/AIT-1024x250.jpg\" data-credit=\"AIT\" alt=\"AIT-Logo\" class=\"wp-image-621\" width=\"359\" height=\"87\" srcset=\"https:\/\/www.hsu-hh.de\/kwb\/wp-content\/uploads\/sites\/830\/2021\/11\/AIT-1024x250.jpg 1024w, https:\/\/www.hsu-hh.de\/kwb\/wp-content\/uploads\/sites\/830\/2021\/11\/AIT-300x73.jpg 300w, https:\/\/www.hsu-hh.de\/kwb\/wp-content\/uploads\/sites\/830\/2021\/11\/AIT-768x187.jpg 768w, https:\/\/www.hsu-hh.de\/kwb\/wp-content\/uploads\/sites\/830\/2021\/11\/AIT-1536x374.jpg 1536w, https:\/\/www.hsu-hh.de\/kwb\/wp-content\/uploads\/sites\/830\/2021\/11\/AIT-1100x268.jpg 1100w, https:\/\/www.hsu-hh.de\/kwb\/wp-content\/uploads\/sites\/830\/2021\/11\/AIT.jpg 1772w\" sizes=\"auto, (max-width: 359px) 100vw, 359px\" \/><\/figure>\n<\/div>\n\n\n\n<div class=\"wp-block-column is-layout-flow wp-block-column-is-layout-flow\">\n<figure class=\"wp-block-image size-large is-resized is-style-default\"><img loading=\"lazy\" decoding=\"async\" src=\"https:\/\/www.hsu-hh.de\/kwb\/wp-content\/uploads\/sites\/830\/2022\/01\/IMC-1024x392.png\" data-credit=\"IMC\" alt=\"IMC\" class=\"wp-image-905\" width=\"313\" height=\"119\" srcset=\"https:\/\/www.hsu-hh.de\/kwb\/wp-content\/uploads\/sites\/830\/2022\/01\/IMC-1024x392.png 1024w, https:\/\/www.hsu-hh.de\/kwb\/wp-content\/uploads\/sites\/830\/2022\/01\/IMC-300x115.png 300w, https:\/\/www.hsu-hh.de\/kwb\/wp-content\/uploads\/sites\/830\/2022\/01\/IMC-768x294.png 768w, https:\/\/www.hsu-hh.de\/kwb\/wp-content\/uploads\/sites\/830\/2022\/01\/IMC.png 1051w\" sizes=\"auto, (max-width: 313px) 100vw, 313px\" \/><\/figure>\n<\/div>\n<\/div>\n","protected":false},"excerpt":{"rendered":"<p>Absch\u00e4tzung der Restnutzungsdauer von Br\u00fcckenbauwerken durch Entwicklung und Erprobung hybrider Modelle Acronym: ENDURE Forschungsf\u00f6rderer: FFG \u2013 DACH-Call 2021\u00a0 Laufzeit: Projektstart 01. Dezember 2021\u00a0\u00a0\u00a0\u00a0\u00a0\u00a0\u00a0\u00a0\u00a0\u00a0\u00a0\u00a0\u00a0\u00a0\u00a0\u00a0\u00a0\u00a0\u00a0\u00a0\u00a0\u00a0\u00a0\u00a0\u00a0\u00a0\u00a0\u00a0\u00a0\u00a0\u00a0\u00a0\u00a0\u00a0\u00a0\u00a0\u00a0\u00a0\u00a0\u00a0\u00a0\u00a0\u00a0\u00a0\u00a0\u00a0\u00a0\u00a0\u00a0\u00a0\u00a0\u00a0\u00a0\u00a0\u00a0\u00a0\u00a0\u00a0\u00a0\u00a0\u00a0\u00a0\u00a0\u00a0\u00a0\u00a0\u00a0\u00a0\u00a0\u00a0\u00a0\u00a0\u00a0\u00a0\u00a0\u00a0\u00a0\u00a0\u00a0\u00a0\u00a0\u00a0\u00a0\u00a0\u00a0\u00a0\u00a0 Forschungspartner: Austrian Institute of Technology (AIT)\u00a0\u00a0\u00a0\u00a0\u00a0\u00a0\u00a0\u00a0\u00a0\u00a0\u00a0\u00a0\u00a0\u00a0\u00a0\u00a0\u00a0\u00a0\u00a0\u00a0\u00a0\u00a0\u00a0\u00a0\u00a0\u00a0\u00a0\u00a0\u00a0\u00a0\u00a0\u00a0\u00a0\u00a0\u00a0\u00a0\u00a0\u00a0\u00a0\u00a0\u00a0\u00a0\u00a0\u00a0\u00a0\u00a0\u00a0\u00a0\u00a0\u00a0\u00a0\u00a0\u00a0\u00a0\u00a0\u00a0\u00a0\u00a0\u00a0\u00a0\u00a0\u00a0\u00a0\u00a0\u00a0\u00a0\u00a0\u00a0\u00a0\u00a0\u00a0\u00a0\u00a0\u00a0\u00a0\u00a0\u00a0\u00a0\u00a0\u00a0\u00a0\u00a0\u00a0\u00a0\u00a0\u00a0\u00a0\u00a0\u00a0\u00a0\u00a0\u00a0\u00a0\u00a0\u00a0\u00a0\u00a0\u00a0\u00a0\u00a0\u00a0\u00a0\u00a0\u00a0\u00a0\u00a0\u00a0\u00a0\u00a0\u00a0\u00a0\u00a0\u00a0\u00a0\u00a0\u00a0 Infrastructure [&hellip;]<\/p>\n","protected":false},"author":2761,"featured_media":0,"parent":112,"menu_order":1,"comment_status":"closed","ping_status":"closed","template":"","meta":{"footnotes":""},"categories":[4],"tags":[139],"class_list":["post-993","page","type-page","status-publish","hentry","category-forschung","tag-endure"],"_links":{"self":[{"href":"https:\/\/www.hsu-hh.de\/kwb\/wp-json\/wp\/v2\/pages\/993","targetHints":{"allow":["GET"]}}],"collection":[{"href":"https:\/\/www.hsu-hh.de\/kwb\/wp-json\/wp\/v2\/pages"}],"about":[{"href":"https:\/\/www.hsu-hh.de\/kwb\/wp-json\/wp\/v2\/types\/page"}],"author":[{"embeddable":true,"href":"https:\/\/www.hsu-hh.de\/kwb\/wp-json\/wp\/v2\/users\/2761"}],"replies":[{"embeddable":true,"href":"https:\/\/www.hsu-hh.de\/kwb\/wp-json\/wp\/v2\/comments?post=993"}],"version-history":[{"count":9,"href":"https:\/\/www.hsu-hh.de\/kwb\/wp-json\/wp\/v2\/pages\/993\/revisions"}],"predecessor-version":[{"id":1561,"href":"https:\/\/www.hsu-hh.de\/kwb\/wp-json\/wp\/v2\/pages\/993\/revisions\/1561"}],"up":[{"embeddable":true,"href":"https:\/\/www.hsu-hh.de\/kwb\/wp-json\/wp\/v2\/pages\/112"}],"wp:attachment":[{"href":"https:\/\/www.hsu-hh.de\/kwb\/wp-json\/wp\/v2\/media?parent=993"}],"wp:term":[{"taxonomy":"category","embeddable":true,"href":"https:\/\/www.hsu-hh.de\/kwb\/wp-json\/wp\/v2\/categories?post=993"},{"taxonomy":"post_tag","embeddable":true,"href":"https:\/\/www.hsu-hh.de\/kwb\/wp-json\/wp\/v2\/tags?post=993"}],"curies":[{"name":"wp","href":"https:\/\/api.w.org\/{rel}","templated":true}]}}