{"id":976,"date":"2022-04-08T12:43:26","date_gmt":"2022-04-08T10:43:26","guid":{"rendered":"https:\/\/www.hsu-hh.de\/kwb\/?page_id=976"},"modified":"2022-04-11T08:51:47","modified_gmt":"2022-04-11T06:51:47","slug":"normpod","status":"publish","type":"page","link":"https:\/\/www.hsu-hh.de\/kwb\/forschung\/normpod\/","title":{"rendered":"normPOD"},"content":{"rendered":"<p>Kontakt: <a href=\"https:\/\/www.hsu-hh.de\/kwb\/mitarbeiter\/fabian-dethof\/\">Fabian Dethof<\/a><\/p>\n<p>Im Rahmen der Zustandsbewertung von Bauwerken werden oft zerst\u00f6rungsfreie Pr\u00fcfungen durchgef\u00fchrt. Ein Teil der zerst\u00f6rungsfreien Pr\u00fcfverfahren basiert auf elastischen Wellen. In dem Projekt normPOD untersuchen wir die auf elastischen Wellen basierenden Pr\u00fcfverfahren Impakt Echo und Ultraschall auf ihre Zuverl\u00e4ssigkeit. Eine Zuverl\u00e4ssigkeitsuntersuchung ist deshalb n\u00f6tig, weil ab einer bestimmten Defektgr\u00f6\u00dfe nicht mehr alle Defekte im Medium detektiert werden k\u00f6nnen. Aus diesem Grunde ist es sinnvoll eine Detektionswahrscheinlichkeit (POD) einzuf\u00fchren, mit der man bemessen kann wie wahrscheinlich ein Defekt einer bestimmten Gr\u00f6\u00dfe detektiert werden kann. Die POD ist abh\u00e4ngig von Faktoren wie dem verwendeten Messequipment oder St\u00f6rger\u00e4uschen und ist auch f\u00fcr alle Inspektionsverfahren unterschiedlich.<\/p>\n<p>Beim Impakt Echo Verfahren wird an einer plattenartigen Struktur durch einen mechanischen Impakt ein Impuls elastischer Wellen ausgesandt. Diese Wellen werden dann an der R\u00fcckwand reflektiert und es stellt sich eine Resonanzfrequenz ein. Gemessen werden die Wellen in unmittelbarer N\u00e4he des Impaktpunktes. Ziel der Messung ist es, anhand der sich einstellenden Resonanzfrequenzen auf die Dicke der Platte zu schlie\u00dfen und m\u00f6gliche Defekte, wie z.B. Hohlstellen oder Risse aufzusp\u00fcren.<\/p>\n<p>Beim Ultraschallverfahren wird ebenfalls ein kurzer Impuls elastischer Wellen ausgesandt. Dieser hat jedoch im Vergleich zum Impakt Echo Verfahren eine deutlich kleinere Wellenl\u00e4nge, was dazu f\u00fchrt, dass der Impuls and vielen Defekten und Diskontinuit\u00e4ten im Medium gestreut wird. Die dabei resultierende Reflexionsantwort wird an der Oberfl\u00e4che der untersuchten Struktur gemessen. Aus dieser k\u00f6nnen dann R\u00fcckschl\u00fcsse \u00fcber Defekte oder auch die Ausbreitungsgeschwindigkeit der Wellen gewonnen werden.<\/p>\n<p>Die Aufgabe von Fabian Dethof im Projekt normPOD ist es, numerische Simulationen zur Ausbreitung elastischer Wellen in Stahlbeton zu machen. Dazu nutzt er den Programmcode EFIT, der sich durch seine Robustheit sehr gut f\u00fcr solche Aufgaben eignet. Aufgrund der stark heterogenen Mesostruktur von Beton und des hohen Rechenaufwandes in 3D, gab es in der Vergangenheit nicht sehr viele Simulationen von ZfP-Pr\u00fcfungen f\u00fcr das Bauwesen. Ziel der Simulationen ist es, genauere Einblicke in den Ablauf der Pr\u00fcfverfahren zu gewinnen, wichtige Einflussfaktoren zu identifizieren und deren Einfluss auf die Detektionswahrscheinlichkeit (POD) zu quantifizieren.<\/p>\n<figure id=\"attachment_727\" aria-describedby=\"caption-attachment-727\" style=\"width: 708px\" class=\"wp-caption aligncenter\"><img loading=\"lazy\" decoding=\"async\" class=\" wp-image-727\" src=\"https:\/\/www.hsu-hh.de\/kwb\/wp-content\/uploads\/sites\/830\/2021\/12\/POD3-300x122.jpg\" alt=\"POD3\" width=\"708\" height=\"288\" data-credit=\"Ahmad Takriti\" srcset=\"https:\/\/www.hsu-hh.de\/kwb\/wp-content\/uploads\/sites\/830\/2021\/12\/POD3-300x122.jpg 300w, https:\/\/www.hsu-hh.de\/kwb\/wp-content\/uploads\/sites\/830\/2021\/12\/POD3-1024x417.jpg 1024w, https:\/\/www.hsu-hh.de\/kwb\/wp-content\/uploads\/sites\/830\/2021\/12\/POD3-768x313.jpg 768w, https:\/\/www.hsu-hh.de\/kwb\/wp-content\/uploads\/sites\/830\/2021\/12\/POD3-1536x626.jpg 1536w, https:\/\/www.hsu-hh.de\/kwb\/wp-content\/uploads\/sites\/830\/2021\/12\/POD3-1100x448.jpg 1100w, https:\/\/www.hsu-hh.de\/kwb\/wp-content\/uploads\/sites\/830\/2021\/12\/POD3.jpg 1639w\" sizes=\"auto, (max-width: 708px) 100vw, 708px\" \/><figcaption id=\"caption-attachment-727\" class=\"wp-caption-text\">Abb. Vergleich einer Ultraschallmessung an einem Probek\u00f6rper mit der zugh\u00f6rigen EFIT Simulation<\/figcaption><\/figure>\n","protected":false},"excerpt":{"rendered":"<p>Kontakt: Fabian Dethof Im Rahmen der Zustandsbewertung von Bauwerken werden oft zerst\u00f6rungsfreie Pr\u00fcfungen durchgef\u00fchrt. Ein Teil der zerst\u00f6rungsfreien Pr\u00fcfverfahren basiert auf elastischen Wellen. In dem Projekt normPOD untersuchen wir die [&hellip;]<\/p>\n","protected":false},"author":2761,"featured_media":0,"parent":112,"menu_order":1,"comment_status":"closed","ping_status":"closed","template":"","meta":{"footnotes":""},"categories":[4],"tags":[167],"class_list":["post-976","page","type-page","status-publish","hentry","category-forschung","tag-normpod"],"_links":{"self":[{"href":"https:\/\/www.hsu-hh.de\/kwb\/wp-json\/wp\/v2\/pages\/976","targetHints":{"allow":["GET"]}}],"collection":[{"href":"https:\/\/www.hsu-hh.de\/kwb\/wp-json\/wp\/v2\/pages"}],"about":[{"href":"https:\/\/www.hsu-hh.de\/kwb\/wp-json\/wp\/v2\/types\/page"}],"author":[{"embeddable":true,"href":"https:\/\/www.hsu-hh.de\/kwb\/wp-json\/wp\/v2\/users\/2761"}],"replies":[{"embeddable":true,"href":"https:\/\/www.hsu-hh.de\/kwb\/wp-json\/wp\/v2\/comments?post=976"}],"version-history":[{"count":5,"href":"https:\/\/www.hsu-hh.de\/kwb\/wp-json\/wp\/v2\/pages\/976\/revisions"}],"predecessor-version":[{"id":1102,"href":"https:\/\/www.hsu-hh.de\/kwb\/wp-json\/wp\/v2\/pages\/976\/revisions\/1102"}],"up":[{"embeddable":true,"href":"https:\/\/www.hsu-hh.de\/kwb\/wp-json\/wp\/v2\/pages\/112"}],"wp:attachment":[{"href":"https:\/\/www.hsu-hh.de\/kwb\/wp-json\/wp\/v2\/media?parent=976"}],"wp:term":[{"taxonomy":"category","embeddable":true,"href":"https:\/\/www.hsu-hh.de\/kwb\/wp-json\/wp\/v2\/categories?post=976"},{"taxonomy":"post_tag","embeddable":true,"href":"https:\/\/www.hsu-hh.de\/kwb\/wp-json\/wp\/v2\/tags?post=976"}],"curies":[{"name":"wp","href":"https:\/\/api.w.org\/{rel}","templated":true}]}}