{"id":934,"date":"2022-03-15T16:30:26","date_gmt":"2022-03-15T15:30:26","guid":{"rendered":"https:\/\/www.hsu-hh.de\/kwb\/?page_id=934"},"modified":"2024-12-13T10:44:41","modified_gmt":"2024-12-13T09:44:41","slug":"marsili","status":"publish","type":"page","link":"https:\/\/www.hsu-hh.de\/kwb\/mitarbeiter\/marsili\/","title":{"rendered":"Wissenschaftlicher Mitarbeiterin"},"content":{"rendered":"<script type=\"application\/ld+json\">[{\"@context\": \"https:\/\/www.schema.org\",\"@type\": \"Person\",\"name\": \"Dr. Francesca Marsili\",\"worksFor\": [{\t\"@type\": \"Organization\",\t\"name\": \"Helmut-Schmidt-Universit\u00e4t, Campus Nord, Geb\u00e4ude DRV, Fakult\u00e4t f\u00fcr Maschinenbau und Bauingenieurwesen \",\t\"url\": \"https:\/\/www.hsu-hh.de\"\t, \"department\": {\"@type\": \"Organization\",\t\t\t\t\t\"name\": \"Professur f\u00fcr Konstruktionswerkstoffe und Bauwerkserhaltung\",\t\t\t\t\t\"location\": {\t\t\t\t\t\t\"@type\": \"PostalAddress\",\t\t\t\t\t\t\"addressLocality\": \"\",        \t\t\t\t\"postalCode\": \"22159\",        \t\t\t\t\"streetAddress\": \"Friedrich-Ebert-Damm 245 , Professur f\u00fcr Konstruktionswerkstoffe und Bauwerkserhaltung\"\t\t\t\t\t}},\t\"location\": {\t\t\"@type\": \"PostalAddress\",    \t\"addressLocality\": \"\",    \t\"postalCode\": \"22008\",    \t\"postOfficeBoxNumber\": \"700822\"\t}   }],\"image\": \"https:\/\/www.hsu-hh.de\/kwb\/wp-content\/uploads\/sites\/830\/2022\/02\/index-150x150.png\",\"telephone\": \"+49 40 6541-2961\",\"faxNumber\": \"\",\"email\": \"francesca.marsili(at)hsu-hh.de\"}]<\/script><div class=\"clearfix\"><\/div><div class=\"ansprechparter-container \" style=\"margin-top:1em; \"><div class=\"row ansprechpartner-item ansprechparter-header\" ><div class=\"col-xs-8 col-lg-12\" style=\"margin-bottom: 30px;\"><h3 class=\"ansprechparter-headline\">Dr. Francesca Marsili<\/h3><\/div><\/div><div class=\"col-md-4 col-lg-3 col-xs-4 ansprechpartner-item floatright img-circle center-block\" style=\"margin-bottom: 30px;\"><div class=\"img-responsive-wrapper\"><img decoding=\"async\" src=\"https:\/\/www.hsu-hh.de\/kwb\/wp-content\/uploads\/sites\/830\/2022\/02\/index-150x150.png\" alt=\"Marsili-Personal Photo\" class=\"img-circle img-responsive center-block\" \/><\/div><\/div><div class=\"col-md-12 col-lg-3 col-xs-12 ansprechpartner-item kontakt floatright\" style=\"margin-bottom: 30px; \"><div class=\"row\"><div class=\"col-xs-12 col-sm-6 col-lg-12\"><div class=\"row\"><div class=\"col-xs-4 col-lg-4 row-text bold\" >Raum:<\/div><div class=\" row-text\">0124<\/div><\/div><\/div><div class=\"col-xs-12 col-sm-6 col-lg-12\"><div class=\"row\"><div class=\"col-xs-4 col-lg-4 row-text bold\">Telefon:<\/div><div class=\" row-text\">+49 40 6541-2961<\/div><\/div><\/div><div class=\"col-xs-12 col-sm-6 col-lg-12\"><div class=\"row\"><div class=\"col-xs-4 col-lg-4 row-text bold\">E-Mail:<\/div><div class=\"row-text\" style=\"overflow:hidden; word-break: break-word\"><a href=\"mailto:francesca.marsili(at)hsu-hh.de\" rel=\"nofollow\">francesca.marsili(at)hsu-hh.de<\/a><\/div><\/div><\/div><\/div><\/div><div class=\"col-md-6 col-lg-3 col-xs-12 ansprechpartner-item anschrift floatright\" ><div class=\"row-headline\">Besucheranschrift<\/div><div class=\"dataBesucheranschrift\" style=\"\"><div class=\"row-text\">Helmut-Schmidt-Universit\u00e4t<\/div><div class=\"row-text\">Campus Nord<\/div><div class=\"row-text\">Geb\u00e4ude DRV<\/div><div class=\"row-text\">Fakult\u00e4t f\u00fcr Maschinenbau und Bauingenieurwesen <\/div><div class=\"row-text\">Professur f\u00fcr Konstruktionswerkstoffe und Bauwerkserhaltung<\/div><div class=\"row-text\">Friedrich-Ebert-Damm 245<\/div><div class=\"row-text\">22159 Hamburg<\/div><\/div><\/div><div class=\"col-md-6 col-lg-3 col-xs-12 ansprechpartner-item anschrift floatright\"><div class=\"row-headline\">Postanschrift<\/div><div class=\"dataPostanschrift\" style=\"\"><div class=\"row-text\">Helmut-Schmidt-Universit\u00e4t<\/div><div class=\"row-text\">Fakult\u00e4t f\u00fcr Maschinenbau<\/div><div class=\"row-text\">Professur f\u00fcr Konstruktionswerkstoffe und Bauwerkserhaltung<\/div><div class=\"row-text\">Postfach 70 08 22<\/div><div class=\"row-text\">22008 Hamburg<\/div><\/div><\/div><\/div><div class=\"clearfix\"><\/div>\n\n\n<div style=\"height:20px\" aria-hidden=\"true\" class=\"wp-block-spacer\"><\/div>\n\n\n<p>Die Forschung von <abbr title=\"Doktor\">Dr.<\/abbr>&#8211;<abbr title=\"Ingenieur\">Ing.<\/abbr> Marsili konzentriert sich auf die Verbesserung der Zuverl\u00e4ssigkeitsbewertung bestehender Bauwerke und die Steigerung der Effektivit\u00e4t der Instandhaltung und des Infrastrukturmanagements. Dazu geh\u00f6ren die Digitalisierung, Automatisierung und Standardisierung der Lebenszyklusanalyse, die Integration von <a href=\"https:\/\/www.hsu-hh.de\/kwb\/shm\/\" target=\"_blank\" rel=\"noopener\">SHM<\/a> in die Zustandsbewertung, die Analyse gro\u00dfer Datenmengen \u00fcber den Lebenszyklus bestehender Infrastrukturen und die Bestimmung optimaler \u00dcberwachungs- und Interventionsstrategien f\u00fcr einzelne Objekte und Netzwerke. Derzeit ist sie an drei Forschungsprojekten beteiligt, die sich mit der Implementierung von SHM in Building Information Modeling (<a href=\"https:\/\/www.hsu-hh.de\/kwb\/bim\/\" target=\"_blank\" rel=\"noopener\">BIM<\/a>), der Bewertung der Restnutzungsdauer bestehender Infrastrukturen mit hybriden Methoden (<a href=\"https:\/\/www.hsu-hh.de\/kwb\/forschung\/endure\/\">ENDURE<\/a>) und der Integration von <a href=\"https:\/\/www.hsu-hh.de\/kwb\/bim\/\">BIM<\/a> in die \u00dcberwachung und das Lebenszyklusmanagement von Betonfertigteilen f\u00fcr Wasserbauwerke befassen. <abbr title=\"Doktor\">Dr.<\/abbr>&#8211;<abbr title=\"Ingenieur\">Ing.<\/abbr> Marsili studierte Bauingenieurwesen und Architektur an der Universit\u00e4t Pisa und promovierte in Umweltingenieurwesen an der Universit\u00e4t Florenz und der <abbr title=\"Technische Universit\u00e4t\">TU<\/abbr> Braunschweig. Bevor sie im Februar 2022 ihre Arbeit an der <abbr title=\"Helmut Schmidt Universit\u00e4t\">HSU<\/abbr> aufgenommen hat, war sie 5 Jahre im Referat Infrastrukturmanagement an der Bundesanstalt f\u00fcr Wasserbau in Karlsruhe t\u00e4tig.<\/p>\n\n\n<p><\/p>\n","protected":false},"excerpt":{"rendered":"<p>Die Forschung von Dr.&#8211;Ing. Marsili konzentriert sich auf die Verbesserung der Zuverl\u00e4ssigkeitsbewertung bestehender Bauwerke und die Steigerung der Effektivit\u00e4t der Instandhaltung und des Infrastrukturmanagements. Dazu geh\u00f6ren die Digitalisierung, Automatisierung und [&hellip;]<\/p>\n","protected":false},"author":2761,"featured_media":0,"parent":106,"menu_order":0,"comment_status":"closed","ping_status":"closed","template":"","meta":{"footnotes":""},"categories":[43],"tags":[156],"class_list":["post-934","page","type-page","status-publish","hentry","category-mitarbeiter","tag-marsili"],"_links":{"self":[{"href":"https:\/\/www.hsu-hh.de\/kwb\/wp-json\/wp\/v2\/pages\/934","targetHints":{"allow":["GET"]}}],"collection":[{"href":"https:\/\/www.hsu-hh.de\/kwb\/wp-json\/wp\/v2\/pages"}],"about":[{"href":"https:\/\/www.hsu-hh.de\/kwb\/wp-json\/wp\/v2\/types\/page"}],"author":[{"embeddable":true,"href":"https:\/\/www.hsu-hh.de\/kwb\/wp-json\/wp\/v2\/users\/2761"}],"replies":[{"embeddable":true,"href":"https:\/\/www.hsu-hh.de\/kwb\/wp-json\/wp\/v2\/comments?post=934"}],"version-history":[{"count":13,"href":"https:\/\/www.hsu-hh.de\/kwb\/wp-json\/wp\/v2\/pages\/934\/revisions"}],"predecessor-version":[{"id":1788,"href":"https:\/\/www.hsu-hh.de\/kwb\/wp-json\/wp\/v2\/pages\/934\/revisions\/1788"}],"up":[{"embeddable":true,"href":"https:\/\/www.hsu-hh.de\/kwb\/wp-json\/wp\/v2\/pages\/106"}],"wp:attachment":[{"href":"https:\/\/www.hsu-hh.de\/kwb\/wp-json\/wp\/v2\/media?parent=934"}],"wp:term":[{"taxonomy":"category","embeddable":true,"href":"https:\/\/www.hsu-hh.de\/kwb\/wp-json\/wp\/v2\/categories?post=934"},{"taxonomy":"post_tag","embeddable":true,"href":"https:\/\/www.hsu-hh.de\/kwb\/wp-json\/wp\/v2\/tags?post=934"}],"curies":[{"name":"wp","href":"https:\/\/api.w.org\/{rel}","templated":true}]}}