{"id":73,"date":"2021-12-13T15:27:16","date_gmt":"2021-12-13T14:27:16","guid":{"rendered":"https:\/\/www.hsu-hh.de\/vorlage\/?page_id=73"},"modified":"2026-01-14T12:28:09","modified_gmt":"2026-01-14T11:28:09","slug":"startseite","status":"publish","type":"page","link":"https:\/\/www.hsu-hh.de\/kwb\/","title":{"rendered":"Willkommen an der Professur f\u00fcr Konstruktionswerkstoffe und Bauwerkserhaltung"},"content":{"rendered":"\n<div style=\"height:30px\" aria-hidden=\"true\" class=\"wp-block-spacer\"><\/div>\n\n\n<p>Im Fokus der Forschung stehen Bauwerke aus Stahl- und Spannbeton, die wesentliche Bestandteile unserer Infrastruktur darstellen. Von der Planung\/Neubau bis zum R\u00fcckbau werden wichtige Aspekte im Leben eines Stahlbetonbauwerkes erforscht. Die Forschung erstreckt sich von der Wahl eines leistungsf\u00e4higen und dauerhaften Materials und der Lebensdauerbemessung in der Planungsphase \u00fcber die verzugsweise zerst\u00f6rungsfreie Zustandserfassung und anschlie\u00dfende Zustandsbewertung in der Nutzungsphase bis hin zur Ert\u00fcchtigung in der Instandsetzungsphase oder dem R\u00fcckbau. In jeder Lebensphase eines Bauwerkes wird neben der Zuverl\u00e4ssigkeit des Bauwerkes jede Entscheidung im Bauwerksmanagement mit besonderer Ber\u00fccksichtigung der Nachhaltigkeitsaspekte bewertet. Unserer Forschung legt mit die Grundlagen in der Zukunft unsere Bauwerke nachhaltig, <abbr title=\"das hei\u00dft\">d.h.<\/abbr>, emissionsarm und ressourceneffizient zu bauen, zu warten und instand zu setzten.<\/p>\n<p><strong>Forschungsgebiete<\/strong><\/p>\n<ul>\n<li>Sch\u00e4digungsmechanismen und Dauerhaftigkeit von Beton und Stahlbeton<\/li>\n<li>Experimentelle, numerische und probabilistische Betrachtungen zur Bewehrungskorrosion<\/li>\n<li>Lebensdauerbemessung und Absch\u00e4tzung der Restnutzungsdauer von Stahlbetonbauwerken<\/li>\n<li>Zustandserfassung von Stahlbetonbauwerken mittels zerst\u00f6rungsfreier Pr\u00fcftechnik und Monitoring<\/li>\n<li>Zuverl\u00e4ssigkeitsbewertung von zerst\u00f6rungsfreien Pr\u00fcfverfahren<\/li>\n<li>Instandhaltungsplanung von Stahlbetonbauwerken<\/li>\n<li>Nachhaltigkeitsbewertung im Lebenszyklus von Stahlbetonbauwerken<\/li>\n<li>Building Information Modeling im Bestandsbau<\/li>\n<\/ul>\n\n\n<div style=\"height:31px\" aria-hidden=\"true\" class=\"wp-block-spacer\"><\/div>\n\n\n<p><strong>Gruppennachrichten<\/strong><\/p>\n<p>Die Gruppe hat im November und Dezember 2025 die erfolgreiche Verteidigung der Doktorarbeiten von <abbr title=\"Doktor\">Dr.<\/abbr> Fabian Dethof (Anwendungen numerischer Simulationen bei der Impakt-Echo- und Ultraschallpr\u00fcfung von Betonbauwerken) und <abbr title=\"Doktor\">Dr.<\/abbr> Daniel Lahmann (Autogene Selbstheilung von Beton) gefeiert.<\/p>\n\n\n<div class=\"wp-block-columns is-layout-flex wp-container-core-columns-is-layout-9d6595d7 wp-block-columns-is-layout-flex\">\n<div class=\"wp-block-column is-vertically-aligned-center is-layout-flow wp-block-column-is-layout-flow\"><div class=\"wp-block-image\">\n<figure class=\"alignright size-large is-resized\"><img loading=\"lazy\" decoding=\"async\" width=\"1024\" height=\"1024\" src=\"https:\/\/www.hsu-hh.de\/kwb\/wp-content\/uploads\/sites\/830\/2026\/01\/Fabian-Dethof-1024x1024.jpg\" data-credit=\"HSU-KWB\" alt=\"\" class=\"wp-image-1997\" style=\"width:410px\" srcset=\"https:\/\/www.hsu-hh.de\/kwb\/wp-content\/uploads\/sites\/830\/2026\/01\/Fabian-Dethof-1024x1024.jpg 1024w, https:\/\/www.hsu-hh.de\/kwb\/wp-content\/uploads\/sites\/830\/2026\/01\/Fabian-Dethof-300x300.jpg 300w, https:\/\/www.hsu-hh.de\/kwb\/wp-content\/uploads\/sites\/830\/2026\/01\/Fabian-Dethof-150x150.jpg 150w, https:\/\/www.hsu-hh.de\/kwb\/wp-content\/uploads\/sites\/830\/2026\/01\/Fabian-Dethof-768x768.jpg 768w, https:\/\/www.hsu-hh.de\/kwb\/wp-content\/uploads\/sites\/830\/2026\/01\/Fabian-Dethof-1536x1536.jpg 1536w, https:\/\/www.hsu-hh.de\/kwb\/wp-content\/uploads\/sites\/830\/2026\/01\/Fabian-Dethof-2048x2048.jpg 2048w, https:\/\/www.hsu-hh.de\/kwb\/wp-content\/uploads\/sites\/830\/2026\/01\/Fabian-Dethof-100x100.jpg 100w, https:\/\/www.hsu-hh.de\/kwb\/wp-content\/uploads\/sites\/830\/2026\/01\/Fabian-Dethof-1100x1100.jpg 1100w\" sizes=\"auto, (max-width: 1024px) 100vw, 1024px\" \/><\/figure>\n<\/div><\/div>\n\n\n\n<div class=\"wp-block-column is-layout-flow wp-block-column-is-layout-flow\"><div class=\"wp-block-image\">\n<figure class=\"alignleft size-large is-resized\"><img loading=\"lazy\" decoding=\"async\" width=\"975\" height=\"1024\" src=\"https:\/\/www.hsu-hh.de\/kwb\/wp-content\/uploads\/sites\/830\/2026\/01\/Daniel-Lahmann-975x1024.jpg\" data-credit=\"HSU-KWB\" alt=\"\" class=\"wp-image-1998\" style=\"aspect-ratio:1;object-fit:cover;width:410px\" srcset=\"https:\/\/www.hsu-hh.de\/kwb\/wp-content\/uploads\/sites\/830\/2026\/01\/Daniel-Lahmann-975x1024.jpg 975w, https:\/\/www.hsu-hh.de\/kwb\/wp-content\/uploads\/sites\/830\/2026\/01\/Daniel-Lahmann-286x300.jpg 286w, https:\/\/www.hsu-hh.de\/kwb\/wp-content\/uploads\/sites\/830\/2026\/01\/Daniel-Lahmann-768x807.jpg 768w, https:\/\/www.hsu-hh.de\/kwb\/wp-content\/uploads\/sites\/830\/2026\/01\/Daniel-Lahmann-1462x1536.jpg 1462w, https:\/\/www.hsu-hh.de\/kwb\/wp-content\/uploads\/sites\/830\/2026\/01\/Daniel-Lahmann-1950x2048.jpg 1950w, https:\/\/www.hsu-hh.de\/kwb\/wp-content\/uploads\/sites\/830\/2026\/01\/Daniel-Lahmann-1100x1155.jpg 1100w\" sizes=\"auto, (max-width: 975px) 100vw, 975px\" \/><\/figure>\n<\/div><\/div>\n<\/div>\n\n\n<p><strong>Foto des Monats<br \/><\/strong><\/p>\n<p><strong>January 2025<br \/><\/strong><\/p>\n\n<div class=\"wp-block-image is-style-default\">\n<figure class=\"aligncenter size-large is-resized\"><img loading=\"lazy\" decoding=\"async\" width=\"1024\" height=\"387\" src=\"https:\/\/www.hsu-hh.de\/kwb\/wp-content\/uploads\/sites\/830\/2025\/01\/SIC-1-1024x387.jpg\" data-credit=\"HSU-KWB\" alt=\"Dehnungsinduzierter Korrosion\" class=\"wp-image-1844\" style=\"width:798px;height:auto\" srcset=\"https:\/\/www.hsu-hh.de\/kwb\/wp-content\/uploads\/sites\/830\/2025\/01\/SIC-1-1024x387.jpg 1024w, https:\/\/www.hsu-hh.de\/kwb\/wp-content\/uploads\/sites\/830\/2025\/01\/SIC-1-300x113.jpg 300w, https:\/\/www.hsu-hh.de\/kwb\/wp-content\/uploads\/sites\/830\/2025\/01\/SIC-1-768x291.jpg 768w, https:\/\/www.hsu-hh.de\/kwb\/wp-content\/uploads\/sites\/830\/2025\/01\/SIC-1-1536x581.jpg 1536w, https:\/\/www.hsu-hh.de\/kwb\/wp-content\/uploads\/sites\/830\/2025\/01\/SIC-1-1100x416.jpg 1100w, https:\/\/www.hsu-hh.de\/kwb\/wp-content\/uploads\/sites\/830\/2025\/01\/SIC-1.jpg 1869w\" sizes=\"auto, (max-width: 1024px) 100vw, 1024px\" \/><figcaption class=\"wp-element-caption\">Die Abbildung zeigt glatte Bewehrungsstahlstab in einer Korrosionszelle, die langsamer zyklischer mechanischer Belastung ausgesetzt sind.<br>a) Ein Bewehrungsstab, der in einer alkalischen L\u00f6sung im passiven Zustand eingetaucht ist, Minuten vor dem Zusammenbruch des Passivfilms.<br>b) Der Moment, in dem die Passivierung zusammenbricht, die Oberfl\u00e4che der L\u00f6sung ausgesetzt wird und daher keine Repassivierung m\u00f6glich ist. Der Grund daf\u00fcr ist <br>Dehnungsinduzierte Korrosion. Kontakt: <a href=\"https:\/\/www.hsu-hh.de\/kwb\/mitarbeiter\/ahmad_takriti\/\" data-type=\"page\" data-id=\"161\">Ahmad Takriti<\/a><\/figcaption><\/figure>\n<\/div>\n\n<p><a href=\"https:\/\/www.hsu-hh.de\/kwb\/vergangene-monate\/\">vergangene Monate<\/a><\/p>","protected":false},"excerpt":{"rendered":"<p>Im Fokus der Forschung stehen Bauwerke aus Stahl- und Spannbeton, die wesentliche Bestandteile unserer Infrastruktur darstellen. Von der Planung\/Neubau bis zum R\u00fcckbau werden wichtige Aspekte im Leben eines Stahlbetonbauwerkes erforscht. [&hellip;]<\/p>\n","protected":false},"author":26,"featured_media":0,"parent":0,"menu_order":0,"comment_status":"closed","ping_status":"closed","template":"","meta":{"footnotes":""},"categories":[35],"tags":[],"class_list":["post-73","page","type-page","status-publish","hentry","category-startseite"],"_links":{"self":[{"href":"https:\/\/www.hsu-hh.de\/kwb\/wp-json\/wp\/v2\/pages\/73","targetHints":{"allow":["GET"]}}],"collection":[{"href":"https:\/\/www.hsu-hh.de\/kwb\/wp-json\/wp\/v2\/pages"}],"about":[{"href":"https:\/\/www.hsu-hh.de\/kwb\/wp-json\/wp\/v2\/types\/page"}],"author":[{"embeddable":true,"href":"https:\/\/www.hsu-hh.de\/kwb\/wp-json\/wp\/v2\/users\/26"}],"replies":[{"embeddable":true,"href":"https:\/\/www.hsu-hh.de\/kwb\/wp-json\/wp\/v2\/comments?post=73"}],"version-history":[{"count":71,"href":"https:\/\/www.hsu-hh.de\/kwb\/wp-json\/wp\/v2\/pages\/73\/revisions"}],"predecessor-version":[{"id":2020,"href":"https:\/\/www.hsu-hh.de\/kwb\/wp-json\/wp\/v2\/pages\/73\/revisions\/2020"}],"wp:attachment":[{"href":"https:\/\/www.hsu-hh.de\/kwb\/wp-json\/wp\/v2\/media?parent=73"}],"wp:term":[{"taxonomy":"category","embeddable":true,"href":"https:\/\/www.hsu-hh.de\/kwb\/wp-json\/wp\/v2\/categories?post=73"},{"taxonomy":"post_tag","embeddable":true,"href":"https:\/\/www.hsu-hh.de\/kwb\/wp-json\/wp\/v2\/tags?post=73"}],"curies":[{"name":"wp","href":"https:\/\/api.w.org\/{rel}","templated":true}]}}