{"id":513,"date":"2021-08-24T13:36:25","date_gmt":"2021-08-24T11:36:25","guid":{"rendered":"https:\/\/www.hsu-hh.de\/kwb\/?page_id=513"},"modified":"2025-07-29T14:33:14","modified_gmt":"2025-07-29T12:33:14","slug":"yogi-jaelani-en","status":"publish","type":"page","link":"https:\/\/www.hsu-hh.de\/kwb\/en\/team\/yogi-jaelani-en\/","title":{"rendered":"Scientific Staff"},"content":{"rendered":"<script type=\"application\/ld+json\">[{\"@context\": \"https:\/\/www.schema.org\",\"@type\": \"Person\",\"name\": \"M. Sc. Yogi Jaelani\",\"worksFor\": [{\t\"@type\": \"Organization\",\t\"name\": \"Helmut-Schmidt-Universit\u00e4t, Campus Nord, Geb\u00e4ude DRV, Fakult\u00e4t f\u00fcr Maschinenbau\",\t\"url\": \"https:\/\/www.hsu-hh.de\"\t, \"department\": {\"@type\": \"Organization\",\t\t\t\t\t\"name\": \"Professur f\u00fcr Konstruktionswerkstoffe und Bauwerkserhaltung\",\t\t\t\t\t\"location\": {\t\t\t\t\t\t\"@type\": \"PostalAddress\",\t\t\t\t\t\t\"addressLocality\": \"\",        \t\t\t\t\"postalCode\": \"22159\",        \t\t\t\t\"streetAddress\": \"Friedrich-Ebert-Damm 245 , Professur f\u00fcr Konstruktionswerkstoffe und Bauwerkserhaltung\"\t\t\t\t\t}},\t\"location\": {\t\t\"@type\": \"PostalAddress\",    \t\"addressLocality\": \"\",    \t\"postalCode\": \"22008\",    \t\"postOfficeBoxNumber\": \"700822\"\t}   }],\"image\": \"https:\/\/www.hsu-hh.de\/kwb\/wp-content\/uploads\/sites\/830\/2021\/07\/Jaelani-1-150x150.jpeg\",\"telephone\": \"+49 40 6541-4534\",\"faxNumber\": \"\",\"email\": \"jaelaniy@hsu-hh.de\"}]<\/script><div class=\"clearfix\"><\/div><div class=\"ansprechparter-container \" style=\"margin-top:1em; \"><div class=\"row ansprechpartner-item ansprechparter-header\" ><div class=\"col-xs-8 col-lg-12\" style=\"margin-bottom: 30px;\"><h3 class=\"ansprechparter-headline\">M. Sc. Yogi Jaelani<\/h3><\/div><\/div><div class=\"col-md-4 col-lg-3 col-xs-4 ansprechpartner-item floatright img-circle center-block\" style=\"margin-bottom: 30px;\"><div class=\"img-responsive-wrapper\"><img decoding=\"async\" src=\"https:\/\/www.hsu-hh.de\/kwb\/wp-content\/uploads\/sites\/830\/2021\/07\/Jaelani-1-150x150.jpeg\" alt=\"Jaelani-personal photo\" class=\"img-circle img-responsive center-block\" \/><\/div><\/div><div class=\"col-md-12 col-lg-3 col-xs-12 ansprechpartner-item kontakt floatright\" style=\"margin-bottom: 30px; \"><div class=\"row\"><div class=\"col-xs-12 col-sm-6 col-lg-12\"><div class=\"row\"><div class=\"col-xs-4 col-lg-4 row-text bold\" >Raum:<\/div><div class=\" row-text\">3E 123<\/div><\/div><\/div><div class=\"col-xs-12 col-sm-6 col-lg-12\"><div class=\"row\"><div class=\"col-xs-4 col-lg-4 row-text bold\">Telefon:<\/div><div class=\" row-text\">+49 40 6541-4534<\/div><\/div><\/div><div class=\"col-xs-12 col-sm-6 col-lg-12\"><div class=\"row\"><div class=\"col-xs-4 col-lg-4 row-text bold\">E-Mail:<\/div><div class=\"row-text\" style=\"overflow:hidden; word-break: break-word\"><a href=\"mailto:jaelaniy@hsu-hh.de\" rel=\"nofollow\">jaelaniy@hsu-hh.de<\/a><\/div><\/div><\/div><\/div><\/div><div class=\"col-md-6 col-lg-3 col-xs-12 ansprechpartner-item anschrift floatright\" ><div class=\"row-headline\">Besucheranschrift<\/div><div class=\"dataBesucheranschrift\" style=\"\"><div class=\"row-text\">Helmut-Schmidt-Universit\u00e4t<\/div><div class=\"row-text\">Campus Nord<\/div><div class=\"row-text\">Geb\u00e4ude DRV<\/div><div class=\"row-text\">Fakult\u00e4t f\u00fcr Maschinenbau<\/div><div class=\"row-text\">Professur f\u00fcr Konstruktionswerkstoffe und Bauwerkserhaltung<\/div><div class=\"row-text\">Friedrich-Ebert-Damm 245<\/div><div class=\"row-text\">22159 Hamburg<\/div><\/div><\/div><div class=\"col-md-6 col-lg-3 col-xs-12 ansprechpartner-item anschrift floatright\"><div class=\"row-headline\">Postanschrift<\/div><div class=\"dataPostanschrift\" style=\"\"><div class=\"row-text\">Helmut-Schmidt-Universit\u00e4t<\/div><div class=\"row-text\">Fakult\u00e4t f\u00fcr Maschinenbau<\/div><div class=\"row-text\">Professur f\u00fcr Konstruktionswerkstoffe und Bauwerkserhaltung<\/div><div class=\"row-text\">Postfach 70 08 22<\/div><div class=\"row-text\">22008 Hamburg<\/div><\/div><\/div><\/div><div class=\"clearfix\"><\/div>\n\n\n<div style=\"height:30px\" aria-hidden=\"true\" class=\"wp-block-spacer\"><\/div>\n\n\n<p>Yogi Jaelani is Research assistant as well as PhD Student of Civil Engineering, Faculty of Mechanical Engineering at the Helmut-Schmidt University\/ Federal Armed Forces University, Germany. In 2012 He received his M. Sc in Structural Engineering from the Bandung Institute of Technology, Indonesien and in 2018 He received his M. Eng also in Structural Engineering from the University of Applied Sciences of Erfurt, Germany. \u00a0He has been working for over 3 years on structural health monitoring, advanced numerical modelling, bridge and earthquake engineering and structural performance assessment. Since June 2021, He has been working at the Chair for Structural Materials and Building Preservation at the Helmut-Schmidt University\/ Federal Armed Forces University. His current research focuses on statistical and numerical simulations to investigate the reliability of applied Structural Health Monitoring (SHM) on existing bridges and to quantify measurement uncertainties. His research focuses on structural health monitoring (<a href=\"https:\/\/www.hsu-hh.de\/kwb\/en\/research\/shm\/\">SHM<\/a>) and structural model updating.<\/p>\n\n\n<p><\/p>\n","protected":false},"excerpt":{"rendered":"<p>Yogi Jaelani is Research assistant as well as PhD Student of Civil Engineering, Faculty of Mechanical Engineering at the Helmut-Schmidt University\/ Federal Armed Forces University, Germany. In 2012 He received [&hellip;]<\/p>\n","protected":false},"author":2761,"featured_media":0,"parent":110,"menu_order":0,"comment_status":"closed","ping_status":"closed","template":"","meta":{"footnotes":""},"categories":[9],"tags":[100],"class_list":["post-513","page","type-page","status-publish","hentry","category-team-en","tag-jaelani-en"],"_links":{"self":[{"href":"https:\/\/www.hsu-hh.de\/kwb\/wp-json\/wp\/v2\/pages\/513","targetHints":{"allow":["GET"]}}],"collection":[{"href":"https:\/\/www.hsu-hh.de\/kwb\/wp-json\/wp\/v2\/pages"}],"about":[{"href":"https:\/\/www.hsu-hh.de\/kwb\/wp-json\/wp\/v2\/types\/page"}],"author":[{"embeddable":true,"href":"https:\/\/www.hsu-hh.de\/kwb\/wp-json\/wp\/v2\/users\/2761"}],"replies":[{"embeddable":true,"href":"https:\/\/www.hsu-hh.de\/kwb\/wp-json\/wp\/v2\/comments?post=513"}],"version-history":[{"count":13,"href":"https:\/\/www.hsu-hh.de\/kwb\/wp-json\/wp\/v2\/pages\/513\/revisions"}],"predecessor-version":[{"id":1940,"href":"https:\/\/www.hsu-hh.de\/kwb\/wp-json\/wp\/v2\/pages\/513\/revisions\/1940"}],"up":[{"embeddable":true,"href":"https:\/\/www.hsu-hh.de\/kwb\/wp-json\/wp\/v2\/pages\/110"}],"wp:attachment":[{"href":"https:\/\/www.hsu-hh.de\/kwb\/wp-json\/wp\/v2\/media?parent=513"}],"wp:term":[{"taxonomy":"category","embeddable":true,"href":"https:\/\/www.hsu-hh.de\/kwb\/wp-json\/wp\/v2\/categories?post=513"},{"taxonomy":"post_tag","embeddable":true,"href":"https:\/\/www.hsu-hh.de\/kwb\/wp-json\/wp\/v2\/tags?post=513"}],"curies":[{"name":"wp","href":"https:\/\/api.w.org\/{rel}","templated":true}]}}