{"id":307,"date":"2021-11-17T15:46:10","date_gmt":"2021-11-17T14:46:10","guid":{"rendered":"https:\/\/www.hsu-hh.de\/kwb\/?page_id=307"},"modified":"2025-08-08T12:59:53","modified_gmt":"2025-08-08T10:59:53","slug":"ahmad_takriti_en","status":"publish","type":"page","link":"https:\/\/www.hsu-hh.de\/kwb\/en\/team\/ahmad_takriti_en\/","title":{"rendered":"Scientific Staff"},"content":{"rendered":"<script type=\"application\/ld+json\">[{\"@context\": \"https:\/\/www.schema.org\",\"@type\": \"Person\",\"name\": \"M. Sc. Ahmad Takriti\",\"worksFor\": [{\t\"@type\": \"Organization\",\t\"name\": \"Helmut-Schmidt-Universit\u00e4t, Campus Nord, Geb\u00e4ude DRV, Fakult\u00e4t f\u00fcr Maschinenbau \",\t\"url\": \"https:\/\/www.hsu-hh.de\"\t, \"department\": {\"@type\": \"Organization\",\t\t\t\t\t\"name\": \"Professur f\u00fcr Konstruktionswerkstoffe und Bauwerkserhaltung \",\t\t\t\t\t\"location\": {\t\t\t\t\t\t\"@type\": \"PostalAddress\",\t\t\t\t\t\t\"addressLocality\": \"\",        \t\t\t\t\"postalCode\": \"22159\",        \t\t\t\t\"streetAddress\": \"Friedrich-Ebert-Damm 245 , Professur f\u00fcr Konstruktionswerkstoffe und Bauwerkserhaltung \"\t\t\t\t\t}},\t\"location\": {\t\t\"@type\": \"PostalAddress\",    \t\"addressLocality\": \"\",    \t\"postalCode\": \"22008\",    \t\"postOfficeBoxNumber\": \"700822\"\t}   }],\"image\": \"https:\/\/www.hsu-hh.de\/kwb\/wp-content\/uploads\/sites\/830\/2024\/02\/Takriti2-1-150x150.jpg\",\"telephone\": \"+49 40 6541-3955\",\"faxNumber\": \"\",\"email\": \"takritia(at)hsu-hh.de\"}]<\/script><div class=\"clearfix\"><\/div><div class=\"ansprechparter-container \" style=\"margin-top:1em; \"><div class=\"row ansprechpartner-item ansprechparter-header\" ><div class=\"col-xs-8 col-lg-12\" style=\"margin-bottom: 30px;\"><h3 class=\"ansprechparter-headline\">M. Sc. Ahmad Takriti<\/h3><\/div><\/div><div class=\"col-md-4 col-lg-3 col-xs-4 ansprechpartner-item floatright img-circle center-block\" style=\"margin-bottom: 30px;\"><div class=\"img-responsive-wrapper\"><img decoding=\"async\" src=\"https:\/\/www.hsu-hh.de\/kwb\/wp-content\/uploads\/sites\/830\/2024\/02\/Takriti2-1-150x150.jpg\" alt=\"Takriti-Personal photo\" class=\"img-circle img-responsive center-block\" \/><\/div><\/div><div class=\"col-md-12 col-lg-3 col-xs-12 ansprechpartner-item kontakt floatright\" style=\"margin-bottom: 30px; \"><div class=\"row\"><div class=\"col-xs-12 col-sm-6 col-lg-12\"><div class=\"row\"><div class=\"col-xs-4 col-lg-4 row-text bold\" >Raum:<\/div><div class=\" row-text\">0119<\/div><\/div><\/div><div class=\"col-xs-12 col-sm-6 col-lg-12\"><div class=\"row\"><div class=\"col-xs-4 col-lg-4 row-text bold\">Telefon:<\/div><div class=\" row-text\">+49 40 6541-3955<\/div><\/div><\/div><div class=\"col-xs-12 col-sm-6 col-lg-12\"><div class=\"row\"><div class=\"col-xs-4 col-lg-4 row-text bold\">E-Mail:<\/div><div class=\"row-text\" style=\"overflow:hidden; word-break: break-word\"><a href=\"mailto:takritia(at)hsu-hh.de\" rel=\"nofollow\">takritia(at)hsu-hh.de<\/a><\/div><\/div><\/div><\/div><\/div><div class=\"col-md-6 col-lg-3 col-xs-12 ansprechpartner-item anschrift floatright\" ><div class=\"row-headline\">Besucheranschrift<\/div><div class=\"dataBesucheranschrift\" style=\"\"><div class=\"row-text\">Helmut-Schmidt-Universit\u00e4t<\/div><div class=\"row-text\">Campus Nord<\/div><div class=\"row-text\">Geb\u00e4ude DRV<\/div><div class=\"row-text\">Fakult\u00e4t f\u00fcr Maschinenbau <\/div><div class=\"row-text\">Professur f\u00fcr Konstruktionswerkstoffe und Bauwerkserhaltung <\/div><div class=\"row-text\">Friedrich-Ebert-Damm 245<\/div><div class=\"row-text\">22159 Hamburg<\/div><\/div><\/div><div class=\"col-md-6 col-lg-3 col-xs-12 ansprechpartner-item anschrift floatright\"><div class=\"row-headline\">Postanschrift<\/div><div class=\"dataPostanschrift\" style=\"\"><div class=\"row-text\">Helmut-Schmidt-Universit\u00e4t<\/div><div class=\"row-text\">Fakult\u00e4t f\u00fcr Maschinenbau <\/div><div class=\"row-text\">Professur f\u00fcr Konstruktionswerkstoffe und Bauwerkserhaltung <\/div><div class=\"row-text\">Postfach 70 08 22<\/div><div class=\"row-text\">22008 Hamburg<\/div><\/div><\/div><\/div><div class=\"clearfix\"><\/div>\n\n\n<div style=\"height:45px\" aria-hidden=\"true\" class=\"wp-block-spacer\"><\/div>\n\n\n<h3>Personal details<\/h3>\n\n<p>Ahmad completed his Bachelor\u2019s degree in Applied Chemistry at Damascus University in 2014. Afterwards, he was awarded a full scholarship by the German Academic Exchange Service (DAAD) and started his master studies at Christian Albrecht University of Kiel. During his master\u2019s studies, he joined the group of Synthesis and Real Structure as a student assistant and completed his master\u2019s thesis, <em>&#8222;Synthesis of Nanoparticles by Plasma-Liquid Interface&#8220;,<\/em> within the same research group. In 2020, Ahmad joined the group of Construction Materials and Building Preservation at Helmut Schmidt University as a Research Assistant under supervision of <abbr title=\"Professor\">Prof.<\/abbr> <a href=\"https:\/\/www.hsu-hh.de\/kwb\/en\/team\/prof-sylvia-kessler-en\/\">Sylvia Kessler<\/a>.\u00a0<\/p>\n<p>His current research focuses on two main areas:<\/p>\n<ol>\n<li>Corrosion behavior of reinforcing steel \u2014 Investigating the corrosion properties of various types of reinforcing steel bars under service conditions, with particular emphasis on the synergistic effects of simultaneous chemical and mechanical degradation. This is studied using electrochemical techniques, including electrochemical impedance spectroscopy (EIS) and potentiodynamic polarization.<\/li>\n<li>Aging effects on galvanized structural steel \u2014 Assessing the influence of long-term service exposure on the zinc coating integrity and mechanical performance of galvanized structural steel, employing metallographic analysis, tensile testing, and impact testing.<\/li>\n<\/ol>","protected":false},"excerpt":{"rendered":"<p>Personal details Ahmad completed his Bachelor\u2019s degree in Applied Chemistry at Damascus University in 2014. Afterwards, he was awarded a full scholarship by the German Academic Exchange Service (DAAD) and [&hellip;]<\/p>\n","protected":false},"author":2761,"featured_media":0,"parent":110,"menu_order":0,"comment_status":"closed","ping_status":"closed","template":"","meta":{"footnotes":""},"categories":[9],"tags":[177],"class_list":["post-307","page","type-page","status-publish","hentry","category-team-en","tag-takriti"],"_links":{"self":[{"href":"https:\/\/www.hsu-hh.de\/kwb\/wp-json\/wp\/v2\/pages\/307","targetHints":{"allow":["GET"]}}],"collection":[{"href":"https:\/\/www.hsu-hh.de\/kwb\/wp-json\/wp\/v2\/pages"}],"about":[{"href":"https:\/\/www.hsu-hh.de\/kwb\/wp-json\/wp\/v2\/types\/page"}],"author":[{"embeddable":true,"href":"https:\/\/www.hsu-hh.de\/kwb\/wp-json\/wp\/v2\/users\/2761"}],"replies":[{"embeddable":true,"href":"https:\/\/www.hsu-hh.de\/kwb\/wp-json\/wp\/v2\/comments?post=307"}],"version-history":[{"count":23,"href":"https:\/\/www.hsu-hh.de\/kwb\/wp-json\/wp\/v2\/pages\/307\/revisions"}],"predecessor-version":[{"id":1953,"href":"https:\/\/www.hsu-hh.de\/kwb\/wp-json\/wp\/v2\/pages\/307\/revisions\/1953"}],"up":[{"embeddable":true,"href":"https:\/\/www.hsu-hh.de\/kwb\/wp-json\/wp\/v2\/pages\/110"}],"wp:attachment":[{"href":"https:\/\/www.hsu-hh.de\/kwb\/wp-json\/wp\/v2\/media?parent=307"}],"wp:term":[{"taxonomy":"category","embeddable":true,"href":"https:\/\/www.hsu-hh.de\/kwb\/wp-json\/wp\/v2\/categories?post=307"},{"taxonomy":"post_tag","embeddable":true,"href":"https:\/\/www.hsu-hh.de\/kwb\/wp-json\/wp\/v2\/tags?post=307"}],"curies":[{"name":"wp","href":"https:\/\/api.w.org\/{rel}","templated":true}]}}