{"id":1967,"date":"2026-01-07T10:44:57","date_gmt":"2026-01-07T09:44:57","guid":{"rendered":"https:\/\/www.hsu-hh.de\/kwb\/?page_id=1967"},"modified":"2026-01-07T10:53:43","modified_gmt":"2026-01-07T09:53:43","slug":"nachhaltigkeit-ressourcenschonung-in-der-strassenausstattung-zur-wiederverwen-dung-von-systembestandteilen-in-fahrzeug-ruckhaltesystemen","status":"publish","type":"page","link":"https:\/\/www.hsu-hh.de\/kwb\/nachhaltigkeit-ressourcenschonung-in-der-strassenausstattung-zur-wiederverwen-dung-von-systembestandteilen-in-fahrzeug-ruckhaltesystemen\/","title":{"rendered":"Nachhaltigkeit &amp; Ressourcenschonung in der Stra\u00dfenausstattung &#8211; Zur Wiederverwen-dung von Systembestandteilen in Fahrzeug-R\u00fcckhaltesystemen"},"content":{"rendered":"\n<p>Kontakt: <a href=\"https:\/\/www.hsu-hh.de\/kwb\/tag\/takriti-de\/\" data-type=\"post_tag\" data-id=\"189\">Ahmad Takriti<\/a><\/p>\n\n\n\n<p>Projektstart\/ -laufzeit: 10.2024 bis 06.2026<\/p>\n\n\n\n<p>Forschungsf\u00f6rderer: Bundesanstalt f\u00fcr Stra\u00dfen- und Verkehrswesen (BASt).<\/p>\n\n\n\n<p>Bisher ist es g\u00e4ngige Praxis, dass beim Neubau eines Fahrzeug-R\u00fcckhaltesystems aus Stahl fast ausschlie\u00dflich neu gefertigte und korrosionsgesch\u00fctzte Systembestandteile verwendet werden. Entsprechende Vorgaben sind in den Zus\u00e4tzlichen technischen Vertragsbedingungen und Richtlinien f\u00fcr Fahrzeug-R\u00fcckhaltesysteme \u2013 ZTV FRS Ausgabe 2013 \/ Fassung 2017 enthalten.<\/p>\n\n\n<div class=\"wp-block-image is-style-default\">\n<figure class=\"alignright size-large is-resized\"><img loading=\"lazy\" decoding=\"async\" width=\"1024\" height=\"768\" src=\"https:\/\/www.hsu-hh.de\/kwb\/wp-content\/uploads\/sites\/830\/2026\/01\/20250929_095503-1024x768.jpg\" data-credit=\"HSU-KWB\" alt=\"\" class=\"wp-image-1961\" style=\"width:411px;height:auto\" srcset=\"https:\/\/www.hsu-hh.de\/kwb\/wp-content\/uploads\/sites\/830\/2026\/01\/20250929_095503-1024x768.jpg 1024w, https:\/\/www.hsu-hh.de\/kwb\/wp-content\/uploads\/sites\/830\/2026\/01\/20250929_095503-300x225.jpg 300w, https:\/\/www.hsu-hh.de\/kwb\/wp-content\/uploads\/sites\/830\/2026\/01\/20250929_095503-768x576.jpg 768w, https:\/\/www.hsu-hh.de\/kwb\/wp-content\/uploads\/sites\/830\/2026\/01\/20250929_095503-1536x1152.jpg 1536w, https:\/\/www.hsu-hh.de\/kwb\/wp-content\/uploads\/sites\/830\/2026\/01\/20250929_095503-2048x1536.jpg 2048w, https:\/\/www.hsu-hh.de\/kwb\/wp-content\/uploads\/sites\/830\/2026\/01\/20250929_095503-1100x825.jpg 1100w\" sizes=\"auto, (max-width: 1024px) 100vw, 1024px\" \/><\/figure>\n<\/div>\n\n\n<p>Zur Erreichung der Klimaschutzziele sind alle m\u00f6glichen Einsparpotentiale auch bei den Stra\u00dfeninfrastrukturen und ihrer Ausstattung zu identifizieren und zu heben. Nicht zuletzt die steigenden Energiekosten fordern den st\u00e4rkeren Einbezug von Nachhaltigkeitsaspekten in die bisherigen Betrachtungsweisen.<\/p>\n\n\n\n<p>Ziel des Forschungsprojekts ist es, die M\u00f6glichkeiten sowie die materialspezifischen Randbedingungen f\u00fcr eine Wiederverwendung nicht angefahrener Systembestandteile in Schutzeinrichtungen aus Stahl zu ermitteln. Die Verkehrssicherheit soll dabei durch die Beibehaltung der Leistungsf\u00e4higkeit und Dauerhaftigkeit auch bei Verwendung gealterter und <abbr title=\"gegebenenfalls\">ggf.<\/abbr> neu verzinkter Bauteile weiterhin in ausreichendem Ma\u00dfe gew\u00e4hrleistet bleiben.<\/p>\n\n\n\n<p>Ein zu entwickelndes Konzept zur Beurteilung von Systemen oder Einzelbauteilen soll auf einfach zu bestimmenden Kennwerten basieren und sich sowohl an den Eigenschaften bestehender Fahrzeug-R\u00fcckhaltesysteme als auch an den geltenden normativen Rahmenbedingungen und den in der Praxis \u00fcblichen Verfahren orientieren.<\/p>\n\n\n\n<p>Es sollen zun\u00e4chst die m\u00f6glichen Ver\u00e4nderungen an Systembestandteilen \u00e4lterer Schutzeinrichtungen aus Stahl in Art und Auspr\u00e4gung ermittelt werden. Etwaige Ver\u00e4nderungen durch Alterung, Umwelteinfl\u00fcsse oder geringe Verformungen gilt es zu bestimmen und Kennwerten zuzuordnen. F\u00fcr die Ermittlung der Ver\u00e4nderungen, m\u00f6glicher Kennwerte und potentieller Einfl\u00fcsse auf die Leistungsf\u00e4higkeit und Dauerhaftigkeit und die Durchf\u00fchrung der Vergleichsuntersuchungen sollen geeignete Methoden, wie Simulationsverfahren, ausgew\u00e4hlt und verwendet werden.<\/p>\n\n\n\n<div class=\"wp-block-columns is-layout-flex wp-container-core-columns-is-layout-9d6595d7 wp-block-columns-is-layout-flex\">\n<div class=\"wp-block-column is-layout-flow wp-block-column-is-layout-flow\"><div class=\"wp-block-image\">\n<figure class=\"aligncenter size-full is-resized\"><img loading=\"lazy\" decoding=\"async\" width=\"1772\" height=\"432\" src=\"https:\/\/www.hsu-hh.de\/kwb\/wp-content\/uploads\/sites\/830\/2021\/11\/AIT.jpg\" data-credit=\"AIT\" alt=\"AIT-Logo\" class=\"wp-image-621\" style=\"width:485px;height:auto\" srcset=\"https:\/\/www.hsu-hh.de\/kwb\/wp-content\/uploads\/sites\/830\/2021\/11\/AIT.jpg 1772w, https:\/\/www.hsu-hh.de\/kwb\/wp-content\/uploads\/sites\/830\/2021\/11\/AIT-300x73.jpg 300w, https:\/\/www.hsu-hh.de\/kwb\/wp-content\/uploads\/sites\/830\/2021\/11\/AIT-1024x250.jpg 1024w, https:\/\/www.hsu-hh.de\/kwb\/wp-content\/uploads\/sites\/830\/2021\/11\/AIT-768x187.jpg 768w, https:\/\/www.hsu-hh.de\/kwb\/wp-content\/uploads\/sites\/830\/2021\/11\/AIT-1536x374.jpg 1536w, https:\/\/www.hsu-hh.de\/kwb\/wp-content\/uploads\/sites\/830\/2021\/11\/AIT-1100x268.jpg 1100w\" sizes=\"auto, (max-width: 1772px) 100vw, 1772px\" \/><\/figure>\n<\/div><\/div>\n\n\n\n<div class=\"wp-block-column is-layout-flow wp-block-column-is-layout-flow\"><div class=\"wp-block-image\">\n<figure class=\"aligncenter size-full is-resized\"><img loading=\"lazy\" decoding=\"async\" width=\"480\" height=\"216\" src=\"https:\/\/www.hsu-hh.de\/kwb\/wp-content\/uploads\/sites\/830\/2026\/01\/BASt.jpg\" data-credit=\"BASt\" alt=\"BASt\" class=\"wp-image-1986\" style=\"width:336px;height:auto\" srcset=\"https:\/\/www.hsu-hh.de\/kwb\/wp-content\/uploads\/sites\/830\/2026\/01\/BASt.jpg 480w, https:\/\/www.hsu-hh.de\/kwb\/wp-content\/uploads\/sites\/830\/2026\/01\/BASt-300x135.jpg 300w\" sizes=\"auto, (max-width: 480px) 100vw, 480px\" \/><\/figure>\n<\/div><\/div>\n<\/div>\n","protected":false},"excerpt":{"rendered":"<p>Kontakt: Ahmad Takriti Projektstart\/ -laufzeit: 10.2024 bis 06.2026 Forschungsf\u00f6rderer: Bundesanstalt f\u00fcr Stra\u00dfen- und Verkehrswesen (BASt). Bisher ist es g\u00e4ngige Praxis, dass beim Neubau eines Fahrzeug-R\u00fcckhaltesystems aus Stahl fast ausschlie\u00dflich neu [&hellip;]<\/p>\n","protected":false},"author":2761,"featured_media":1961,"parent":0,"menu_order":0,"comment_status":"closed","ping_status":"closed","template":"","meta":{"footnotes":""},"categories":[4],"tags":[],"class_list":["post-1967","page","type-page","status-publish","has-post-thumbnail","hentry","category-forschung"],"_links":{"self":[{"href":"https:\/\/www.hsu-hh.de\/kwb\/wp-json\/wp\/v2\/pages\/1967","targetHints":{"allow":["GET"]}}],"collection":[{"href":"https:\/\/www.hsu-hh.de\/kwb\/wp-json\/wp\/v2\/pages"}],"about":[{"href":"https:\/\/www.hsu-hh.de\/kwb\/wp-json\/wp\/v2\/types\/page"}],"author":[{"embeddable":true,"href":"https:\/\/www.hsu-hh.de\/kwb\/wp-json\/wp\/v2\/users\/2761"}],"replies":[{"embeddable":true,"href":"https:\/\/www.hsu-hh.de\/kwb\/wp-json\/wp\/v2\/comments?post=1967"}],"version-history":[{"count":8,"href":"https:\/\/www.hsu-hh.de\/kwb\/wp-json\/wp\/v2\/pages\/1967\/revisions"}],"predecessor-version":[{"id":1992,"href":"https:\/\/www.hsu-hh.de\/kwb\/wp-json\/wp\/v2\/pages\/1967\/revisions\/1992"}],"wp:featuredmedia":[{"embeddable":true,"href":"https:\/\/www.hsu-hh.de\/kwb\/wp-json\/wp\/v2\/media\/1961"}],"wp:attachment":[{"href":"https:\/\/www.hsu-hh.de\/kwb\/wp-json\/wp\/v2\/media?parent=1967"}],"wp:term":[{"taxonomy":"category","embeddable":true,"href":"https:\/\/www.hsu-hh.de\/kwb\/wp-json\/wp\/v2\/categories?post=1967"},{"taxonomy":"post_tag","embeddable":true,"href":"https:\/\/www.hsu-hh.de\/kwb\/wp-json\/wp\/v2\/tags?post=1967"}],"curies":[{"name":"wp","href":"https:\/\/api.w.org\/{rel}","templated":true}]}}