{"id":1900,"date":"2025-05-18T20:02:42","date_gmt":"2025-05-18T18:02:42","guid":{"rendered":"https:\/\/www.hsu-hh.de\/kwb\/?page_id=1900"},"modified":"2025-05-18T20:05:44","modified_gmt":"2025-05-18T18:05:44","slug":"bast_bim","status":"publish","type":"page","link":"https:\/\/www.hsu-hh.de\/kwb\/bast_bim\/","title":{"rendered":"Forschungsprojekt \u201cBIM &amp; Monitoring\u201d der Bundesanstalt f\u00fcr Stra\u00dfen- und Verkehrswesen (BASt)"},"content":{"rendered":"<p>Kontakt: <a href=\"https:\/\/www.hsu-hh.de\/kwb\/mitarbeiter\/koehnke\/\">Martin K\u00f6hnke<\/a><\/p>\n<p>Projektstart\/ -laufzeit: 15.10.2024 bis 14.10.2026<\/p>\n<p>Forschungsf\u00f6rderer: Bundesanstalt f\u00fcr Stra\u00dfen- und Verkehrswesen (BASt).<\/p>\n<p>Bereits im Oktober 2024 startete das Forschungsprojekt \u201cBIM &amp; Monitoring\u201d als Auftragsforschung der Bundesanstalt f\u00fcr Stra\u00dfen- und Verkehrswesen (BASt). Das Ziel dieses Projektes ist es, verbesserte Ans\u00e4tze zur Verkn\u00fcpfung von Structural Health Monitoring (SHM) Daten, digitalen BIM-Modellen und Augmented Reality (AR)-Systemen im Betrieb von Br\u00fcckenbauwerken des Stra\u00dfenbaus zu entwickeln. Dabei werden folgende Aspekte untersucht:<\/p>\n<p>1.\u00a0\u00a0\u00a0\u00a0\u00a0\u00a0\u00a0 Die interoperable Verkn\u00fcpfung von SHM-Daten mit BIM-Modellen<\/p>\n<p>2.\u00a0\u00a0\u00a0\u00a0\u00a0\u00a0\u00a0 Die verst\u00e4ndliche und verbesserte Auswertung von SHM-Daten auf Basis von BIM-Modellen.<\/p>\n<p>3.\u00a0\u00a0\u00a0\u00a0\u00a0\u00a0\u00a0 Den Einsatz von AR-Systemen zur Visualisierung und Nutzung von Monitoring-Daten direkt am Bauwerk<\/p>\n","protected":false},"excerpt":{"rendered":"<p>Kontakt: Martin K\u00f6hnke Projektstart\/ -laufzeit: 15.10.2024 bis 14.10.2026 Forschungsf\u00f6rderer: Bundesanstalt f\u00fcr Stra\u00dfen- und Verkehrswesen (BASt). Bereits im Oktober 2024 startete das Forschungsprojekt \u201cBIM &amp; Monitoring\u201d als Auftragsforschung der Bundesanstalt f\u00fcr [&hellip;]<\/p>\n","protected":false},"author":2761,"featured_media":0,"parent":0,"menu_order":0,"comment_status":"closed","ping_status":"closed","template":"","meta":{"footnotes":""},"categories":[4],"tags":[370],"class_list":["post-1900","page","type-page","status-publish","hentry","category-forschung","tag-bast-de"],"_links":{"self":[{"href":"https:\/\/www.hsu-hh.de\/kwb\/wp-json\/wp\/v2\/pages\/1900","targetHints":{"allow":["GET"]}}],"collection":[{"href":"https:\/\/www.hsu-hh.de\/kwb\/wp-json\/wp\/v2\/pages"}],"about":[{"href":"https:\/\/www.hsu-hh.de\/kwb\/wp-json\/wp\/v2\/types\/page"}],"author":[{"embeddable":true,"href":"https:\/\/www.hsu-hh.de\/kwb\/wp-json\/wp\/v2\/users\/2761"}],"replies":[{"embeddable":true,"href":"https:\/\/www.hsu-hh.de\/kwb\/wp-json\/wp\/v2\/comments?post=1900"}],"version-history":[{"count":1,"href":"https:\/\/www.hsu-hh.de\/kwb\/wp-json\/wp\/v2\/pages\/1900\/revisions"}],"predecessor-version":[{"id":1901,"href":"https:\/\/www.hsu-hh.de\/kwb\/wp-json\/wp\/v2\/pages\/1900\/revisions\/1901"}],"wp:attachment":[{"href":"https:\/\/www.hsu-hh.de\/kwb\/wp-json\/wp\/v2\/media?parent=1900"}],"wp:term":[{"taxonomy":"category","embeddable":true,"href":"https:\/\/www.hsu-hh.de\/kwb\/wp-json\/wp\/v2\/categories?post=1900"},{"taxonomy":"post_tag","embeddable":true,"href":"https:\/\/www.hsu-hh.de\/kwb\/wp-json\/wp\/v2\/tags?post=1900"}],"curies":[{"name":"wp","href":"https:\/\/api.w.org\/{rel}","templated":true}]}}