{"id":1889,"date":"2025-05-18T11:36:44","date_gmt":"2025-05-18T09:36:44","guid":{"rendered":"https:\/\/www.hsu-hh.de\/kwb\/?page_id=1889"},"modified":"2025-05-18T11:39:15","modified_gmt":"2025-05-18T09:39:15","slug":"bast_zustandserfassung","status":"publish","type":"page","link":"https:\/\/www.hsu-hh.de\/kwb\/bast_zustandserfassung\/","title":{"rendered":"Validierung und Verifizierung von Verfahren der Zustandserfassung von Br\u00fccken"},"content":{"rendered":"<p>Kontakt: <a href=\"https:\/\/www.hsu-hh.de\/kwb\/mitarbeiter\/fabian-dethof\/\">Fabian Dethof<\/a><\/p>\n<p>Das Projekt \u201eValidierung und Verifizierung von Verfahren der Zustandserfassung von Br\u00fccken\u201c der Bundesanstalt f\u00fcr Stra\u00dfenwesen (BASt) behandelt die Zuverl\u00e4ssigkeitsbewertung von zerst\u00f6rungsfreien Pr\u00fcfverfahren (ZfP-Verfahren), die bei Inspektionen zur Zustandserfassung von Br\u00fccken eingesetzt werden. Hierbei wird der Fokus auf Verfahren gelegt, die auf der Ausbreitung elastischer Wellen basieren. Dies beinhaltet prim\u00e4r das Ultraschall- sowie das Impakt-Echo-Verfahren. F\u00fcr eine ausreichend gro\u00dfe Datenbasis werden experimentell gewonnene Daten mit validierten Simulationsdaten angereichert. Zuverl\u00e4ssigkeitsbewertungen sollen mithilfe einer Probability of Detection (PoD) Analyse durchgef\u00fchrt werden. Weiterhin wird beispielhaft der Kosten\/Nutzen-Faktor einer objektbezogenen Schadensanalyse mithilfe zerst\u00f6rungsfreierer Pr\u00fcfungen in einer Wirtschaftlichkeitsanalyse ermittelt.<\/p>\n","protected":false},"excerpt":{"rendered":"<p>Kontakt: Fabian Dethof Das Projekt \u201eValidierung und Verifizierung von Verfahren der Zustandserfassung von Br\u00fccken\u201c der Bundesanstalt f\u00fcr Stra\u00dfenwesen (BASt) behandelt die Zuverl\u00e4ssigkeitsbewertung von zerst\u00f6rungsfreien Pr\u00fcfverfahren (ZfP-Verfahren), die bei Inspektionen zur [&hellip;]<\/p>\n","protected":false},"author":2761,"featured_media":0,"parent":0,"menu_order":0,"comment_status":"closed","ping_status":"closed","template":"","meta":{"footnotes":""},"categories":[4],"tags":[],"class_list":["post-1889","page","type-page","status-publish","hentry","category-forschung"],"_links":{"self":[{"href":"https:\/\/www.hsu-hh.de\/kwb\/wp-json\/wp\/v2\/pages\/1889","targetHints":{"allow":["GET"]}}],"collection":[{"href":"https:\/\/www.hsu-hh.de\/kwb\/wp-json\/wp\/v2\/pages"}],"about":[{"href":"https:\/\/www.hsu-hh.de\/kwb\/wp-json\/wp\/v2\/types\/page"}],"author":[{"embeddable":true,"href":"https:\/\/www.hsu-hh.de\/kwb\/wp-json\/wp\/v2\/users\/2761"}],"replies":[{"embeddable":true,"href":"https:\/\/www.hsu-hh.de\/kwb\/wp-json\/wp\/v2\/comments?post=1889"}],"version-history":[{"count":1,"href":"https:\/\/www.hsu-hh.de\/kwb\/wp-json\/wp\/v2\/pages\/1889\/revisions"}],"predecessor-version":[{"id":1891,"href":"https:\/\/www.hsu-hh.de\/kwb\/wp-json\/wp\/v2\/pages\/1889\/revisions\/1891"}],"wp:attachment":[{"href":"https:\/\/www.hsu-hh.de\/kwb\/wp-json\/wp\/v2\/media?parent=1889"}],"wp:term":[{"taxonomy":"category","embeddable":true,"href":"https:\/\/www.hsu-hh.de\/kwb\/wp-json\/wp\/v2\/categories?post=1889"},{"taxonomy":"post_tag","embeddable":true,"href":"https:\/\/www.hsu-hh.de\/kwb\/wp-json\/wp\/v2\/tags?post=1889"}],"curies":[{"name":"wp","href":"https:\/\/api.w.org\/{rel}","templated":true}]}}