{"id":1815,"date":"2025-01-17T11:01:08","date_gmt":"2025-01-17T10:01:08","guid":{"rendered":"https:\/\/www.hsu-hh.de\/kwb\/?page_id=1815"},"modified":"2025-01-17T11:01:08","modified_gmt":"2025-01-17T10:01:08","slug":"abgeschlossene-projekte","status":"publish","type":"page","link":"https:\/\/www.hsu-hh.de\/kwb\/forschung\/abgeschlossene-projekte\/","title":{"rendered":"Abgeschlossene Projekte"},"content":{"rendered":"<p><strong>NormPOD<\/strong><br \/>\nIm Rahmen der Zustandsbewertung von Bauwerken werden oft zerst\u00f6rungsfreie Pr\u00fcfungen durchgef\u00fchrt. Ein Teil der zerst\u00f6rungsfreien Pr\u00fcfverfahren basiert auf elastischen Wellen. In dem Projekt normPOD untersuchen wir die auf elastischen Wellen basierenden Pr\u00fcfverfahren Impakt Echo und Ultraschall auf ihre Zuverl\u00e4ssigkeit. Eine Zuverl\u00e4ssigkeitsuntersuchung ist deshalb n\u00f6tig, weil ab einer bestimmten Defektgr\u00f6\u00dfe nicht mehr alle Defekte im Medium detektiert werden k\u00f6nnen. Aus diesem Grunde ist es sinnvoll eine Detektionswahrscheinlichkeit (POD) einzuf\u00fchren, mit der man bemessen kann wie wahrscheinlich ein Defekt einer bestimmten Gr\u00f6\u00dfe detektiert werden kann.\u00a0 &lt;<a href=\"https:\/\/www.hsu-hh.de\/kwb\/forschung\/normpod\/\">mehr<\/a>&gt;<\/p>\n<p><strong>ENDURE<\/strong><br \/>\nBr\u00fcckenbauwerke sind vulnerable Komponenten der Stra\u00dfeninfrastruktur. Die Erfassung ihres Zustandes \u00fcber Inspektionen und eventuell Monitoring ist daher in allen D-A-CH-L\u00e4ndern standardisierte Praxis. Die eigentliche Bewertung der Bauwerke erfolgt \u00fcber Zustandsnoten. Die am Bauwerk festgestellten Befunde und die resultierende Bewertung werden in Datenbanksysteme abgelegt. Die Datens\u00e4tze erm\u00f6glichen somit einen Einblick in die Sch\u00e4digungsentwicklung. Diese Datens\u00e4tze haben auch das Potential, die Restnutzungsdauer der Br\u00fcckenbauwerke oder einzelner Bauwerksteile vorzusagen. &lt;<a href=\"https:\/\/www.hsu-hh.de\/kwb\/forschung\/endure\/\">Mehr<\/a>&gt;<\/p>\n<p><strong>DAfStb<\/strong><br \/>\nBeton ist der am h\u00e4ufigsten verwendete Baustoff im Hoch- und Verkehrswegebau. Im Jahr 2018 erzielte die deutsche Transportbetonindustrie mit einer Produktion in H\u00f6he von 52,7 Millionen Kubikmeter Transportbeton einen Umsatz von 3,84 Milliarden Euro. Der Bau- und Geb\u00e4udesektor f\u00fcr (9,95 Gt CO2) der globalen CO2-Emissionen verantwortlich. Um Ressourcen zu sparen und die CO2-Emission zu reduzieren, m\u00fcssen Anstrengungen bei der Auswahl der Baustoffe, dem Entwurf, der Gestaltung, den Bauverfahren, den Instandhaltungsma\u00dfnahmen und bei Lebenszyklusmanagement unternommen werden.\u00a0 &lt;<a href=\"https:\/\/www.hsu-hh.de\/kwb\/forschung\/dafstb\/\">Mehr<\/a>&gt;<\/p>\n","protected":false},"excerpt":{"rendered":"<p>NormPOD Im Rahmen der Zustandsbewertung von Bauwerken werden oft zerst\u00f6rungsfreie Pr\u00fcfungen durchgef\u00fchrt. Ein Teil der zerst\u00f6rungsfreien Pr\u00fcfverfahren basiert auf elastischen Wellen. In dem Projekt normPOD untersuchen wir die auf elastischen [&hellip;]<\/p>\n","protected":false},"author":2761,"featured_media":0,"parent":112,"menu_order":0,"comment_status":"closed","ping_status":"closed","template":"","meta":{"footnotes":""},"categories":[4],"tags":[],"class_list":["post-1815","page","type-page","status-publish","hentry","category-forschung"],"_links":{"self":[{"href":"https:\/\/www.hsu-hh.de\/kwb\/wp-json\/wp\/v2\/pages\/1815","targetHints":{"allow":["GET"]}}],"collection":[{"href":"https:\/\/www.hsu-hh.de\/kwb\/wp-json\/wp\/v2\/pages"}],"about":[{"href":"https:\/\/www.hsu-hh.de\/kwb\/wp-json\/wp\/v2\/types\/page"}],"author":[{"embeddable":true,"href":"https:\/\/www.hsu-hh.de\/kwb\/wp-json\/wp\/v2\/users\/2761"}],"replies":[{"embeddable":true,"href":"https:\/\/www.hsu-hh.de\/kwb\/wp-json\/wp\/v2\/comments?post=1815"}],"version-history":[{"count":1,"href":"https:\/\/www.hsu-hh.de\/kwb\/wp-json\/wp\/v2\/pages\/1815\/revisions"}],"predecessor-version":[{"id":1817,"href":"https:\/\/www.hsu-hh.de\/kwb\/wp-json\/wp\/v2\/pages\/1815\/revisions\/1817"}],"up":[{"embeddable":true,"href":"https:\/\/www.hsu-hh.de\/kwb\/wp-json\/wp\/v2\/pages\/112"}],"wp:attachment":[{"href":"https:\/\/www.hsu-hh.de\/kwb\/wp-json\/wp\/v2\/media?parent=1815"}],"wp:term":[{"taxonomy":"category","embeddable":true,"href":"https:\/\/www.hsu-hh.de\/kwb\/wp-json\/wp\/v2\/categories?post=1815"},{"taxonomy":"post_tag","embeddable":true,"href":"https:\/\/www.hsu-hh.de\/kwb\/wp-json\/wp\/v2\/tags?post=1815"}],"curies":[{"name":"wp","href":"https:\/\/api.w.org\/{rel}","templated":true}]}}