{"id":178,"date":"2020-11-20T16:22:51","date_gmt":"2020-11-20T15:22:51","guid":{"rendered":"https:\/\/www.hsu-hh.de\/kwb\/?page_id=178"},"modified":"2023-02-17T16:58:59","modified_gmt":"2023-02-17T15:58:59","slug":"prof-sylvia-kessler","status":"publish","type":"page","link":"https:\/\/www.hsu-hh.de\/kwb\/mitarbeiter\/prof-sylvia-kessler\/","title":{"rendered":"Leiterin"},"content":{"rendered":"<script type=\"application\/ld+json\">[{\"@context\": \"https:\/\/www.schema.org\",\"@type\": \"Person\",\"name\": \"Univ.-Prof.&#039;in Dr.-Ing. Sylvia Ke\u00dfler\",\"worksFor\": [{\t\"@type\": \"Organization\",\t\"name\": \"Helmut-Schmidt-Universit\u00e4t, Campus Nord, Geb\u00e4ude DRV, Fakult\u00e4t f\u00fcr Maschinenbau und Bauingenieurwesen \",\t\"url\": \"https:\/\/www.hsu-hh.de\"\t, \"department\": {\"@type\": \"Organization\",\t\t\t\t\t\"name\": \"Professur f\u00fcr Konstruktionswerkstoffe und Bauwerkserhaltung \",\t\t\t\t\t\"location\": {\t\t\t\t\t\t\"@type\": \"PostalAddress\",\t\t\t\t\t\t\"addressLocality\": \"\",        \t\t\t\t\"postalCode\": \"22159\",        \t\t\t\t\"streetAddress\": \"Friedrich-Ebert-Damm 245 , Professur f\u00fcr Konstruktionswerkstoffe und Bauwerkserhaltung \"\t\t\t\t\t}},\t\"location\": {\t\t\"@type\": \"PostalAddress\",    \t\"addressLocality\": \"\",    \t\"postalCode\": \"22008\",    \t\"postOfficeBoxNumber\": \"700822\"\t}   }],\"image\": \"https:\/\/www.hsu-hh.de\/kwb\/wp-content\/uploads\/sites\/830\/2020\/12\/Kessler-150x150.jpg\",\"telephone\": \"+49 40 6541-3556\",\"faxNumber\": \"\",\"email\": \"sylvia.kessler(at)hsu-hh.de\"}]<\/script><div class=\"clearfix\"><\/div><div class=\"ansprechparter-container \" style=\"margin-top:1em; \"><div class=\"row ansprechpartner-item ansprechparter-header\" ><div class=\"col-xs-8 col-lg-12\" style=\"margin-bottom: 30px;\"><h3 class=\"ansprechparter-headline\">Univ.-Prof.&#039;in Dr.-Ing. Sylvia Ke\u00dfler<\/h3><\/div><\/div><div class=\"col-md-4 col-lg-3 col-xs-4 ansprechpartner-item floatright img-circle center-block\" style=\"margin-bottom: 30px;\"><div class=\"img-responsive-wrapper\"><img decoding=\"async\" src=\"https:\/\/www.hsu-hh.de\/kwb\/wp-content\/uploads\/sites\/830\/2020\/12\/Kessler-150x150.jpg\" alt=\"Ke\u00dfler-personal photo\" class=\"img-circle img-responsive center-block\" \/><\/div><\/div><div class=\"col-md-12 col-lg-3 col-xs-12 ansprechpartner-item kontakt floatright\" style=\"margin-bottom: 30px; \"><div class=\"row\"><div class=\"col-xs-12 col-sm-6 col-lg-12\"><div class=\"row\"><div class=\"col-xs-4 col-lg-4 row-text bold\" >Raum:<\/div><div class=\" row-text\">0120<\/div><\/div><\/div><div class=\"col-xs-12 col-sm-6 col-lg-12\"><div class=\"row\"><div class=\"col-xs-4 col-lg-4 row-text bold\">Telefon:<\/div><div class=\" row-text\">+49 40 6541-3556<\/div><\/div><\/div><div class=\"col-xs-12 col-sm-6 col-lg-12\"><div class=\"row\"><div class=\"col-xs-4 col-lg-4 row-text bold\">E-Mail:<\/div><div class=\"row-text\" style=\"overflow:hidden; word-break: break-word\"><a href=\"mailto:sylvia.kessler(at)hsu-hh.de\" rel=\"nofollow\">sylvia.kessler(at)hsu-hh.de<\/a><\/div><\/div><\/div><\/div><\/div><div class=\"col-md-6 col-lg-3 col-xs-12 ansprechpartner-item anschrift floatright\" ><div class=\"row-headline\">Besucheranschrift<\/div><div class=\"dataBesucheranschrift\" style=\"\"><div class=\"row-text\">Helmut-Schmidt-Universit\u00e4t<\/div><div class=\"row-text\">Campus Nord<\/div><div class=\"row-text\">Geb\u00e4ude DRV<\/div><div class=\"row-text\">Fakult\u00e4t f\u00fcr Maschinenbau und Bauingenieurwesen <\/div><div class=\"row-text\">Professur f\u00fcr Konstruktionswerkstoffe und Bauwerkserhaltung <\/div><div class=\"row-text\">Friedrich-Ebert-Damm 245<\/div><div class=\"row-text\">22159 Hamburg<\/div><\/div><\/div><div class=\"col-md-6 col-lg-3 col-xs-12 ansprechpartner-item anschrift floatright\"><div class=\"row-headline\">Postanschrift<\/div><div class=\"dataPostanschrift\" style=\"\"><div class=\"row-text\">Helmut-Schmidt-Universit\u00e4t<\/div><div class=\"row-text\">Fakult\u00e4t f\u00fcr Maschinenbau <\/div><div class=\"row-text\">Professur f\u00fcr Konstruktionswerkstoffe und Bauwerkserhaltung <\/div><div class=\"row-text\">Postfach 70 08 22<\/div><div class=\"row-text\">22008 Hamburg<\/div><\/div><\/div><\/div><div class=\"clearfix\"><\/div>\n\n\n<p><\/p>\n","protected":false},"excerpt":{"rendered":"","protected":false},"author":2761,"featured_media":0,"parent":106,"menu_order":0,"comment_status":"closed","ping_status":"closed","template":"","meta":{"footnotes":""},"categories":[43],"tags":[53],"class_list":["post-178","page","type-page","status-publish","hentry","category-mitarbeiter","tag-kessler"],"_links":{"self":[{"href":"https:\/\/www.hsu-hh.de\/kwb\/wp-json\/wp\/v2\/pages\/178","targetHints":{"allow":["GET"]}}],"collection":[{"href":"https:\/\/www.hsu-hh.de\/kwb\/wp-json\/wp\/v2\/pages"}],"about":[{"href":"https:\/\/www.hsu-hh.de\/kwb\/wp-json\/wp\/v2\/types\/page"}],"author":[{"embeddable":true,"href":"https:\/\/www.hsu-hh.de\/kwb\/wp-json\/wp\/v2\/users\/2761"}],"replies":[{"embeddable":true,"href":"https:\/\/www.hsu-hh.de\/kwb\/wp-json\/wp\/v2\/comments?post=178"}],"version-history":[{"count":21,"href":"https:\/\/www.hsu-hh.de\/kwb\/wp-json\/wp\/v2\/pages\/178\/revisions"}],"predecessor-version":[{"id":1451,"href":"https:\/\/www.hsu-hh.de\/kwb\/wp-json\/wp\/v2\/pages\/178\/revisions\/1451"}],"up":[{"embeddable":true,"href":"https:\/\/www.hsu-hh.de\/kwb\/wp-json\/wp\/v2\/pages\/106"}],"wp:attachment":[{"href":"https:\/\/www.hsu-hh.de\/kwb\/wp-json\/wp\/v2\/media?parent=178"}],"wp:term":[{"taxonomy":"category","embeddable":true,"href":"https:\/\/www.hsu-hh.de\/kwb\/wp-json\/wp\/v2\/categories?post=178"},{"taxonomy":"post_tag","embeddable":true,"href":"https:\/\/www.hsu-hh.de\/kwb\/wp-json\/wp\/v2\/tags?post=178"}],"curies":[{"name":"wp","href":"https:\/\/api.w.org\/{rel}","templated":true}]}}