{"id":161,"date":"2020-11-20T15:29:42","date_gmt":"2020-11-20T14:29:42","guid":{"rendered":"https:\/\/www.hsu-hh.de\/kwb\/?page_id=161"},"modified":"2025-08-08T13:05:49","modified_gmt":"2025-08-08T11:05:49","slug":"takriti","status":"publish","type":"page","link":"https:\/\/www.hsu-hh.de\/kwb\/mitarbeiter\/takriti\/","title":{"rendered":"Wissenschaftlicher Mitarbeiter"},"content":{"rendered":"<script type=\"application\/ld+json\">[{\"@context\": \"https:\/\/www.schema.org\",\"@type\": \"Person\",\"name\": \"M. Sc. Ahmad Takriti\",\"worksFor\": [{\t\"@type\": \"Organization\",\t\"name\": \"Helmut-Schmidt-Universit\u00e4t, Campus Nord, Geb\u00e4ude DRV, Fakult\u00e4t f\u00fcr Maschinenbau und Bauingenieurwesen \",\t\"url\": \"https:\/\/www.hsu-hh.de\"\t, \"department\": {\"@type\": \"Organization\",\t\t\t\t\t\"name\": \"Professur f\u00fcr Konstruktionswerkstoffe und Bauwerkserhaltung \",\t\t\t\t\t\"location\": {\t\t\t\t\t\t\"@type\": \"PostalAddress\",\t\t\t\t\t\t\"addressLocality\": \"\",        \t\t\t\t\"postalCode\": \"22159\",        \t\t\t\t\"streetAddress\": \"Friedrich-Ebert-Damm 245 , Professur f\u00fcr Konstruktionswerkstoffe und Bauwerkserhaltung \"\t\t\t\t\t}},\t\"location\": {\t\t\"@type\": \"PostalAddress\",    \t\"addressLocality\": \"\",    \t\"postalCode\": \"22008\",    \t\"postOfficeBoxNumber\": \"700822\"\t}   }],\"image\": \"https:\/\/www.hsu-hh.de\/kwb\/wp-content\/uploads\/sites\/830\/2024\/02\/Takriti2-150x150.jpg\",\"telephone\": \"+49 40 6541-3955\",\"faxNumber\": \"\",\"email\": \"takritia(at)hsu-hh.de\"}]<\/script><div class=\"clearfix\"><\/div><div class=\"ansprechparter-container \" style=\"margin-top:1em; \"><div class=\"row ansprechpartner-item ansprechparter-header\" ><div class=\"col-xs-8 col-lg-12\" style=\"margin-bottom: 30px;\"><h3 class=\"ansprechparter-headline\">M. Sc. Ahmad Takriti<\/h3><\/div><\/div><div class=\"col-md-4 col-lg-3 col-xs-4 ansprechpartner-item floatright img-circle center-block\" style=\"margin-bottom: 30px;\"><div class=\"img-responsive-wrapper\"><img decoding=\"async\" src=\"https:\/\/www.hsu-hh.de\/kwb\/wp-content\/uploads\/sites\/830\/2024\/02\/Takriti2-150x150.jpg\" alt=\"Takriti-Personal photo\" class=\"img-circle img-responsive center-block\" \/><\/div><\/div><div class=\"col-md-12 col-lg-3 col-xs-12 ansprechpartner-item kontakt floatright\" style=\"margin-bottom: 30px; \"><div class=\"row\"><div class=\"col-xs-12 col-sm-6 col-lg-12\"><div class=\"row\"><div class=\"col-xs-4 col-lg-4 row-text bold\" >Raum:<\/div><div class=\" row-text\">0119<\/div><\/div><\/div><div class=\"col-xs-12 col-sm-6 col-lg-12\"><div class=\"row\"><div class=\"col-xs-4 col-lg-4 row-text bold\">Telefon:<\/div><div class=\" row-text\">+49 40 6541-3955<\/div><\/div><\/div><div class=\"col-xs-12 col-sm-6 col-lg-12\"><div class=\"row\"><div class=\"col-xs-4 col-lg-4 row-text bold\">E-Mail:<\/div><div class=\"row-text\" style=\"overflow:hidden; word-break: break-word\"><a href=\"mailto:takritia(at)hsu-hh.de\" rel=\"nofollow\">takritia(at)hsu-hh.de<\/a><\/div><\/div><\/div><\/div><\/div><div class=\"col-md-6 col-lg-3 col-xs-12 ansprechpartner-item anschrift floatright\" ><div class=\"row-headline\">Besucheranschrift<\/div><div class=\"dataBesucheranschrift\" style=\"\"><div class=\"row-text\">Helmut-Schmidt-Universit\u00e4t<\/div><div class=\"row-text\">Campus Nord<\/div><div class=\"row-text\">Geb\u00e4ude DRV<\/div><div class=\"row-text\">Fakult\u00e4t f\u00fcr Maschinenbau und Bauingenieurwesen <\/div><div class=\"row-text\">Professur f\u00fcr Konstruktionswerkstoffe und Bauwerkserhaltung <\/div><div class=\"row-text\">Friedrich-Ebert-Damm 245<\/div><div class=\"row-text\">22159 Hamburg<\/div><\/div><\/div><div class=\"col-md-6 col-lg-3 col-xs-12 ansprechpartner-item anschrift floatright\"><div class=\"row-headline\">Postanschrift<\/div><div class=\"dataPostanschrift\" style=\"\"><div class=\"row-text\">Helmut-Schmidt-Universit\u00e4t<\/div><div class=\"row-text\">Fakult\u00e4t f\u00fcr Maschinenbau <\/div><div class=\"row-text\">Professur f\u00fcr Konstruktionswerkstoffe und Bauwerkserhaltung <\/div><div class=\"row-text\">Postfach 70 08 22<\/div><div class=\"row-text\">22008 Hamburg<\/div><\/div><\/div><\/div><div class=\"clearfix\"><\/div>\n\n\n<div style=\"height:29px\" aria-hidden=\"true\" class=\"wp-block-spacer\"><\/div>\n\n\n<p>Ahmad schloss seinen Bachelor in Angewandter Chemie an der Universit\u00e4t Damaskus im Jahr 2014 ab. Anschlie\u00dfend erhielt er ein Vollstipendium des Deutschen Akademischen Austauschdienstes (DAAD) und begann sein Masterstudium an der Christian-Albrechts-Universit\u00e4t zu Kiel. W\u00e4hrend seines Masterstudiums arbeitete Ahmad als studentische Hilfskraft in der Arbeitsgruppe f\u00fcr Synthese und reale Struktur und schloss dort seine Masterarbeit &#8222;Synthesis of Nanoparticles by Plasma-Liquid Interface&#8220; ab. Seit 2020 arbeitet er als wissenschaftlicher Mitarbeiter in der Arbeitsgruppe Konstruktionswerkstoffe und Bauwerkserhaltung an der Helmut-Schmidt-Universit\u00e4t unter der Leitung von <abbr title=\"Professor\">Prof.<\/abbr> <a href=\"https:\/\/www.hsu-hh.de\/kwb\/mitarbeiter\/prof-sylvia-kessler\/\">Sylvia Kessler<\/a>.<\/p>\n<p>Seine aktuelle Forschung konzentriert sich auf zwei Hauptgebiete:<\/p>\n<ol>\n<li>Korrosionsverhalten von Bewehrungsstahl \u2013 Untersuchung der Korrosionsbest\u00e4ndigkeit verschiedener Bewehrungsst\u00e4hle unter Einsatzbedingungen, mit besonderem Schwerpunkt auf den synergistischen Effekten gleichzeitiger chemischer und mechanischer Sch\u00e4digung. Die Untersuchungen erfolgen mittels elektrochemischer Methoden wie Elektrochemische Impedanzspektroskopie (EIS) und potentiodynamischer Polarisation.<\/li>\n<li>Alterungseffekte bei feuerverzinktem Baustahl \u2013 Bestimmung des Einflusses langj\u00e4hriger Nutzung auf die Zinkschichtintegrit\u00e4t und die mechanische Leistungsf\u00e4higkeit feuerverzinkter Stahlkonstruktionen unter Anwendung von metallographischen Analysen sowie Zug- und Aufprallpr\u00fcfungen.<\/li>\n<\/ol>","protected":false},"excerpt":{"rendered":"<p>Ahmad schloss seinen Bachelor in Angewandter Chemie an der Universit\u00e4t Damaskus im Jahr 2014 ab. Anschlie\u00dfend erhielt er ein Vollstipendium des Deutschen Akademischen Austauschdienstes (DAAD) und begann sein Masterstudium an [&hellip;]<\/p>\n","protected":false},"author":2761,"featured_media":0,"parent":106,"menu_order":0,"comment_status":"closed","ping_status":"closed","template":"","meta":{"footnotes":""},"categories":[43],"tags":[189],"class_list":["post-161","page","type-page","status-publish","hentry","category-mitarbeiter","tag-takriti-de"],"_links":{"self":[{"href":"https:\/\/www.hsu-hh.de\/kwb\/wp-json\/wp\/v2\/pages\/161","targetHints":{"allow":["GET"]}}],"collection":[{"href":"https:\/\/www.hsu-hh.de\/kwb\/wp-json\/wp\/v2\/pages"}],"about":[{"href":"https:\/\/www.hsu-hh.de\/kwb\/wp-json\/wp\/v2\/types\/page"}],"author":[{"embeddable":true,"href":"https:\/\/www.hsu-hh.de\/kwb\/wp-json\/wp\/v2\/users\/2761"}],"replies":[{"embeddable":true,"href":"https:\/\/www.hsu-hh.de\/kwb\/wp-json\/wp\/v2\/comments?post=161"}],"version-history":[{"count":16,"href":"https:\/\/www.hsu-hh.de\/kwb\/wp-json\/wp\/v2\/pages\/161\/revisions"}],"predecessor-version":[{"id":1955,"href":"https:\/\/www.hsu-hh.de\/kwb\/wp-json\/wp\/v2\/pages\/161\/revisions\/1955"}],"up":[{"embeddable":true,"href":"https:\/\/www.hsu-hh.de\/kwb\/wp-json\/wp\/v2\/pages\/106"}],"wp:attachment":[{"href":"https:\/\/www.hsu-hh.de\/kwb\/wp-json\/wp\/v2\/media?parent=161"}],"wp:term":[{"taxonomy":"category","embeddable":true,"href":"https:\/\/www.hsu-hh.de\/kwb\/wp-json\/wp\/v2\/categories?post=161"},{"taxonomy":"post_tag","embeddable":true,"href":"https:\/\/www.hsu-hh.de\/kwb\/wp-json\/wp\/v2\/tags?post=161"}],"curies":[{"name":"wp","href":"https:\/\/api.w.org\/{rel}","templated":true}]}}