{"id":1585,"date":"2023-08-11T15:40:09","date_gmt":"2023-08-11T13:40:09","guid":{"rendered":"https:\/\/www.hsu-hh.de\/kwb\/?page_id=1585"},"modified":"2023-08-15T11:35:08","modified_gmt":"2023-08-15T09:35:08","slug":"sicc-2","status":"publish","type":"page","link":"https:\/\/www.hsu-hh.de\/kwb\/sicc-2\/","title":{"rendered":"<strong>Untersuchung des Einflusses der mechanischen Beanspruchung auf die Korrosionsrate der Bewehrung &#8211; Pr\u00fcfung Dehnungsinduzierter Ri\u00dfkorrosion an Bauwerksproben<\/strong>"},"content":{"rendered":"<p>Kontakt: <a href=\"https:\/\/www.hsu-hh.de\/kwb\/mitarbeiter\/ahmad_takriti\/\">Ahmad Takriti<\/a><\/p>\n<p>Forschungsf\u00f6rderer: Die Bundesanstalt f\u00fcr Wasserbau (BAW)<\/p>\n<p>Angesichts der Kosten f\u00fcr Sicherheit und Nachhaltigkeit bei der Instandhaltung unserer Infrastrukturen ist es dringend erforderlich, das Verhalten von Materialien unter Arbeitsbedingungen, d. h. unter Umweltbedingungen und mechanischer Belastung, besser zu verstehen.<\/p>\n<figure id=\"attachment_1607\" aria-describedby=\"caption-attachment-1607\" style=\"width: 430px\" class=\"wp-caption alignright\"><img loading=\"lazy\" decoding=\"async\" class=\" wp-image-1607\" src=\"https:\/\/www.hsu-hh.de\/kwb\/wp-content\/uploads\/sites\/830\/2023\/08\/for-BAW-project-description-Webpage-AT-1-300x210.jpg\" alt=\"Dehnungsinduzierter Ri\u00dfkorrosion\" width=\"430\" height=\"301\" data-credit=\"HSU-KWB\" srcset=\"https:\/\/www.hsu-hh.de\/kwb\/wp-content\/uploads\/sites\/830\/2023\/08\/for-BAW-project-description-Webpage-AT-1-300x210.jpg 300w, https:\/\/www.hsu-hh.de\/kwb\/wp-content\/uploads\/sites\/830\/2023\/08\/for-BAW-project-description-Webpage-AT-1-1024x718.jpg 1024w, https:\/\/www.hsu-hh.de\/kwb\/wp-content\/uploads\/sites\/830\/2023\/08\/for-BAW-project-description-Webpage-AT-1-768x538.jpg 768w, https:\/\/www.hsu-hh.de\/kwb\/wp-content\/uploads\/sites\/830\/2023\/08\/for-BAW-project-description-Webpage-AT-1-1536x1077.jpg 1536w, https:\/\/www.hsu-hh.de\/kwb\/wp-content\/uploads\/sites\/830\/2023\/08\/for-BAW-project-description-Webpage-AT-1-2048x1435.jpg 2048w, https:\/\/www.hsu-hh.de\/kwb\/wp-content\/uploads\/sites\/830\/2023\/08\/for-BAW-project-description-Webpage-AT-1-1100x771.jpg 1100w\" sizes=\"auto, (max-width: 430px) 100vw, 430px\" \/><figcaption id=\"caption-attachment-1607\" class=\"wp-caption-text\">Abb. 1 durchgerissener Bewehrungsstab im Umlaufkanal der Wasserchleusse.<\/figcaption><\/figure>\n<p>Ziel des Projekts ist es, das Versagen von Bewehrungsstahl zu erkl\u00e4ren, das an mehreren Stellen in Schleusen aufgetreten ist. An diesen Stellen sind die Bewehrungsst\u00e4hle im gerissenen Beton einer wechselnden mechanischen Belastung ausgesetzt, die zum Bruch des ca. 100 Jahre alten Stahls f\u00fchrte. siehe Abbildung 1.<\/p>\n<p>Moderne Bewehrungsst\u00e4hle werden in verschiedenen Produktionsschritten hergestellt. Unabh\u00e4ngig vom Herstellungsverfahren wird das Endprodukt haupts\u00e4chlich nach den physikalischen und mechanischen Eigenschaften bezeichnet. Um den Einfluss des Herstellungsverfahren und den Grund f\u00fcr das Versagen des Betonstahls zu untersuchen, ist das Projekt in drei Phasen unterteilt:<\/p>\n<p>\u00a0<\/p>\n<ol>\n<li>Phase 1 umfasst die Untersuchung des elektrochemischen Verhaltens verschiedener Bewehrungsstahlsorten (nach DIN-488) in alkalischer L\u00f6sung mit den elektrochemischen Mitteln der potentiodynamischen Polarisation, der elektrochemischen Impedanzspektroskopie <abbr title=\"und so weiter\">usw.<\/abbr>.<\/li>\n<li>Phase 2 umfasst die Untersuchungen zur Ver\u00e4nderung der elektrochemischen Eigenschaften unter st\u00e4ndiger langsamer dynamischer Wechselbelastung unter spannungsgesteuerten Bedingungen.<\/li>\n<li>Phase 3 umfasst die Untersuchung der elektrochemischen Eigenschaften sowie der dehnungsinduzierten Risskorrosion an Strukturproben, die aus der Wasserschleuse entnommen werden.<\/li>\n<\/ol>\n\n\n<div style=\"height:30px\" aria-hidden=\"true\" class=\"wp-block-spacer\"><\/div>\n\n\n\n<figure class=\"wp-block-image size-large is-resized is-style-default\"><img loading=\"lazy\" decoding=\"async\" src=\"https:\/\/www.hsu-hh.de\/kwb\/wp-content\/uploads\/sites\/830\/2023\/08\/BAW_Logo-1-1024x271.png\" data-credit=\"BAW\" alt=\"SICC\" class=\"wp-image-1606\" width=\"480\" height=\"127\" srcset=\"https:\/\/www.hsu-hh.de\/kwb\/wp-content\/uploads\/sites\/830\/2023\/08\/BAW_Logo-1-1024x271.png 1024w, https:\/\/www.hsu-hh.de\/kwb\/wp-content\/uploads\/sites\/830\/2023\/08\/BAW_Logo-1-300x79.png 300w, https:\/\/www.hsu-hh.de\/kwb\/wp-content\/uploads\/sites\/830\/2023\/08\/BAW_Logo-1-768x203.png 768w, https:\/\/www.hsu-hh.de\/kwb\/wp-content\/uploads\/sites\/830\/2023\/08\/BAW_Logo-1-1536x406.png 1536w, https:\/\/www.hsu-hh.de\/kwb\/wp-content\/uploads\/sites\/830\/2023\/08\/BAW_Logo-1-1100x291.png 1100w, https:\/\/www.hsu-hh.de\/kwb\/wp-content\/uploads\/sites\/830\/2023\/08\/BAW_Logo-1.png 1606w\" sizes=\"auto, (max-width: 480px) 100vw, 480px\" \/><\/figure>\n","protected":false},"excerpt":{"rendered":"<p>Kontakt: Ahmad Takriti Forschungsf\u00f6rderer: Die Bundesanstalt f\u00fcr Wasserbau (BAW) Angesichts der Kosten f\u00fcr Sicherheit und Nachhaltigkeit bei der Instandhaltung unserer Infrastrukturen ist es dringend erforderlich, das Verhalten von Materialien unter [&hellip;]<\/p>\n","protected":false},"author":2761,"featured_media":0,"parent":0,"menu_order":0,"comment_status":"closed","ping_status":"closed","template":"","meta":{"footnotes":""},"categories":[4],"tags":[265],"class_list":["post-1585","page","type-page","status-publish","hentry","category-forschung","tag-sicc-de"],"_links":{"self":[{"href":"https:\/\/www.hsu-hh.de\/kwb\/wp-json\/wp\/v2\/pages\/1585","targetHints":{"allow":["GET"]}}],"collection":[{"href":"https:\/\/www.hsu-hh.de\/kwb\/wp-json\/wp\/v2\/pages"}],"about":[{"href":"https:\/\/www.hsu-hh.de\/kwb\/wp-json\/wp\/v2\/types\/page"}],"author":[{"embeddable":true,"href":"https:\/\/www.hsu-hh.de\/kwb\/wp-json\/wp\/v2\/users\/2761"}],"replies":[{"embeddable":true,"href":"https:\/\/www.hsu-hh.de\/kwb\/wp-json\/wp\/v2\/comments?post=1585"}],"version-history":[{"count":9,"href":"https:\/\/www.hsu-hh.de\/kwb\/wp-json\/wp\/v2\/pages\/1585\/revisions"}],"predecessor-version":[{"id":1890,"href":"https:\/\/www.hsu-hh.de\/kwb\/wp-json\/wp\/v2\/pages\/1585\/revisions\/1890"}],"wp:attachment":[{"href":"https:\/\/www.hsu-hh.de\/kwb\/wp-json\/wp\/v2\/media?parent=1585"}],"wp:term":[{"taxonomy":"category","embeddable":true,"href":"https:\/\/www.hsu-hh.de\/kwb\/wp-json\/wp\/v2\/categories?post=1585"},{"taxonomy":"post_tag","embeddable":true,"href":"https:\/\/www.hsu-hh.de\/kwb\/wp-json\/wp\/v2\/tags?post=1585"}],"curies":[{"name":"wp","href":"https:\/\/api.w.org\/{rel}","templated":true}]}}