{"id":1156,"date":"2022-06-14T14:00:01","date_gmt":"2022-06-14T12:00:01","guid":{"rendered":"https:\/\/www.hsu-hh.de\/kwb\/?page_id=1156"},"modified":"2025-07-29T13:51:34","modified_gmt":"2025-07-29T11:51:34","slug":"celik","status":"publish","type":"page","link":"https:\/\/www.hsu-hh.de\/kwb\/mitarbeiter\/celik\/","title":{"rendered":"Wissenschaftliche Mitarbeiterin"},"content":{"rendered":"<script type=\"application\/ld+json\">[{\"@context\": \"https:\/\/www.schema.org\",\"@type\": \"Person\",\"name\": \"M. Sc. Firdes Celik\",\"worksFor\": [{\t\"@type\": \"Organization\",\t\"name\": \"Helmut-Schmidt-Universit\u00e4t, Campus Nord, Geb\u00e4ude DRV, Fakult\u00e4t f\u00fcr Maschinenbau und Bauingenieurwesen\",\t\"url\": \"https:\/\/www.hsu-hh.de\"\t, \"department\": {\"@type\": \"Organization\",\t\t\t\t\t\"name\": \"Professur f\u00fcr Konstruktionswerkstoffe und Bauwerkserhaltung\",\t\t\t\t\t\"location\": {\t\t\t\t\t\t\"@type\": \"PostalAddress\",\t\t\t\t\t\t\"addressLocality\": \"\",        \t\t\t\t\"postalCode\": \"22159\",        \t\t\t\t\"streetAddress\": \"Friedrich-Ebert-Damm 245 , Professur f\u00fcr Konstruktionswerkstoffe und Bauwerkserhaltung\"\t\t\t\t\t}},\t\"location\": {\t\t\"@type\": \"PostalAddress\",    \t\"addressLocality\": \"\",    \t\"postalCode\": \"22008\",    \t\"postOfficeBoxNumber\": \"700822\"\t}   }],\"image\": \"https:\/\/www.hsu-hh.de\/kwb\/wp-content\/uploads\/sites\/830\/2025\/07\/Celik_Bild_Webseite-150x150.jpg\",\"telephone\": \"+49406541-3957\",\"faxNumber\": \"\",\"email\": \"celikf@hsu-hh.de\"}]<\/script><div class=\"clearfix\"><\/div><div class=\"ansprechparter-container \" style=\"margin-top:1em; \"><div class=\"row ansprechpartner-item ansprechparter-header\" ><div class=\"col-xs-8 col-lg-12\" style=\"margin-bottom: 30px;\"><h3 class=\"ansprechparter-headline\">M. Sc. Firdes Celik<\/h3><\/div><\/div><div class=\"col-md-4 col-lg-3 col-xs-4 ansprechpartner-item floatright img-circle center-block\" style=\"margin-bottom: 30px;\"><div class=\"img-responsive-wrapper\"><img decoding=\"async\" src=\"https:\/\/www.hsu-hh.de\/kwb\/wp-content\/uploads\/sites\/830\/2025\/07\/Celik_Bild_Webseite-150x150.jpg\" alt=\"Celik-Personal photo\" class=\"img-circle img-responsive center-block\" \/><\/div><\/div><div class=\"col-md-12 col-lg-3 col-xs-12 ansprechpartner-item kontakt floatright\" style=\"margin-bottom: 30px; \"><div class=\"row\"><div class=\"col-xs-12 col-sm-6 col-lg-12\"><div class=\"row\"><div class=\"col-xs-4 col-lg-4 row-text bold\" >Raum:<\/div><div class=\" row-text\">0124<\/div><\/div><\/div><div class=\"col-xs-12 col-sm-6 col-lg-12\"><div class=\"row\"><div class=\"col-xs-4 col-lg-4 row-text bold\">Telefon:<\/div><div class=\" row-text\">+49406541-3957<\/div><\/div><\/div><div class=\"col-xs-12 col-sm-6 col-lg-12\"><div class=\"row\"><div class=\"col-xs-4 col-lg-4 row-text bold\">E-Mail:<\/div><div class=\"row-text\" style=\"overflow:hidden; word-break: break-word\"><a href=\"mailto:celikf@hsu-hh.de\" rel=\"nofollow\">celikf@hsu-hh.de<\/a><\/div><\/div><\/div><\/div><\/div><div class=\"col-md-6 col-lg-3 col-xs-12 ansprechpartner-item anschrift floatright\" ><div class=\"row-headline\">Besucheranschrift<\/div><div class=\"dataBesucheranschrift\" style=\"\"><div class=\"row-text\">Helmut-Schmidt-Universit\u00e4t<\/div><div class=\"row-text\">Campus Nord<\/div><div class=\"row-text\">Geb\u00e4ude DRV<\/div><div class=\"row-text\">Fakult\u00e4t f\u00fcr Maschinenbau und Bauingenieurwesen<\/div><div class=\"row-text\">Professur f\u00fcr Konstruktionswerkstoffe und Bauwerkserhaltung<\/div><div class=\"row-text\">Friedrich-Ebert-Damm 245<\/div><div class=\"row-text\">22159 Hamburg<\/div><\/div><\/div><div class=\"col-md-6 col-lg-3 col-xs-12 ansprechpartner-item anschrift floatright\"><div class=\"row-headline\">Postanschrift<\/div><div class=\"dataPostanschrift\" style=\"\"><div class=\"row-text\">Helmut-Schmidt-Universit\u00e4t<\/div><div class=\"row-text\">Fakult\u00e4t f\u00fcr Maschinenbau<\/div><div class=\"row-text\">Professur f\u00fcr Konstruktionswerkstoffe und Bauwerkserhaltung<\/div><div class=\"row-text\">Postfach 70 08 22<\/div><div class=\"row-text\">22008 Hamburg<\/div><\/div><\/div><\/div><div class=\"clearfix\"><\/div>\n\n\n<div style=\"height:52px\" aria-hidden=\"true\" class=\"wp-block-spacer\"><\/div>\n\n\n<p>Firdes Celik ist wissenschaftliche Mitarbeiterin und Doktorandin. Sie studierte Mathematik und Anglistik an der Universit\u00e4t Bielefeld (B.Sc.) und schloss anschlie\u00dfend den Masterstudiengang Computational Engineering an der Ruhr-Universit\u00e4t Bochum ab, wo sie von 2019 bis 2024 ebenfalls als wissenschaftliche Mitarbeiterin t\u00e4tig war. Ihre Forschung befasst sich mit dem Einsatz von Computer Vision und K\u00fcnstlicher Intelligenz zur Automatisierung der Bauwerkspr\u00fcfung, insbesondere im Rahmen des Forschungsprojekts <a href=\"https:\/\/www.hsu-hh.de\/kwb\/shm\/\">SHM<\/a>.<\/p>\n\n\n<p><\/p>\n","protected":false},"excerpt":{"rendered":"<p>Firdes Celik ist wissenschaftliche Mitarbeiterin und Doktorandin. Sie studierte Mathematik und Anglistik an der Universit\u00e4t Bielefeld (B.Sc.) und schloss anschlie\u00dfend den Masterstudiengang Computational Engineering an der Ruhr-Universit\u00e4t Bochum ab, wo [&hellip;]<\/p>\n","protected":false},"author":2761,"featured_media":0,"parent":106,"menu_order":0,"comment_status":"closed","ping_status":"closed","template":"","meta":{"footnotes":""},"categories":[43],"tags":[387],"class_list":["post-1156","page","type-page","status-publish","hentry","category-mitarbeiter","tag-celik-de"],"_links":{"self":[{"href":"https:\/\/www.hsu-hh.de\/kwb\/wp-json\/wp\/v2\/pages\/1156","targetHints":{"allow":["GET"]}}],"collection":[{"href":"https:\/\/www.hsu-hh.de\/kwb\/wp-json\/wp\/v2\/pages"}],"about":[{"href":"https:\/\/www.hsu-hh.de\/kwb\/wp-json\/wp\/v2\/types\/page"}],"author":[{"embeddable":true,"href":"https:\/\/www.hsu-hh.de\/kwb\/wp-json\/wp\/v2\/users\/2761"}],"replies":[{"embeddable":true,"href":"https:\/\/www.hsu-hh.de\/kwb\/wp-json\/wp\/v2\/comments?post=1156"}],"version-history":[{"count":11,"href":"https:\/\/www.hsu-hh.de\/kwb\/wp-json\/wp\/v2\/pages\/1156\/revisions"}],"predecessor-version":[{"id":1936,"href":"https:\/\/www.hsu-hh.de\/kwb\/wp-json\/wp\/v2\/pages\/1156\/revisions\/1936"}],"up":[{"embeddable":true,"href":"https:\/\/www.hsu-hh.de\/kwb\/wp-json\/wp\/v2\/pages\/106"}],"wp:attachment":[{"href":"https:\/\/www.hsu-hh.de\/kwb\/wp-json\/wp\/v2\/media?parent=1156"}],"wp:term":[{"taxonomy":"category","embeddable":true,"href":"https:\/\/www.hsu-hh.de\/kwb\/wp-json\/wp\/v2\/categories?post=1156"},{"taxonomy":"post_tag","embeddable":true,"href":"https:\/\/www.hsu-hh.de\/kwb\/wp-json\/wp\/v2\/tags?post=1156"}],"curies":[{"name":"wp","href":"https:\/\/api.w.org\/{rel}","templated":true}]}}