{"id":1149,"date":"2022-07-08T16:37:44","date_gmt":"2022-07-08T14:37:44","guid":{"rendered":"https:\/\/www.hsu-hh.de\/kwb\/?page_id=1149"},"modified":"2024-12-16T14:40:52","modified_gmt":"2024-12-16T13:40:52","slug":"shm","status":"publish","type":"page","link":"https:\/\/www.hsu-hh.de\/kwb\/shm\/","title":{"rendered":"Structural Health Monitoring (SHM) \u2013 Digitalisierung und \u00dcberwachung von Infrastrukturbauwerken"},"content":{"rendered":"<p>Acronym: SHM<\/p>\n<p>Projektstart\/-laufzeit: 01.01.2021 bis 31.12.2024<\/p>\n<p>Forschungsf\u00f6rderer: Zentrum f\u00fcr Digitalisierungs- und Technologieforschung der Bundeswehr (dtec.bw)<\/p>\n<p>Kontakt:<\/p>\n<p><a href=\"https:\/\/www.hsu-hh.de\/kwb\/mitarbeiter\/marsili\/\">Francesca Marsili<\/a> (Zuverlassigkeitsbewertung)<\/p>\n<p><a href=\"https:\/\/www.hsu-hh.de\/kwb\/mitarbeiter\/isabelle_wichmann\/\">Isabelle Wichmann<\/a> (Zustandsbewertung)<\/p>\n<p><a href=\"https:\/\/www.hsu-hh.de\/kwb\/mitarbeiter\/yogi-jaelani\/\">Yogi Jaelani<\/a> (Monitoring System)<\/p>\n<p><a href=\"https:\/\/www.hsu-hh.de\/kwb\/mitarbeiter\/koehnke\/\">Martin K\u00f6hncke<\/a> (Building Information Modelling)<\/p>\n<p>Das \u00fcbergeordnete Ziel des Gesamtvorhabens ist die Erarbeitung und Bereitstellung von Methoden, die unter Nutzung von Daten verschiedenster Sensoren die zuverl\u00e4ssigkeitsbasierte digitale Zustandsbewertung von bestehenden Infrastrukturbauwerken erlauben. Die entwickelten SHM-Methoden haben den Anspruch, auf Bauwerke und Sch\u00e4den verschiedenster Art anwendbar zu sein. Endprodukt des Projekts ist ein \u00fcber den bisherigen Wissens- und Forschungsstand hinausgehendes, durchgehend digitales und integriertes System zur \u00dcberwachung von Infrastrukturbauwerken, dieses mit dem Building Information Modeling (BIM) in einer l\u00fcckenlosen digitalen Prozesskette zusammenzuf\u00fchren und auf Basis aller zur Verf\u00fcgung stehenden Daten eine kontinuierliche Zustandsbewertung zu realisieren. F\u00fcr die Beantwortung dieser Forschungsfragen wurde ein interdisziplin\u00e4res Team aus IngenieurInnen und MathematikerInnen zusammengestellt, die Spezialisten in ihren Fachrichtungen sind: Geotechnik, Statik, Material, Monitoring, Statistik, BIM, K\u00fcnstliche Intelligenz, <abbr title=\"et cetera\">etc.<\/abbr><\/p>\n<p>Weitere Informationen \u00fcber das Projekt finden Sie <a href=\"https:\/\/dtecbw.de\/home\/forschung\/hsu\/projekt-shm\/projekt-shm\" rel='nofollow'>hier<\/a><\/p>\n\n\n<div style=\"height:27px\" aria-hidden=\"true\" class=\"wp-block-spacer\"><\/div>\n\n\n\n<div class=\"wp-block-columns is-layout-flex wp-container-core-columns-is-layout-9d6595d7 wp-block-columns-is-layout-flex\">\n<div class=\"wp-block-column is-layout-flow wp-block-column-is-layout-flow\">\n<figure class=\"wp-block-image size-full is-resized is-style-default\"><img loading=\"lazy\" decoding=\"async\" width=\"768\" height=\"235\" src=\"https:\/\/www.hsu-hh.de\/kwb\/wp-content\/uploads\/sites\/830\/2022\/07\/dtec.bw_.jpg\" data-credit=\"dtec.bw\" alt=\"dtec.bw\" class=\"wp-image-1226\" style=\"width:461px;height:140px\" srcset=\"https:\/\/www.hsu-hh.de\/kwb\/wp-content\/uploads\/sites\/830\/2022\/07\/dtec.bw_.jpg 768w, https:\/\/www.hsu-hh.de\/kwb\/wp-content\/uploads\/sites\/830\/2022\/07\/dtec.bw_-300x92.jpg 300w\" sizes=\"auto, (max-width: 768px) 100vw, 768px\" \/><\/figure>\n<\/div>\n\n\n\n<div class=\"wp-block-column is-layout-flow wp-block-column-is-layout-flow\"><\/div>\n<\/div>\n","protected":false},"excerpt":{"rendered":"<p>Acronym: SHM Projektstart\/-laufzeit: 01.01.2021 bis 31.12.2024 Forschungsf\u00f6rderer: Zentrum f\u00fcr Digitalisierungs- und Technologieforschung der Bundeswehr (dtec.bw) Kontakt: Francesca Marsili (Zuverlassigkeitsbewertung) Isabelle Wichmann (Zustandsbewertung) Yogi Jaelani (Monitoring System) Martin K\u00f6hncke (Building Information [&hellip;]<\/p>\n","protected":false},"author":2761,"featured_media":0,"parent":0,"menu_order":0,"comment_status":"closed","ping_status":"closed","template":"","meta":{"footnotes":""},"categories":[4],"tags":[242],"class_list":["post-1149","page","type-page","status-publish","hentry","category-forschung","tag-shm"],"_links":{"self":[{"href":"https:\/\/www.hsu-hh.de\/kwb\/wp-json\/wp\/v2\/pages\/1149","targetHints":{"allow":["GET"]}}],"collection":[{"href":"https:\/\/www.hsu-hh.de\/kwb\/wp-json\/wp\/v2\/pages"}],"about":[{"href":"https:\/\/www.hsu-hh.de\/kwb\/wp-json\/wp\/v2\/types\/page"}],"author":[{"embeddable":true,"href":"https:\/\/www.hsu-hh.de\/kwb\/wp-json\/wp\/v2\/users\/2761"}],"replies":[{"embeddable":true,"href":"https:\/\/www.hsu-hh.de\/kwb\/wp-json\/wp\/v2\/comments?post=1149"}],"version-history":[{"count":13,"href":"https:\/\/www.hsu-hh.de\/kwb\/wp-json\/wp\/v2\/pages\/1149\/revisions"}],"predecessor-version":[{"id":1809,"href":"https:\/\/www.hsu-hh.de\/kwb\/wp-json\/wp\/v2\/pages\/1149\/revisions\/1809"}],"wp:attachment":[{"href":"https:\/\/www.hsu-hh.de\/kwb\/wp-json\/wp\/v2\/media?parent=1149"}],"wp:term":[{"taxonomy":"category","embeddable":true,"href":"https:\/\/www.hsu-hh.de\/kwb\/wp-json\/wp\/v2\/categories?post=1149"},{"taxonomy":"post_tag","embeddable":true,"href":"https:\/\/www.hsu-hh.de\/kwb\/wp-json\/wp\/v2\/tags?post=1149"}],"curies":[{"name":"wp","href":"https:\/\/api.w.org\/{rel}","templated":true}]}}