{"id":112,"date":"2021-12-13T16:46:40","date_gmt":"2021-12-13T15:46:40","guid":{"rendered":"https:\/\/www.hsu-hh.de\/vorlage\/?page_id=112"},"modified":"2026-01-07T10:47:24","modified_gmt":"2026-01-07T09:47:24","slug":"forschung","status":"publish","type":"page","link":"https:\/\/www.hsu-hh.de\/kwb\/forschung\/","title":{"rendered":"Forschung"},"content":{"rendered":"<h3>Nachhaltigkeit &amp; Ressourcenschonung in der Stra\u00dfenausstattung &#8211; Zur Wiederverwen-dung von Systembestandteilen in Fahrzeug-R\u00fcckhaltesystemen<\/h3>\n<p>Ziel des Forschungsprojekts ist es, die M\u00f6glichkeiten sowie die materialspezifischen Randbedingungen f\u00fcr eine Wiederverwendung nicht angefahrener Systembestandteile in Schutzeinrichtungen aus Stahl zu ermitteln. Die Verkehrssicherheit soll dabei durch&#8230; &lt;<a href=\"https:\/\/www.hsu-hh.de\/kwb\/nachhaltigkeit-ressourcenschonung-in-der-strassenausstattung-zur-wiederverwen-dung-von-systembestandteilen-in-fahrzeug-ruckhaltesystemen\/\">Mehr<\/a>&gt;<\/p>\n<h3>\u00a0<\/h3>\n<h3>Die autogene Selbstheilung von gerissenem Beton: Mechanismen, Entwurfskriterien und Sicherstellung der Dauerhaftigkeit von Betonbauwerken<\/h3>\n<p>Ziel unserer Forschung ist es daher, die Randbedingungen der Selbstheilung einzugrenzen, das Prozessverst\u00e4ndnis der beteiligten Mechanismen zu optimieren und die \u00dcbertragbarkeit auf die Bauwerke zu \u00fcberpr\u00fcfen. In unserem Labor haben wir&#8230; &lt;<a href=\"https:\/\/www.hsu-hh.de\/kwb\/autogene-selbstheilung\/\">Mehr<\/a>&gt;<\/p>\n<h3>Forschungsprojekt \u201cBIM &amp; Monitoring\u201d der Bundesanstalt f\u00fcr Stra\u00dfen- und Verkehrswesen (BASt)<\/h3>\n<p>Das Ziel dieses Projektes ist es, verbesserte Ans\u00e4tze zur Verkn\u00fcpfung von Structural Health Monitoring (SHM) Daten, digitalen BIM-Modellen&#8230; &lt;<a href=\"https:\/\/www.hsu-hh.de\/kwb\/bast_bim\/\">Mehr<\/a>&gt;<\/p>\n<h3>Validierung und Verifizierung von Verfahren der Zustandserfassung von Br\u00fccken<\/h3>\n<p>Das Projekt \u201eValidierung und Verifizierung von Verfahren der Zustandserfassung von Br\u00fccken\u201c der Bundesanstalt f\u00fcr Stra\u00dfenwesen (BASt) behandelt die Zuverl\u00e4ssigkeitsbewertung von zerst\u00f6rungsfreien Pr\u00fcfverfahren (ZfP-Verfahren), die bei Inspektionen &lt;<a href=\"https:\/\/www.hsu-hh.de\/kwb\/bast_zustandserfassung\/\">Mehr<\/a>&gt;<\/p>\n<h3>Untersuchung des Einflusses der mechanischen Beanspruchung auf die Korrosionsrate der Bewehrung &#8211; Pr\u00fcfung Dehnungsinduzierter Ri\u00dfkorrosion an Bauwerksproben<\/h3>\n<p>Angesichts der Kosten f\u00fcr Sicherheit und Nachhaltigkeit bei der Instandhaltung unserer Infrastrukturen ist es dringend erforderlich, das Verhalten von Materialien unter Arbeitsbedingungen, d. h. unter Umweltbedingungen und mechanischer Belastung, besser zu verstehen. Ziel des Projekts ist es, das Versagen von Bewehrungsstahl zu erkl\u00e4ren, das an mehreren Stellen in Schleusen aufgetreten ist. An diesen Stellen sind die Bewehrungsst\u00e4hle neben dem rissigen Beton einer wechselnden mechanischen Belastung ausgesetzt, die zum Bruch &lt;<a href=\"https:\/\/www.hsu-hh.de\/kwb\/sicc-2\/\">Mehr<\/a>&gt;<\/p>\n<h3>Automatisierte Datenerfassung zur ganzheitlichen Bauprozess- und Lebenszyklusmanagementoptimierung unter Einsatz von Fertigteilen beim Bau massiver Verkehrsbauwerke mit Kopplung an die BIM-Methodik<\/h3>\n<p>Ziel dieses Forschungsprojekts ist die Entwicklung eines Konzepts zur Kopplung von BIM-Methodik mit automatisierter Datenerfassung zur Optimierung des Bauprozesses und des Lebenszyklusmanagements von Fertigteilen im Wasserbau. Das Forschungsprojekt besteht aus zwei Phasen: Inder ersten Phase wird ein Mess- und \u00dcberwachungskonzept f\u00fcr die Bau- und Nutzungsphase der Fertigteilkomponenten erstellt. In der zweiten &lt;<a href=\"https:\/\/www.hsu-hh.de\/kwb\/bim\/\" target=\"_blank\" rel=\"noopener\">Mehr<\/a>&gt;<\/p>\n<h3>Structural Health Monitoring (SHM) \u2013 Digitalisierung und \u00dcberwachung von Infrastrukturbauwerken<\/h3>\n<p>Das \u00fcbergeordnete Ziel des Gesamtvorhabens ist die Erarbeitung und Bereitstellung von Methoden, die unter Nutzung von Daten verschiedenster Sensoren die zuverl\u00e4ssigkeitsbasierte digitale Zustandsbewertung von bestehenden Infrastrukturbauwerken erlauben. Die entwickelten SHM-Methoden haben den Anspruch, auf Bauwerke und Sch\u00e4den verschiedenster Art anwendbar zu sein. &lt;<a href=\"https:\/\/www.hsu-hh.de\/kwb\/shm\/\">Mehr<\/a>&gt;<\/p>\n<h3>Rissbreiten im Stahlbetonbau: Probleme, Analysen und Perspektiven zur Sicherstellung der Dauerhaftigkeit<\/h3>\n<p>Beton zeichnet sich durch seine hohe Druckfestigkeit, weltweite Verf\u00fcgbarkeit von Rohmaterialien und herausragende Kosteneffizienz aus. Aufgrund seiner geringen Zugfestigkeit ist jedoch die Rissbildung im Mikro bis Makrobereich durch belastungs- und belastungsunabh\u00e4ngige Verformung, verursacht <abbr title=\"zum Beispiel\">z.B.<\/abbr> durch Schwinden, unvermeidlich. Risse fungieren dabei als ideale Transportwege f\u00fcr Beton und den Stahl sch\u00e4digende Stoffe, wie <abbr title=\"zum Beispiel\">z.B.<\/abbr> Chloride, und k\u00f6nnen so die Dauerhaftigkeit von Stahlbetonbauwerken erheblich herabsetzten. &lt;<a href=\"https:\/\/www.hsu-hh.de\/kwb\/forschung\/iff\/\">Mehr<\/a>&gt;<\/p>\n<div class=\"background-grey\">\n<h3><strong>Kommende Projekte<\/strong><\/h3>\n<\/div>\n<p><strong>Nachhaltigkeit und Ressourcenschonung in der Stra\u00dfenausstattung &#8211; Zur Wiederverwendung von Systembestandteilen in Fahrzeug-R\u00fcckhaltesystemen<\/strong><\/p>\n<p><strong>Zielsicher Alarmieren <\/strong><\/p>\n<p><strong>DTEC \u2013 2. Phase<\/strong><\/p>\n<p><a href=\"https:\/\/www.hsu-hh.de\/kwb\/forschung\/abgeschlossene-projekte\/\">Abgeschlossene Projekte<\/a><\/p>\n<h3>\u00a0<\/h3>\n\n\n<p><\/p>\n","protected":false},"excerpt":{"rendered":"<p>Nachhaltigkeit &amp; Ressourcenschonung in der Stra\u00dfenausstattung &#8211; Zur Wiederverwen-dung von Systembestandteilen in Fahrzeug-R\u00fcckhaltesystemen Ziel des Forschungsprojekts ist es, die M\u00f6glichkeiten sowie die materialspezifischen Randbedingungen f\u00fcr eine Wiederverwendung nicht angefahrener Systembestandteile [&hellip;]<\/p>\n","protected":false},"author":2761,"featured_media":0,"parent":0,"menu_order":0,"comment_status":"closed","ping_status":"closed","template":"","meta":{"footnotes":""},"categories":[4],"tags":[],"class_list":["post-112","page","type-page","status-publish","hentry","category-forschung"],"_links":{"self":[{"href":"https:\/\/www.hsu-hh.de\/kwb\/wp-json\/wp\/v2\/pages\/112","targetHints":{"allow":["GET"]}}],"collection":[{"href":"https:\/\/www.hsu-hh.de\/kwb\/wp-json\/wp\/v2\/pages"}],"about":[{"href":"https:\/\/www.hsu-hh.de\/kwb\/wp-json\/wp\/v2\/types\/page"}],"author":[{"embeddable":true,"href":"https:\/\/www.hsu-hh.de\/kwb\/wp-json\/wp\/v2\/users\/2761"}],"replies":[{"embeddable":true,"href":"https:\/\/www.hsu-hh.de\/kwb\/wp-json\/wp\/v2\/comments?post=112"}],"version-history":[{"count":40,"href":"https:\/\/www.hsu-hh.de\/kwb\/wp-json\/wp\/v2\/pages\/112\/revisions"}],"predecessor-version":[{"id":1982,"href":"https:\/\/www.hsu-hh.de\/kwb\/wp-json\/wp\/v2\/pages\/112\/revisions\/1982"}],"wp:attachment":[{"href":"https:\/\/www.hsu-hh.de\/kwb\/wp-json\/wp\/v2\/media?parent=112"}],"wp:term":[{"taxonomy":"category","embeddable":true,"href":"https:\/\/www.hsu-hh.de\/kwb\/wp-json\/wp\/v2\/categories?post=112"},{"taxonomy":"post_tag","embeddable":true,"href":"https:\/\/www.hsu-hh.de\/kwb\/wp-json\/wp\/v2\/tags?post=112"}],"curies":[{"name":"wp","href":"https:\/\/api.w.org\/{rel}","templated":true}]}}