{"id":9,"date":"2016-06-07T18:09:30","date_gmt":"2016-06-07T16:09:30","guid":{"rendered":"https:\/\/webbox.hsu-hh.de\/vorlage\/?page_id=9"},"modified":"2018-05-25T13:01:04","modified_gmt":"2018-05-25T11:01:04","slug":"impressum","status":"publish","type":"page","link":"https:\/\/www.hsu-hh.de\/kuw\/impressum","title":{"rendered":"Impressum"},"content":{"rendered":"<h2>Angaben gem. \u00a7 5 Telemediengesetz<\/h2>\n<p><strong>Herausgeber<\/strong><br \/>\nHelmut-Schmidt-Universit\u00e4t<br \/>\nUniversit\u00e4t der Bundeswehr Hamburg<br \/>\n<strong><abbr title=\"Universit\u00e4tsprofessor\">Univ.-Prof.<\/abbr> <abbr title=\"Doktor\">Dr.<\/abbr> Dierk Herzer<\/strong><br \/>\nProfessur f\u00fcr Volkswirtschaftslehre, <abbr title=\"insbesondere\">insb.<\/abbr> Konjunktur und Wachstum<br \/>\nHolstenhofweg 85<br \/>\n22043 Hamburg<\/p>\n<p><strong>Telefon<\/strong><br \/>\n+49 (0)40 &#8211; 65 41 27 75<\/p>\n<p><strong>Telefax<\/strong><br \/>\n+49 (0)40 &#8211; 65 41 20 69<\/p>\n<p><strong>E-Mail<\/strong><br \/>\n<a href=\"mailto:herzer@hsu-hh.de\" rel='nofollow'> herzer@hsu-hh.de<\/a><\/p>\n<p><strong>Inhaltlich Verantwortliche gem\u00e4\u00df \u00a7 7 Telemediengesetz<\/strong><br \/>\nsind auf den einzelnen Seiten gesondert benannt.<\/p>\n<p>&nbsp;<\/p>\n<p><strong>EU-Datenschutz-Grundverordnung (DSGVO) seit 25.05.18 in Kraft:<\/strong><\/p>\n<p>N\u00e4here Informationen \u00fcber die Verarbeitung der personenbezogenen Daten durch die <abbr title=\"Helmut-Schmidt-Universit\u00e4t\">HSU<\/abbr>\/UniBw H und die nach den datenschutzrechtlichen Regelungen zustehenden Anspr\u00fcche und Rechte entnehmen Sie bitte der Datenschutzerkl\u00e4rung f\u00fcr die Internetpr\u00e4senz der <abbr title=\"Helmut-Schmidt-Universit\u00e4t\">HSU<\/abbr>\/UniBw H unter: <a href=\"https:\/\/www.hsu-hh.de\/datenschutzerklaerung.\">https:\/\/www.hsu-hh.de\/datenschutzerklaerung<\/a><\/p>\n","protected":false},"excerpt":{"rendered":"<p>Angaben gem. \u00a7 5 Telemediengesetz Herausgeber Helmut-Schmidt-Universit\u00e4t Universit\u00e4t der Bundeswehr Hamburg Univ.-Prof. Dr. Dierk Herzer Professur f\u00fcr Volkswirtschaftslehre, insb. Konjunktur und Wachstum Holstenhofweg 85 22043 Hamburg Telefon +49 (0)40 &#8211; [&hellip;]<\/p>\n","protected":false},"author":1,"featured_media":0,"parent":0,"menu_order":0,"comment_status":"closed","ping_status":"closed","template":"","meta":{"footnotes":""},"categories":[40],"tags":[],"class_list":["post-9","page","type-page","status-publish","hentry","category-impressum"],"_links":{"self":[{"href":"https:\/\/www.hsu-hh.de\/kuw\/wp-json\/wp\/v2\/pages\/9","targetHints":{"allow":["GET"]}}],"collection":[{"href":"https:\/\/www.hsu-hh.de\/kuw\/wp-json\/wp\/v2\/pages"}],"about":[{"href":"https:\/\/www.hsu-hh.de\/kuw\/wp-json\/wp\/v2\/types\/page"}],"author":[{"embeddable":true,"href":"https:\/\/www.hsu-hh.de\/kuw\/wp-json\/wp\/v2\/users\/1"}],"replies":[{"embeddable":true,"href":"https:\/\/www.hsu-hh.de\/kuw\/wp-json\/wp\/v2\/comments?post=9"}],"version-history":[{"count":9,"href":"https:\/\/www.hsu-hh.de\/kuw\/wp-json\/wp\/v2\/pages\/9\/revisions"}],"predecessor-version":[{"id":444,"href":"https:\/\/www.hsu-hh.de\/kuw\/wp-json\/wp\/v2\/pages\/9\/revisions\/444"}],"wp:attachment":[{"href":"https:\/\/www.hsu-hh.de\/kuw\/wp-json\/wp\/v2\/media?parent=9"}],"wp:term":[{"taxonomy":"category","embeddable":true,"href":"https:\/\/www.hsu-hh.de\/kuw\/wp-json\/wp\/v2\/categories?post=9"},{"taxonomy":"post_tag","embeddable":true,"href":"https:\/\/www.hsu-hh.de\/kuw\/wp-json\/wp\/v2\/tags?post=9"}],"curies":[{"name":"wp","href":"https:\/\/api.w.org\/{rel}","templated":true}]}}